{"id":1299,"date":"2022-11-16T22:23:11","date_gmt":"2022-11-16T14:23:11","guid":{"rendered":"https:\/\/xmstonetools.com\/?post_type=product&#038;p=1299"},"modified":"2023-03-28T15:53:58","modified_gmt":"2023-03-28T07:53:58","slug":"scie-a-fil-pour-lequarrissage-des-pierres","status":"publish","type":"product","link":"https:\/\/xmstonetools.com\/fr\/produit\/scie-a-fil-pour-lequarrissage-des-pierres\/","title":{"rendered":"Scie \u00e0 fil pour l'\u00e9quarrissage des pierres"},"content":{"rendered":"<div class=\"J_module\">\n<div class=\"ife-detail-decorate-table\">\n<table class=\"has-title all magic-11\">\n<tbody>\n<tr>\n<td colspan=\"1\" rowspan=\"1\">\n<div class=\"magic-12\">Application<\/div>\n<\/td>\n<td colspan=\"1\" rowspan=\"1\">\n<div class=\"magic-13\">1.pour les carri\u00e8res de pierre, l'\u00e9quarrissage et le chanfreinage de blocs, la coupe de profil\u00e9s<br \/>\n2. pour couper le b\u00e9ton arm\u00e9<\/div>\n<\/td>\n<\/tr>\n<tr>\n<td colspan=\"1\" rowspan=\"1\">\n<div class=\"magic-12\">Diam\u00e8tre de la scie \u00e0 c\u00e2ble<\/div>\n<\/td>\n<td colspan=\"1\" rowspan=\"1\">\n<div class=\"magic-13\">5,3 mm, 6,3 mm, 7,3 mm, 8,0 mm, 9,0 mm, 11,0 mm, 11,5 mm\uff0c12,5 mm<\/div>\n<\/td>\n<\/tr>\n<tr>\n<td colspan=\"1\" rowspan=\"1\">\n<div class=\"magic-12\">Technologie<\/div>\n<\/td>\n<td colspan=\"1\" rowspan=\"1\">\n<div class=\"magic-13\">Fritt\u00e9, \u00e9lectrod\u00e9pos\u00e9, bras\u00e9 sous vide<\/div>\n<\/td>\n<\/tr>\n<tr>\n<td colspan=\"1\" rowspan=\"1\">\n<div class=\"magic-12\">Rev\u00eatement Fixe Injection<\/div>\n<\/td>\n<td colspan=\"1\" rowspan=\"1\">\n<div class=\"magic-13\">Plastique, caoutchouc, ressort, caoutchouc+ressort, plastique+ressort<\/div>\n<\/td>\n<\/tr>\n<tr>\n<td colspan=\"1\" rowspan=\"1\">\n<div class=\"magic-12\">Perles\/M\u00e8tre<\/div>\n<\/td>\n<td colspan=\"1\" rowspan=\"1\">\n<div class=\"magic-13\">40\/37\/33\/28\/26 pi\u00e8ces<\/div>\n<\/td>\n<\/tr>\n<tr>\n<td colspan=\"1\" rowspan=\"1\">\n<div class=\"magic-12\">Attention<\/div>\n<\/td>\n<td colspan=\"1\" rowspan=\"1\">\n<div class=\"magic-13\">l. Contr\u00f4ler r\u00e9guli\u00e8rement la scie et la r\u00e9gler en temps utile.<br \/>\n2. v\u00e9rifier r\u00e9guli\u00e8rement l'usure des perles, \u00e9viter l'usure excentrique<br \/>\n3. V\u00e9rifier r\u00e9guli\u00e8rement l'articulation et l'ajuster en temps utile.<br \/>\n4. La tension des cordes est de 250-300 kg (cordes \u03a64-5mm).<br \/>\n5. L'alimentation en eau est de l'ordre de 15-25L\/min<\/div>\n<\/td>\n<\/tr>\n<tr>\n<td colspan=\"1\" rowspan=\"1\">\n<div class=\"magic-12\">\u00a0Fonctionnalit\u00e9<\/div>\n<\/td>\n<td colspan=\"1\" rowspan=\"1\">\n<div class=\"magic-13\">1. tr\u00e8s peu de casse lors de l'utilisation, ce qui augmente la dur\u00e9e de vie de l'appareil.<br \/>\n2. la production automatique garantit une qualit\u00e9 stable.<br \/>\n3. s\u00e9curit\u00e9, haute efficacit\u00e9 et protection de l'environnement.<\/div>\n<\/td>\n<\/tr>\n<\/tbody>\n<\/table>\n<figure id=\"attachment_1292\" aria-describedby=\"caption-attachment-1292\" style=\"width: 750px\" class=\"wp-caption aligncenter\"><img loading=\"lazy\" decoding=\"async\" class=\"wp-image-1292 size-full\" src=\"https:\/\/xmstonetools.com\/wp-content\/uploads\/2022\/11\/Applications-of-Squaring-Wire-Rope-Saw.jpg\" alt=\"Applications de la scie \u00e0 \u00e9quarrir les c\u00e2bles m\u00e9talliques\" width=\"750\" height=\"532\" srcset=\"https:\/\/xmstonetools.com\/wp-content\/uploads\/2022\/11\/Applications-of-Squaring-Wire-Rope-Saw.jpg 750w, https:\/\/xmstonetools.com\/wp-content\/uploads\/2022\/11\/Applications-of-Squaring-Wire-Rope-Saw-564x400.jpg 564w, https:\/\/xmstonetools.com\/wp-content\/uploads\/2022\/11\/Applications-of-Squaring-Wire-Rope-Saw-600x426.jpg 600w\" sizes=\"auto, (max-width: 750px) 100vw, 750px\" \/><figcaption id=\"caption-attachment-1292\" class=\"wp-caption-text\">Applications de la scie \u00e0 \u00e9quarrir les c\u00e2bles m\u00e9talliques<\/figcaption><\/figure>\n<figure id=\"attachment_1297\" aria-describedby=\"caption-attachment-1297\" style=\"width: 750px\" class=\"wp-caption aligncenter\"><img loading=\"lazy\" decoding=\"async\" class=\"wp-image-1297 size-full\" src=\"https:\/\/xmstonetools.com\/wp-content\/uploads\/2022\/11\/Stone-Squaring-Wire-Saw-Production-Details.jpg\" alt=\"Scie \u00e0 fil \u00e0 \u00e9quarrir les pierres D\u00e9tails de la production\" width=\"750\" height=\"279\" srcset=\"https:\/\/xmstonetools.com\/wp-content\/uploads\/2022\/11\/Stone-Squaring-Wire-Saw-Production-Details.jpg 750w, https:\/\/xmstonetools.com\/wp-content\/uploads\/2022\/11\/Stone-Squaring-Wire-Saw-Production-Details-600x223.jpg 600w\" sizes=\"auto, (max-width: 750px) 100vw, 750px\" \/><figcaption id=\"caption-attachment-1297\" class=\"wp-caption-text\">Scie \u00e0 fil \u00e0 \u00e9quarrir les pierres D\u00e9tails de la production<\/figcaption><\/figure>\n<figure id=\"attachment_1298\" aria-describedby=\"caption-attachment-1298\" style=\"width: 750px\" class=\"wp-caption aligncenter\"><img loading=\"lazy\" decoding=\"async\" class=\"wp-image-1298 size-full\" src=\"https:\/\/xmstonetools.com\/wp-content\/uploads\/2022\/11\/Stone-Squaring-Wire-Saw-Production-Details-2.png\" alt=\"Scie \u00e0 fil d&#039;\u00e9quarrissage pour pierres D\u00e9tails de la production-2\" width=\"750\" height=\"508\" srcset=\"https:\/\/xmstonetools.com\/wp-content\/uploads\/2022\/11\/Stone-Squaring-Wire-Saw-Production-Details-2.png 750w, https:\/\/xmstonetools.com\/wp-content\/uploads\/2022\/11\/Stone-Squaring-Wire-Saw-Production-Details-2-591x400.png 591w, https:\/\/xmstonetools.com\/wp-content\/uploads\/2022\/11\/Stone-Squaring-Wire-Saw-Production-Details-2-600x406.png 600w\" sizes=\"auto, (max-width: 750px) 100vw, 750px\" \/><figcaption id=\"caption-attachment-1298\" class=\"wp-caption-text\">Scie \u00e0 fil d'\u00e9quarrissage pour pierres D\u00e9tails de la production-2<\/figcaption><\/figure>\n<\/div>\n<\/div>\n<div class=\"J_module\">\n<div class=\"icbu-pc-images magic-6\">\n<div>\n<div class=\"flex-layout-v\">\n<div class=\"flex-layout-h magic-6\"><\/div>\n<\/div>\n<\/div>\n<\/div>\n<\/div>","protected":false},"excerpt":{"rendered":"<h3 class=\"magic-5\"><span data-spm-anchor-id=\"a2700.details.0.i9.4eb27889zgIkmr\">Scie \u00e0 fil diamant\u00e9 pour l'\u00e9quarrissage des blocs :<\/span><\/h3>\n<div class=\"magic-2\">\n<div class=\"magic-3\">\n<div class=\"magic-4\">Nous recommandons le fil en plastique, qui peut \u00eatre utilis\u00e9 pour diss\u00e9quer le marbre et le granit.<br \/>\nIl peut couper avec pr\u00e9cision avec un petit espace intercalaire.<br \/>\nIl peut couper des blocs d'une \u00e9paisseur de 2,3 mm.<\/div>\n<div>1.OFFRIR UNE SOLUTION UNIQUE POUR LA COUPE.<br \/>\n2.PRIX DE GROS EN USINE \/ FAIBLE CO\u00dbT.<br \/>\n3.L'UN DES PLUS GRANDS FABRICANTS D'OUTILS DIAMANT\u00c9S EN CHINE.<br \/>\n4.OFFRE DE SCIES \u00c0 C\u00c2BLE DIAMANT\u00c9 ET DE MACHINES \u00c0 SCIER \u00c0 C\u00c2BLE DIAMANT\u00c9.<br \/>\n5. ACCEPTATION DE L'ODM ET DE L'OEM \/ PRIX COMP\u00c9TITIF SUR LE MARCH\u00c9.<\/div>\n<div><\/div>\n<\/div>\n<div><a href=\"#Quote-Button\" class=\"button primary is-large Inquiry-Button\" style=\"border-radius:99px;\">\n\t<i class=\"icon-heart\" aria-hidden=\"true\"><\/i>\t<span>Demande de renseignements<\/span>\n\t<\/a>\n<\/div>\n<\/div>","protected":false},"featured_media":1293,"template":"","meta":[],"product_brand":[],"product_cat":[61,55],"product_tag":[68,69,80],"class_list":{"0":"post-1299","1":"product","2":"type-product","3":"status-publish","4":"has-post-thumbnail","6":"product_cat-diamond-wire-saw","7":"product_cat-stone-cutting-tools","8":"product_tag-diamond-rope-saw","9":"product_tag-diamond-wire-saw","10":"product_tag-granite-wire-saw","12":"first","13":"instock","14":"shipping-taxable","15":"product-type-simple"},"aioseo_notices":[],"_links":{"self":[{"href":"https:\/\/xmstonetools.com\/fr\/wp-json\/wp\/v2\/product\/1299","targetHints":{"allow":["GET"]}}],"collection":[{"href":"https:\/\/xmstonetools.com\/fr\/wp-json\/wp\/v2\/product"}],"about":[{"href":"https:\/\/xmstonetools.com\/fr\/wp-json\/wp\/v2\/types\/product"}],"wp:featuredmedia":[{"embeddable":true,"href":"https:\/\/xmstonetools.com\/fr\/wp-json\/wp\/v2\/media\/1293"}],"wp:attachment":[{"href":"https:\/\/xmstonetools.com\/fr\/wp-json\/wp\/v2\/media?parent=1299"}],"wp:term":[{"taxonomy":"product_brand","embeddable":true,"href":"https:\/\/xmstonetools.com\/fr\/wp-json\/wp\/v2\/product_brand?post=1299"},{"taxonomy":"product_cat","embeddable":true,"href":"https:\/\/xmstonetools.com\/fr\/wp-json\/wp\/v2\/product_cat?post=1299"},{"taxonomy":"product_tag","embeddable":true,"href":"https:\/\/xmstonetools.com\/fr\/wp-json\/wp\/v2\/product_tag?post=1299"}],"curies":[{"name":"wp","href":"https:\/\/api.w.org\/{rel}","templated":true}]}}