{"id":1304,"date":"2022-11-17T09:01:57","date_gmt":"2022-11-17T01:01:57","guid":{"rendered":"https:\/\/xmstonetools.com\/?post_type=product&#038;p=1304"},"modified":"2023-03-28T15:52:55","modified_gmt":"2023-03-28T07:52:55","slug":"scie-a-cable-diamantee-revetue-de-plastique","status":"publish","type":"product","link":"https:\/\/xmstonetools.com\/fr\/produit\/scie-a-cable-diamantee-revetue-de-plastique\/","title":{"rendered":"Scie \u00e0 c\u00e2ble diamant\u00e9e \u00e0 rev\u00eatement plastique"},"content":{"rendered":"<div class=\"J_module\">\n<div class=\"detail-decorate-json-renderer-container\">\n<div class=\"magic-1\">\n<div class=\"magic-2\">\n<div class=\"magic-3\">\n<div class=\"magic-4\">\n<p class=\"magic-5\" data-spm-anchor-id=\"a2700.details.0.i8.6aa63b23XyWRdG\">Diameter 8.5mm Diamond Wire Saw For Granite Marble Stone Cutting And Profiling<br \/>\nApplications et caract\u00e9ristiques : pour les scies \u00e0 fil diamant\u00e9 destin\u00e9es aux carri\u00e8res de marbre et \u00e0 la d\u00e9coupe du b\u00e9ton. Diff\u00e9rents diam\u00e8tres de perles de 8,5 mm, 10,5 mm et 11,0 mm sont disponibles ; coupe rapide, longue dur\u00e9e de vie, \u00e9conomie d'\u00e9nergie et respect de l'environnement.<\/p>\n<\/div>\n<\/div>\n<\/div>\n<\/div>\n<\/div>\n<\/div>\n<div class=\"J_module\">\n<div class=\"ife-detail-decorate-table\">\n<table class=\"has-title all magic-6\">\n<tbody>\n<tr>\n<td>\n<div class=\"magic-7\">Diam\u00e8tre (mm)<\/div>\n<\/td>\n<td>\n<div class=\"magic-8\">Applications<\/div>\n<\/td>\n<td>\n<div class=\"magic-9\">Rev\u00eatement<\/div>\n<\/td>\n<td>\n<div class=\"magic-10\">Perle\/m<\/div>\n<\/td>\n<td>\n<div class=\"magic-11\">Vitesse de coupe (m2\/h)<\/div>\n<\/td>\n<td>\n<div class=\"magic-12\">Dur\u00e9e de vie du fil (m2\/m)<\/div>\n<\/td>\n<\/tr>\n<tr>\n<td>\n<div class=\"magic-7\">\u03a611.5\/\u03a610.5<\/div>\n<\/td>\n<td>\n<div class=\"magic-8\">B\u00e9ton arm\u00e9<\/div>\n<\/td>\n<td>\n<div class=\"magic-9\">caoutchouc+ressort<\/div>\n<\/td>\n<td>\n<div class=\"magic-10\">40<\/div>\n<\/td>\n<td>\n<div class=\"magic-11\">0.5-5<\/div>\n<\/td>\n<td>\n<div class=\"magic-11\">0.5-8<\/div>\n<\/td>\n<\/tr>\n<tr>\n<td>\n<div class=\"magic-7\">\u03a611.5\/\u03a611.0<\/div>\n<\/td>\n<td>\n<div class=\"magic-8\">Mine\/carri\u00e8re de granit<\/div>\n<\/td>\n<td>\n<div class=\"magic-9\">caoutchouc\/caoutchouc+ressort<\/div>\n<\/td>\n<td>\n<div class=\"magic-10\">40<\/div>\n<\/td>\n<td>\n<div class=\"magic-11\">2-12<\/div>\n<\/td>\n<td>\n<div class=\"magic-11\">7-22<\/div>\n<\/td>\n<\/tr>\n<tr>\n<td>\n<div class=\"magic-7\">\u03a611.5\/\u03a611.0\/\u03a610.5<\/div>\n<\/td>\n<td>\n<div class=\"magic-8\">Mine\/carri\u00e8re de marbre<\/div>\n<\/td>\n<td>\n<div class=\"magic-9\">ressort\/ressort+plastique<\/div>\n<\/td>\n<td>\n<div class=\"magic-10\">28-40<\/div>\n<\/td>\n<td>\n<div class=\"magic-11\">4-20<\/div>\n<\/td>\n<td>\n<div class=\"magic-11\">15-50<\/div>\n<\/td>\n<\/tr>\n<tr>\n<td>\n<div class=\"magic-7\">\u03a611.0\/10.5<\/div>\n<\/td>\n<td>\n<div class=\"magic-8\">Granit et marbre<\/div>\n<\/td>\n<td>\n<div class=\"magic-9\">Plastique\/caoutchouc<\/div>\n<\/td>\n<td>\n<div class=\"magic-10\">37\/40<\/div>\n<\/td>\n<td>\n<div class=\"magic-11\">6-30<\/div>\n<\/td>\n<td>\n<div class=\"magic-11\">7-50<\/div>\n<\/td>\n<\/tr>\n<tr>\n<td>\n<div class=\"magic-7\">\u03a68.8\/\u03a68.5<\/div>\n<\/td>\n<td>\n<div class=\"magic-8\">Profilage du granit et du marbre<\/div>\n<\/td>\n<td>\n<div class=\"magic-9\">plastique\/caoutchouc<\/div>\n<\/td>\n<td>\n<div class=\"magic-10\">33\/37\/40<\/div>\n<\/td>\n<td>\n<div class=\"magic-11\">7-30<\/div>\n<\/td>\n<td>\n<div class=\"magic-11\">7-40<\/div>\n<\/td>\n<\/tr>\n<tr>\n<td>\n<div class=\"magic-7\">\u03a67.2\/\u03a68.5<\/div>\n<\/td>\n<td>\n<div class=\"magic-8\">Dalle de granit<\/div>\n<\/td>\n<td>\n<div class=\"magic-9\">plastique<\/div>\n<\/td>\n<td>\n<div class=\"magic-10\">37<\/div>\n<\/td>\n<td>\n<div class=\"magic-11\">0.5-1.6<\/div>\n<\/td>\n<td>\n<div class=\"magic-11\">6-15<\/div>\n<\/td>\n<\/tr>\n<\/tbody>\n<\/table>\n<\/div>\n<\/div>","protected":false},"excerpt":{"rendered":"<p>Scie \u00e0 fil diamant\u00e9 pour profilage :<br \/>\nNous recommandons le fil plastique pour les op\u00e9rations de fa\u00e7onnage, qui offre un large \u00e9ventail de possibilit\u00e9s.<br \/>\nIl permet d'obtenir une surface lisse et des dimensions pr\u00e9cises avec un espace intercalaire r\u00e9duit.<br \/>\nLes colonnes et les \u00e9l\u00e9ments destin\u00e9s \u00e0 l'industrie du b\u00e2timent peuvent \u00eatre produits de mani\u00e8re beaucoup plus \u00e9conomique.<\/p>\n<a href=\"#Quote-Button\" class=\"button primary is-large Inquiry-Button\" style=\"border-radius:99px;\">\n\t<i class=\"icon-heart\" aria-hidden=\"true\"><\/i>\t<span>Demande de renseignements<\/span>\n\t<\/a>","protected":false},"featured_media":1302,"template":"","meta":[],"product_brand":[],"product_cat":[61,55],"product_tag":[69,70,85],"class_list":{"0":"post-1304","1":"product","2":"type-product","3":"status-publish","4":"has-post-thumbnail","6":"product_cat-diamond-wire-saw","7":"product_cat-stone-cutting-tools","8":"product_tag-diamond-wire-saw","9":"product_tag-granite-profiling-tools","10":"product_tag-plastic-wire-saw","12":"first","13":"instock","14":"shipping-taxable","15":"product-type-simple"},"aioseo_notices":[],"_links":{"self":[{"href":"https:\/\/xmstonetools.com\/fr\/wp-json\/wp\/v2\/product\/1304","targetHints":{"allow":["GET"]}}],"collection":[{"href":"https:\/\/xmstonetools.com\/fr\/wp-json\/wp\/v2\/product"}],"about":[{"href":"https:\/\/xmstonetools.com\/fr\/wp-json\/wp\/v2\/types\/product"}],"wp:featuredmedia":[{"embeddable":true,"href":"https:\/\/xmstonetools.com\/fr\/wp-json\/wp\/v2\/media\/1302"}],"wp:attachment":[{"href":"https:\/\/xmstonetools.com\/fr\/wp-json\/wp\/v2\/media?parent=1304"}],"wp:term":[{"taxonomy":"product_brand","embeddable":true,"href":"https:\/\/xmstonetools.com\/fr\/wp-json\/wp\/v2\/product_brand?post=1304"},{"taxonomy":"product_cat","embeddable":true,"href":"https:\/\/xmstonetools.com\/fr\/wp-json\/wp\/v2\/product_cat?post=1304"},{"taxonomy":"product_tag","embeddable":true,"href":"https:\/\/xmstonetools.com\/fr\/wp-json\/wp\/v2\/product_tag?post=1304"}],"curies":[{"name":"wp","href":"https:\/\/api.w.org\/{rel}","templated":true}]}}