{"id":1333,"date":"2022-11-25T17:04:01","date_gmt":"2022-11-25T09:04:01","guid":{"rendered":"https:\/\/xmstonetools.com\/?post_type=product&#038;p=1333"},"modified":"2023-03-28T15:52:47","modified_gmt":"2023-03-28T07:52:47","slug":"roue-de-calibrage-silencieuse-en-marbre-et-granit","status":"publish","type":"product","link":"https:\/\/xmstonetools.com\/fr\/produit\/roue-de-calibrage-silencieuse-en-marbre-et-granit\/","title":{"rendered":"Roue de calibrage silencieuse en marbre et granit"},"content":{"rendered":"<div style=\"text-align: center;\"><span data-spm-anchor-id=\"a2700.wholesale.0.i27.67976747o6F3Yu\">Sp\u00e9cification des roues de calibrage en diamant silencieux :<\/span><\/div>\n<table style=\"height: 385px;\" border=\"1\" width=\"662\" align=\"left\">\n<tbody>\n<tr>\n<td rowspan=\"2\" valign=\"center\">Diam\u00e8tre<\/td>\n<td rowspan=\"2\" valign=\"center\">Largeur de la meule<\/td>\n<td colspan=\"3\" valign=\"center\">Taille du segment<\/td>\n<td rowspan=\"2\" valign=\"center\">Engrenage cr\u00e2nien<\/td>\n<td rowspan=\"2\" valign=\"center\">Al\u00e9sage<\/td>\n<\/tr>\n<tr>\n<td valign=\"center\">long<\/td>\n<td valign=\"center\">large<\/td>\n<td valign=\"center\">\u00e9lev\u00e9<\/td>\n<\/tr>\n<tr>\n<td valign=\"center\">300mm<\/td>\n<td rowspan=\"5\" valign=\"center\">30 mm<\/p>\n<p>40 mm<\/p>\n<p>50 mm<\/td>\n<td rowspan=\"5\" valign=\"center\">34,6 mm<\/p>\n<p>46,2 mm<\/p>\n<p>57,7 mm<\/td>\n<td rowspan=\"5\" valign=\"center\">9 mm<\/td>\n<td rowspan=\"5\" valign=\"center\">6,5 mm<\/td>\n<td valign=\"center\">36<\/td>\n<td rowspan=\"5\" valign=\"center\">50 mm<\/p>\n<p>60 mm<\/td>\n<\/tr>\n<tr>\n<td valign=\"center\">350 mm<\/td>\n<td valign=\"center\">40<\/td>\n<\/tr>\n<tr>\n<td valign=\"center\">400mm<\/td>\n<td valign=\"center\">45<\/td>\n<\/tr>\n<tr>\n<td valign=\"center\">500mm<\/td>\n<td valign=\"center\">60<\/td>\n<\/tr>\n<tr>\n<td valign=\"center\">600mm<\/td>\n<td valign=\"center\">72<\/td>\n<\/tr>\n<\/tbody>\n<\/table>\n<p>&nbsp;<\/p>\n<div><\/div>\n<div><\/div>\n<div><\/div>\n<div><\/div>\n<div><\/div>\n<div><\/div>\n<div data-spm-anchor-id=\"a2700.wholesale.0.i25.67976747o6F3Yu\"><\/div>\n<div><\/div>","protected":false},"excerpt":{"rendered":"<p>Br\u00e8ve introduction :<\/p>\n<p>La meule de calibrage diamant\u00e9e silencieuse mont\u00e9e sur la fraiseuse, la machine de ligne pour le meulage des dalles de granit, des dalles de marbre, des carreaux et de la surface d'autres mat\u00e9riaux, sera dot\u00e9e d'une poign\u00e9e \u00e9paisse, d'une base en nylon, en aluminium et d'autres mat\u00e9riaux, afin de r\u00e9duire la pollution sonore.<br \/>\nCaract\u00e9ristiques :<br \/>\n1. Roue de calibrage diamant\u00e9e silencieuse utilisant du nylon, de l'aluminium et d'autres mat\u00e9riaux, afin de r\u00e9duire la pollution sonore.<br \/>\n2. La meule de calibrage diamant\u00e9e silencieuse a une grande efficacit\u00e9 de broyage, une forme, une taille, une pr\u00e9cision et d'autres caract\u00e9ristiques,<br \/>\n3. Cette meule de calibrage diamant\u00e9e a un bon tranchant, une longue dur\u00e9e de vie et une vitesse \u00e9lev\u00e9e pour le meulage.<br \/>\n4. Nous avons un ensemble commun de diamants ronds et \u00e9pais et de silencieux ronds et \u00e9pais.<\/p>\n<a href=\"#Quote-Button\" class=\"button primary is-large Inquiry-Button\" style=\"border-radius:99px;\">\n\t<i class=\"icon-heart\" aria-hidden=\"true\"><\/i>\t<span>Demande de renseignements<\/span>\n\t<\/a>","protected":false},"featured_media":1338,"template":"","meta":[],"product_brand":[],"product_cat":[59],"product_tag":[87,86],"class_list":{"0":"post-1333","1":"product","2":"type-product","3":"status-publish","4":"has-post-thumbnail","6":"product_cat-stone-milling-tools","7":"product_tag-calibrating-wheel","8":"product_tag-stone-silent-disc","10":"first","11":"instock","12":"shipping-taxable","13":"product-type-simple"},"aioseo_notices":[],"_links":{"self":[{"href":"https:\/\/xmstonetools.com\/fr\/wp-json\/wp\/v2\/product\/1333","targetHints":{"allow":["GET"]}}],"collection":[{"href":"https:\/\/xmstonetools.com\/fr\/wp-json\/wp\/v2\/product"}],"about":[{"href":"https:\/\/xmstonetools.com\/fr\/wp-json\/wp\/v2\/types\/product"}],"wp:featuredmedia":[{"embeddable":true,"href":"https:\/\/xmstonetools.com\/fr\/wp-json\/wp\/v2\/media\/1338"}],"wp:attachment":[{"href":"https:\/\/xmstonetools.com\/fr\/wp-json\/wp\/v2\/media?parent=1333"}],"wp:term":[{"taxonomy":"product_brand","embeddable":true,"href":"https:\/\/xmstonetools.com\/fr\/wp-json\/wp\/v2\/product_brand?post=1333"},{"taxonomy":"product_cat","embeddable":true,"href":"https:\/\/xmstonetools.com\/fr\/wp-json\/wp\/v2\/product_cat?post=1333"},{"taxonomy":"product_tag","embeddable":true,"href":"https:\/\/xmstonetools.com\/fr\/wp-json\/wp\/v2\/product_tag?post=1333"}],"curies":[{"name":"wp","href":"https:\/\/api.w.org\/{rel}","templated":true}]}}