{"id":1381,"date":"2022-11-30T15:32:14","date_gmt":"2022-11-30T07:32:14","guid":{"rendered":"https:\/\/xmstonetools.com\/?post_type=product&#038;p=1381"},"modified":"2024-04-13T11:07:48","modified_gmt":"2024-04-13T03:07:48","slug":"pince-de-levage-de-dalles-de-pierre","status":"publish","type":"product","link":"https:\/\/xmstonetools.com\/fr\/produit\/pince-de-levage-de-dalles-de-pierre\/","title":{"rendered":"Pince de levage de dalles de pierre"},"content":{"rendered":"<figure id=\"attachment_1380\" aria-describedby=\"caption-attachment-1380\" style=\"width: 1427px\" class=\"wp-caption aligncenter\"><img loading=\"lazy\" decoding=\"async\" class=\"wp-image-1380 size-full\" src=\"https:\/\/xmstonetools.com\/wp-content\/uploads\/2022\/11\/Stone-Slab-Clamp-Lifter-7.jpg\" alt=\"Pince pour dalles de pierre Lifter-7\" width=\"1427\" height=\"487\" srcset=\"https:\/\/xmstonetools.com\/wp-content\/uploads\/2022\/11\/Stone-Slab-Clamp-Lifter-7.jpg 1427w, https:\/\/xmstonetools.com\/wp-content\/uploads\/2022\/11\/Stone-Slab-Clamp-Lifter-7-800x273.jpg 800w, https:\/\/xmstonetools.com\/wp-content\/uploads\/2022\/11\/Stone-Slab-Clamp-Lifter-7-1400x478.jpg 1400w, https:\/\/xmstonetools.com\/wp-content\/uploads\/2022\/11\/Stone-Slab-Clamp-Lifter-7-768x262.jpg 768w, https:\/\/xmstonetools.com\/wp-content\/uploads\/2022\/11\/Stone-Slab-Clamp-Lifter-7-600x205.jpg 600w\" sizes=\"auto, (max-width: 1427px) 100vw, 1427px\" \/><figcaption id=\"caption-attachment-1380\" class=\"wp-caption-text\">Pince pour dalles de pierre Lifter-7<\/figcaption><\/figure>\n<h3 class=\"magic-9\"><span class=\"magic-10\" style=\"color: #2196ed;\">Pince de levage de dalles de pierre<\/span><\/h3>\n<p class=\"magic-9\">\u00a0Cet outil s'applique \u00e0 des mat\u00e9riaux d'une \u00e9paisseur de 15 \u00e0 60 mm, les m\u00e2choires en caoutchouc ayant \u00e9t\u00e9 con\u00e7ues pour manipuler des mat\u00e9riaux en plaques ou en feuilles, empil\u00e9s dans des racks, sans endommager la surface du mat\u00e9riau. elles pr\u00e9sentent plusieurs avantages <span style=\"font-size: 14.4px;\">avantages par rapport aux dispositifs de levage courants. <\/span><span style=\"font-size: 14.4px;\">Cet \u00e9l\u00e9vateur de dalles de pierre est con\u00e7u pour transporter des dalles de granit, de marbre ou de pierre artificielle. Ces \u00e9l\u00e9vateurs ont un design compact <\/span><span style=\"font-size: 14.4px;\">leur permettant d'op\u00e9rer dans des zones o\u00f9 la hauteur libre ou l'espace entre les dalles est faible.<\/span><\/p>\n<table class=\"has-title hight-light-first-column all magic-18\" style=\"height: 54px;\" width=\"664\">\n<tbody>\n<tr>\n<td colspan=\"1\" rowspan=\"1\">\n<div class=\"magic-19\"><b>Mod\u00e8le<\/b><\/div>\n<\/td>\n<td colspan=\"1\" rowspan=\"1\">\n<div class=\"magic-20\">Taille (mm)<\/div>\n<\/td>\n<td colspan=\"1\" rowspan=\"1\">\n<div class=\"magic-20\">Plage de pr\u00e9hension (mm)<\/div>\n<\/td>\n<td colspan=\"1\" rowspan=\"1\">\n<div class=\"magic-20\">Capacit\u00e9 de poids (kg)<\/div>\n<\/td>\n<td colspan=\"1\" rowspan=\"1\">\n<div class=\"magic-21\">Poids net<\/div>\n<\/td>\n<\/tr>\n<tr>\n<td colspan=\"1\" rowspan=\"1\">\n<div class=\"magic-19\">HSA-14<\/div>\n<\/td>\n<td colspan=\"1\" rowspan=\"1\">\n<div class=\"magic-20\">250x170x350<\/div>\n<\/td>\n<td colspan=\"1\" rowspan=\"1\">\n<div class=\"magic-20\">10-50<\/div>\n<\/td>\n<td colspan=\"1\" rowspan=\"1\">\n<div class=\"magic-20\">1000<\/div>\n<\/td>\n<td colspan=\"1\" rowspan=\"1\">\n<div class=\"magic-21\">28<\/div>\n<\/td>\n<\/tr>\n<\/tbody>\n<\/table>","protected":false},"excerpt":{"rendered":"<h3>Caract\u00e9ristiques :<\/h3>\n<p>* La structure compacte permet de soulever facilement les dalles de pierre serr\u00e9es dans les racks et les conteneurs.<br \/>\n* Taille : possibilit\u00e9 de soulever simultan\u00e9ment deux dalles de hauteur diff\u00e9rente<br \/>\n* Polyvalence : les dalles peuvent \u00eatre plac\u00e9es \u00e0 proximit\u00e9 des murs.<br \/>\n* S\u00e9curit\u00e9 : l'op\u00e9ration est activ\u00e9e par des actions simples afin de r\u00e9duire les blessures physiques lors de l'utilisation.<br \/>\n* S\u00fbr : Il saisit fermement les plaques de marbre et de granit.<\/p>\n<a href=\"#Quote-Button\" class=\"button primary is-large Inquiry-Button\" style=\"border-radius:99px;\">\n\t<i class=\"icon-heart\" aria-hidden=\"true\"><\/i>\t<span>Demande de renseignements<\/span>\n\t<\/a>","protected":false},"featured_media":1376,"template":"","meta":[],"product_brand":[],"product_cat":[63,56],"product_tag":[92],"class_list":{"0":"post-1381","1":"product","2":"type-product","3":"status-publish","4":"has-post-thumbnail","6":"product_cat-other-tools","7":"product_cat-stone-grinding-tools","8":"product_tag-stoe-lifter","10":"first","11":"instock","12":"shipping-taxable","13":"product-type-simple"},"aioseo_notices":[],"_links":{"self":[{"href":"https:\/\/xmstonetools.com\/fr\/wp-json\/wp\/v2\/product\/1381","targetHints":{"allow":["GET"]}}],"collection":[{"href":"https:\/\/xmstonetools.com\/fr\/wp-json\/wp\/v2\/product"}],"about":[{"href":"https:\/\/xmstonetools.com\/fr\/wp-json\/wp\/v2\/types\/product"}],"wp:featuredmedia":[{"embeddable":true,"href":"https:\/\/xmstonetools.com\/fr\/wp-json\/wp\/v2\/media\/1376"}],"wp:attachment":[{"href":"https:\/\/xmstonetools.com\/fr\/wp-json\/wp\/v2\/media?parent=1381"}],"wp:term":[{"taxonomy":"product_brand","embeddable":true,"href":"https:\/\/xmstonetools.com\/fr\/wp-json\/wp\/v2\/product_brand?post=1381"},{"taxonomy":"product_cat","embeddable":true,"href":"https:\/\/xmstonetools.com\/fr\/wp-json\/wp\/v2\/product_cat?post=1381"},{"taxonomy":"product_tag","embeddable":true,"href":"https:\/\/xmstonetools.com\/fr\/wp-json\/wp\/v2\/product_tag?post=1381"}],"curies":[{"name":"wp","href":"https:\/\/api.w.org\/{rel}","templated":true}]}}