{"id":1390,"date":"2022-11-30T16:04:15","date_gmt":"2022-11-30T08:04:15","guid":{"rendered":"https:\/\/xmstonetools.com\/?post_type=product&#038;p=1390"},"modified":"2025-08-04T10:18:55","modified_gmt":"2025-08-04T02:18:55","slug":"foret-a-billes-spheriques-teech-plat","status":"publish","type":"product","link":"https:\/\/xmstonetools.com\/fr\/produit\/foret-a-billes-spheriques-teech-plat\/","title":{"rendered":"Foret \u00e0 bille sph\u00e9rique plat Teech"},"content":{"rendered":"<figure id=\"attachment_1384\" aria-describedby=\"caption-attachment-1384\" style=\"width: 754px\" class=\"wp-caption aligncenter\"><img loading=\"lazy\" decoding=\"async\" class=\"wp-image-1384 size-full\" src=\"https:\/\/xmstonetools.com\/wp-content\/uploads\/2022\/11\/Spherical-Ball-Drill-Flat-Teech-Details-7.png\" alt=\"Boule sph\u00e9rique Foret plat Teech Details-7\" width=\"754\" height=\"231\" srcset=\"https:\/\/xmstonetools.com\/wp-content\/uploads\/2022\/11\/Spherical-Ball-Drill-Flat-Teech-Details-7.png 754w, https:\/\/xmstonetools.com\/wp-content\/uploads\/2022\/11\/Spherical-Ball-Drill-Flat-Teech-Details-7-600x184.png 600w\" sizes=\"auto, (max-width: 754px) 100vw, 754px\" \/><figcaption id=\"caption-attachment-1384\" class=\"wp-caption-text\">Boule sph\u00e9rique Foret plat Teech Details-7<\/figcaption><\/figure>\n<figure id=\"attachment_1391\" aria-describedby=\"caption-attachment-1391\" style=\"width: 1312px\" class=\"wp-caption aligncenter\"><img loading=\"lazy\" decoding=\"async\" class=\"size-full wp-image-1391\" src=\"https:\/\/xmstonetools.com\/wp-content\/uploads\/2022\/11\/Spherical-Ball-Drill-Flat-Teech-Details-8.jpg\" alt=\"Boule sph\u00e9rique Foret plat Teech Details-8\" width=\"1312\" height=\"308\" srcset=\"https:\/\/xmstonetools.com\/wp-content\/uploads\/2022\/11\/Spherical-Ball-Drill-Flat-Teech-Details-8.jpg 1312w, https:\/\/xmstonetools.com\/wp-content\/uploads\/2022\/11\/Spherical-Ball-Drill-Flat-Teech-Details-8-800x188.jpg 800w, https:\/\/xmstonetools.com\/wp-content\/uploads\/2022\/11\/Spherical-Ball-Drill-Flat-Teech-Details-8-768x180.jpg 768w, https:\/\/xmstonetools.com\/wp-content\/uploads\/2022\/11\/Spherical-Ball-Drill-Flat-Teech-Details-8-600x141.jpg 600w\" sizes=\"auto, (max-width: 1312px) 100vw, 1312px\" \/><figcaption id=\"caption-attachment-1391\" class=\"wp-caption-text\">Boule sph\u00e9rique Foret plat Teech Details-8<\/figcaption><\/figure>\n<figure id=\"attachment_1383\" aria-describedby=\"caption-attachment-1383\" style=\"width: 1335px\" class=\"wp-caption aligncenter\"><img loading=\"lazy\" decoding=\"async\" class=\"wp-image-1383 size-full\" src=\"https:\/\/xmstonetools.com\/wp-content\/uploads\/2022\/11\/Spherical-Ball-Drill-Flat-Teech-Details-6.png\" alt=\"Boule sph\u00e9rique Foret plat Teech Details-6\" width=\"1335\" height=\"1531\" srcset=\"https:\/\/xmstonetools.com\/wp-content\/uploads\/2022\/11\/Spherical-Ball-Drill-Flat-Teech-Details-6.png 1335w, https:\/\/xmstonetools.com\/wp-content\/uploads\/2022\/11\/Spherical-Ball-Drill-Flat-Teech-Details-6-349x400.png 349w, https:\/\/xmstonetools.com\/wp-content\/uploads\/2022\/11\/Spherical-Ball-Drill-Flat-Teech-Details-6-698x800.png 698w, https:\/\/xmstonetools.com\/wp-content\/uploads\/2022\/11\/Spherical-Ball-Drill-Flat-Teech-Details-6-768x881.png 768w, https:\/\/xmstonetools.com\/wp-content\/uploads\/2022\/11\/Spherical-Ball-Drill-Flat-Teech-Details-6-600x688.png 600w\" sizes=\"auto, (max-width: 1335px) 100vw, 1335px\" \/><figcaption id=\"caption-attachment-1383\" class=\"wp-caption-text\">Boule sph\u00e9rique Foret plat Teech Details-6<\/figcaption><\/figure>","protected":false},"excerpt":{"rendered":"<p>Foret \u00e0 billes Dents plates mont\u00e9es sur les tari\u00e8res de forage, les godets, les dents les plus couramment utilis\u00e9es dans le forage de fondations. Lourdes et robustes, \u00e9quip\u00e9es d'ar\u00eates en carbure de tungst\u00e8ne, elles sont utilis\u00e9es contre les sols rocheux et durs pour couper la surface.<\/p>\n<p>1. le carbure de tungst\u00e8ne de qualit\u00e9 s\u00e9lectionn\u00e9e assure une plus grande duret\u00e9 pour une meilleure performance de coupe.<br \/>\n2. un processus de brasage bien ex\u00e9cut\u00e9 pour combiner fermement la pointe en carbure et le corps en acier.<br \/>\n3. nous sommes en train de proc\u00e9der \u00e0 l'inspection de la production et \u00e0 l'ex\u00e9cution des tests.<\/p>\n<a href=\"#Quote-Button\" class=\"button primary is-large Inquiry-Button\" style=\"border-radius:99px;\">\n\t<i class=\"icon-heart\" aria-hidden=\"true\"><\/i>\t<span>Demande de renseignements<\/span>\n\t<\/a>","protected":false},"featured_media":1389,"template":"","meta":[],"product_brand":[],"product_cat":[174],"product_tag":[],"class_list":{"0":"post-1390","1":"product","2":"type-product","3":"status-publish","4":"has-post-thumbnail","6":"product_cat-stone-quarrying-tools","8":"first","9":"instock","10":"shipping-taxable","11":"product-type-simple"},"aioseo_notices":[],"_links":{"self":[{"href":"https:\/\/xmstonetools.com\/fr\/wp-json\/wp\/v2\/product\/1390","targetHints":{"allow":["GET"]}}],"collection":[{"href":"https:\/\/xmstonetools.com\/fr\/wp-json\/wp\/v2\/product"}],"about":[{"href":"https:\/\/xmstonetools.com\/fr\/wp-json\/wp\/v2\/types\/product"}],"wp:featuredmedia":[{"embeddable":true,"href":"https:\/\/xmstonetools.com\/fr\/wp-json\/wp\/v2\/media\/1389"}],"wp:attachment":[{"href":"https:\/\/xmstonetools.com\/fr\/wp-json\/wp\/v2\/media?parent=1390"}],"wp:term":[{"taxonomy":"product_brand","embeddable":true,"href":"https:\/\/xmstonetools.com\/fr\/wp-json\/wp\/v2\/product_brand?post=1390"},{"taxonomy":"product_cat","embeddable":true,"href":"https:\/\/xmstonetools.com\/fr\/wp-json\/wp\/v2\/product_cat?post=1390"},{"taxonomy":"product_tag","embeddable":true,"href":"https:\/\/xmstonetools.com\/fr\/wp-json\/wp\/v2\/product_tag?post=1390"}],"curies":[{"name":"wp","href":"https:\/\/api.w.org\/{rel}","templated":true}]}}