{"id":1455,"date":"2022-12-01T19:36:44","date_gmt":"2022-12-01T11:36:44","guid":{"rendered":"https:\/\/xmstonetools.com\/?post_type=product&#038;p=1455"},"modified":"2023-07-07T14:59:24","modified_gmt":"2023-07-07T06:59:24","slug":"plaque-de-broyage-en-granit-a-liant-metallique","status":"publish","type":"product","link":"https:\/\/xmstonetools.com\/fr\/produit\/plaque-de-broyage-en-granit-a-liant-metallique\/","title":{"rendered":"Plaque de broyage en granit \u00e0 liant m\u00e9tallique"},"content":{"rendered":"<p>Les outils diamant\u00e9s pour la pierre jouent un r\u00f4le crucial dans l'industrie du traitement de la pierre, car ils permettent de cr\u00e9er des surfaces exquises et des coupes pr\u00e9cises. Parmi les diff\u00e9rents outils utilis\u00e9s, les plateaux abrasifs pour granit \u00e0 liant m\u00e9tallique sont des composants essentiels pour le pon\u00e7age et le polissage des surfaces en granit. Dans cet article, nous allons nous plonger dans les d\u00e9tails des plaques abrasives en granit \u00e0 liant m\u00e9tallique, en explorant leur construction, leurs avantages et leurs applications.<\/p>\n<h2 style=\"color: steelblue;\">1. Construction de plaques de broyage en granit \u00e0 liant m\u00e9tallique :<\/h2>\n<p>Les plaques de pon\u00e7age du granit \u00e0 liant m\u00e9tallique sont des outils m\u00e9ticuleusement con\u00e7us qui se composent d'une matrice \u00e0 liant m\u00e9tallique, de segments diamant\u00e9s et d'une plaque d'acier ou d'aluminium. La matrice \u00e0 liant m\u00e9tallique sert de liant qui maintient solidement les segments diamant\u00e9s en place. Les segments de diamant, int\u00e9gr\u00e9s dans la matrice, contiennent des diamants synth\u00e9tiques ou naturels qui sont charg\u00e9s de meuler, de polir et de fa\u00e7onner la surface du granit.<\/p>\n<figure id=\"attachment_1453\" aria-describedby=\"caption-attachment-1453\" style=\"width: 1000px\" class=\"wp-caption aligncenter\"><img loading=\"lazy\" decoding=\"async\" class=\"size-full wp-image-1453\" src=\"https:\/\/xmstonetools.com\/wp-content\/uploads\/2022\/12\/Metal-Bond-Granite-Grinding-Plate-3.jpg\" alt=\"Plaque de meulage en granit Metal Bond-3\" width=\"1000\" height=\"1000\" srcset=\"https:\/\/xmstonetools.com\/wp-content\/uploads\/2022\/12\/Metal-Bond-Granite-Grinding-Plate-3.jpg 1000w, https:\/\/xmstonetools.com\/wp-content\/uploads\/2022\/12\/Metal-Bond-Granite-Grinding-Plate-3-400x400.jpg 400w, https:\/\/xmstonetools.com\/wp-content\/uploads\/2022\/12\/Metal-Bond-Granite-Grinding-Plate-3-800x800.jpg 800w, https:\/\/xmstonetools.com\/wp-content\/uploads\/2022\/12\/Metal-Bond-Granite-Grinding-Plate-3-280x280.jpg 280w, https:\/\/xmstonetools.com\/wp-content\/uploads\/2022\/12\/Metal-Bond-Granite-Grinding-Plate-3-768x768.jpg 768w, https:\/\/xmstonetools.com\/wp-content\/uploads\/2022\/12\/Metal-Bond-Granite-Grinding-Plate-3-300x300.jpg 300w, https:\/\/xmstonetools.com\/wp-content\/uploads\/2022\/12\/Metal-Bond-Granite-Grinding-Plate-3-600x600.jpg 600w, https:\/\/xmstonetools.com\/wp-content\/uploads\/2022\/12\/Metal-Bond-Granite-Grinding-Plate-3-100x100.jpg 100w, https:\/\/xmstonetools.com\/wp-content\/uploads\/2022\/12\/Metal-Bond-Granite-Grinding-Plate-3-120x120.jpg 120w\" sizes=\"auto, (max-width: 1000px) 100vw, 1000px\" \/><figcaption id=\"caption-attachment-1453\" class=\"wp-caption-text\">Plaque de meulage en granit Metal Bond-3<\/figcaption><\/figure>\n<h2 style=\"color: steelblue;\">2. Avantages des plaques de pon\u00e7age en granit \u00e0 liant m\u00e9tallique :<\/h2>\n<h3>a. Durabilit\u00e9 exceptionnelle :<\/h3>\n<p>Les plaques abrasives en granit \u00e0 liant m\u00e9tallique sont connues pour leur durabilit\u00e9 exceptionnelle, ce qui les rend adapt\u00e9es aux applications lourdes. La matrice robuste \u00e0 liant m\u00e9tallique r\u00e9siste efficacement aux pressions de meulage \u00e9lev\u00e9es, ce qui leur conf\u00e8re une dur\u00e9e de vie plus longue que les autres types de plaques abrasives.<\/p>\n<h3>b. Efficacit\u00e9 de broyage \u00e9lev\u00e9e :<\/h3>\n<p>La combinaison de la matrice \u00e0 liant m\u00e9tallique et des segments diamant\u00e9s garantit une efficacit\u00e9 de meulage sup\u00e9rieure. Les particules de diamant int\u00e9gr\u00e9es dans les segments cr\u00e9ent des ar\u00eates de coupe tranchantes, permettant un enl\u00e8vement de mati\u00e8re efficace et r\u00e9duisant le temps n\u00e9cessaire au pon\u00e7age des surfaces en granit.<\/p>\n<h3>c. Performances constantes :<\/h3>\n<p>Les plateaux abrasifs en granit \u00e0 liant m\u00e9tallique offrent des performances constantes et fiables tout au long de leur dur\u00e9e de vie. Leur conception pr\u00e9cise garantit une usure r\u00e9guli\u00e8re des segments diamant\u00e9s, ce qui permet de maintenir un sch\u00e9ma de meulage coh\u00e9rent et de minimiser les irr\u00e9gularit\u00e9s de la surface.<\/p>\n<h3>d. Polyvalence :<\/h3>\n<p>Les plaques abrasives pour granit Metal Bond conviennent \u00e0 un large \u00e9ventail d'applications. Elles peuvent \u00eatre utilis\u00e9es pour le pon\u00e7age grossier, le pon\u00e7age fin et le polissage, ce qui permet aux professionnels d'obtenir diff\u00e9rents niveaux de finition de surface sur les comptoirs, les sols, les murs et autres \u00e9l\u00e9ments architecturaux en granit.<\/p>\n<figure id=\"attachment_1452\" aria-describedby=\"caption-attachment-1452\" style=\"width: 1000px\" class=\"wp-caption aligncenter\"><img loading=\"lazy\" decoding=\"async\" class=\"size-full wp-image-1452\" src=\"https:\/\/xmstonetools.com\/wp-content\/uploads\/2022\/12\/Metal-Bond-Granite-Grinding-Plate-2.jpg\" alt=\"Plaque de broyage en granit Metal Bond-2\" width=\"1000\" height=\"1000\" srcset=\"https:\/\/xmstonetools.com\/wp-content\/uploads\/2022\/12\/Metal-Bond-Granite-Grinding-Plate-2.jpg 1000w, https:\/\/xmstonetools.com\/wp-content\/uploads\/2022\/12\/Metal-Bond-Granite-Grinding-Plate-2-400x400.jpg 400w, https:\/\/xmstonetools.com\/wp-content\/uploads\/2022\/12\/Metal-Bond-Granite-Grinding-Plate-2-800x800.jpg 800w, https:\/\/xmstonetools.com\/wp-content\/uploads\/2022\/12\/Metal-Bond-Granite-Grinding-Plate-2-280x280.jpg 280w, https:\/\/xmstonetools.com\/wp-content\/uploads\/2022\/12\/Metal-Bond-Granite-Grinding-Plate-2-768x768.jpg 768w, https:\/\/xmstonetools.com\/wp-content\/uploads\/2022\/12\/Metal-Bond-Granite-Grinding-Plate-2-300x300.jpg 300w, https:\/\/xmstonetools.com\/wp-content\/uploads\/2022\/12\/Metal-Bond-Granite-Grinding-Plate-2-600x600.jpg 600w, https:\/\/xmstonetools.com\/wp-content\/uploads\/2022\/12\/Metal-Bond-Granite-Grinding-Plate-2-100x100.jpg 100w, https:\/\/xmstonetools.com\/wp-content\/uploads\/2022\/12\/Metal-Bond-Granite-Grinding-Plate-2-120x120.jpg 120w\" sizes=\"auto, (max-width: 1000px) 100vw, 1000px\" \/><figcaption id=\"caption-attachment-1452\" class=\"wp-caption-text\">Plaque de broyage en granit Metal Bond-2<\/figcaption><\/figure>\n<h2 style=\"color: steelblue;\">3. Applications des plaques abrasives en granit \u00e0 liant m\u00e9tallique :<\/h2>\n<h3>a. Fabrication de comptoirs en granit :<\/h3>\n<p>Les plaques de pon\u00e7age du granit \u00e0 liant m\u00e9tallique sont largement utilis\u00e9es dans la fabrication des comptoirs en granit. Elles permettent de fa\u00e7onner et de lisser les bords du granit, de cr\u00e9er des biseaux pr\u00e9cis et d'obtenir la finition souhait\u00e9e.<\/p>\n<h3>b. Restauration des rev\u00eatements de sol en pierre :<\/h3>\n<p>Pour restaurer et polir les sols en granit, les plaques abrasives pour granit \u00e0 liant m\u00e9tallique sont indispensables. Ils \u00e9liminent efficacement les rayures, les taches et les irr\u00e9gularit\u00e9s, ce qui permet d'obtenir une surface lisse et brillante.<\/p>\n<h3>c. Sculpture architecturale en pierre :<\/h3>\n<p>Les plaques abrasives pour granit \u00e0 liant m\u00e9tallique sont utilis\u00e9es dans les projets architecturaux de sculpture sur pierre, o\u00f9 des dessins et des d\u00e9tails complexes sont grav\u00e9s dans le granit. Ces plaques permettent de fa\u00e7onner et d'affiner la pierre avec pr\u00e9cision, ce qui renforce l'attrait artistique g\u00e9n\u00e9ral.<\/p>\n<h3>d. Fabrication de monuments :<\/h3>\n<p>Les plaques de pon\u00e7age du granit \u00e0 liant m\u00e9tallique sont utilis\u00e9es dans la fabrication des monuments en granit, garantissant un fa\u00e7onnage pr\u00e9cis et des d\u00e9tails complexes.<\/p>\n<p>Les plaques abrasives en granit \u00e0 liant m\u00e9tallique offrent une multitude d'avantages qui contribuent de mani\u00e8re significative \u00e0 l'efficacit\u00e9 et \u00e0 la pr\u00e9cision des outils diamant\u00e9s pour la pierre. Leur durabilit\u00e9, leur grande efficacit\u00e9 de meulage, leurs performances constantes et leur polyvalence en font un outil indispensable pour les professionnels de l'industrie de la pierre. Qu'il s'agisse de la fabrication de comptoirs, de la restauration de sols en pierre, de la sculpture de pierres architecturales ou de la fabrication de monuments, les plaques abrasives pour granit \u00e0 liant m\u00e9tallique jouent un r\u00f4le essentiel dans l'obtention de r\u00e9sultats exceptionnels et dans la mise en valeur de la beaut\u00e9 naturelle des surfaces en granit.<\/p>\n<figure id=\"attachment_1450\" aria-describedby=\"caption-attachment-1450\" style=\"width: 750px\" class=\"wp-caption aligncenter\"><img loading=\"lazy\" decoding=\"async\" class=\"size-full wp-image-1450\" src=\"https:\/\/xmstonetools.com\/wp-content\/uploads\/2022\/12\/Metal-Bond-Granite-Grinding-Plate-Application.jpg\" alt=\"Plaque de meulage en granit \u00e0 liant m\u00e9tallique Application\" width=\"750\" height=\"1356\" srcset=\"https:\/\/xmstonetools.com\/wp-content\/uploads\/2022\/12\/Metal-Bond-Granite-Grinding-Plate-Application.jpg 750w, https:\/\/xmstonetools.com\/wp-content\/uploads\/2022\/12\/Metal-Bond-Granite-Grinding-Plate-Application-221x400.jpg 221w, https:\/\/xmstonetools.com\/wp-content\/uploads\/2022\/12\/Metal-Bond-Granite-Grinding-Plate-Application-442x800.jpg 442w, https:\/\/xmstonetools.com\/wp-content\/uploads\/2022\/12\/Metal-Bond-Granite-Grinding-Plate-Application-600x1085.jpg 600w\" sizes=\"auto, (max-width: 750px) 100vw, 750px\" \/><figcaption id=\"caption-attachment-1450\" class=\"wp-caption-text\">Plaque de meulage en granit \u00e0 liant m\u00e9tallique Application<\/figcaption><\/figure>\n<p>Certainement ! Voici quelques d\u00e9tails suppl\u00e9mentaires sur les plaques abrasives en granit \u00e0 liant m\u00e9tallique :<\/p>\n<h2 style=\"color: steelblue;\">4. Types de liaisons m\u00e9talliques :<\/h2>\n<p>Les plaques de pon\u00e7age en granit \u00e0 liant m\u00e9tallique sont disponibles en diff\u00e9rentes variantes pour r\u00e9pondre aux diff\u00e9rents besoins de pon\u00e7age. Les deux principaux types de liant m\u00e9tallique utilis\u00e9s pour ces plaques sont les suivants :<\/p>\n<h3>a. Liaison avec le m\u00e9tal mou :<\/h3>\n<p>Les plaques \u00e0 liant m\u00e9tallique tendre sont con\u00e7ues pour offrir une plus grande souplesse d'utilisation, ce qui les rend id\u00e9ales pour le meulage du granit plus tendre ou pour un premier meulage grossier. Le liant plus souple permet un enl\u00e8vement de mati\u00e8re plus rapide et aide \u00e0 pr\u00e9venir l'encrassement des segments diamant\u00e9s.<\/p>\n<h3>b. Liaison avec le m\u00e9tal dur :<\/h3>\n<p>Les plaques de liant en m\u00e9tal dur sont pr\u00e9f\u00e9r\u00e9es pour le pon\u00e7age de granit plus dur ou pour des applications de polissage plus fines. Elles offrent une meilleure stabilit\u00e9 et une dur\u00e9e de vie plus longue, ce qui permet d'obtenir des r\u00e9sultats de pon\u00e7age et de polissage plus pr\u00e9cis.<\/p>\n<h2 style=\"color: steelblue;\">5. Taille des grains :<\/h2>\n<p>Les plateaux abrasifs en granit Metal Bond sont disponibles en diff\u00e9rentes granulom\u00e9tries, qui d\u00e9terminent la grosseur ou la finesse du processus de meulage. Les grains les plus courants sont les suivants : 30\/40, 50\/60, 100\/120, 200\/220, 400\/500 et plus. Les grains les plus grossiers sont g\u00e9n\u00e9ralement utilis\u00e9s pour le meulage initial afin d'\u00e9liminer les imperfections de la surface, tandis que les grains plus fins sont utilis\u00e9s pour le polissage et l'obtention d'une finition plus lisse.<\/p>\n<h2 style=\"color: steelblue;\">6. Formes des segments :<\/h2>\n<p>Les segments diamant\u00e9s sur les plateaux de meulage en granit \u00e0 liant m\u00e9tallique sont disponibles dans diff\u00e9rentes formes, notamment rondes, rectangulaires et en forme de fl\u00e8che. Le choix de la forme du segment d\u00e9pend des exigences de meulage sp\u00e9cifiques et du r\u00e9sultat souhait\u00e9. Les diff\u00e9rentes formes de segments peuvent offrir diff\u00e9rents niveaux d'agressivit\u00e9, de pr\u00e9cision et de polyvalence.<\/p>\n<figure id=\"attachment_1451\" aria-describedby=\"caption-attachment-1451\" style=\"width: 1000px\" class=\"wp-caption aligncenter\"><img loading=\"lazy\" decoding=\"async\" class=\"size-full wp-image-1451\" src=\"https:\/\/xmstonetools.com\/wp-content\/uploads\/2022\/12\/Metal-Bond-Granite-Grinding-Plate.jpg\" alt=\"Plaque de broyage en granit \u00e0 liant m\u00e9tallique\" width=\"1000\" height=\"1000\" srcset=\"https:\/\/xmstonetools.com\/wp-content\/uploads\/2022\/12\/Metal-Bond-Granite-Grinding-Plate.jpg 1000w, https:\/\/xmstonetools.com\/wp-content\/uploads\/2022\/12\/Metal-Bond-Granite-Grinding-Plate-400x400.jpg 400w, https:\/\/xmstonetools.com\/wp-content\/uploads\/2022\/12\/Metal-Bond-Granite-Grinding-Plate-800x800.jpg 800w, https:\/\/xmstonetools.com\/wp-content\/uploads\/2022\/12\/Metal-Bond-Granite-Grinding-Plate-280x280.jpg 280w, https:\/\/xmstonetools.com\/wp-content\/uploads\/2022\/12\/Metal-Bond-Granite-Grinding-Plate-768x768.jpg 768w, https:\/\/xmstonetools.com\/wp-content\/uploads\/2022\/12\/Metal-Bond-Granite-Grinding-Plate-300x300.jpg 300w, https:\/\/xmstonetools.com\/wp-content\/uploads\/2022\/12\/Metal-Bond-Granite-Grinding-Plate-600x600.jpg 600w, https:\/\/xmstonetools.com\/wp-content\/uploads\/2022\/12\/Metal-Bond-Granite-Grinding-Plate-100x100.jpg 100w, https:\/\/xmstonetools.com\/wp-content\/uploads\/2022\/12\/Metal-Bond-Granite-Grinding-Plate-120x120.jpg 120w\" sizes=\"auto, (max-width: 1000px) 100vw, 1000px\" \/><figcaption id=\"caption-attachment-1451\" class=\"wp-caption-text\">Plaque de broyage en granit \u00e0 liant m\u00e9tallique<\/figcaption><\/figure>\n<h2 style=\"color: steelblue;\">7. Broyage humide et broyage \u00e0 sec :<\/h2>\n<p>Les plaques de broyage en granit \u00e0 liant m\u00e9tallique peuvent \u00eatre utilis\u00e9es pour des applications de broyage humide ou sec. Le meulage sous arrosage est couramment utilis\u00e9 pour r\u00e9duire la poussi\u00e8re et contr\u00f4ler la chaleur g\u00e9n\u00e9r\u00e9e pendant le processus de meulage. Il permet \u00e9galement de prolonger la dur\u00e9e de vie des segments diamant\u00e9s en les emp\u00eachant de surchauffer. Le meulage \u00e0 sec convient lorsque l'utilisation de l'eau n'est pas souhait\u00e9e ou possible, mais il peut g\u00e9n\u00e9rer plus de poussi\u00e8re et n\u00e9cessiter des syst\u00e8mes d'extraction de poussi\u00e8re ad\u00e9quats.<\/p>\n<h2 style=\"color: steelblue;\">8. Maintenance et entretien :<\/h2>\n<p>Pour garantir les performances optimales et la long\u00e9vit\u00e9 des plaques abrasives en granit metal bond, il est essentiel de les entretenir correctement. Voici quelques conseils d'entretien :<br \/>\n- Nettoyez r\u00e9guli\u00e8rement les plaques pour \u00e9liminer tout d\u00e9bris ou accumulation de boue susceptible d'affecter l'efficacit\u00e9 du broyage.<br \/>\n- Inspectez l'usure des segments diamant\u00e9s et remplacez-les si n\u00e9cessaire pour maintenir des performances constantes.<br \/>\n- Conservez les plaques dans un endroit sec et prot\u00e9g\u00e9 pour \u00e9viter la corrosion et les dommages.<br \/>\n- Respectez les directives du fabricant concernant les param\u00e8tres de fonctionnement, tels que la vitesse de rotation, la pression et l'utilisation du liquide de refroidissement.<\/p>\n<p>En suivant ces pratiques d'entretien, vous pouvez maximiser la dur\u00e9e de vie et l'efficacit\u00e9 des plaques abrasives en granit \u00e0 liant m\u00e9tallique, optimisant ainsi vos op\u00e9rations de traitement de la pierre.<\/p>\n<p>Les plateaux abrasifs Metal Bond pour granit sont des outils indispensables dans l'industrie du traitement de la pierre. Ils permettent aux professionnels d'obtenir des r\u00e9sultats pr\u00e9cis en mati\u00e8re de pon\u00e7age, de fa\u00e7onnage et de polissage des surfaces en granit. Leur durabilit\u00e9, leur polyvalence et leurs performances constantes en font un choix privil\u00e9gi\u00e9 pour les professionnels \u00e0 la recherche d'outils diamant\u00e9s de haute qualit\u00e9 pour la pierre.<\/p>\n<figure id=\"attachment_1454\" aria-describedby=\"caption-attachment-1454\" style=\"width: 750px\" class=\"wp-caption aligncenter\"><img loading=\"lazy\" decoding=\"async\" class=\"size-full wp-image-1454\" src=\"https:\/\/xmstonetools.com\/wp-content\/uploads\/2022\/12\/Metal-Bond-Granite-Grinding-Plate-4.jpg\" alt=\"Plaque de meulage en granit Metal Bond-4\" width=\"750\" height=\"1125\" srcset=\"https:\/\/xmstonetools.com\/wp-content\/uploads\/2022\/12\/Metal-Bond-Granite-Grinding-Plate-4.jpg 750w, https:\/\/xmstonetools.com\/wp-content\/uploads\/2022\/12\/Metal-Bond-Granite-Grinding-Plate-4-267x400.jpg 267w, https:\/\/xmstonetools.com\/wp-content\/uploads\/2022\/12\/Metal-Bond-Granite-Grinding-Plate-4-533x800.jpg 533w, https:\/\/xmstonetools.com\/wp-content\/uploads\/2022\/12\/Metal-Bond-Granite-Grinding-Plate-4-600x900.jpg 600w\" sizes=\"auto, (max-width: 750px) 100vw, 750px\" \/><figcaption id=\"caption-attachment-1454\" class=\"wp-caption-text\">Plaque de meulage en granit Metal Bond-4<\/figcaption><\/figure>\n<table class=\"aliDataTable\" style=\"height: 485px;\" width=\"640\">\n<tbody>\n<tr align=\"left\">\n<td valign=\"top\">Nom du produit<\/td>\n<td valign=\"top\">Disque de meulage diamant de 200 mm \u00e0 liant m\u00e9tallique<\/td>\n<\/tr>\n<tr align=\"left\">\n<td valign=\"top\">Le cran<\/td>\n<td valign=\"top\">50#\u00a0 100#\u00a0 200#\u00a0 400#<\/td>\n<\/tr>\n<tr align=\"left\">\n<td valign=\"top\">Diam\u00e8tre<\/td>\n<td valign=\"top\">\u00a0200mm<\/td>\n<\/tr>\n<tr align=\"left\">\n<td valign=\"top\">Technologie<\/td>\n<td valign=\"top\">Soudure \u00e0 haute fr\u00e9quence<\/td>\n<\/tr>\n<tr align=\"left\">\n<td valign=\"top\">Contr\u00f4le de la qualit\u00e9 :<\/td>\n<td valign=\"top\">\u00a01. Inspection stricte des mati\u00e8res premi\u00e8res<\/p>\n<p>2. Formule professionnelle<\/p>\n<p>3. Contr\u00f4le du processus de production<\/p>\n<p>4. Effectuer quelques tests pour s'assurer que la fonction d'utilisation<\/p>\n<p>5. Les produits sont soumis \u00e0 une inspection rigoureuse<\/td>\n<\/tr>\n<\/tbody>\n<\/table>","protected":false},"excerpt":{"rendered":"<p>Caract\u00e9ristiques de la plaque de broyage en granit \u00e0 liant m\u00e9tallique<\/p>\n<p>-Condition de fonctionnement : Utilisation en milieu humide ;<br \/>\n-Mat\u00e9riau de liaison et mat\u00e9riau abrasif : Acide oxalique<\/p>\n<p>-Machine applicable : Ligne automatique de polissage<br \/>\n- Grain : 5-Extra,10-Extra<br \/>\n-Epaisseur et longueur : 15 mm d'\u00e9paisseur ; L140mm de longueur<br \/>\n-Type de connexion : Connexion de Francfort<br \/>\n-Mat\u00e9riau de polissage : Granit, marbre, pierre \u00e0 chaux, gr\u00e8s, etc ;<\/p>\n<a class=\"button primary is-large popmake-1134\" style=\"border-radius:99px;\">\n\t<i class=\"icon-heart\" aria-hidden=\"true\"><\/i>\t<span>Demande de renseignements<\/span>\n\t<\/a>","protected":false},"featured_media":1451,"template":"","meta":[],"product_brand":[],"product_cat":[56],"product_tag":[83],"class_list":{"0":"post-1455","1":"product","2":"type-product","3":"status-publish","4":"has-post-thumbnail","6":"product_cat-stone-grinding-tools","7":"product_tag-grinding-cup-wheel","9":"first","10":"instock","11":"shipping-taxable","12":"product-type-simple"},"aioseo_notices":[],"_links":{"self":[{"href":"https:\/\/xmstonetools.com\/fr\/wp-json\/wp\/v2\/product\/1455","targetHints":{"allow":["GET"]}}],"collection":[{"href":"https:\/\/xmstonetools.com\/fr\/wp-json\/wp\/v2\/product"}],"about":[{"href":"https:\/\/xmstonetools.com\/fr\/wp-json\/wp\/v2\/types\/product"}],"wp:featuredmedia":[{"embeddable":true,"href":"https:\/\/xmstonetools.com\/fr\/wp-json\/wp\/v2\/media\/1451"}],"wp:attachment":[{"href":"https:\/\/xmstonetools.com\/fr\/wp-json\/wp\/v2\/media?parent=1455"}],"wp:term":[{"taxonomy":"product_brand","embeddable":true,"href":"https:\/\/xmstonetools.com\/fr\/wp-json\/wp\/v2\/product_brand?post=1455"},{"taxonomy":"product_cat","embeddable":true,"href":"https:\/\/xmstonetools.com\/fr\/wp-json\/wp\/v2\/product_cat?post=1455"},{"taxonomy":"product_tag","embeddable":true,"href":"https:\/\/xmstonetools.com\/fr\/wp-json\/wp\/v2\/product_tag?post=1455"}],"curies":[{"name":"wp","href":"https:\/\/api.w.org\/{rel}","templated":true}]}}