{"id":1469,"date":"2022-12-02T14:46:50","date_gmt":"2022-12-02T06:46:50","guid":{"rendered":"https:\/\/xmstonetools.com\/?post_type=product&#038;p=1469"},"modified":"2025-08-05T10:06:37","modified_gmt":"2025-08-05T02:06:37","slug":"roue-de-profilage-en-marbre-fritte-et-granit","status":"publish","type":"product","link":"https:\/\/xmstonetools.com\/fr\/produit\/roue-de-profilage-en-marbre-fritte-et-granit\/","title":{"rendered":"Roue de profilage fritt\u00e9e pour marbre et granit"},"content":{"rendered":"<p>Introduction :<br \/>\nDans le domaine des outils diamant\u00e9s pour la pierre, la meule de profilage \u00e0 bord fritt\u00e9 pour la pierre est un atout indispensable pour les professionnels de la fabrication et du traitement de la pierre. Con\u00e7u pour r\u00e9pondre aux besoins \u00e9volutifs de l'industrie, cet outil innovant associe une technologie de pointe \u00e0 un savoir-faire exceptionnel pour produire des r\u00e9sultats remarquables. Cet article vise \u00e0 fournir une vue d'ensemble de la meule de profilage \u00e0 bord fritt\u00e9 pour la pierre, en soulignant ses caract\u00e9ristiques, ses avantages et ses applications dans le traitement de la pierre.<\/p>\n<h2 style=\"color: steelblue;\">I. Comprendre la roue de profilage \u00e0 bord fritt\u00e9 en pierre :<\/h2>\n<p>Le disque de profilage des bords fritt\u00e9s est un outil diamant\u00e9 sp\u00e9cialis\u00e9 con\u00e7u pour profiler et fa\u00e7onner les bords de divers mat\u00e9riaux en pierre tels que le granit, le marbre, le quartz et la pierre d'ing\u00e9nierie. Il fait appel \u00e0 des techniques de frittage avanc\u00e9es, dans lesquelles des particules de diamant synth\u00e9tique sont int\u00e9gr\u00e9es \u00e0 une matrice m\u00e9tallique, ce qui permet d'obtenir un outil tr\u00e8s r\u00e9sistant et durable.<\/p>\n<figure id=\"attachment_1463\" aria-describedby=\"caption-attachment-1463\" style=\"width: 814px\" class=\"wp-caption aligncenter\"><img loading=\"lazy\" decoding=\"async\" class=\"wp-image-1463 size-full\" src=\"https:\/\/xmstonetools.com\/wp-content\/uploads\/2022\/12\/Sintered-Diamond-Edge-Profiling-Wheels.png\" alt=\"Meules de profilage \u00e0 diamant fritt\u00e9\" width=\"814\" height=\"814\" srcset=\"https:\/\/xmstonetools.com\/wp-content\/uploads\/2022\/12\/Sintered-Diamond-Edge-Profiling-Wheels.png 814w, https:\/\/xmstonetools.com\/wp-content\/uploads\/2022\/12\/Sintered-Diamond-Edge-Profiling-Wheels-400x400.png 400w, https:\/\/xmstonetools.com\/wp-content\/uploads\/2022\/12\/Sintered-Diamond-Edge-Profiling-Wheels-800x800.png 800w, https:\/\/xmstonetools.com\/wp-content\/uploads\/2022\/12\/Sintered-Diamond-Edge-Profiling-Wheels-280x280.png 280w, https:\/\/xmstonetools.com\/wp-content\/uploads\/2022\/12\/Sintered-Diamond-Edge-Profiling-Wheels-768x768.png 768w, https:\/\/xmstonetools.com\/wp-content\/uploads\/2022\/12\/Sintered-Diamond-Edge-Profiling-Wheels-300x300.png 300w, https:\/\/xmstonetools.com\/wp-content\/uploads\/2022\/12\/Sintered-Diamond-Edge-Profiling-Wheels-600x600.png 600w, https:\/\/xmstonetools.com\/wp-content\/uploads\/2022\/12\/Sintered-Diamond-Edge-Profiling-Wheels-100x100.png 100w, https:\/\/xmstonetools.com\/wp-content\/uploads\/2022\/12\/Sintered-Diamond-Edge-Profiling-Wheels-120x120.png 120w\" sizes=\"auto, (max-width: 814px) 100vw, 814px\" \/><figcaption id=\"caption-attachment-1463\" class=\"wp-caption-text\">Meules de profilage \u00e0 diamant fritt\u00e9<\/figcaption><\/figure>\n<h2 style=\"color: steelblue;\">II. Caract\u00e9ristiques et conception des roues de profilage \u00e0 ar\u00eate fritt\u00e9e en pierre :<\/h2>\n<h3>1. Conception du segment diamant :<\/h3>\n<p>La meule est constitu\u00e9e de segments de diamant strat\u00e9giquement positionn\u00e9s, dont la forme et la taille varient. Ces segments jouent un r\u00f4le crucial dans l'enl\u00e8vement efficace de la mati\u00e8re, permettant un profilage et un fa\u00e7onnage pr\u00e9cis des ar\u00eates de la pierre.<\/p>\n<h3>2. Matrice m\u00e9tallique :<\/h3>\n<p>Le processus de frittage garantit que les particules de diamant sont fermement li\u00e9es \u00e0 la matrice m\u00e9tallique, ce qui conf\u00e8re \u00e0 l'outil une r\u00e9sistance et une stabilit\u00e9 exceptionnelles. Cette construction robuste permet \u00e0 la meule de r\u00e9sister \u00e0 une rotation \u00e0 grande vitesse et \u00e0 une charge de travail importante, garantissant ainsi sa durabilit\u00e9 et sa long\u00e9vit\u00e9.<\/p>\n<h3>3. Variabilit\u00e9 du profil :<\/h3>\n<p>Les meules de profilage \u00e0 bord fritt\u00e9 en pierre sont disponibles dans une large gamme de profils, y compris ogee, bevel, bullnose, half-bullnose et flat. Cette polyvalence permet aux artisans de r\u00e9aliser diff\u00e9rents types d'ar\u00eates et de r\u00e9pondre aux exigences sp\u00e9cifiques des clients.<\/p>\n<h2 style=\"color: steelblue;\">III. Avantages de la roue de profilage \u00e0 bord fritt\u00e9 en pierre :<\/h2>\n<h3>1. Une pr\u00e9cision exceptionnelle :<\/h3>\n<p>L'utilisation de particules de diamant, connues pour leur duret\u00e9 remarquable, garantit un profilage et un fa\u00e7onnage pr\u00e9cis des ar\u00eates de la pierre. La meule \u00e0 profiler les bords fritt\u00e9s permet aux professionnels de r\u00e9aliser des d\u00e9tails complexes et des finitions lisses avec une extr\u00eame pr\u00e9cision.<\/p>\n<h3>2. Haute efficacit\u00e9 :<\/h3>\n<p>Gr\u00e2ce \u00e0 ses performances de coupe sup\u00e9rieures et \u00e0 sa conception optimis\u00e9e, la meule de profilage Stone Sintered Edge r\u00e9duit consid\u00e9rablement le temps de traitement. Sa capacit\u00e9 \u00e0 enlever le mat\u00e9riau rapidement et efficacement am\u00e9liore la productivit\u00e9, permettant aux professionnels de terminer leurs projets dans des d\u00e9lais plus courts.<\/p>\n<h3>3. Long\u00e9vit\u00e9 :<\/h3>\n<p>Les segments de diamant fritt\u00e9s, associ\u00e9s \u00e0 la matrice m\u00e9tallique durable, contribuent \u00e0 prolonger la dur\u00e9e de vie de la meule. Cela garantit la rentabilit\u00e9 en r\u00e9duisant la fr\u00e9quence de remplacement des outils, ce qui permet de minimiser les temps d'arr\u00eat et d'augmenter la rentabilit\u00e9.<\/p>\n<h3>4. Polyvalence :<\/h3>\n<p>La disponibilit\u00e9 de diff\u00e9rents profils permet aux artisans d'explorer diff\u00e9rentes options de conception et de r\u00e9pondre aux diverses pr\u00e9f\u00e9rences des clients. Qu'il s'agisse d'\u00e9l\u00e9gants bords en ogive ou de biseaux \u00e9l\u00e9gants, la molette de profilage pour bords fritt\u00e9s Stone offre la polyvalence n\u00e9cessaire pour obtenir des r\u00e9sultats personnalis\u00e9s.<\/p>\n<figure id=\"attachment_1467\" aria-describedby=\"caption-attachment-1467\" style=\"width: 960px\" class=\"wp-caption aligncenter\"><img loading=\"lazy\" decoding=\"async\" class=\"size-full wp-image-1467\" src=\"https:\/\/xmstonetools.com\/wp-content\/uploads\/2022\/12\/Stone-Edge-Profiling-Wheel-For-Marble-Granite-4.jpg\" alt=\"Meule de profilage des bords de pierre pour le marbre Granit-4\" width=\"960\" height=\"1280\" srcset=\"https:\/\/xmstonetools.com\/wp-content\/uploads\/2022\/12\/Stone-Edge-Profiling-Wheel-For-Marble-Granite-4.jpg 960w, https:\/\/xmstonetools.com\/wp-content\/uploads\/2022\/12\/Stone-Edge-Profiling-Wheel-For-Marble-Granite-4-300x400.jpg 300w, https:\/\/xmstonetools.com\/wp-content\/uploads\/2022\/12\/Stone-Edge-Profiling-Wheel-For-Marble-Granite-4-600x800.jpg 600w, https:\/\/xmstonetools.com\/wp-content\/uploads\/2022\/12\/Stone-Edge-Profiling-Wheel-For-Marble-Granite-4-768x1024.jpg 768w\" sizes=\"auto, (max-width: 960px) 100vw, 960px\" \/><figcaption id=\"caption-attachment-1467\" class=\"wp-caption-text\">Meule de profilage des bords de pierre pour le marbre Granit-4<\/figcaption><\/figure>\n<h2 style=\"color: steelblue;\">IV. Applications :<\/h2>\n<p>La meule de profilage \u00e0 bord fritt\u00e9 pour la pierre trouve de nombreuses applications dans l'industrie de la fabrication de la pierre, notamment :<\/p>\n<h3>1. Production de comptoirs :<\/h3>\n<p>La meule est id\u00e9ale pour fa\u00e7onner et profiler les bords des plans de travail des cuisines et des salles de bains, afin d'obtenir des finitions impeccables qui rehaussent l'esth\u00e9tique de l'ensemble.<\/p>\n<h3>2. D\u00e9tails architecturaux :<\/h3>\n<p>Des moulures d\u00e9coratives aux corniches complexes, la roue de profilage facilite la cr\u00e9ation de d\u00e9tails architecturaux captivants, ajoutant \u00e9l\u00e9gance et sophistication \u00e0 diverses structures.<\/p>\n<h3>3. Production de monuments et de m\u00e9moriaux :<\/h3>\n<p>La roue est utilis\u00e9e dans la fabrication de monuments et de m\u00e9moriaux, car elle permet de fa\u00e7onner avec pr\u00e9cision les ar\u00eates de la pierre pour cr\u00e9er des motifs personnalis\u00e9s et significatifs.<\/p>\n<p>La meule de profilage \u00e0 bord fritt\u00e9 pour la pierre illustre les avanc\u00e9es les plus r\u00e9centes dans le domaine de l'outillage diamant\u00e9 pour la pierre. Alliant durabilit\u00e9, pr\u00e9cision et polyvalence, cet outil permet aux professionnels de l'industrie de la fabrication de la pierre d'obtenir des r\u00e9sultats remarquables tout en maximisant l'efficacit\u00e9 et la rentabilit\u00e9. Gr\u00e2ce \u00e0 ses performances exceptionnelles et \u00e0 sa conception remarquable, la meule de profilage \u00e0 bord fritt\u00e9 pour la pierre continue de r\u00e9volutionner le traitement de la pierre, repoussant les limites de l'artisanat.<\/p>\n<h2 style=\"color: steelblue;\">V. Technologie du diamant fritt\u00e9 :<\/h2>\n<p>Le processus de frittage utilis\u00e9 dans la fabrication de la meule de profilage Stone Sintered Edge consiste \u00e0 soumettre les particules de diamant et la matrice m\u00e9tallique \u00e0 une temp\u00e9rature et \u00e0 une pression \u00e9lev\u00e9es. Ce processus fusionne les particules de diamant avec la matrice m\u00e9tallique, cr\u00e9ant une liaison solide qui am\u00e9liore la durabilit\u00e9 et les performances globales de l'outil. Les segments de diamant fritt\u00e9s garantissent des performances de coupe constantes tout au long de la dur\u00e9e de vie de la meule, r\u00e9duisant ainsi la n\u00e9cessit\u00e9 de remplacements fr\u00e9quents.<\/p>\n<h2 style=\"color: steelblue;\">VI. Compatibilit\u00e9 et montage :<\/h2>\n<p>La molette de profilage des bords fritt\u00e9s est compatible avec divers types de machines de fabrication de la pierre, y compris les d\u00e9fonceuses CNC, les profileuses de bords portables et les meuleuses portatives. Elle est disponible en diff\u00e9rentes tailles pour s'adapter aux diff\u00e9rentes sp\u00e9cifications des machines. La meule peut \u00eatre facilement mont\u00e9e sur la broche de la machine \u00e0 l'aide d'un syst\u00e8me de montage standard, ce qui garantit une installation et un fonctionnement sans probl\u00e8me.<\/p>\n<h2 style=\"color: steelblue;\">VII. Syst\u00e8me de refroidissement par eau :<\/h2>\n<p>Pour optimiser les performances et la long\u00e9vit\u00e9 de la meule, de nombreuses meules de profilage \u00e0 bord fritt\u00e9 sont con\u00e7ues pour fonctionner avec un syst\u00e8me de refroidissement \u00e0 l'eau. Ce syst\u00e8me aide \u00e0 dissiper la chaleur g\u00e9n\u00e9r\u00e9e pendant le processus de coupe, \u00e9vitant ainsi la surchauffe et garantissant la long\u00e9vit\u00e9 de l'outil. En outre, l'\u00e9coulement de l'eau permet d'\u00e9liminer les d\u00e9bris et la poussi\u00e8re, ce qui assure un environnement de travail propre et am\u00e9liore l'efficacit\u00e9 de la coupe.<\/p>\n<figure id=\"attachment_1464\" aria-describedby=\"caption-attachment-1464\" style=\"width: 750px\" class=\"wp-caption aligncenter\"><img loading=\"lazy\" decoding=\"async\" class=\"size-full wp-image-1464\" src=\"https:\/\/xmstonetools.com\/wp-content\/uploads\/2022\/12\/Stone-Edge-Profiling-Wheel-For-Marble-Granite.jpg\" alt=\"Meule de profilage des bords de pierre pour le marbre et le granit\" width=\"750\" height=\"750\" srcset=\"https:\/\/xmstonetools.com\/wp-content\/uploads\/2022\/12\/Stone-Edge-Profiling-Wheel-For-Marble-Granite.jpg 750w, https:\/\/xmstonetools.com\/wp-content\/uploads\/2022\/12\/Stone-Edge-Profiling-Wheel-For-Marble-Granite-400x400.jpg 400w, https:\/\/xmstonetools.com\/wp-content\/uploads\/2022\/12\/Stone-Edge-Profiling-Wheel-For-Marble-Granite-280x280.jpg 280w, https:\/\/xmstonetools.com\/wp-content\/uploads\/2022\/12\/Stone-Edge-Profiling-Wheel-For-Marble-Granite-300x300.jpg 300w, https:\/\/xmstonetools.com\/wp-content\/uploads\/2022\/12\/Stone-Edge-Profiling-Wheel-For-Marble-Granite-600x600.jpg 600w, https:\/\/xmstonetools.com\/wp-content\/uploads\/2022\/12\/Stone-Edge-Profiling-Wheel-For-Marble-Granite-100x100.jpg 100w, https:\/\/xmstonetools.com\/wp-content\/uploads\/2022\/12\/Stone-Edge-Profiling-Wheel-For-Marble-Granite-120x120.jpg 120w\" sizes=\"auto, (max-width: 750px) 100vw, 750px\" \/><figcaption id=\"caption-attachment-1464\" class=\"wp-caption-text\">Meule de profilage des bords de pierre pour le marbre et le granit<\/figcaption><\/figure>\n<h2 style=\"color: steelblue;\">VIII. Consid\u00e9rations de s\u00e9curit\u00e9 :<\/h2>\n<p>Lors de l'utilisation de la meule de profilage \u00e0 bord fritt\u00e9, il est essentiel de prendre les mesures de s\u00e9curit\u00e9 qui s'imposent. Les op\u00e9rateurs doivent porter un \u00e9quipement de protection individuelle (EPI) appropri\u00e9, notamment des lunettes de s\u00e9curit\u00e9, des gants et un masque anti-poussi\u00e8re, afin de se prot\u00e9ger contre les projections de d\u00e9bris et l'inhalation de poussi\u00e8re de pierre. Il est recommand\u00e9 d'inspecter r\u00e9guli\u00e8rement la roue pour d\u00e9tecter tout signe d'usure ou de d\u00e9t\u00e9rioration et, en cas de probl\u00e8me, de la remplacer rapidement.<\/p>\n<h2 style=\"color: steelblue;\">IX. Maintenance et entretien :<\/h2>\n<p>Pour conserver des performances et une long\u00e9vit\u00e9 optimales, il est essentiel d'entretenir correctement la meule de profilage \u00e0 bord fritt\u00e9 en pierre. Apr\u00e8s chaque utilisation, il est recommand\u00e9 de nettoyer soigneusement la meule, afin d'\u00e9liminer tout r\u00e9sidu de pierre ou d\u00e9bris. Des inspections r\u00e9guli\u00e8res doivent \u00eatre effectu\u00e9es pour v\u00e9rifier tout signe d'usure ou de dommage, et la meule doit \u00eatre stock\u00e9e dans un environnement sec et propre lorsqu'elle n'est pas utilis\u00e9e.<\/p>\n<h2 style=\"color: steelblue;\">X. Normes et certifications industrielles :<\/h2>\n<p>Les fabricants r\u00e9put\u00e9s de meules \u00e0 profiler \u00e0 bord fritt\u00e9 adh\u00e8rent aux normes et certifications industrielles pour garantir la qualit\u00e9 et les performances de leurs produits. Recherchez les fabricants qui se conforment \u00e0 la certification ISO 9001, ce qui signifie qu'ils respectent les normes internationales de gestion de la qualit\u00e9. En outre, certains fabricants proposent des services de garantie ou d'assistance \u00e0 la client\u00e8le, ce qui offre une plus grande tranquillit\u00e9 d'esprit aux utilisateurs.<\/p>\n<p>En conclusion, la meule de profilage \u00e0 bord fritt\u00e9 est un outil de pointe qui combine une technologie diamant\u00e9e avanc\u00e9e, une conception de pr\u00e9cision et une durabilit\u00e9 exceptionnelle. Elle r\u00e9volutionne les processus de fabrication de la pierre en fournissant des r\u00e9sultats remarquables avec efficacit\u00e9 et polyvalence. Qu'il soit utilis\u00e9 pour la production de comptoirs, la r\u00e9alisation de d\u00e9tails architecturaux ou la fabrication de monuments, cet outil est un atout pr\u00e9cieux pour les professionnels \u00e0 la recherche d'un profilage et d'un fa\u00e7onnage des ar\u00eates de qualit\u00e9 sup\u00e9rieure dans l'industrie de la pierre.<\/p>\n<h2 style=\"color: steelblue;\">Les machines de fabrication de la pierre fonctionnent avec des meules de profilage \u00e0 ar\u00eate fritt\u00e9e<\/h2>\n<p>La meule \u00e0 profiler les bords fritt\u00e9s de la pierre est con\u00e7ue pour \u00eatre compatible avec diff\u00e9rents types de machines de fabrication de la pierre. Voici quelques machines courantes qui peuvent fonctionner efficacement avec les meules \u00e0 profiler \u00e0 bord fritt\u00e9 :<\/p>\n<h3>1. <a href=\"https:\/\/moscut.com\/product\/cnc-stone-router\/\" target=\"_blank\" rel=\"noopener\">D\u00e9fonceuses CNC<\/a>:<\/h3>\n<p>Les d\u00e9fonceuses CNC (Computer Numerical Control) sont largement utilis\u00e9es dans l'industrie de la pierre pour la coupe et le fa\u00e7onnage automatis\u00e9s de la pierre. Ces machines utilisent des trajectoires de coupe pr\u00e9cises programm\u00e9es dans un syst\u00e8me informatique. Les meules de profilage des bords fritt\u00e9s de la pierre peuvent \u00eatre mont\u00e9es sur la broche d'une d\u00e9fonceuse CNC, ce qui permet un profilage pr\u00e9cis et automatis\u00e9 des bords de la pierre.<\/p>\n<h3>2. Machines portables \u00e0 profiler les bords :<\/h3>\n<p>Les profileuses d'ar\u00eates portables sont des machines portatives con\u00e7ues sp\u00e9cifiquement pour les t\u00e2ches de profilage et de fa\u00e7onnage des ar\u00eates. Ces machines sont l\u00e9g\u00e8res et faciles \u00e0 man\u0153uvrer, ce qui les rend adapt\u00e9es aux projets sur site ou \u00e0 petite \u00e9chelle. Les meules de profilage des bords en pierre fritt\u00e9e peuvent \u00eatre fix\u00e9es sur ces machines, ce qui permet de profiler les bords de mani\u00e8re efficace et pr\u00e9cise.<\/p>\n<h3>3. Meuleuses manuelles :<\/h3>\n<p>Les meuleuses portatives, \u00e9galement appel\u00e9es meuleuses d'angle ou meuleuses \u00e0 disque, sont des outils polyvalents couramment utilis\u00e9s dans l'industrie de la pierre. Ces machines sont dot\u00e9es d'un disque rotatif qui peut recevoir diff\u00e9rents types d'accessoires de meulage et de coupe, y compris les meules de profilage Stone Sintered Edge. Les meuleuses portatives offrent flexibilit\u00e9 et mobilit\u00e9, ce qui les rend adapt\u00e9es \u00e0 toute une s\u00e9rie d'applications de profilage de la pierre.<\/p>\n<h3>4. <a href=\"https:\/\/moscut.com\/product\/automatic-bridge-saw-machine\/\" target=\"_blank\" rel=\"noopener\">Scies \u00e0 pont<\/a>:<\/h3>\n<p>Les scies \u00e0 pont sont de grandes machines stationnaires utilis\u00e9es pour couper et fa\u00e7onner des dalles de pierre, telles que le granit et le marbre. Ces machines sont \u00e9quip\u00e9es d'une lame diamant\u00e9e mont\u00e9e sur un pont qui se d\u00e9place le long d'une trajectoire d\u00e9termin\u00e9e. Bien que les scies \u00e0 pont soient principalement utilis\u00e9es pour les coupes droites, certains mod\u00e8les offrent la possibilit\u00e9 de fixer des meules de profilage, y compris des meules de profilage \u00e0 bord fritt\u00e9, pour cr\u00e9er des profils de bord d\u00e9coratifs.<\/p>\n<p>Il est important de noter que la compatibilit\u00e9 de la meule de profilage \u00e0 bord fritt\u00e9 pour la pierre peut varier en fonction du mod\u00e8le et des sp\u00e9cifications de la machine de fabrication de la pierre. Il est toujours recommand\u00e9 de se r\u00e9f\u00e9rer aux directives et sp\u00e9cifications du fabricant pour garantir la compatibilit\u00e9 et l'utilisation en toute s\u00e9curit\u00e9 de la meule de profilage avec la machine concern\u00e9e.<\/p>\n<figure id=\"attachment_1468\" aria-describedby=\"caption-attachment-1468\" style=\"width: 546px\" class=\"wp-caption aligncenter\"><img loading=\"lazy\" decoding=\"async\" class=\"wp-image-1468 size-full\" src=\"https:\/\/xmstonetools.com\/wp-content\/uploads\/2022\/12\/Stone-Edge-Profiling-Wheel-For-Marble-Granite-5.jpg\" alt=\"Meule de profilage des bords de pierre pour le marbre Granit-5\" width=\"546\" height=\"471\" srcset=\"https:\/\/xmstonetools.com\/wp-content\/uploads\/2022\/12\/Stone-Edge-Profiling-Wheel-For-Marble-Granite-5.jpg 546w, https:\/\/xmstonetools.com\/wp-content\/uploads\/2022\/12\/Stone-Edge-Profiling-Wheel-For-Marble-Granite-5-464x400.jpg 464w\" sizes=\"auto, (max-width: 546px) 100vw, 546px\" \/><figcaption id=\"caption-attachment-1468\" class=\"wp-caption-text\">Meule de profilage des bords de pierre pour le marbre Granit-5<\/figcaption><\/figure>\n<p>&nbsp;<\/p>\n<table class=\"aliDataTable\">\n<tbody>\n<tr>\n<td>\u00a0 \u00a0 \u00a0 \u00a0 Nom du produit :<\/td>\n<td>\u00a0roues \u00e0 profil diamant\u00e9\/bras\u00e9<\/td>\n<\/tr>\n<tr>\n<td rowspan=\"5\">\u00a0 \u00a0 \u00a0 \u00a0 \u00a0 Fonctionnalit\u00e9 :<\/td>\n<td>Diam\u00e8tre ext\u00e9rieur : 60mm-400mm, autres dimensions disponibles<\/td>\n<\/tr>\n<tr>\n<td>Forme : A\/B\/E\/F\/V\/F+V\/G\/H, etc.<\/td>\n<\/tr>\n<tr>\n<td>Grit:30\/40#,60\/80#,100\/120#,140\/170#,200\/220#,300#<\/td>\n<\/tr>\n<tr>\n<td>Raccordement : M10\/M8\/M14\/M16, etc.<\/td>\n<\/tr>\n<tr>\n<td>Application : pour le calcaire, le granit, le marbre, etc.<\/td>\n<\/tr>\n<tr>\n<td>\u00a0 \u00a0 \u00a0 Technologie :<\/td>\n<td>fritt\u00e9, galvanis\u00e9, bras\u00e9<\/td>\n<\/tr>\n<tr>\n<td>\u00a0 \u00a0 \u00a0 Avantages :<\/td>\n<td>1) Efficacit\u00e9 \u00e9lev\u00e9e du travail gr\u00e2ce \u00e0<\/p>\n<p>2) Diff\u00e9rents profils et \u00e9paisseurs peuvent \u00eatre command\u00e9s sur mesure 3) Prix comp\u00e9titif et qualit\u00e9 sup\u00e9rieure<\/p>\n<p align=\"left\">4) Bel emballage et livraison rapide<\/p>\n<p align=\"left\">5) Excellent service<\/p>\n<\/td>\n<\/tr>\n<tr>\n<td>\u00a0 \u00a0 \u00a0 \u00a0 \u00a0 \u00a0 \u00a0MOQ :<\/td>\n<td>1 jeu de chaque taille<\/td>\n<\/tr>\n<tr>\n<td>\u00a0 \u00a0 \u00a0 \u00a0 \u00a0 \u00a0Conditions de paiement :<\/td>\n<td>\u00a0T\/T<\/td>\n<\/tr>\n<tr>\n<td>\u00a0 \u00a0 \u00a0 \u00a0 \u00a0 \u00a0\u00a0Livraison :<\/td>\n<td>\u00a07 jours apr\u00e8s le paiement<\/td>\n<\/tr>\n<\/tbody>\n<\/table>","protected":false},"excerpt":{"rendered":"<p>Le disque de profilage des bords fritt\u00e9s est un outil diamant\u00e9 sp\u00e9cialis\u00e9 con\u00e7u pour profiler et fa\u00e7onner les bords de divers mat\u00e9riaux en pierre tels que le granit, le marbre, le quartz et la pierre d'ing\u00e9nierie. Il fait appel \u00e0 des techniques de frittage avanc\u00e9es, dans lesquelles des particules de diamant synth\u00e9tique sont int\u00e9gr\u00e9es dans une matrice m\u00e9tallique, ce qui permet d'obtenir un outil tr\u00e8s r\u00e9sistant et durable. La meule de profilage \u00e0 bord fritt\u00e9 pour la pierre illustre les avanc\u00e9es les plus r\u00e9centes dans le domaine de l'outillage diamant\u00e9 pour la pierre. Alliant durabilit\u00e9, pr\u00e9cision et polyvalence, cet outil permet aux professionnels de l'industrie de la pierre d'obtenir des r\u00e9sultats remarquables tout en maximisant l'efficacit\u00e9 et la rentabilit\u00e9. Gr\u00e2ce \u00e0 ses performances exceptionnelles et \u00e0 sa conception remarquable, la meule de profilage \u00e0 bord fritt\u00e9 continue de r\u00e9volutionner le traitement de la pierre, repoussant les limites de l'artisanat.<\/p>\n<a href=\"#Quote-Button\" class=\"button primary is-large Inquiry-Button\" style=\"border-radius:99px;\">\n\t<i class=\"icon-heart\" aria-hidden=\"true\"><\/i>\t<span>Demande de renseignements<\/span>\n\t<\/a>","protected":false},"featured_media":1464,"template":"","meta":[],"product_brand":[],"product_cat":[56,57,175],"product_tag":[70,83,98],"class_list":{"0":"post-1469","1":"product","2":"type-product","3":"status-publish","4":"has-post-thumbnail","6":"product_cat-stone-grinding-tools","7":"product_cat-stone-polishing-tools","8":"product_cat-stone-profiling-wheels","9":"product_tag-granite-profiling-tools","10":"product_tag-grinding-cup-wheel","11":"product_tag-sintered-tools","13":"first","14":"instock","15":"shipping-taxable","16":"product-type-simple"},"aioseo_notices":[],"_links":{"self":[{"href":"https:\/\/xmstonetools.com\/fr\/wp-json\/wp\/v2\/product\/1469","targetHints":{"allow":["GET"]}}],"collection":[{"href":"https:\/\/xmstonetools.com\/fr\/wp-json\/wp\/v2\/product"}],"about":[{"href":"https:\/\/xmstonetools.com\/fr\/wp-json\/wp\/v2\/types\/product"}],"wp:featuredmedia":[{"embeddable":true,"href":"https:\/\/xmstonetools.com\/fr\/wp-json\/wp\/v2\/media\/1464"}],"wp:attachment":[{"href":"https:\/\/xmstonetools.com\/fr\/wp-json\/wp\/v2\/media?parent=1469"}],"wp:term":[{"taxonomy":"product_brand","embeddable":true,"href":"https:\/\/xmstonetools.com\/fr\/wp-json\/wp\/v2\/product_brand?post=1469"},{"taxonomy":"product_cat","embeddable":true,"href":"https:\/\/xmstonetools.com\/fr\/wp-json\/wp\/v2\/product_cat?post=1469"},{"taxonomy":"product_tag","embeddable":true,"href":"https:\/\/xmstonetools.com\/fr\/wp-json\/wp\/v2\/product_tag?post=1469"}],"curies":[{"name":"wp","href":"https:\/\/api.w.org\/{rel}","templated":true}]}}