{"id":1487,"date":"2022-12-04T10:47:18","date_gmt":"2022-12-04T02:47:18","guid":{"rendered":"https:\/\/xmstonetools.com\/?post_type=product&#038;p=1487"},"modified":"2024-04-13T15:20:31","modified_gmt":"2024-04-13T07:20:31","slug":"tete-de-rouleau-de-marteau-en-granit","status":"publish","type":"product","link":"https:\/\/xmstonetools.com\/fr\/produit\/tete-de-rouleau-de-marteau-en-granit\/","title":{"rendered":"Marteau de granit \u00e0 t\u00eate roulante"},"content":{"rendered":"<h2 style=\"color: steelblue;\">Introduction :<\/h2>\n<p>Les outils diamant\u00e9s pour la pierre jouent un r\u00f4le essentiel dans le domaine de la ma\u00e7onnerie et de la construction, permettant aux professionnels d'obtenir des finitions et des textures \u00e9tonnantes. Parmi ces outils, le marteau-rouleau pour granit se distingue comme une solution polyvalente et efficace pour cr\u00e9er une texture de surface unique sur le granit et d'autres pierres dures. Dans cet article, nous allons nous pencher sur les d\u00e9tails du marteau-rouleau pour granit, en explorant sa fonction, sa conception, ses applications et les avantages qu'il offre aux professionnels de l'industrie.<\/p>\n<figure id=\"attachment_1498\" aria-describedby=\"caption-attachment-1498\" style=\"width: 345px\" class=\"wp-caption aligncenter\"><img loading=\"lazy\" decoding=\"async\" class=\"size-full wp-image-1498\" src=\"https:\/\/xmstonetools.com\/wp-content\/uploads\/2022\/12\/Granite-Bush-Hammer-Roller.jpg\" alt=\"Rouleau de marteau en granit\" width=\"345\" height=\"337\" \/><figcaption id=\"caption-attachment-1498\" class=\"wp-caption-text\">Rouleau de marteau en granit<\/figcaption><\/figure>\n<h2 style=\"color: steelblue;\">1. Qu'est-ce qu'un marteau-pilon en granite ?<\/h2>\n<p>Le Granite Bush Hammer Roller est un outil diamant\u00e9 sp\u00e9cialis\u00e9 dans la pierre, con\u00e7u pour cr\u00e9er une surface uniforme et textur\u00e9e sur le granit et d'autres pierres dures. Il s'agit d'un rouleau cylindrique dot\u00e9 de multiples pointes pyramidales diamant\u00e9es, \u00e9galement appel\u00e9es pointes de carbure ou marteaux, r\u00e9parties uniform\u00e9ment sur sa surface. Cette configuration garantit un impact efficace et constant sur la surface de la pierre pendant l'op\u00e9ration.<\/p>\n<h2 style=\"color: steelblue;\">2. Applications du marteau-pilon en granite :<\/h2>\n<p>L'objectif principal du rouleau \u00e0 boucharder pour granit est d'obtenir une texture rugueuse et antid\u00e9rapante sur le granit et d'autres surfaces en pierre. La finition obtenue am\u00e9liore non seulement l'aspect esth\u00e9tique, mais aussi la r\u00e9sistance au glissement, ce qui en fait un outil id\u00e9al pour diverses applications, notamment :<\/p>\n<h3>a. Rev\u00eatement de sol ext\u00e9rieur :<\/h3>\n<p>La surface textur\u00e9e cr\u00e9\u00e9e par le rouleau Bush Hammer est couramment utilis\u00e9e pour les rev\u00eatements de sol ext\u00e9rieurs, tels que les all\u00e9es, les sentiers et les patios, o\u00f9 la r\u00e9sistance au glissement est cruciale.<\/p>\n<h3>b. Rev\u00eatement de sol int\u00e9rieur :<\/h3>\n<p>Il peut \u00eatre utilis\u00e9 comme rev\u00eatement de sol int\u00e9rieur dans les zones sujettes \u00e0 l'humidit\u00e9, telles que les salles de bains, les douches et les abords des piscines.<\/p>\n<h3>c. Pr\u00e9paration de la surface :<\/h3>\n<p>Le rouleau \u00e0 boucharder est \u00e9galement utile pour la pr\u00e9paration des surfaces, en fournissant une surface rugueuse pour l'application de rev\u00eatements, de produits d'\u00e9tanch\u00e9it\u00e9 ou d'adh\u00e9sifs.<\/p>\n<h3>d. Finitions d\u00e9coratives :<\/h3>\n<p>En variant la pression et la technique utilis\u00e9es, le rouleau marteau Granite Bush peut cr\u00e9er des finitions d\u00e9coratives qui ajoutent du caract\u00e8re aux \u00e9l\u00e9ments architecturaux tels que les colonnes, les murs et les fa\u00e7ades.<\/p>\n<figure id=\"attachment_1497\" aria-describedby=\"caption-attachment-1497\" style=\"width: 1000px\" class=\"wp-caption aligncenter\"><img loading=\"lazy\" decoding=\"async\" class=\"size-full wp-image-1497\" src=\"https:\/\/xmstonetools.com\/wp-content\/uploads\/2022\/12\/Size-of-Granite-Bush-Hammer-Roller-Head-2.jpg\" alt=\"Taille de la t\u00eate de rouleau de la boucharde en granit-2\" width=\"1000\" height=\"1000\" srcset=\"https:\/\/xmstonetools.com\/wp-content\/uploads\/2022\/12\/Size-of-Granite-Bush-Hammer-Roller-Head-2.jpg 1000w, https:\/\/xmstonetools.com\/wp-content\/uploads\/2022\/12\/Size-of-Granite-Bush-Hammer-Roller-Head-2-400x400.jpg 400w, https:\/\/xmstonetools.com\/wp-content\/uploads\/2022\/12\/Size-of-Granite-Bush-Hammer-Roller-Head-2-800x800.jpg 800w, https:\/\/xmstonetools.com\/wp-content\/uploads\/2022\/12\/Size-of-Granite-Bush-Hammer-Roller-Head-2-280x280.jpg 280w, https:\/\/xmstonetools.com\/wp-content\/uploads\/2022\/12\/Size-of-Granite-Bush-Hammer-Roller-Head-2-768x768.jpg 768w, https:\/\/xmstonetools.com\/wp-content\/uploads\/2022\/12\/Size-of-Granite-Bush-Hammer-Roller-Head-2-300x300.jpg 300w, https:\/\/xmstonetools.com\/wp-content\/uploads\/2022\/12\/Size-of-Granite-Bush-Hammer-Roller-Head-2-600x600.jpg 600w, https:\/\/xmstonetools.com\/wp-content\/uploads\/2022\/12\/Size-of-Granite-Bush-Hammer-Roller-Head-2-100x100.jpg 100w, https:\/\/xmstonetools.com\/wp-content\/uploads\/2022\/12\/Size-of-Granite-Bush-Hammer-Roller-Head-2-120x120.jpg 120w\" sizes=\"auto, (max-width: 1000px) 100vw, 1000px\" \/><figcaption id=\"caption-attachment-1497\" class=\"wp-caption-text\">Taille de la t\u00eate de rouleau de la boucharde en granit-2<\/figcaption><\/figure>\n<h2 style=\"color: steelblue;\">3. Avantages du marteau-pilon en granite :<\/h2>\n<p>Le rouleau marteau Granite Bush offre plusieurs avantages qui en font l'outil pr\u00e9f\u00e9r\u00e9 des professionnels de la pierre :<\/p>\n<h3>a. Enl\u00e8vement efficace de la mati\u00e8re :<\/h3>\n<p>Les pointes en carbure du rouleau enl\u00e8vent efficacement la mati\u00e8re de la surface de la pierre, ce qui permet d'\u00e9conomiser du temps et des efforts par rapport aux m\u00e9thodes de texturation manuelles.<\/p>\n<h3>b. Texture uniforme :<\/h3>\n<p>Les pointes en carbure r\u00e9guli\u00e8rement espac\u00e9es garantissent une texture homog\u00e8ne sur toute la surface, \u00e9liminant ainsi les variations qui peuvent survenir avec l'outillage manuel.<\/p>\n<h3>c. R\u00e9sistance au glissement :<\/h3>\n<p>La surface rugueuse qui en r\u00e9sulte am\u00e9liore consid\u00e9rablement la r\u00e9sistance au glissement, renfor\u00e7ant ainsi la s\u00e9curit\u00e9 dans les applications int\u00e9rieures et ext\u00e9rieures.<\/p>\n<h3>d. Polyvalence :<\/h3>\n<p>Le Bush Hammer Roller peut \u00eatre utilis\u00e9 avec diff\u00e9rents types de pierre, y compris le granit, le marbre et le b\u00e9ton, ce qui \u00e9largit son champ d'application.<\/p>\n<h3>e. Durabilit\u00e9 :<\/h3>\n<p>Les pointes en carbure sont tr\u00e8s r\u00e9sistantes et peuvent supporter une utilisation prolong\u00e9e sur des surfaces en pierre dure, offrant ainsi une longue dur\u00e9e de vie \u00e0 l'outil.<\/p>\n<figure id=\"attachment_1496\" aria-describedby=\"caption-attachment-1496\" style=\"width: 1000px\" class=\"wp-caption aligncenter\"><img loading=\"lazy\" decoding=\"async\" class=\"size-full wp-image-1496\" src=\"https:\/\/xmstonetools.com\/wp-content\/uploads\/2022\/12\/Size-of-Granite-Bush-Hammer-Roller-Head.jpg\" alt=\"Taille de la t\u00eate de rouleau de la boucharde en granit\" width=\"1000\" height=\"1000\" srcset=\"https:\/\/xmstonetools.com\/wp-content\/uploads\/2022\/12\/Size-of-Granite-Bush-Hammer-Roller-Head.jpg 1000w, https:\/\/xmstonetools.com\/wp-content\/uploads\/2022\/12\/Size-of-Granite-Bush-Hammer-Roller-Head-400x400.jpg 400w, https:\/\/xmstonetools.com\/wp-content\/uploads\/2022\/12\/Size-of-Granite-Bush-Hammer-Roller-Head-800x800.jpg 800w, https:\/\/xmstonetools.com\/wp-content\/uploads\/2022\/12\/Size-of-Granite-Bush-Hammer-Roller-Head-280x280.jpg 280w, https:\/\/xmstonetools.com\/wp-content\/uploads\/2022\/12\/Size-of-Granite-Bush-Hammer-Roller-Head-768x768.jpg 768w, https:\/\/xmstonetools.com\/wp-content\/uploads\/2022\/12\/Size-of-Granite-Bush-Hammer-Roller-Head-300x300.jpg 300w, https:\/\/xmstonetools.com\/wp-content\/uploads\/2022\/12\/Size-of-Granite-Bush-Hammer-Roller-Head-600x600.jpg 600w, https:\/\/xmstonetools.com\/wp-content\/uploads\/2022\/12\/Size-of-Granite-Bush-Hammer-Roller-Head-100x100.jpg 100w, https:\/\/xmstonetools.com\/wp-content\/uploads\/2022\/12\/Size-of-Granite-Bush-Hammer-Roller-Head-120x120.jpg 120w\" sizes=\"auto, (max-width: 1000px) 100vw, 1000px\" \/><figcaption id=\"caption-attachment-1496\" class=\"wp-caption-text\">Taille de la t\u00eate de rouleau de la boucharde en granit<\/figcaption><\/figure>\n<h2 style=\"color: steelblue;\">4. Choisir le bon rouleau marteau en granit :<\/h2>\n<p>Lors du choix d'un rouleau marteau en granit, il convient de prendre en compte les facteurs suivants :<\/p>\n<h3>a. Taille des rouleaux :<\/h3>\n<p>Choisissez la taille du rouleau en fonction de la texture de surface souhait\u00e9e et de l'ampleur du projet. Les tailles courantes vont de 125 mm \u00e0 450 mm de diam\u00e8tre.<\/p>\n<h3>b. Nombre de pointes en carbure :<\/h3>\n<p>Le nombre de pointes de carbure sur le rouleau d\u00e9termine la densit\u00e9 et l'agressivit\u00e9 de la texture. Un plus grand nombre de pointes permet d'obtenir une texture plus intense.<\/p>\n<h3>c. Compatibilit\u00e9 :<\/h3>\n<p>Assurez-vous que le rouleau marteau Granite Bush est compatible avec l'\u00e9quipement que vous avez l'intention d'utiliser, comme les ponceuses manuelles, les ponceuses de sol ou les machines automatiques.<\/p>\n<h3>d. Qualit\u00e9 et marque :<\/h3>\n<p>Acheter aupr\u00e8s de fabricants r\u00e9put\u00e9s pour garantir un produit de haute qualit\u00e9 qui donne des r\u00e9sultats constants et durables.<\/p>\n<p>Le rouleau marteau Granite Bush est un outil diamant\u00e9 indispensable pour la pierre, qui permet aux professionnels de la ma\u00e7onnerie et de la construction de r\u00e9aliser des surfaces textur\u00e9es uniques et fonctionnelles. Sa capacit\u00e9 \u00e0 cr\u00e9er des finitions antid\u00e9rapantes sur le granit et d'autres pierres dures en fait un outil indispensable pour les professionnels de la pierre et de la construction.<\/p>\n<figure id=\"attachment_1500\" aria-describedby=\"caption-attachment-1500\" style=\"width: 502px\" class=\"wp-caption aligncenter\"><img loading=\"lazy\" decoding=\"async\" class=\"size-full wp-image-1500\" src=\"https:\/\/xmstonetools.com\/wp-content\/uploads\/2022\/12\/Granite-Bush-Hammer-Roller-Plate.jpg\" alt=\"Plaque de rouleau de marteau en granit\" width=\"502\" height=\"493\" srcset=\"https:\/\/xmstonetools.com\/wp-content\/uploads\/2022\/12\/Granite-Bush-Hammer-Roller-Plate.jpg 502w, https:\/\/xmstonetools.com\/wp-content\/uploads\/2022\/12\/Granite-Bush-Hammer-Roller-Plate-407x400.jpg 407w\" sizes=\"auto, (max-width: 502px) 100vw, 502px\" \/><figcaption id=\"caption-attachment-1500\" class=\"wp-caption-text\">Plaque de rouleau de marteau en granit<\/figcaption><\/figure>\n<h2 style=\"color: steelblue;\">Dur\u00e9e de vie d'un rouleau de marteau en granit<\/h2>\n<p>Certainement ! Plusieurs facteurs peuvent influencer la dur\u00e9e de vie d'un rouleau marteau en granit. Comprendre ces facteurs peut aider \u00e0 maximiser la long\u00e9vit\u00e9 de l'outil et \u00e0 garantir des performances optimales. Voici quelques facteurs cl\u00e9s \u00e0 prendre en compte :<\/p>\n<h3>1. Duret\u00e9 du mat\u00e9riau :<\/h3>\n<p>La duret\u00e9 de la pierre travaill\u00e9e est un facteur crucial. Le granit et les autres pierres dures peuvent user les pointes en carbure du rouleau plus rapidement que les pierres plus tendres. Les pierres plus tendres peuvent provoquer moins d'usure, ce qui prolonge la dur\u00e9e de vie de l'outil.<\/p>\n<h3>2. Technique de l'op\u00e9rateur :<\/h3>\n<p>L'habilet\u00e9 et la technique de l'op\u00e9rateur qui utilise le rouleau de boucharde en granit jouent un r\u00f4le important dans sa dur\u00e9e de vie. L'application d'une pression excessive ou l'utilisation de techniques de meulage inad\u00e9quates peuvent provoquer une tension inutile sur les pointes en carbure, entra\u00eenant une usure pr\u00e9matur\u00e9e. Le maintien d'un mouvement de meulage coh\u00e9rent et contr\u00f4l\u00e9 contribue \u00e0 prolonger la dur\u00e9e de vie du rouleau.<\/p>\n<h3>3. Fr\u00e9quence d'utilisation :<\/h3>\n<p>La fr\u00e9quence et la dur\u00e9e d'utilisation de l'outil peuvent avoir un impact sur sa dur\u00e9e de vie. Une utilisation continue et intensive peut entra\u00eener une usure plus rapide qu'une utilisation occasionnelle ou mod\u00e9r\u00e9e. Il est essentiel d'\u00e9quilibrer la charge de travail et d'accorder \u00e0 l'outil des intervalles de repos suffisants en cas d'utilisation prolong\u00e9e.<\/p>\n<h3>4. Qualit\u00e9 des pointes en carbure :<\/h3>\n<p>La qualit\u00e9 des pointes ou des marteaux en carbure du rouleau \u00e0 boucharder en granit influe grandement sur sa durabilit\u00e9. Les pointes en carbure de qualit\u00e9 sup\u00e9rieure sont con\u00e7ues pour r\u00e9sister aux exigences des mat\u00e9riaux en pierre dure et offrent une plus longue dur\u00e9e de vie \u00e0 l'outil. Investir dans des rouleaux de haute qualit\u00e9 de marques r\u00e9put\u00e9es peut garantir de meilleures performances et une plus grande long\u00e9vit\u00e9.<\/p>\n<h3>5. Entretien et nettoyage :<\/h3>\n<p>Un entretien et un nettoyage ad\u00e9quats apr\u00e8s chaque utilisation peuvent consid\u00e9rablement prolonger la dur\u00e9e de vie de l'outil. L'\u00e9limination des d\u00e9bris, de la poussi\u00e8re de pierre ou des r\u00e9sidus sur le rouleau permet d'\u00e9viter le colmatage et l'endommagement potentiel des pointes en carbure. Des inspections r\u00e9guli\u00e8res pour d\u00e9tecter l'usure ou les dommages et le remplacement rapide des pointes us\u00e9es sont essentiels pour maintenir des performances optimales.<\/p>\n<h3>6. Compatibilit\u00e9 avec l'\u00e9quipement :<\/h3>\n<p>Veillez \u00e0 ce que le rouleau de marteau de granit soit utilis\u00e9 avec un \u00e9quipement adapt\u00e9 \u00e0 sa taille et \u00e0 ses caract\u00e9ristiques. L'utilisation de l'outil avec des machines et des accessoires compatibles \u00e9vite de soumettre le rouleau \u00e0 des contraintes excessives, ce qui favorise sa long\u00e9vit\u00e9.<\/p>\n<h3>7. Stockage et manipulation :<\/h3>\n<p>Des pratiques de stockage et de manipulation appropri\u00e9es sont essentielles pour pr\u00e9server le Granite Bush Hammer Roller. \u00c9viter les chocs, le stocker dans un environnement sec et prot\u00e9g\u00e9, et \u00e9viter l'exposition \u00e0 des temp\u00e9ratures extr\u00eames ou \u00e0 l'humidit\u00e9 peut contribuer \u00e0 pr\u00e9venir une d\u00e9gradation pr\u00e9matur\u00e9e.<\/p>\n<p>En tenant compte de ces facteurs et en mettant en \u0153uvre des mesures appropri\u00e9es, telles que l'utilisation correcte de l'outil, son entretien r\u00e9gulier et l'investissement dans des produits de qualit\u00e9, les professionnels peuvent am\u00e9liorer la dur\u00e9e de vie et les performances du rouleau marteau Granite Bush et, en fin de compte, optimiser leurs processus de travail de la pierre.<\/p>\n<figure id=\"attachment_1495\" aria-describedby=\"caption-attachment-1495\" style=\"width: 1000px\" class=\"wp-caption aligncenter\"><img loading=\"lazy\" decoding=\"async\" class=\"size-full wp-image-1495\" src=\"https:\/\/xmstonetools.com\/wp-content\/uploads\/2022\/12\/Granite-Bush-Hammer-Roller-Plate-3.jpg\" alt=\"Plaque de roulement pour marteau en granit 3\" width=\"1000\" height=\"1064\" srcset=\"https:\/\/xmstonetools.com\/wp-content\/uploads\/2022\/12\/Granite-Bush-Hammer-Roller-Plate-3.jpg 1000w, https:\/\/xmstonetools.com\/wp-content\/uploads\/2022\/12\/Granite-Bush-Hammer-Roller-Plate-3-376x400.jpg 376w, https:\/\/xmstonetools.com\/wp-content\/uploads\/2022\/12\/Granite-Bush-Hammer-Roller-Plate-3-752x800.jpg 752w, https:\/\/xmstonetools.com\/wp-content\/uploads\/2022\/12\/Granite-Bush-Hammer-Roller-Plate-3-768x817.jpg 768w, https:\/\/xmstonetools.com\/wp-content\/uploads\/2022\/12\/Granite-Bush-Hammer-Roller-Plate-3-600x638.jpg 600w\" sizes=\"auto, (max-width: 1000px) 100vw, 1000px\" \/><figcaption id=\"caption-attachment-1495\" class=\"wp-caption-text\">Plaque de roulement pour marteau en granit 3<\/figcaption><\/figure>\n<table style=\"font-style: inherit; font-weight: inherit;\">\n<tbody style=\"font-style: inherit; font-weight: inherit;\">\n<tr style=\"font-style: inherit; font-weight: inherit;\">\n<td style=\"font-style: inherit; font-weight: 400;\" colspan=\"1\" rowspan=\"4\">&nbsp;<\/p>\n<p><span style=\"font-style: inherit; font-weight: inherit;\" data-spm-anchor-id=\"a2700.details.0.i31.2e014046MhrW5z\">\u00a0 \u00a0 \u00a0 \u00a0 \u00a0Caract\u00e9ristiques<\/span><\/td>\n<td style=\"font-style: inherit; font-weight: 400;\" colspan=\"1\" rowspan=\"1\">1. Diam\u00e8tre : 125MM, 150MM, 200MM, 250MM, 300MM, 350MM, 400M, 450MM<\/td>\n<\/tr>\n<tr style=\"font-style: inherit; font-weight: inherit;\">\n<td style=\"font-style: inherit; font-weight: 400;\" colspan=\"1\" rowspan=\"1\">2. Quantit\u00e9 de rouleaux par marteau de buisson : 3PCS, 4PCS, 5PCS, 6PCS, 9PCS et 12PCS<\/td>\n<\/tr>\n<tr style=\"font-style: inherit; font-weight: inherit;\">\n<td style=\"font-style: inherit; font-weight: 400;\" colspan=\"1\" rowspan=\"1\">3. Quantit\u00e9 par rouleau : 30PCS, 45PCS et 60PCS, etc.<\/td>\n<\/tr>\n<tr style=\"font-style: inherit; font-weight: inherit;\">\n<td style=\"font-style: inherit; font-weight: 400;\" colspan=\"1\" rowspan=\"1\">4. Sp\u00e9cialement utilis\u00e9 sur le granit, le marbre, le gr\u00e8s, le b\u00e9ton, etc. pour rendre la surface rugueuse.<\/td>\n<\/tr>\n<tr style=\"font-style: inherit; font-weight: inherit;\">\n<td style=\"font-style: inherit; font-weight: 400;\" colspan=\"1\" rowspan=\"4\">&nbsp;<\/p>\n<p><span style=\"font-style: inherit; font-weight: inherit;\">\u00a0 \u00a0 \u00a0 \u00a0 Avantage<\/span><\/td>\n<td style=\"font-style: inherit; font-weight: 400;\" colspan=\"1\" rowspan=\"1\">1. Compos\u00e9 durable de m\u00e9tal et de diamant<\/td>\n<\/tr>\n<tr style=\"font-style: inherit; font-weight: inherit;\">\n<td style=\"font-style: inherit; font-weight: 400;\" colspan=\"1\" rowspan=\"1\">2. Efficace pour poncer les pierres naturelles et le b\u00e9ton afin d'obtenir un effet de boucharde.<\/td>\n<\/tr>\n<tr style=\"font-style: inherit; font-weight: inherit;\">\n<td style=\"font-style: inherit; font-weight: 400;\" colspan=\"1\" rowspan=\"1\">3. Diff\u00e9rentes granularit\u00e9s et tailles selon la demande du rouleau diamant\u00e9<\/td>\n<\/tr>\n<tr style=\"font-style: inherit; font-weight: inherit;\">\n<td style=\"font-style: inherit; font-weight: 400;\" colspan=\"1\" rowspan=\"1\">4. Prix comp\u00e9titif et qualit\u00e9 sup\u00e9rieure<\/td>\n<\/tr>\n<tr style=\"font-style: inherit; font-weight: inherit;\">\n<td style=\"font-style: inherit; font-weight: 400;\" colspan=\"1\" rowspan=\"1\">\u00a0 \u00a0 \u00a0 \u00a0Certificat<\/td>\n<td style=\"font-style: inherit; font-weight: 400;\" colspan=\"1\" rowspan=\"1\">Certification ISO\/CE<\/td>\n<\/tr>\n<tr style=\"font-style: inherit; font-weight: inherit;\">\n<td style=\"font-style: inherit; font-weight: 400;\" colspan=\"1\" rowspan=\"1\">\u00a0 \u00a0 \u00a0 \u00a0March\u00e9 principal<\/td>\n<td style=\"font-style: inherit; font-weight: 400;\" colspan=\"1\" rowspan=\"1\">\u00c9tats-Unis\/Europe\/Am\u00e9rique du Sud\/Am\u00e9rique du Nord\/Moyen-Orient, etc.<\/td>\n<\/tr>\n<\/tbody>\n<\/table>","protected":false},"excerpt":{"rendered":"<p>Le Granite Bush Hammer Roller est un outil diamant\u00e9 sp\u00e9cialis\u00e9 dans la pierre, con\u00e7u pour cr\u00e9er une surface uniforme et textur\u00e9e sur le granit et d'autres pierres dures. Il s'agit d'un rouleau cylindrique dot\u00e9 de multiples pointes pyramidales diamant\u00e9es, \u00e9galement appel\u00e9es pointes de carbure ou marteaux, r\u00e9parties uniform\u00e9ment sur sa surface. Cette configuration garantit un impact efficace et constant sur la surface de la pierre pendant l'op\u00e9ration. L'objectif principal du rouleau marteau pour granit est d'obtenir une texture rugueuse et antid\u00e9rapante sur le granit et d'autres surfaces en pierre. La finition obtenue am\u00e9liore non seulement l'attrait esth\u00e9tique, mais aussi la r\u00e9sistance au glissement, ce qui en fait un outil id\u00e9al pour diverses applications, notamment :<\/p>\n<a href=\"#Quote-Button\" class=\"button primary is-large Inquiry-Button\" style=\"border-radius:99px;\">\n\t<i class=\"icon-heart\" aria-hidden=\"true\"><\/i>\t<span>Demande de renseignements<\/span>\n\t<\/a>","protected":false},"featured_media":1500,"template":"","meta":[],"product_brand":[],"product_cat":[63],"product_tag":[],"class_list":{"0":"post-1487","1":"product","2":"type-product","3":"status-publish","4":"has-post-thumbnail","6":"product_cat-other-tools","8":"first","9":"instock","10":"shipping-taxable","11":"product-type-simple"},"aioseo_notices":[],"_links":{"self":[{"href":"https:\/\/xmstonetools.com\/fr\/wp-json\/wp\/v2\/product\/1487","targetHints":{"allow":["GET"]}}],"collection":[{"href":"https:\/\/xmstonetools.com\/fr\/wp-json\/wp\/v2\/product"}],"about":[{"href":"https:\/\/xmstonetools.com\/fr\/wp-json\/wp\/v2\/types\/product"}],"wp:featuredmedia":[{"embeddable":true,"href":"https:\/\/xmstonetools.com\/fr\/wp-json\/wp\/v2\/media\/1500"}],"wp:attachment":[{"href":"https:\/\/xmstonetools.com\/fr\/wp-json\/wp\/v2\/media?parent=1487"}],"wp:term":[{"taxonomy":"product_brand","embeddable":true,"href":"https:\/\/xmstonetools.com\/fr\/wp-json\/wp\/v2\/product_brand?post=1487"},{"taxonomy":"product_cat","embeddable":true,"href":"https:\/\/xmstonetools.com\/fr\/wp-json\/wp\/v2\/product_cat?post=1487"},{"taxonomy":"product_tag","embeddable":true,"href":"https:\/\/xmstonetools.com\/fr\/wp-json\/wp\/v2\/product_tag?post=1487"}],"curies":[{"name":"wp","href":"https:\/\/api.w.org\/{rel}","templated":true}]}}