{"id":1522,"date":"2022-12-08T15:33:10","date_gmt":"2022-12-08T07:33:10","guid":{"rendered":"https:\/\/xmstonetools.com\/?post_type=product&#038;p=1522"},"modified":"2023-07-01T06:59:05","modified_gmt":"2023-06-30T22:59:05","slug":"resine-de-francfort-abrasif-pour-le-polissage-du-marbre","status":"publish","type":"product","link":"https:\/\/xmstonetools.com\/fr\/produit\/resine-de-francfort-abrasif-pour-le-polissage-du-marbre\/","title":{"rendered":"R\u00e9sine de Francfort Abrasif pour le polissage du marbre"},"content":{"rendered":"<h2 style=\"color: steelblue;\">Introduction de l'abrasif en r\u00e9sine de Francfort pour le polissage du marbre :<\/h2>\n<p>Lorsqu'il s'agit de polir du marbre, l'obtention d'une finition impeccable exige de la pr\u00e9cision, de l'efficacit\u00e9 et des outils fiables. En tant que fabricant professionnel d'outils diamant\u00e9s pour la pierre, nous sommes fiers de pr\u00e9senter notre abrasif de Francfort en r\u00e9sine de premi\u00e8re qualit\u00e9, une solution r\u00e9volutionnaire qui \u00e9l\u00e8ve l'art du polissage du marbre \u00e0 de nouveaux sommets. Con\u00e7u pour r\u00e9pondre aux exigences rigoureuses de l'industrie, notre abrasif en r\u00e9sine de Francfort offre des performances in\u00e9gal\u00e9es, une durabilit\u00e9 exceptionnelle et des r\u00e9sultats stup\u00e9fiants. Dans cet article, nous nous penchons sur les caract\u00e9ristiques, les avantages et les applications de cet outil remarquable, illustrant les raisons pour lesquelles il se d\u00e9marque de tous les autres.<\/p>\n<h2 style=\"color: steelblue;\">Caract\u00e9ristiques de l'abrasif en r\u00e9sine de Francfort pour le polissage du marbre<\/h2>\n<h3>Des performances in\u00e9gal\u00e9es :<\/h3>\n<p>Notre abrasif en r\u00e9sine de Francfort a \u00e9t\u00e9 m\u00e9ticuleusement con\u00e7u \u00e0 l'aide d'une technologie de pointe et de mat\u00e9riaux de haute qualit\u00e9, garantissant des performances sup\u00e9rieures qui d\u00e9passent les attentes. Gr\u00e2ce \u00e0 son liant r\u00e9sine avanc\u00e9, il permet une abrasion r\u00e9guli\u00e8re et uniforme, minimisant les rayures et les imperfections de la surface tout en pr\u00e9servant la beaut\u00e9 naturelle du marbre. Les particules de diamant positionn\u00e9es avec pr\u00e9cision sur l'abrasif garantissent une efficacit\u00e9 de coupe optimale, r\u00e9duisant le temps de polissage et am\u00e9liorant la productivit\u00e9. Que vous travailliez sur des projets de grande envergure ou des conceptions complexes, notre abrasif Resin Frankfurt est \u00e0 la hauteur de la t\u00e2che, offrant des r\u00e9sultats exceptionnels \u00e0 chaque fois.<\/p>\n<h3>Durabilit\u00e9 exceptionnelle :<\/h3>\n<p>La durabilit\u00e9 est primordiale lorsqu'il s'agit d'outils diamant\u00e9s, et notre abrasif de Francfort en r\u00e9sine r\u00e9siste \u00e0 l'\u00e9preuve du temps. Fabriqu\u00e9 \u00e0 partir d'une matrice de r\u00e9sine robuste, il pr\u00e9sente une excellente r\u00e9sistance \u00e0 l'usure, \u00e0 la chaleur et \u00e0 la d\u00e9gradation chimique. Cette durabilit\u00e9 exceptionnelle se traduit par une dur\u00e9e de vie plus longue de l'outil, ce qui r\u00e9duit le besoin de remplacements fr\u00e9quents et vous permet d'\u00e9conomiser du temps et de l'argent. De plus, la technologie de collage sup\u00e9rieure garantit que les particules de diamant restent solidement ancr\u00e9es dans l'abrasif, ce qui \u00e9vite une perte pr\u00e9matur\u00e9e et maintient des performances constantes tout au long de la dur\u00e9e de vie de l'outil.<\/p>\n<h3>Applications polyvalentes :<\/h3>\n<p>Notre abrasif en r\u00e9sine de Francfort est sp\u00e9cialement con\u00e7u pour le polissage du marbre, ce qui en fait l'outil id\u00e9al pour les professionnels de l'industrie de la pierre. Sa polyvalence est \u00e9vidente car il est compatible avec diff\u00e9rents types de marbre, qu'ils soient tendres ou durs. Que vous travailliez sur des sols en marbre, des comptoirs ou des sculptures complexes, notre abrasif en r\u00e9sine de Francfort s'adapte sans effort \u00e0 la t\u00e2che \u00e0 accomplir. Il offre des r\u00e9sultats de polissage remarquables, faisant ressortir le v\u00e9ritable \u00e9clat, la profondeur et la vivacit\u00e9 du marbre, tout en minimisant le temps et les efforts n\u00e9cessaires pour obtenir une finition impeccable.<\/p>\n<h3>Consid\u00e9rations relatives \u00e0 la s\u00e9curit\u00e9 et \u00e0 l'environnement :<\/h3>\n<p>Dans notre usine de fabrication, nous donnons la priorit\u00e9 \u00e0 la s\u00e9curit\u00e9 et \u00e0 la durabilit\u00e9 environnementale. Nos abrasifs en r\u00e9sine de Francfort respectent des normes de qualit\u00e9 rigoureuses et sont exempts de substances nocives, ce qui garantit le bien-\u00eatre des travailleurs et de l'environnement. Le liant r\u00e9sine r\u00e9duit \u00e9galement la poussi\u00e8re et les d\u00e9bris pendant le processus de polissage, cr\u00e9ant ainsi un environnement de travail plus propre et plus sain. Nous nous engageons \u00e0 fournir des outils qui non seulement donnent des r\u00e9sultats exceptionnels, mais contribuent \u00e9galement \u00e0 une industrie durable et responsable.<\/p>\n<h3>Technologie unique d'adh\u00e9sion \u00e0 la r\u00e9sine :<\/h3>\n<p>Notre abrasif Resin Frankfurt utilise une technologie avanc\u00e9e de liaison \u00e0 la r\u00e9sine, qui joue un r\u00f4le crucial dans ses performances exceptionnelles. La liaison de la r\u00e9sine assure une excellente adh\u00e9rence entre les particules de diamant et la matrice, ce qui garantit une action de coupe r\u00e9guli\u00e8re et pr\u00e9cise. Cette liaison am\u00e9liore \u00e9galement la durabilit\u00e9 et la long\u00e9vit\u00e9 globales de l'outil.<\/p>\n<h3>Niveaux de granulom\u00e9trie personnalisables :<\/h3>\n<p>Nous proposons une gamme de niveaux de grain pour nos abrasifs en r\u00e9sine de Francfort, ce qui vous permet d'obtenir le niveau de polissage souhait\u00e9 pour vos surfaces en marbre. Que vous ayez besoin d'un pon\u00e7age agressif ou d'une finition tr\u00e8s brillante, nos abrasifs sont disponibles en diff\u00e9rentes granulom\u00e9tries pour r\u00e9pondre \u00e0 vos besoins sp\u00e9cifiques.<\/p>\n<h3>Am\u00e9lioration du refroidissement et de la dissipation de la chaleur :<\/h3>\n<p>L'accumulation de chaleur au cours du processus de polissage peut nuire aux performances des outils diamant\u00e9s. Notre abrasif en r\u00e9sine de Francfort est dot\u00e9 de canaux de refroidissement efficaces qui facilitent la dissipation de la chaleur, minimisant ainsi le risque de surchauffe et garantissant des performances constantes, m\u00eame en cas d'utilisation prolong\u00e9e.<\/p>\n<h3>Facile \u00e0 utiliser et \u00e0 installer :<\/h3>\n<p>Notre abrasif en r\u00e9sine de Francfort est con\u00e7u pour \u00eatre facile \u00e0 utiliser et compatible avec les machines de pon\u00e7age et de polissage standard. Il peut \u00eatre facilement install\u00e9 et remplac\u00e9, ce qui permet un flux de travail continu et une productivit\u00e9 ininterrompue.<\/p>\n<h3>Assurance qualit\u00e9 :<\/h3>\n<p>En tant que fabricant professionnel, nous accordons la priorit\u00e9 \u00e0 l'assurance qualit\u00e9 tout au long de notre processus de production. Nos abrasifs en r\u00e9sine de Francfort sont soumis \u00e0 des tests rigoureux afin de garantir qu'ils r\u00e9pondent aux normes industrielles les plus strictes. Nous nous engageons \u00e0 fournir des outils fiables et coh\u00e9rents qui r\u00e9pondent aux demandes des professionnels les plus exigeants.<\/p>\n<h3>Assistance technique experte :<\/h3>\n<p>Nous savons qu'il est essentiel d'utiliser les bons outils et les bonnes techniques pour obtenir les meilleurs r\u00e9sultats. En tant que client estim\u00e9, vous pouvez compter sur notre \u00e9quipe d'assistance technique experte pour vous fournir des conseils et de l'aide concernant l'utilisation correcte de notre abrasif de r\u00e9sine de Francfort. Nous sommes l\u00e0 pour r\u00e9pondre \u00e0 toutes vos questions et veiller \u00e0 ce que vous tiriez le meilleur parti de notre produit.<\/p>\n<h3>La confiance des professionnels :<\/h3>\n<p>Notre abrasif en r\u00e9sine de Francfort a gagn\u00e9 la confiance et la reconnaissance des professionnels de l'industrie de la pierre. Il a \u00e9t\u00e9 largement utilis\u00e9 et recommand\u00e9 par des experts, des entrepreneurs et des artisans qui comptent sur ses performances sup\u00e9rieures et sa durabilit\u00e9 pour obtenir des r\u00e9sultats exceptionnels en mati\u00e8re de polissage du marbre.<\/p>\n<p>Lorsqu'il s'agit de polir le marbre, rien ne surpasse les performances, la durabilit\u00e9 et la polyvalence de notre abrasif en r\u00e9sine de Francfort. Con\u00e7u par des professionnels, pour des professionnels, cet outil remarquable am\u00e9liore la qualit\u00e9 et l'efficacit\u00e9 de vos projets de polissage du marbre. Gr\u00e2ce \u00e0 sa liaison avanc\u00e9e avec la r\u00e9sine, \u00e0 son positionnement sup\u00e9rieur des diamants et \u00e0 sa durabilit\u00e9 exceptionnelle, il garantit des r\u00e9sultats constants, pr\u00e9cis et \u00e9tonnants \u00e0 chaque fois. Faites confiance \u00e0 notre expertise en tant que fabricant professionnel d'outils diamant\u00e9s pour la pierre et d\u00e9couvrez la diff\u00e9rence que notre abrasif en r\u00e9sine de Francfort peut faire dans la transformation de vos projets de polissage du marbre.<\/p>\n<p>En choisissant notre abrasif Resin Frankfurt, vous investissez dans un outil fiable et de haute qualit\u00e9 qui \u00e9l\u00e8vera vos projets de polissage du marbre \u00e0 de nouveaux sommets. Ses caract\u00e9ristiques avanc\u00e9es, ses niveaux de granulom\u00e9trie personnalisables et sa facilit\u00e9 d'installation en font le choix pr\u00e9f\u00e9r\u00e9 des professionnels qui recherchent des r\u00e9sultats et une efficacit\u00e9 exceptionnels. Faites confiance \u00e0 notre expertise en tant que fabricant professionnel d'outils diamant\u00e9s pour la pierre et d\u00e9couvrez la diff\u00e9rence que notre abrasif en r\u00e9sine de Francfort peut faire dans la transformation de vos projets de polissage du marbre.<\/p>\n<h2 style=\"color: steelblue;\">Dur\u00e9e de vie de l'abrasif en r\u00e9sine de Francfort pour le polissage du marbre<\/h2>\n<p>Vous en avez assez des outils diamant\u00e9s qui s'usent trop rapidement et compromettent la qualit\u00e9 de vos projets de polissage du marbre ? Ne cherchez plus ! Nous vous pr\u00e9sentons notre abrasif en r\u00e9sine de Francfort, qui change la donne dans le monde des outils diamant\u00e9s pour la pierre. Avec notre produit r\u00e9volutionnaire, vous pouvez vous attendre \u00e0 une dur\u00e9e de vie de performances in\u00e9gal\u00e9es, de durabilit\u00e9 et de r\u00e9sultats constants.<\/p>\n<h3>Une long\u00e9vit\u00e9 exceptionnelle :<\/h3>\n<p>Chez Xiamenn Sino Poly Industry, nous comprenons l'importance d'investir dans des outils qui r\u00e9sistent \u00e0 l'\u00e9preuve du temps. C'est pourquoi notre abrasif en r\u00e9sine de Francfort est m\u00e9ticuleusement fabriqu\u00e9 \u00e0 l'aide de mat\u00e9riaux de la plus haute qualit\u00e9 et de techniques de fabrication innovantes. Notre technologie avanc\u00e9e de liage \u00e0 la r\u00e9sine garantit que les particules de diamant restent fermement ancr\u00e9es dans l'abrasif, offrant une long\u00e9vit\u00e9 exceptionnelle, m\u00eame dans les applications de polissage les plus exigeantes. Dites adieu aux remplacements fr\u00e9quents et bonjour \u00e0 un outil qui dure.<\/p>\n<h3>R\u00e9sistance sup\u00e9rieure \u00e0 l'usure :<\/h3>\n<p>Le polissage du marbre peut \u00eatre un processus abrasif, mais notre abrasif en r\u00e9sine de Francfort est \u00e0 la hauteur du d\u00e9fi. Gr\u00e2ce \u00e0 sa remarquable r\u00e9sistance \u00e0 l'usure, cet outil conserve son efficacit\u00e9 de coupe et ses performances sur une longue p\u00e9riode. Quelle que soit l'ampleur ou l'intensit\u00e9 de vos projets, notre abrasif en r\u00e9sine de Francfort continuera \u00e0 fournir des r\u00e9sultats exceptionnels, ce qui vous permettra d'\u00e9conomiser du temps et de l'argent \u00e0 long terme.<\/p>\n<h3>Des performances constantes, projet apr\u00e8s projet :<\/h3>\n<p>La r\u00e9gularit\u00e9 est la cl\u00e9 pour obtenir des r\u00e9sultats de polissage du marbre impeccables, et notre abrasif Resin Frankfurt excelle dans cet aspect. Gr\u00e2ce au positionnement pr\u00e9cis des diamants et au liant innovant de la r\u00e9sine, cet outil offre une action de coupe coh\u00e9rente du premier au dernier projet. Vous pouvez \u00eatre s\u00fbr que chaque coup de pinceau offrira le m\u00eame niveau de qualit\u00e9, garantissant l'uniformit\u00e9 et l'excellence de chaque surface polie.<\/p>\n<h3>Une polyvalence qui dure :<\/h3>\n<p>Notre abrasif en r\u00e9sine de Francfort est con\u00e7u pour r\u00e9pondre \u00e0 un large \u00e9ventail d'applications de polissage du marbre. Que vous travailliez sur des sols, des comptoirs ou des sculptures complexes, cet outil polyvalent s'adapte sans effort \u00e0 la t\u00e2che \u00e0 accomplir. Sa durabilit\u00e9 exceptionnelle lui permet de supporter des pressions et des vitesses variables sans compromettre les performances ou la qualit\u00e9. Avec notre abrasif en r\u00e9sine de Francfort, vous disposez d'un outil qui reste fiable et efficace pendant toute sa dur\u00e9e de vie.<\/p>\n<h3>Un retour sur investissement in\u00e9gal\u00e9 :<\/h3>\n<p>Investir dans des outils de qualit\u00e9, c'est investir dans la r\u00e9ussite de votre entreprise. Avec notre abrasif en r\u00e9sine de Francfort, vous pouvez vous attendre \u00e0 un retour sur investissement in\u00e9gal\u00e9. Sa long\u00e9vit\u00e9, sa r\u00e9sistance \u00e0 l'usure, ses performances constantes et sa polyvalence vous permettent de maximiser votre productivit\u00e9 et de minimiser les d\u00e9penses inutiles. En choisissant notre r\u00e9sine abrasive de Francfort, vous faites un choix judicieux qui a un impact positif sur vos r\u00e9sultats.<\/p>\n<h3>Vivez une vie d'excellence :<\/h3>\n<p>Chez Xiamen Sino Poly Industry, nous nous engageons \u00e0 fournir \u00e0 l'industrie de la pierre des outils qui red\u00e9finissent l'excellence. Notre abrasif en r\u00e9sine de Francfort ne fait pas exception \u00e0 la r\u00e8gle. Sa dur\u00e9e de vie prolong\u00e9e, sa durabilit\u00e9 exceptionnelle et ses performances in\u00e9branlables en font le choix de pr\u00e9dilection des professionnels qui exigent ce qu'il y a de mieux. Avec notre abrasif en r\u00e9sine de Francfort dans votre bo\u00eete \u00e0 outils, vous pouvez \u00e9lever vos projets de polissage du marbre \u00e0 de nouveaux sommets, en obtenant des r\u00e9sultats remarquables projet apr\u00e8s projet.<\/p>\n<p>Ne vous contentez pas de l'ordinaire quand vous pouvez vivre une vie extraordinaire avec notre abrasif en r\u00e9sine de Francfort. Faites confiance \u00e0 notre expertise en tant que fabricant professionnel d'outils diamant\u00e9s pour la pierre et assistez \u00e0 la transformation de vos efforts de polissage du marbre. Investissez judicieusement et profitez des avantages d'un outil qui dure plus longtemps que la concurrence, offrant des performances exceptionnelles du d\u00e9but \u00e0 la fin.<\/p>\n<table class=\"has-title all magic-4\" style=\"height: 329px;\" width=\"648\">\n<tbody>\n<tr>\n<td colspan=\"1\" rowspan=\"1\">\n<div class=\"magic-5\">article<\/div>\n<\/td>\n<td colspan=\"1\" rowspan=\"1\">\n<div class=\"magic-6\">valeur<\/div>\n<\/td>\n<\/tr>\n<tr>\n<td colspan=\"1\" rowspan=\"1\">Le cran<\/td>\n<td colspan=\"1\" rowspan=\"1\"><span data-spm-anchor-id=\"a2700.details.0.i6.745a62e34QdIv0\">120#,150#,180#,240#,320#,<\/span><\/p>\n<div>400#,600#,800#,1000#,2000#,3000#,<\/div>\n<div data-spm-anchor-id=\"a2700.details.0.i8.745a62e34QdIv0\">6000#,10000#<\/div>\n<\/td>\n<\/tr>\n<tr>\n<td colspan=\"1\" rowspan=\"1\">\n<div class=\"magic-5\">Soutien personnalis\u00e9<\/div>\n<\/td>\n<td colspan=\"1\" rowspan=\"1\">\n<div class=\"magic-6\">OEM, ODM<\/div>\n<\/td>\n<\/tr>\n<tr>\n<td colspan=\"1\" rowspan=\"1\">\n<div class=\"magic-5\">Lieu d'origine<\/div>\n<\/td>\n<td colspan=\"1\" rowspan=\"1\">\n<div class=\"magic-6\">Chine<\/div>\n<\/td>\n<\/tr>\n<tr>\n<td colspan=\"1\" rowspan=\"1\">\n<div class=\"magic-5\"><\/div>\n<\/td>\n<td colspan=\"1\" rowspan=\"1\">\n<div class=\"magic-6\">Fujian<\/div>\n<\/td>\n<\/tr>\n<tr>\n<td colspan=\"1\" rowspan=\"1\">\n<div class=\"magic-5\">Nom de la marque<\/div>\n<\/td>\n<td colspan=\"1\" rowspan=\"1\">\n<div class=\"magic-6\">Fullux<\/div>\n<\/td>\n<\/tr>\n<tr>\n<td colspan=\"1\" rowspan=\"1\">\n<div class=\"magic-5\">Type<\/div>\n<\/td>\n<td colspan=\"1\" rowspan=\"1\">\n<div class=\"magic-6\">Bloc abrasif<\/div>\n<\/td>\n<\/tr>\n<tr>\n<td colspan=\"1\" rowspan=\"1\">\n<div class=\"magic-5\">Nom du produit<\/div>\n<\/td>\n<td colspan=\"1\" rowspan=\"1\">\n<div class=\"magic-6\">Abrasifs diamant\u00e9s synth\u00e9tiques de Francfort Outil<\/div>\n<\/td>\n<\/tr>\n<tr>\n<td colspan=\"1\" rowspan=\"1\">\n<div class=\"magic-5\">Application<\/div>\n<\/td>\n<td colspan=\"1\" rowspan=\"1\">\n<div class=\"magic-6\">Pour le marbre et les pierres artificielles<\/div>\n<\/td>\n<\/tr>\n<tr>\n<td colspan=\"1\" rowspan=\"1\">\n<div class=\"magic-5\">Mat\u00e9riau<\/div>\n<\/td>\n<td colspan=\"1\" rowspan=\"1\">\n<div class=\"magic-6\">R\u00e9sine synth\u00e9tique+Diamant+Carbure de silicium<\/div>\n<\/td>\n<\/tr>\n<tr>\n<td colspan=\"1\" rowspan=\"1\">\n<div class=\"magic-5\">Avantage<\/div>\n<\/td>\n<td colspan=\"1\" rowspan=\"1\">\n<div class=\"magic-6\">Longue vie<\/div>\n<\/td>\n<\/tr>\n<\/tbody>\n<\/table>","protected":false},"excerpt":{"rendered":"<p>Les abrasifs en marbre pr\u00e9sentent la qualit\u00e9 et la production de masse les plus stables, les accessoires les plus complets et les applications les plus nombreuses dans l'industrie abrasive actuelle, et sont consid\u00e9r\u00e9s comme les outils de polissage les plus largement utilis\u00e9s. Des produits diversifi\u00e9s peuvent r\u00e9pondre aux diff\u00e9rentes demandes des clients. La formule Midstar s'adapte \u00e0 diff\u00e9rents types de dalles, apportant un effet de brillance et de nettet\u00e9 id\u00e9al, comme les dalles brillantes, les dalles mates, les dalles rustiques et les dalles semi-polies, affichant une sc\u00e8ne de falt et une texture naturelle lisse \u00e0 l'int\u00e9rieur des pierres.<\/p>\n<a href=\"#Quote-Button\" class=\"button primary is-large Inquiry-Button\" style=\"border-radius:99px;\">\n\t<i class=\"icon-heart\" aria-hidden=\"true\"><\/i>\t<span>Demande de renseignements<\/span>\n\t<\/a>","protected":false},"featured_media":1516,"template":"","meta":[],"product_brand":[],"product_cat":[56,57],"product_tag":[78,99],"class_list":{"0":"post-1522","1":"product","2":"type-product","3":"status-publish","4":"has-post-thumbnail","6":"product_cat-stone-grinding-tools","7":"product_cat-stone-polishing-tools","8":"product_tag-abrasive-tools","9":"product_tag-frankfurt-tools","11":"first","12":"instock","13":"shipping-taxable","14":"product-type-simple"},"aioseo_notices":[],"_links":{"self":[{"href":"https:\/\/xmstonetools.com\/fr\/wp-json\/wp\/v2\/product\/1522","targetHints":{"allow":["GET"]}}],"collection":[{"href":"https:\/\/xmstonetools.com\/fr\/wp-json\/wp\/v2\/product"}],"about":[{"href":"https:\/\/xmstonetools.com\/fr\/wp-json\/wp\/v2\/types\/product"}],"wp:featuredmedia":[{"embeddable":true,"href":"https:\/\/xmstonetools.com\/fr\/wp-json\/wp\/v2\/media\/1516"}],"wp:attachment":[{"href":"https:\/\/xmstonetools.com\/fr\/wp-json\/wp\/v2\/media?parent=1522"}],"wp:term":[{"taxonomy":"product_brand","embeddable":true,"href":"https:\/\/xmstonetools.com\/fr\/wp-json\/wp\/v2\/product_brand?post=1522"},{"taxonomy":"product_cat","embeddable":true,"href":"https:\/\/xmstonetools.com\/fr\/wp-json\/wp\/v2\/product_cat?post=1522"},{"taxonomy":"product_tag","embeddable":true,"href":"https:\/\/xmstonetools.com\/fr\/wp-json\/wp\/v2\/product_tag?post=1522"}],"curies":[{"name":"wp","href":"https:\/\/api.w.org\/{rel}","templated":true}]}}