{"id":2271,"date":"2025-08-26T06:40:47","date_gmt":"2025-08-25T22:40:47","guid":{"rendered":"https:\/\/xmstonetools.com\/?post_type=product&#038;p=2271"},"modified":"2025-08-26T06:42:07","modified_gmt":"2025-08-25T22:42:07","slug":"meules-de-profilage-en-pierre-segmentees-au-diamant-de-400-mm-pour-la-realisation-daretes-et-de-rainures","status":"publish","type":"product","link":"https:\/\/xmstonetools.com\/fr\/produit\/meules-de-profilage-en-pierre-segmentees-au-diamant-de-400-mm-pour-la-realisation-daretes-et-de-rainures\/","title":{"rendered":"Meules de profilage en pierre \u00e0 segments diamant\u00e9s de 400 mm pour la r\u00e9alisation d'ar\u00eates et de rainures"},"content":{"rendered":"<p class=\"ds-markdown-paragraph\">Nos meules de profilage de la pierre \u00e0 segments diamant\u00e9s de 400 mm sont con\u00e7ues pour la pr\u00e9cision, la durabilit\u00e9 et des performances sup\u00e9rieures dans la fabrication de la pierre. Con\u00e7ues sp\u00e9cialement pour cr\u00e9er d'\u00e9l\u00e9gantes ar\u00eates ogivales et un rainurage pr\u00e9cis sur le granit, le marbre, le quartz et d'autres pierres naturelles ou artificielles, ces meules offrent des r\u00e9sultats de qualit\u00e9 professionnelle avec une efficacit\u00e9 exceptionnelle.<\/p>\n<p class=\"ds-markdown-paragraph\">Fabriqu\u00e9es avec des segments diamant\u00e9s de haute qualit\u00e9 et un noyau en acier robuste, ces meules de profilage garantissent des performances durables et une pr\u00e9cision de coupe constante. La conception segment\u00e9e am\u00e9liore l'\u00e9limination des d\u00e9bris, r\u00e9duit l'accumulation de chaleur et permet d'obtenir des finitions lisses et propres, m\u00eame sur les mat\u00e9riaux les plus durs.<\/p>\n<p class=\"ds-markdown-paragraph\">Id\u00e9ales pour les machines de profilage, nos meules de 400 mm sont parfaites pour les d\u00e9tails des bords de comptoirs, la ma\u00e7onnerie d\u00e9corative et les applications architecturales. Que vous travailliez sur un projet commercial ou sur une conception r\u00e9sidentielle personnalis\u00e9e, ces meules offrent la fiabilit\u00e9 et la pr\u00e9cision auxquelles les professionnels font confiance.<\/p>\n<p class=\"ds-markdown-paragraph\">Am\u00e9liorez votre bo\u00eete \u00e0 outils de fabrication de la pierre avec nos meules de profilage \u00e0 segments diamant\u00e9s - o\u00f9 la technologie de pointe rencontre une durabilit\u00e9 in\u00e9gal\u00e9e.<\/p>\n<table>\n<tbody>\n<tr>\n<td colspan=\"6\" width=\"1115\"><strong><b>V<\/b><\/strong>\u00a0<strong><b>Type<\/b><\/strong>\u00a0<strong><b>Profil<\/b><\/strong>\u00a0<strong><b>Roue<\/b><\/strong><\/td>\n<\/tr>\n<tr>\n<td rowspan=\"2\" width=\"257\"><strong><b>Produit<\/b><\/strong>\u00a0<strong><b>Code<\/b><\/strong><\/td>\n<td colspan=\"2\" width=\"324\"><strong><b>Ext\u00e9rieur<\/b><\/strong>\u00a0<strong><b>Diam\u00e8tre<\/b><\/strong><\/td>\n<td rowspan=\"2\" width=\"223\"><strong><b>Pierre<\/b><\/strong>\u00a0<strong><b>Taille (mm)<\/b><\/strong><\/td>\n<td rowspan=\"2\" width=\"151\"><strong><b>Arbre (mm)<\/b><\/strong><\/td>\n<td rowspan=\"2\" width=\"159\"><strong><b>Type<\/b><\/strong><\/td>\n<\/tr>\n<tr>\n<td width=\"162\"><strong><b>Pouce<\/b><\/strong><\/td>\n<td width=\"162\"><strong><b>mm<\/b><\/strong><\/td>\n<\/tr>\n<tr>\n<td width=\"257\">PW-V10-12(14)<\/td>\n<td width=\"162\">12\/14<\/td>\n<td width=\"162\">\u03c6300\/\u03c6350<\/td>\n<td width=\"223\">10<\/td>\n<td rowspan=\"4\" width=\"151\">&nbsp;<\/p>\n<p>50\/60<\/td>\n<td rowspan=\"4\" width=\"159\">&nbsp;<\/p>\n<p><strong><b>Segment\u00e9<\/b><\/strong><\/td>\n<\/tr>\n<tr>\n<td width=\"257\">PW-V20-12(14)<\/td>\n<td width=\"162\">12\/14<\/td>\n<td width=\"162\">\u03c6300\/\u03c6350<\/td>\n<td width=\"223\">20<\/td>\n<\/tr>\n<tr>\n<td width=\"257\">PW-V30-12(14)<\/td>\n<td width=\"162\">12\/14<\/td>\n<td width=\"162\">\u03c6300\/350<\/td>\n<td width=\"223\">30<\/td>\n<\/tr>\n<tr>\n<td width=\"257\">PW-V40-12(14)<\/td>\n<td width=\"162\">12\/14<\/td>\n<td width=\"162\">\u03c6300\/350<\/td>\n<td width=\"223\">40<\/td>\n<\/tr>\n<\/tbody>\n<\/table>\n<p>&nbsp;<\/p>\n<table>\n<tbody>\n<tr>\n<td width=\"257\"><strong><b>B<\/b><\/strong>\u00a0\u00a0\u00a0<strong><b>Type<\/b><\/strong>\u00a0\u00a0\u00a0<strong><b>Profil<\/b><\/strong>\u00a0\u00a0\u00a0<strong><b>Roue<\/b><\/strong><\/td>\n<td width=\"160\"><\/td>\n<td width=\"163\"><\/td>\n<td width=\"223\"><\/td>\n<td width=\"151\"><\/td>\n<td width=\"159\"><\/td>\n<\/tr>\n<tr>\n<td rowspan=\"2\" width=\"257\"><strong><b>Produit<\/b><\/strong>\u00a0<strong><b>Code<\/b><\/strong><\/td>\n<td colspan=\"2\" width=\"324\"><strong><b>Ext\u00e9rieur<\/b><\/strong>\u00a0<strong><b>Diam\u00e8tre<\/b><\/strong><\/td>\n<td rowspan=\"2\" width=\"223\"><strong><b>Pierre<\/b><\/strong>\u00a0<strong><b>Taille (mm)<\/b><\/strong><\/td>\n<td rowspan=\"2\" width=\"151\"><strong><b>Arbre (mm)<\/b><\/strong><\/td>\n<td rowspan=\"2\" width=\"159\"><strong><b>Type<\/b><\/strong><\/td>\n<\/tr>\n<tr>\n<td width=\"160\"><strong><b>Pouce<\/b><\/strong><\/td>\n<td width=\"163\"><strong><b>mm<\/b><\/strong><\/td>\n<\/tr>\n<tr>\n<td width=\"257\">PW-B10-12(14)<\/td>\n<td width=\"160\">12\/14<\/td>\n<td width=\"163\">\u03c6300\/350<\/td>\n<td width=\"223\">10<\/td>\n<td rowspan=\"5\" width=\"151\">&nbsp;<\/p>\n<p>&nbsp;<\/p>\n<p>&nbsp;<\/p>\n<p>50\/60<\/td>\n<td rowspan=\"5\" width=\"159\">&nbsp;<\/p>\n<p>&nbsp;<\/p>\n<p><strong><b>Segment\u00e9<\/b><\/strong><\/td>\n<\/tr>\n<tr>\n<td width=\"257\">PW-B15-12(14)<\/td>\n<td width=\"160\">12\/14<\/td>\n<td width=\"163\">\u03c6300\/350<\/td>\n<td width=\"223\">15<\/td>\n<\/tr>\n<tr>\n<td width=\"257\">PW-B20-12(14)<\/td>\n<td width=\"160\">12\/14<\/td>\n<td width=\"163\">\u03c6300\/350<\/td>\n<td width=\"223\">20<\/td>\n<\/tr>\n<tr>\n<td width=\"257\">PW-B25-12(14)<\/td>\n<td width=\"160\">12\/14<\/td>\n<td width=\"163\">\u03c6300\/350<\/td>\n<td width=\"223\">25<\/td>\n<\/tr>\n<tr>\n<td width=\"257\">PW-B30-12(14)<\/td>\n<td width=\"160\">12\/14<\/td>\n<td width=\"163\">\u03c6300\/350<\/td>\n<td width=\"223\">30<\/td>\n<\/tr>\n<\/tbody>\n<\/table>\n<p>&nbsp;<\/p>\n<table>\n<tbody>\n<tr>\n<td colspan=\"6\" width=\"1115\"><strong><b>V<\/b><\/strong>\u00a0<strong><b>Type<\/b><\/strong>\u00a0<strong><b>Galvanis\u00e9<\/b><\/strong>\u00a0<strong><b>Profil<\/b><\/strong>\u00a0<strong><b>Roue<\/b><\/strong><\/td>\n<\/tr>\n<tr>\n<td rowspan=\"2\" width=\"257\"><strong><b>Produit<\/b><\/strong>\u00a0<strong><b>Code<\/b><\/strong><\/td>\n<td colspan=\"2\" width=\"324\"><strong><b>Ext\u00e9rieur<\/b><\/strong>\u00a0<strong><b>Diam\u00e8tre<\/b><\/strong><\/td>\n<td rowspan=\"2\" width=\"223\"><strong><b>Pierre<\/b><\/strong>\u00a0<strong><b>Taille (mm)<\/b><\/strong><\/td>\n<td rowspan=\"2\" width=\"151\"><strong><b>Arbre (mm)<\/b><\/strong><\/td>\n<td rowspan=\"2\" width=\"159\"><strong><b>Type<\/b><\/strong><\/td>\n<\/tr>\n<tr>\n<td width=\"162\"><strong><b>Pouce<\/b><\/strong><\/td>\n<td width=\"162\"><strong><b>mm<\/b><\/strong><\/td>\n<\/tr>\n<tr>\n<td width=\"257\">EPW-V10-12(14)<\/td>\n<td width=\"162\">12\/14<\/td>\n<td width=\"162\">\u03c6300\/350<\/td>\n<td width=\"223\">10<\/td>\n<td rowspan=\"4\" width=\"151\">&nbsp;<\/p>\n<p>50\/60<\/td>\n<td rowspan=\"4\" width=\"159\">&nbsp;<\/p>\n<p><strong><b>Galvanis\u00e9<\/b><\/strong><\/td>\n<\/tr>\n<tr>\n<td width=\"257\">EPW-V20-12(14)<\/td>\n<td width=\"162\">12\/14<\/td>\n<td width=\"162\">\u03c6300\/\u03c6350<\/td>\n<td width=\"223\">20<\/td>\n<\/tr>\n<tr>\n<td width=\"257\">EPW-V30-12(14)<\/td>\n<td width=\"162\">12\/14<\/td>\n<td width=\"162\">\u03c6300\/\u03c6350<\/td>\n<td width=\"223\">30<\/td>\n<\/tr>\n<tr>\n<td width=\"257\">EPW-V40-12(14)<\/td>\n<td width=\"162\">12\/14<\/td>\n<td width=\"162\">\u03c6300\/\u03c6350<\/td>\n<td width=\"223\">40<\/td>\n<\/tr>\n<\/tbody>\n<\/table>\n<p>&nbsp;<\/p>\n<table>\n<tbody>\n<tr>\n<td colspan=\"6\" width=\"1115\"><strong><b>B<\/b><\/strong>\u00a0<strong><b>Type<\/b><\/strong>\u00a0<strong><b>Galvanis\u00e9<\/b><\/strong>\u00a0<strong><b>Profil<\/b><\/strong>\u00a0<strong><b>Roue<\/b><\/strong><\/td>\n<\/tr>\n<tr>\n<td rowspan=\"2\" width=\"257\"><strong><b>Produit<\/b><\/strong>\u00a0<strong><b>Code<\/b><\/strong><\/td>\n<td colspan=\"2\" width=\"324\"><strong><b>Ext\u00e9rieur<\/b><\/strong>\u00a0<strong><b>Diam\u00e8tre<\/b><\/strong><\/td>\n<td rowspan=\"2\" width=\"223\"><strong><b>Pierre<\/b><\/strong>\u00a0<strong><b>Taille (mm)<\/b><\/strong><\/td>\n<td rowspan=\"2\" width=\"151\"><strong><b>Arbre (mm)<\/b><\/strong><\/td>\n<td rowspan=\"2\" width=\"159\"><strong><b>Type<\/b><\/strong><\/td>\n<\/tr>\n<tr>\n<td width=\"162\"><strong><b>Pouce<\/b><\/strong><\/td>\n<td width=\"162\"><strong><b>mm<\/b><\/strong><\/td>\n<\/tr>\n<tr>\n<td width=\"257\">EPW-B10-12(14)<\/td>\n<td width=\"162\">12\/14<\/td>\n<td width=\"162\">\u03c6300\/350<\/td>\n<td width=\"223\">10<\/td>\n<td rowspan=\"5\" width=\"151\">&nbsp;<\/p>\n<p>&nbsp;<\/p>\n<p>&nbsp;<\/p>\n<p>50\/60<\/td>\n<td rowspan=\"5\" width=\"159\">&nbsp;<\/p>\n<p>&nbsp;<\/p>\n<p>&nbsp;<\/p>\n<p><strong><b>Galvanis\u00e9<\/b><\/strong><\/td>\n<\/tr>\n<tr>\n<td width=\"257\">EPW-B15-12(14)<\/td>\n<td width=\"162\">12\/14<\/td>\n<td width=\"162\">\u03c6300\/\u03c6350<\/td>\n<td width=\"223\">15<\/td>\n<\/tr>\n<tr>\n<td width=\"257\">EPW-B20-12(14)<\/td>\n<td width=\"162\">12\/14<\/td>\n<td width=\"162\">\u03c6300\/350<\/td>\n<td width=\"223\">20<\/td>\n<\/tr>\n<tr>\n<td width=\"257\">EPW-B25-12(14)<\/td>\n<td width=\"162\">12\/14<\/td>\n<td width=\"162\">\u03c6300\/\u03c6350<\/td>\n<td width=\"223\">25<\/td>\n<\/tr>\n<tr>\n<td width=\"257\">EPW-B30-12(14)<\/td>\n<td width=\"162\">12\/14<\/td>\n<td width=\"162\">\u03c6300\/350<\/td>\n<td width=\"223\">30<\/td>\n<\/tr>\n<\/tbody>\n<\/table>\n<p>&nbsp;<\/p>\n<table>\n<tbody>\n<tr>\n<td colspan=\"6\" width=\"1115\"><strong><b>L<\/b><\/strong>\u00a0<strong><b>Type<\/b><\/strong>\u00a0<strong><b>Galvanis\u00e9<\/b><\/strong>\u00a0<strong><b>Profil<\/b><\/strong>\u00a0<strong><b>Wh<\/b><\/strong><strong><b>anguille<\/b><\/strong><\/td>\n<\/tr>\n<tr>\n<td rowspan=\"2\" width=\"257\"><strong><b>Produit<\/b><\/strong>\u00a0<strong><b>Code<\/b><\/strong><\/td>\n<td colspan=\"2\" width=\"324\"><strong><b>Ext\u00e9rieur<\/b><\/strong>\u00a0<strong><b>Diam\u00e8tre<\/b><\/strong><\/td>\n<td rowspan=\"2\" width=\"224\"><strong><b>Pierre<\/b><\/strong>\u00a0<strong><b>Taille (mm)<\/b><\/strong><\/td>\n<td rowspan=\"2\" width=\"150\"><strong><b>Arbre<\/b><\/strong>\u00a0<strong><b>(mm)<\/b><\/strong><\/td>\n<td rowspan=\"2\" width=\"159\"><strong><b>Type<\/b><\/strong><\/td>\n<\/tr>\n<tr>\n<td width=\"162\"><strong><b>Pouce<\/b><\/strong><\/td>\n<td width=\"162\"><strong><b>mm<\/b><\/strong><\/td>\n<\/tr>\n<tr>\n<td width=\"257\">EPW-B20-12(14)<\/td>\n<td width=\"162\">12\/14<\/td>\n<td width=\"162\">\u03c6300\/\u03c6350<\/td>\n<td width=\"224\">20<\/td>\n<td width=\"150\">50\/60<\/td>\n<td rowspan=\"3\" width=\"159\">&nbsp;<\/p>\n<p>Galvanis\u00e9<\/td>\n<\/tr>\n<tr>\n<td width=\"257\">EPW-B30-12(14)<\/td>\n<td width=\"162\">12\/14<\/td>\n<td width=\"162\">\u03c6300\/350<\/td>\n<td width=\"224\">30<\/td>\n<td width=\"150\">50\/60<\/td>\n<\/tr>\n<tr>\n<td width=\"257\">EPW-B40-12(14)<\/td>\n<td width=\"162\">12\/14<\/td>\n<td width=\"162\">\u03c6300\/\u03c6350<\/td>\n<td width=\"224\">40<\/td>\n<td width=\"150\">50\/60<\/td>\n<\/tr>\n<\/tbody>\n<\/table>\n<p>&nbsp;<\/p>\n<table>\n<tbody>\n<tr>\n<td colspan=\"6\" width=\"1115\"><strong><b>1\/2R<\/b><\/strong>\u00a0<strong><b>Convexe<\/b><\/strong>\u00a0<strong><b>Type<\/b><\/strong>\u00a0<strong><b>Elec<\/b><\/strong><strong><b>tropl\u00e9<\/b><\/strong>\u00a0<strong><b>Profil<\/b><\/strong>\u00a0<strong><b>Roue<\/b><\/strong><\/td>\n<\/tr>\n<tr>\n<td rowspan=\"2\" width=\"257\"><strong><b>Produit<\/b><\/strong>\u00a0<strong><b>Code<\/b><\/strong><\/td>\n<td colspan=\"2\" width=\"324\"><strong><b>Ext\u00e9rieur<\/b><\/strong>\u00a0<strong><b>Diam\u00e8tre<\/b><\/strong><\/td>\n<td rowspan=\"2\" width=\"223\"><strong><b>Pierre<\/b><\/strong>\u00a0<strong><b>Taille (mm)<\/b><\/strong><\/td>\n<td rowspan=\"2\" width=\"151\"><strong><b>Arbre (mm)<\/b><\/strong><\/td>\n<td rowspan=\"2\" width=\"159\"><strong><b>Type<\/b><\/strong><\/td>\n<\/tr>\n<tr>\n<td width=\"162\"><strong><b>Pouce<\/b><\/strong><\/td>\n<td width=\"162\"><strong><b>mm<\/b><\/strong><\/td>\n<\/tr>\n<tr>\n<td width=\"257\">EPW-1\/2R10-12(14)<\/td>\n<td width=\"162\">12\/14<\/td>\n<td width=\"162\">\u03c6300\/350<\/td>\n<td width=\"223\">10<\/td>\n<td rowspan=\"5\" width=\"151\">&nbsp;<\/p>\n<p>&nbsp;<\/p>\n<p>50\/60<\/td>\n<td rowspan=\"5\" width=\"159\">&nbsp;<\/p>\n<p>&nbsp;<\/p>\n<p><strong><b>Galvanis\u00e9<\/b><\/strong><\/td>\n<\/tr>\n<tr>\n<td width=\"257\">EPW-1\/2R15-12(14)<\/td>\n<td width=\"162\">12\/14<\/td>\n<td width=\"162\">\u03c6300\/350<\/td>\n<td width=\"223\">15<\/td>\n<\/tr>\n<tr>\n<td width=\"257\">EPW-1\/2R20-12(14)<\/td>\n<td width=\"162\">12\/14<\/td>\n<td width=\"162\">\u03c6300\/350<\/td>\n<td width=\"223\">20<\/td>\n<\/tr>\n<tr>\n<td width=\"257\">EPW-1\/2R25-12(14)<\/td>\n<td width=\"162\">12\/14<\/td>\n<td width=\"162\">\u03c6300\/350<\/td>\n<td width=\"223\">25<\/td>\n<\/tr>\n<tr>\n<td width=\"257\">EPW-1\/2R30-12(14)<\/td>\n<td width=\"162\">12\/14<\/td>\n<td width=\"162\">\u03c6300\/350<\/td>\n<td width=\"223\">30<\/td>\n<\/tr>\n<\/tbody>\n<\/table>\n<p>&nbsp;<\/p>","protected":false},"excerpt":{"rendered":"<p class=\"ds-markdown-paragraph\">Nos meules de profilage de la pierre \u00e0 segments diamant\u00e9s de 400 mm sont con\u00e7ues pour la pr\u00e9cision, la durabilit\u00e9 et des performances sup\u00e9rieures dans la fabrication de la pierre. Con\u00e7ues sp\u00e9cialement pour cr\u00e9er d'\u00e9l\u00e9gantes ar\u00eates ogivales et un rainurage pr\u00e9cis sur le granit, le marbre, le quartz et d'autres pierres naturelles ou artificielles, ces meules offrent des r\u00e9sultats de qualit\u00e9 professionnelle avec une efficacit\u00e9 exceptionnelle.<\/p>\n<p class=\"ds-markdown-paragraph\">Fabriqu\u00e9es avec des segments diamant\u00e9s de haute qualit\u00e9 et un noyau en acier robuste, ces meules de profilage garantissent des performances durables et une pr\u00e9cision de coupe constante. La conception segment\u00e9e am\u00e9liore l'\u00e9limination des d\u00e9bris, r\u00e9duit l'accumulation de chaleur et permet d'obtenir des finitions lisses et propres, m\u00eame sur les mat\u00e9riaux les plus durs.<\/p>\n<a href=\"#Quote-Button\" class=\"button primary is-large Inquiry-Button\" style=\"border-radius:99px;\">\n\t<i class=\"icon-heart\" aria-hidden=\"true\"><\/i>\t<span>Demande de renseignements<\/span>\n\t<\/a>\n\n<p class=\"ds-markdown-paragraph\">","protected":false},"featured_media":2265,"template":"","meta":[],"product_brand":[],"product_cat":[59],"product_tag":[187,188,176],"class_list":{"0":"post-2271","1":"product","2":"type-product","3":"status-publish","4":"has-post-thumbnail","6":"product_cat-stone-milling-tools","7":"product_tag-edge-ogee-wheels","8":"product_tag-stone-grooving-wheels","9":"product_tag-stone-profiling-tools","11":"first","12":"instock","13":"shipping-taxable","14":"product-type-simple"},"aioseo_notices":[],"_links":{"self":[{"href":"https:\/\/xmstonetools.com\/fr\/wp-json\/wp\/v2\/product\/2271","targetHints":{"allow":["GET"]}}],"collection":[{"href":"https:\/\/xmstonetools.com\/fr\/wp-json\/wp\/v2\/product"}],"about":[{"href":"https:\/\/xmstonetools.com\/fr\/wp-json\/wp\/v2\/types\/product"}],"wp:featuredmedia":[{"embeddable":true,"href":"https:\/\/xmstonetools.com\/fr\/wp-json\/wp\/v2\/media\/2265"}],"wp:attachment":[{"href":"https:\/\/xmstonetools.com\/fr\/wp-json\/wp\/v2\/media?parent=2271"}],"wp:term":[{"taxonomy":"product_brand","embeddable":true,"href":"https:\/\/xmstonetools.com\/fr\/wp-json\/wp\/v2\/product_brand?post=2271"},{"taxonomy":"product_cat","embeddable":true,"href":"https:\/\/xmstonetools.com\/fr\/wp-json\/wp\/v2\/product_cat?post=2271"},{"taxonomy":"product_tag","embeddable":true,"href":"https:\/\/xmstonetools.com\/fr\/wp-json\/wp\/v2\/product_tag?post=2271"}],"curies":[{"name":"wp","href":"https:\/\/api.w.org\/{rel}","templated":true}]}}