{"id":1188,"date":"2022-11-14T10:56:22","date_gmt":"2022-11-14T02:56:22","guid":{"rendered":"https:\/\/xmstonetools.com\/?post_type=product&#038;p=1188"},"modified":"2023-03-28T15:58:25","modified_gmt":"2023-03-28T07:58:25","slug":"lama-circolare-diamantata-grande","status":"publish","type":"product","link":"https:\/\/xmstonetools.com\/it\/product\/lama-circolare-diamantata-grande\/","title":{"rendered":"Lama circolare diamantata grande"},"content":{"rendered":"<p>I blocchi di pietra sono un tipo di materiale lapideo con determinate forme e dimensioni che viene estratto dalla cava. Le lame per sega per il taglio dei blocchi diamantati vengono comunemente utilizzate per tagliare i materiali dei blocchi in lastre. C'\u00e8 un altro tipo di lama per sega a blocco chiamata lama per sega a nastro, questo tipo di lama \u00e8 normalmente utilizzata per il taglio di materiale in marmo. La lama circolare per taglio di blocchi pu\u00f2 essere utilizzata per il taglio di marmo e granito. Il diametro della lama per sega a blocco \u00e8 compreso tra 1000 e 3500 mm e viene normalmente applicata alla macchina per il taglio dei blocchi. Con questa macchina, possiamo installare una singola lama da taglio per blocchi e possiamo anche installare una lama multi-sega per il taglio dei blocchi. I diametri delle lame utilizzate dalle lame multiple possono essere uguali o diversi. In base al metodo di segatura, si pu\u00f2 dividere in segatura a una via e segatura a due vie. La segatura a due vie pu\u00f2 eseguire contemporaneamente sia la segatura verticale che quella orizzontale.<img loading=\"lazy\" decoding=\"async\" class=\"aligncenter wp-image-1186 size-full\" src=\"https:\/\/xmstonetools.com\/wp-content\/uploads\/2022\/11\/HTB16bzfNXXXXXXhaXXX760XFXXXO.png\" alt=\"\" width=\"593\" height=\"357\" \/><\/p>","protected":false},"excerpt":{"rendered":"<p>Siamo produttore professionale in questo campo con molti anni di esperienza di ricerca e sviluppo e di mercato, possiamo fornire il prezzo competitivo e i prodotti di alta qualit\u00e0 per voi. siamo una fabbrica che produce gli strumenti del diamante, la migliore capacit\u00e0 di produzione, il migliore controllo di qualit\u00e0, il migliore servizio.<\/p>\n<a href=\"#Quote-Button\" class=\"button primary is-large Inquiry-Button\" style=\"border-radius:99px;\">\n\t<i class=\"icon-heart\" aria-hidden=\"true\"><\/i>\t<span>Richiedi ora<\/span>\n\t<\/a>","protected":false},"featured_media":1184,"template":"","meta":[],"product_brand":[],"product_cat":[55],"product_tag":[71,72],"class_list":{"0":"post-1188","1":"product","2":"type-product","3":"status-publish","4":"has-post-thumbnail","6":"product_cat-stone-cutting-tools","7":"product_tag-block-cutting-blade","8":"product_tag-stone-saw-blade","10":"first","11":"instock","12":"shipping-taxable","13":"product-type-simple"},"aioseo_notices":[],"_links":{"self":[{"href":"https:\/\/xmstonetools.com\/it\/wp-json\/wp\/v2\/product\/1188","targetHints":{"allow":["GET"]}}],"collection":[{"href":"https:\/\/xmstonetools.com\/it\/wp-json\/wp\/v2\/product"}],"about":[{"href":"https:\/\/xmstonetools.com\/it\/wp-json\/wp\/v2\/types\/product"}],"wp:featuredmedia":[{"embeddable":true,"href":"https:\/\/xmstonetools.com\/it\/wp-json\/wp\/v2\/media\/1184"}],"wp:attachment":[{"href":"https:\/\/xmstonetools.com\/it\/wp-json\/wp\/v2\/media?parent=1188"}],"wp:term":[{"taxonomy":"product_brand","embeddable":true,"href":"https:\/\/xmstonetools.com\/it\/wp-json\/wp\/v2\/product_brand?post=1188"},{"taxonomy":"product_cat","embeddable":true,"href":"https:\/\/xmstonetools.com\/it\/wp-json\/wp\/v2\/product_cat?post=1188"},{"taxonomy":"product_tag","embeddable":true,"href":"https:\/\/xmstonetools.com\/it\/wp-json\/wp\/v2\/product_tag?post=1188"}],"curies":[{"name":"wp","href":"https:\/\/api.w.org\/{rel}","templated":true}]}}