{"id":1196,"date":"2022-11-14T16:09:43","date_gmt":"2022-11-14T08:09:43","guid":{"rendered":"https:\/\/xmstonetools.com\/?post_type=product&#038;p=1196"},"modified":"2023-03-28T15:58:17","modified_gmt":"2023-03-28T07:58:17","slug":"tampone-flessibile-per-lucidatura-a-umido","status":"publish","type":"product","link":"https:\/\/xmstonetools.com\/it\/product\/tampone-flessibile-per-lucidatura-a-umido\/","title":{"rendered":"Tampone flessibile per lucidatura a umido"},"content":{"rendered":"<p><img loading=\"lazy\" decoding=\"async\" class=\"aligncenter wp-image-1191 size-full\" src=\"https:\/\/xmstonetools.com\/wp-content\/uploads\/2022\/11\/Flexible-Wet-Polishing-Pad-Details-2-scaled.jpg\" alt=\"\" width=\"694\" height=\"2560\" srcset=\"https:\/\/xmstonetools.com\/wp-content\/uploads\/2022\/11\/Flexible-Wet-Polishing-Pad-Details-2-scaled.jpg 694w, https:\/\/xmstonetools.com\/wp-content\/uploads\/2022\/11\/Flexible-Wet-Polishing-Pad-Details-2-217x800.jpg 217w, https:\/\/xmstonetools.com\/wp-content\/uploads\/2022\/11\/Flexible-Wet-Polishing-Pad-Details-2-768x2832.jpg 768w, https:\/\/xmstonetools.com\/wp-content\/uploads\/2022\/11\/Flexible-Wet-Polishing-Pad-Details-2-555x2048.jpg 555w, https:\/\/xmstonetools.com\/wp-content\/uploads\/2022\/11\/Flexible-Wet-Polishing-Pad-Details-2-600x2212.jpg 600w\" sizes=\"auto, (max-width: 694px) 100vw, 694px\" \/> <img loading=\"lazy\" decoding=\"async\" class=\"aligncenter wp-image-1190 size-full\" src=\"https:\/\/xmstonetools.com\/wp-content\/uploads\/2022\/11\/Flexible-Wet-Polishing-Pad-Details-1.jpg\" alt=\"\" width=\"790\" height=\"2335\" srcset=\"https:\/\/xmstonetools.com\/wp-content\/uploads\/2022\/11\/Flexible-Wet-Polishing-Pad-Details-1.jpg 790w, https:\/\/xmstonetools.com\/wp-content\/uploads\/2022\/11\/Flexible-Wet-Polishing-Pad-Details-1-135x400.jpg 135w, https:\/\/xmstonetools.com\/wp-content\/uploads\/2022\/11\/Flexible-Wet-Polishing-Pad-Details-1-271x800.jpg 271w, https:\/\/xmstonetools.com\/wp-content\/uploads\/2022\/11\/Flexible-Wet-Polishing-Pad-Details-1-768x2270.jpg 768w, https:\/\/xmstonetools.com\/wp-content\/uploads\/2022\/11\/Flexible-Wet-Polishing-Pad-Details-1-520x1536.jpg 520w, https:\/\/xmstonetools.com\/wp-content\/uploads\/2022\/11\/Flexible-Wet-Polishing-Pad-Details-1-693x2048.jpg 693w, https:\/\/xmstonetools.com\/wp-content\/uploads\/2022\/11\/Flexible-Wet-Polishing-Pad-Details-1-600x1773.jpg 600w\" sizes=\"auto, (max-width: 790px) 100vw, 790px\" \/> <img loading=\"lazy\" decoding=\"async\" class=\"aligncenter wp-image-1189 size-medium\" src=\"https:\/\/xmstonetools.com\/wp-content\/uploads\/2022\/11\/Flexible-Polishing-Pad-Quality-746x400.jpg\" alt=\"\" width=\"746\" height=\"400\" srcset=\"https:\/\/xmstonetools.com\/wp-content\/uploads\/2022\/11\/Flexible-Polishing-Pad-Quality-746x400.jpg 746w, https:\/\/xmstonetools.com\/wp-content\/uploads\/2022\/11\/Flexible-Polishing-Pad-Quality-768x412.jpg 768w, https:\/\/xmstonetools.com\/wp-content\/uploads\/2022\/11\/Flexible-Polishing-Pad-Quality-600x322.jpg 600w, https:\/\/xmstonetools.com\/wp-content\/uploads\/2022\/11\/Flexible-Polishing-Pad-Quality.jpg 1345w\" sizes=\"auto, (max-width: 746px) 100vw, 746px\" \/><\/p>\n<table class=\"all magic-0\" style=\"height: 161px;\" width=\"643\">\n<tbody>\n<tr>\n<td colspan=\"1\" rowspan=\"1\">\n<div class=\"magic-1\">Dimensione<\/div>\n<\/td>\n<td colspan=\"1\" rowspan=\"1\">\n<div class=\"magic-2\">3\u201d,4\u201d,5\u201d,6\u201d,7\u201d,8\u201d,9\u201d,10\u201d<\/div>\n<\/td>\n<\/tr>\n<tr>\n<td colspan=\"1\" rowspan=\"1\">\n<div class=\"magic-1\">Diametro<\/div>\n<\/td>\n<td colspan=\"1\" rowspan=\"1\">\n<div class=\"magic-2\">80mm,100mm,125mm,150mm,180mm,200mm<\/div>\n<\/td>\n<\/tr>\n<tr>\n<td colspan=\"1\" rowspan=\"1\">\n<div class=\"magic-1\">Grinta<\/div>\n<\/td>\n<td colspan=\"1\" rowspan=\"1\">\n<div class=\"magic-2\">50#, 100#, 200#, 400#, 800#, 1500#, 3000# buff<\/div>\n<\/td>\n<\/tr>\n<tr>\n<td colspan=\"1\" rowspan=\"1\">\n<div class=\"magic-1\">Applicazione<\/div>\n<\/td>\n<td colspan=\"1\" rowspan=\"1\">\n<div class=\"magic-2\">Marmo e granito<\/div>\n<\/td>\n<\/tr>\n<tr>\n<td colspan=\"1\" rowspan=\"1\">\n<div class=\"magic-1\">Colore<\/div>\n<\/td>\n<td colspan=\"1\" rowspan=\"1\">\n<div class=\"magic-2\">Grigio o personalizzato<\/div>\n<\/td>\n<\/tr>\n<tr>\n<td colspan=\"1\" rowspan=\"1\">\n<div class=\"magic-1\">Macchina applicata<\/div>\n<\/td>\n<td colspan=\"1\" rowspan=\"1\">\n<div class=\"magic-2\">Smerigliatrice angolare e lucidatrice<\/div>\n<\/td>\n<\/tr>\n<\/tbody>\n<\/table>","protected":false},"excerpt":{"rendered":"<p>4 pollici 100 mm secco e bagnato lucidatura 7 passo diamante umido lucidatura Pad per marmo Granite.10 pezzi sono confezionati in una piccola scatola bianca, la cui dimensione pu\u00f2 essere apposto sulla parte esterna della scatola, o pu\u00f2 essere confezionato in sacchetti di plastica, che pu\u00f2 essere confezionato secondo i requisiti del cliente.<\/p>\n<p>Abbiamo :<\/p>\n<p>1) Pad per la lucidatura della pietra<br \/>\n2) Pad per la lucidatura del calcestruzzo<br \/>\n3) Lucidatura a tampone<\/p>\n<a href=\"#Quote-Button\" class=\"button primary is-large Inquiry-Button\" style=\"border-radius:99px;\">\n\t<i class=\"icon-heart\" aria-hidden=\"true\"><\/i>\t<span>Richiedi ora<\/span>\n\t<\/a>","protected":false},"featured_media":1194,"template":"","meta":[],"product_brand":[],"product_cat":[57],"product_tag":[74,73],"class_list":{"0":"post-1196","1":"product","2":"type-product","3":"status-publish","4":"has-post-thumbnail","6":"product_cat-stone-polishing-tools","7":"product_tag-flexible-polishing-pad","8":"product_tag-stone-polishing-tools","10":"first","11":"instock","12":"shipping-taxable","13":"product-type-simple"},"aioseo_notices":[],"_links":{"self":[{"href":"https:\/\/xmstonetools.com\/it\/wp-json\/wp\/v2\/product\/1196","targetHints":{"allow":["GET"]}}],"collection":[{"href":"https:\/\/xmstonetools.com\/it\/wp-json\/wp\/v2\/product"}],"about":[{"href":"https:\/\/xmstonetools.com\/it\/wp-json\/wp\/v2\/types\/product"}],"wp:featuredmedia":[{"embeddable":true,"href":"https:\/\/xmstonetools.com\/it\/wp-json\/wp\/v2\/media\/1194"}],"wp:attachment":[{"href":"https:\/\/xmstonetools.com\/it\/wp-json\/wp\/v2\/media?parent=1196"}],"wp:term":[{"taxonomy":"product_brand","embeddable":true,"href":"https:\/\/xmstonetools.com\/it\/wp-json\/wp\/v2\/product_brand?post=1196"},{"taxonomy":"product_cat","embeddable":true,"href":"https:\/\/xmstonetools.com\/it\/wp-json\/wp\/v2\/product_cat?post=1196"},{"taxonomy":"product_tag","embeddable":true,"href":"https:\/\/xmstonetools.com\/it\/wp-json\/wp\/v2\/product_tag?post=1196"}],"curies":[{"name":"wp","href":"https:\/\/api.w.org\/{rel}","templated":true}]}}