{"id":1211,"date":"2022-11-14T19:40:25","date_gmt":"2022-11-14T11:40:25","guid":{"rendered":"https:\/\/xmstonetools.com\/?post_type=product&#038;p=1211"},"modified":"2023-03-28T15:57:11","modified_gmt":"2023-03-28T07:57:11","slug":"abrasivo-a-legante-resinoso-fickert","status":"publish","type":"product","link":"https:\/\/xmstonetools.com\/it\/product\/abrasivo-a-legante-resinoso-fickert\/","title":{"rendered":"Abrasivo a legame di resina Fickert"},"content":{"rendered":"<p>140\/170 Legame di resina Fickert pietra abrasiva Fickert metallo strumenti diamantati per la macinazione di pietra<\/p>\n<table style=\"height: 286px;\" border=\"1\" width=\"654\">\n<tbody>\n<tr>\n<td><strong>Nome del prodotto<\/strong><\/td>\n<td data-spm-anchor-id=\"a2700.details.0.i6.a5f357ccxQBv62\"><span data-spm-anchor-id=\"a2700.details.0.i7.a5f357ccxQBv62\">Legame di resina Fickert Pietra abrasiva Fickert\u00a0<\/span><\/td>\n<\/tr>\n<tr>\n<td><strong>Forma<\/strong><\/td>\n<td>Fickert<\/td>\n<\/tr>\n<tr>\n<td><strong>materiale<\/strong><\/td>\n<td>Diamante<\/td>\n<\/tr>\n<tr>\n<td><strong>materiale<\/strong><\/td>\n<td>Legame diamante + resina<\/td>\n<\/tr>\n<tr>\n<td><strong>Grinta<\/strong><\/td>\n<td>24#,36#,46#,60#,80#,120#,180#,240#,320#,500#,800#<\/td>\n<\/tr>\n<tr>\n<td><strong>Utilizzo<\/strong><\/td>\n<td>Per la lavorazione di superfici in granito\/quarzo\/terrazzo<\/td>\n<\/tr>\n<tr>\n<td><strong>Macchina<\/strong><\/td>\n<td>Macchina automatica per la rettifica e la lucidatura,<\/p>\n<p>Macchina portatile<\/td>\n<\/tr>\n<tr>\n<td><strong>Servizio<\/strong><\/td>\n<td>OEM, personalizzato<\/td>\n<\/tr>\n<\/tbody>\n<\/table>\n<div><\/div>\n<figure id=\"attachment_1209\" aria-describedby=\"caption-attachment-1209\" style=\"width: 750px\" class=\"wp-caption aligncenter\"><img loading=\"lazy\" decoding=\"async\" class=\"wp-image-1209 size-full\" src=\"https:\/\/xmstonetools.com\/wp-content\/uploads\/2022\/11\/Applications-of-Resin-Bond-Abrasive-Fickert.jpg\" alt=\"Applicazioni di resina-bond-abrasivo-fickert\" width=\"750\" height=\"643\" srcset=\"https:\/\/xmstonetools.com\/wp-content\/uploads\/2022\/11\/Applications-of-Resin-Bond-Abrasive-Fickert.jpg 750w, https:\/\/xmstonetools.com\/wp-content\/uploads\/2022\/11\/Applications-of-Resin-Bond-Abrasive-Fickert-467x400.jpg 467w, https:\/\/xmstonetools.com\/wp-content\/uploads\/2022\/11\/Applications-of-Resin-Bond-Abrasive-Fickert-600x514.jpg 600w\" sizes=\"auto, (max-width: 750px) 100vw, 750px\" \/><figcaption id=\"caption-attachment-1209\" class=\"wp-caption-text\">Applicazioni di resina-bond-abrasivo-fickert<\/figcaption><\/figure>\n<p>&nbsp;<\/p>","protected":false},"excerpt":{"rendered":"<p align=\"left\"><span data-spm-anchor-id=\"a2700.details.0.i3.6625d41e7dLwbM\">Rispetto ai tradizionali abrasivi al carburo di silicio, i vantaggi dell'abrasivo diamantato a legante resinato Fickert <\/span>possono essere riassunti come segue:<\/p>\n<p align=\"left\"><span data-spm-anchor-id=\"a2700.details.0.i5.6625d41e7dLwbM\">1.  Lunga durata, da 80 a 150 volte superiore a quella del carburo di silicio tradizionale.\u00a0<\/span>abrasivi.<\/p>\n<p align=\"left\">2.  L'efficienza della macinazione \u00e8 aumentata di oltre 50%, il consumo di energia elettrica della lucidatura \u00e8 aumentato di oltre il 50%.\u00a0<span data-spm-anchor-id=\"a2700.details.0.i6.6625d41e7dLwbM\">mandrini \u00e8 diminuita di oltre 40% e la velocit\u00e0 di lucidatura \u00e8 aumentata\u00a0<\/span>di oltre 20%.<\/p>\n<p align=\"left\">3.  I costi di manutenzione del mandrino di lucidatura e del nastro sono ridotti di oltre 30%.<\/p>\n<p align=\"left\">4.  I residui di macinazione si riducono a meno di 1% di quelli prodotti dai tradizionali abrasivi al carburo di silicio, che possono essere quasi trascurati.<\/p>\n<p align=\"left\">5.  Il carico di lavoro dell'operatore si riduce visibilmente e si risparmia sul costo della manodopera.<\/p>\n<p align=\"left\"><span data-spm-anchor-id=\"a2700.details.0.i4.6625d41e7dLwbM\">6.  La quantit\u00e0 di trasporto di abrasivi richiesta \u00e8 molto ridotta, in modo da risparmiare i costi di trasporto.\u00a0<\/span>risorse sociali connesse, come l'energia e la logistica, ecc.<\/p>\n<p align=\"left\"><a href=\"#Quote-Button\" class=\"button primary is-large Inquiry-Button\" style=\"border-radius:99px;\">\n\t<i class=\"icon-heart\" aria-hidden=\"true\"><\/i>\t<span>Richiedi ora<\/span>\n\t<\/a>","protected":false},"featured_media":1210,"template":"","meta":[],"product_brand":[],"product_cat":[56],"product_tag":[75],"class_list":{"0":"post-1211","1":"product","2":"type-product","3":"status-publish","4":"has-post-thumbnail","6":"product_cat-stone-grinding-tools","7":"product_tag-resin-bond-abrasive-fickert","9":"first","10":"instock","11":"shipping-taxable","12":"product-type-simple"},"aioseo_notices":[],"_links":{"self":[{"href":"https:\/\/xmstonetools.com\/it\/wp-json\/wp\/v2\/product\/1211","targetHints":{"allow":["GET"]}}],"collection":[{"href":"https:\/\/xmstonetools.com\/it\/wp-json\/wp\/v2\/product"}],"about":[{"href":"https:\/\/xmstonetools.com\/it\/wp-json\/wp\/v2\/types\/product"}],"wp:featuredmedia":[{"embeddable":true,"href":"https:\/\/xmstonetools.com\/it\/wp-json\/wp\/v2\/media\/1210"}],"wp:attachment":[{"href":"https:\/\/xmstonetools.com\/it\/wp-json\/wp\/v2\/media?parent=1211"}],"wp:term":[{"taxonomy":"product_brand","embeddable":true,"href":"https:\/\/xmstonetools.com\/it\/wp-json\/wp\/v2\/product_brand?post=1211"},{"taxonomy":"product_cat","embeddable":true,"href":"https:\/\/xmstonetools.com\/it\/wp-json\/wp\/v2\/product_cat?post=1211"},{"taxonomy":"product_tag","embeddable":true,"href":"https:\/\/xmstonetools.com\/it\/wp-json\/wp\/v2\/product_tag?post=1211"}],"curies":[{"name":"wp","href":"https:\/\/api.w.org\/{rel}","templated":true}]}}