{"id":1158,"date":"2022-11-13T22:19:35","date_gmt":"2022-11-13T14:19:35","guid":{"rendered":"https:\/\/xmstonetools.com\/?post_type=product&#038;p=1158"},"modified":"2023-03-28T15:59:53","modified_gmt":"2023-03-28T07:59:53","slug":"segmentos-de-diamante-para-mineracao-em-pedreiras","status":"publish","type":"product","link":"https:\/\/xmstonetools.com\/pt\/product\/segmentos-de-diamante-para-mineracao-em-pedreiras\/","title":{"rendered":"Segmentos de diamante para minera\u00e7\u00e3o de pedreiras"},"content":{"rendered":"<p><strong><span data-spm-anchor-id=\"a2700.details.0.i15.e4252270hxnvGB\">Detalhes do produto:<\/span><\/strong><br \/>\nSegmentos de diamanteOs segmentos s\u00e3o fixados ao n\u00facleo por brasagem com solda de prata;<br \/>\nSegmento de diamante de alta qualidade Fabricado com diamante de alta qualidade por meio de t\u00e9cnicas especiais e avan\u00e7adas;<br \/>\nSegmento para l\u00e2mina de 100 mm a 3000 mm de di\u00e2metro;<br \/>\nAs especifica\u00e7\u00f5es fornecidas pelos clientes est\u00e3o dispon\u00edveis;<br \/>\nAlta efici\u00eancia de corte e longa vida \u00fatil;<br \/>\n<strong>Formul\u00e1rios:<\/strong><br \/>\nFormato M, formato K, formato c\u00f4nico, formato plano, formato T, formato U, etc.<\/p>\n<p><strong><span data-spm-anchor-id=\"a2700.details.0.i16.e4252270hxnvGB\">Aplica\u00e7\u00e3o do segmento de diamantes:<\/span><\/strong><br \/>\nO segmento de diamante pode ser produzido para cortar granito, m\u00e1rmore, asfalto, azulejos, concreto, materiais \u00e0 prova de fogo ou para m\u00e1quinas de polimento cont\u00ednuo. Nossos segmentos de diamante para l\u00e2minas de serra circular de grande porte s\u00e3o sempre fabricados em formato de sandu\u00edche. Independentemente do formato, o objetivo \u00e9 obter um bom resfriamento e uma f\u00e1cil remo\u00e7\u00e3o de lascas. Os diamantes e a liga\u00e7\u00e3o nas camadas externa e interna s\u00e3o cuidadosamente projetados para garantir a estabilidade do corte.<\/p>\n<table class=\"aliDataTable\" border=\"1\" cellspacing=\"0\" cellpadding=\"0\">\n<tbody>\n<tr align=\"left\">\n<td rowspan=\"2\"><strong>N\u00famero do modelo<\/strong><\/td>\n<td><strong>Polegadas<\/strong><\/td>\n<td><strong>Di\u00e2metro<\/strong><\/td>\n<td><strong>Comprimento<\/strong><\/td>\n<td><strong>Altura (plana)<\/strong><\/td>\n<td><strong>Altura (plana)<\/strong><\/td>\n<td><strong>Altura (tipo)<\/strong><\/td>\n<td rowspan=\"2\"><strong>Segmento n\u00ba.\u00a0<\/strong><\/td>\n<td rowspan=\"2\"><strong>Uso para<\/strong><\/td>\n<\/tr>\n<tr align=\"left\">\n<td><strong>(em)<\/strong><\/td>\n<td><strong>(mm)<\/strong><\/td>\n<td><strong>(mm)<\/strong><\/td>\n<td><strong>(mm)<\/strong><\/td>\n<td><strong>(mm)<\/strong><\/td>\n<td><strong>(mm)<\/strong><\/td>\n<\/tr>\n<tr align=\"left\">\n<td><strong>HSGB300<\/strong><\/td>\n<td>12<\/td>\n<td>300<\/td>\n<td>38<\/td>\n<td>3.0\/3.2<\/td>\n<td>10\/12\/15<\/td>\n<td rowspan=\"6\">10\/12\/15<\/td>\n<td>21<\/td>\n<td rowspan=\"16\">l\u00e2minas simples ou m\u00faltiplas<\/td>\n<\/tr>\n<tr align=\"left\">\n<td><strong>HSGB350<\/strong><\/td>\n<td>14<\/td>\n<td>350<\/td>\n<td>38<\/td>\n<td>3.2\/3.4<\/td>\n<td>10\/12\/15<\/td>\n<td>24<\/td>\n<\/tr>\n<tr align=\"left\">\n<td><strong>HSGB400<\/strong><\/td>\n<td>16<\/td>\n<td>400<\/td>\n<td>38<\/td>\n<td>3.6\/3.8<\/td>\n<td>10\/12\/15<\/td>\n<td>28<\/td>\n<\/tr>\n<tr align=\"left\">\n<td><strong>HSGB450<\/strong><\/td>\n<td>18<\/td>\n<td>450<\/td>\n<td>38<\/td>\n<td>3.8\/4.2<\/td>\n<td>10\/12\/15<\/td>\n<td>32<\/td>\n<\/tr>\n<tr align=\"left\">\n<td><strong>HSGB500<\/strong><\/td>\n<td>20<\/td>\n<td>500<\/td>\n<td>38<\/td>\n<td>4.4\/4.8<\/td>\n<td>10\/12\/15<\/td>\n<td>36<\/td>\n<\/tr>\n<tr align=\"left\">\n<td><strong>HSGB600<\/strong><\/td>\n<td>24<\/td>\n<td>600<\/td>\n<td>38<\/td>\n<td>4.8\/5.2<\/td>\n<td>10\/12\/15<\/td>\n<td>42<\/td>\n<\/tr>\n<tr align=\"left\">\n<td><strong>HSGB800<\/strong><\/td>\n<td>32<\/td>\n<td>800<\/td>\n<td>22.5\/24<\/td>\n<td>6.6\/7.4<\/td>\n<td>12\/15\/20<\/td>\n<td rowspan=\"6\">11.5\/12.5<\/td>\n<td>70<\/td>\n<\/tr>\n<tr align=\"left\">\n<td><strong>HSGB900<\/strong><\/td>\n<td>36<\/td>\n<td>900<\/td>\n<td>22.5\/24<\/td>\n<td>7.0\/7.8<\/td>\n<td>12\/15\/20<\/td>\n<td>80<\/td>\n<\/tr>\n<tr align=\"left\">\n<td><strong>HSGB1000<\/strong><\/td>\n<td>40<\/td>\n<td>1000<\/td>\n<td>22.5\/24<\/td>\n<td>7.6\/8.2<\/td>\n<td>12\/15\/20<\/td>\n<td>92<\/td>\n<\/tr>\n<tr align=\"left\">\n<td><strong>HSGB1200<\/strong><\/td>\n<td>48<\/td>\n<td>1200<\/td>\n<td>22.5\/24<\/td>\n<td data-spm-anchor-id=\"a2700.details.0.i11.e4252270hxnvGB\">7.8\/8.4<\/td>\n<td data-spm-anchor-id=\"a2700.details.0.i12.e4252270hxnvGB\">12\/15\/20<\/td>\n<td>92<\/td>\n<\/tr>\n<tr align=\"left\">\n<td><strong>HSGB1400<\/strong><\/td>\n<td>56<\/td>\n<td>1400<\/td>\n<td>22.5\/24<\/td>\n<td>8.0\/8.8<\/td>\n<td>12\/15\/20<\/td>\n<td>96<\/td>\n<\/tr>\n<tr align=\"left\">\n<td><strong>HSGB1600<\/strong><\/td>\n<td>64<\/td>\n<td>1600<\/td>\n<td>22.5\/24<\/td>\n<td>8.4\/9.2<\/td>\n<td>12\/15\/20<\/td>\n<td>108<\/td>\n<\/tr>\n<tr align=\"left\">\n<td><strong>HSGB1800<\/strong><\/td>\n<td>72<\/td>\n<td>1800<\/td>\n<td>22.5\/24<\/td>\n<td>9.2\/9.8<\/td>\n<td>12\/15\/20<\/td>\n<td rowspan=\"4\">14\/15<\/td>\n<td>120<\/td>\n<\/tr>\n<tr align=\"left\">\n<td><strong>HSGB2000<\/strong><\/td>\n<td>80<\/td>\n<td>2000<\/td>\n<td>22.5\/24<\/td>\n<td>9.6\/10.2<\/td>\n<td>12\/15\/20<\/td>\n<td>128<\/td>\n<\/tr>\n<tr align=\"left\">\n<td><strong>HSGB2200<\/strong><\/td>\n<td>88<\/td>\n<td>2200<\/td>\n<td>22.5\/24<\/td>\n<td>13.6\/14.2<\/td>\n<td>12\/15\/20<\/td>\n<td>132<\/td>\n<\/tr>\n<tr align=\"left\">\n<td><strong>HSGB2500<\/strong><\/td>\n<td>100<\/td>\n<td>2500<\/td>\n<td>22.5\/24<\/td>\n<td>14.5\/15.1<\/td>\n<td>12\/15\/20<\/td>\n<td>140<\/td>\n<\/tr>\n<\/tbody>\n<\/table>\n<p>&nbsp;<\/p>","protected":false},"excerpt":{"rendered":"<p><strong>Vantagem de nosso segmento de diamantes:<\/strong><br \/>\n1. Alta porcentagem de materiais de liga\u00e7\u00e3o<br \/>\n2. Alto grau de diamantes<br \/>\n3. Mais de 13 anos de experi\u00eancia com centenas de f\u00f3rmulas contra diferentes pedras<br \/>\n4. Pre\u00e7o competitivo e qualidade est\u00e1vel<br \/>\n5. Controle de qualidade rigoroso<br \/>\n6. Nossos produtos t\u00eam longa vida \u00fatil e proporcionam um corte preciso<\/p>\n<a href=\"#Quote-Button\" class=\"button primary is-large Inquiry-Button\" style=\"border-radius:99px;\">\n\t<i class=\"icon-heart\" aria-hidden=\"true\"><\/i>\t<span>Solicite agora<\/span>\n\t<\/a>","protected":false},"featured_media":1415,"template":"","meta":[],"product_brand":[],"product_cat":[58],"product_tag":[64,65],"class_list":{"0":"post-1158","1":"product","2":"type-product","3":"status-publish","4":"has-post-thumbnail","6":"product_cat-diamond-segments","7":"product_tag-diamond-segments","8":"product_tag-marble-quarrying-segment","10":"first","11":"instock","12":"shipping-taxable","13":"product-type-simple"},"aioseo_notices":[],"_links":{"self":[{"href":"https:\/\/xmstonetools.com\/pt\/wp-json\/wp\/v2\/product\/1158","targetHints":{"allow":["GET"]}}],"collection":[{"href":"https:\/\/xmstonetools.com\/pt\/wp-json\/wp\/v2\/product"}],"about":[{"href":"https:\/\/xmstonetools.com\/pt\/wp-json\/wp\/v2\/types\/product"}],"wp:featuredmedia":[{"embeddable":true,"href":"https:\/\/xmstonetools.com\/pt\/wp-json\/wp\/v2\/media\/1415"}],"wp:attachment":[{"href":"https:\/\/xmstonetools.com\/pt\/wp-json\/wp\/v2\/media?parent=1158"}],"wp:term":[{"taxonomy":"product_brand","embeddable":true,"href":"https:\/\/xmstonetools.com\/pt\/wp-json\/wp\/v2\/product_brand?post=1158"},{"taxonomy":"product_cat","embeddable":true,"href":"https:\/\/xmstonetools.com\/pt\/wp-json\/wp\/v2\/product_cat?post=1158"},{"taxonomy":"product_tag","embeddable":true,"href":"https:\/\/xmstonetools.com\/pt\/wp-json\/wp\/v2\/product_tag?post=1158"}],"curies":[{"name":"wp","href":"https:\/\/api.w.org\/{rel}","templated":true}]}}