{"id":1168,"date":"2022-11-14T10:20:44","date_gmt":"2022-11-14T02:20:44","guid":{"rendered":"https:\/\/xmstonetools.com\/?post_type=product&#038;p=1168"},"modified":"2023-03-28T15:59:44","modified_gmt":"2023-03-28T07:59:44","slug":"broca-de-roteador-de-diamante-soldada-a-vacuo","status":"publish","type":"product","link":"https:\/\/xmstonetools.com\/pt\/product\/broca-de-roteador-de-diamante-soldada-a-vacuo\/","title":{"rendered":"Broca de roteador de diamante soldada a v\u00e1cuo"},"content":{"rendered":"<div>\n<figure id=\"attachment_1166\" aria-describedby=\"caption-attachment-1166\" style=\"width: 1020px\" class=\"wp-caption aligncenter\"><img loading=\"lazy\" decoding=\"async\" class=\"wp-image-1166 size-large\" src=\"https:\/\/xmstonetools.com\/wp-content\/uploads\/2022\/11\/Details-of-Vacuum-Brazed-Diamond-Router-Bits-1216x800.jpg\" alt=\"Detalhes dos bits de roteador de diamante soldados a v\u00e1cuo\" width=\"1020\" height=\"671\" srcset=\"https:\/\/xmstonetools.com\/wp-content\/uploads\/2022\/11\/Details-of-Vacuum-Brazed-Diamond-Router-Bits-1216x800.jpg 1216w, https:\/\/xmstonetools.com\/wp-content\/uploads\/2022\/11\/Details-of-Vacuum-Brazed-Diamond-Router-Bits-608x400.jpg 608w, https:\/\/xmstonetools.com\/wp-content\/uploads\/2022\/11\/Details-of-Vacuum-Brazed-Diamond-Router-Bits-768x505.jpg 768w, https:\/\/xmstonetools.com\/wp-content\/uploads\/2022\/11\/Details-of-Vacuum-Brazed-Diamond-Router-Bits-600x395.jpg 600w, https:\/\/xmstonetools.com\/wp-content\/uploads\/2022\/11\/Details-of-Vacuum-Brazed-Diamond-Router-Bits.jpg 1303w\" sizes=\"auto, (max-width: 1020px) 100vw, 1020px\" \/><figcaption id=\"caption-attachment-1166\" class=\"wp-caption-text\">Detalhes dos bits de roteador de diamante soldados a v\u00e1cuo<\/figcaption><\/figure>\n<figure id=\"attachment_1165\" aria-describedby=\"caption-attachment-1165\" style=\"width: 750px\" class=\"wp-caption aligncenter\"><img loading=\"lazy\" decoding=\"async\" class=\"wp-image-1165 size-full\" src=\"https:\/\/xmstonetools.com\/wp-content\/uploads\/2022\/11\/Design-Diamond-Router-Bits.jpg\" alt=\"Bits de roteador de diamante de design\" width=\"750\" height=\"458\" srcset=\"https:\/\/xmstonetools.com\/wp-content\/uploads\/2022\/11\/Design-Diamond-Router-Bits.jpg 750w, https:\/\/xmstonetools.com\/wp-content\/uploads\/2022\/11\/Design-Diamond-Router-Bits-655x400.jpg 655w, https:\/\/xmstonetools.com\/wp-content\/uploads\/2022\/11\/Design-Diamond-Router-Bits-600x366.jpg 600w\" sizes=\"auto, (max-width: 750px) 100vw, 750px\" \/><figcaption id=\"caption-attachment-1165\" class=\"wp-caption-text\">Bits de roteador de diamante de design<\/figcaption><\/figure>\n<figure id=\"attachment_1167\" aria-describedby=\"caption-attachment-1167\" style=\"width: 729px\" class=\"wp-caption aligncenter\"><img loading=\"lazy\" decoding=\"async\" class=\"wp-image-1167 size-full\" src=\"https:\/\/xmstonetools.com\/wp-content\/uploads\/2022\/11\/Packing-of-Vacuum-Brazed-Diamond-Router-Bits.jpg\" alt=\"Embalagem de bits de roteador de diamante soldados a v\u00e1cuo\" width=\"729\" height=\"701\" srcset=\"https:\/\/xmstonetools.com\/wp-content\/uploads\/2022\/11\/Packing-of-Vacuum-Brazed-Diamond-Router-Bits.jpg 729w, https:\/\/xmstonetools.com\/wp-content\/uploads\/2022\/11\/Packing-of-Vacuum-Brazed-Diamond-Router-Bits-416x400.jpg 416w, https:\/\/xmstonetools.com\/wp-content\/uploads\/2022\/11\/Packing-of-Vacuum-Brazed-Diamond-Router-Bits-600x577.jpg 600w\" sizes=\"auto, (max-width: 729px) 100vw, 729px\" \/><figcaption id=\"caption-attachment-1167\" class=\"wp-caption-text\">Embalagem de bits de roteador de diamante soldados a v\u00e1cuo<\/figcaption><\/figure>\n<p>Especifica\u00e7\u00e3o:20mm 30mm 40mm<\/p>\n<\/div>\n<div class=\"rich-text-table\">\n<div class=\"w-full oxa\">\n<table width=\"1078\" cellspacing=\"1\" cellpadding=\"1\">\n<tbody>\n<tr class=\"firstRow\">\n<td width=\"538\" height=\"14\">Marca:<\/td>\n<td width=\"538\" height=\"14\">Sino Poly<\/td>\n<\/tr>\n<tr>\n<td width=\"538\">N\u00ba do produto<\/td>\n<td width=\"538\">ZL-C1B<\/td>\n<\/tr>\n<tr>\n<td width=\"538\">Tipo:<\/td>\n<td width=\"538\">Roda de perfil de diamante<\/td>\n<\/tr>\n<tr>\n<td width=\"538\" height=\"20\">Tamanho:<\/td>\n<td width=\"538\" height=\"20\">20mm 30mm 40mm<\/td>\n<\/tr>\n<tr>\n<td width=\"538\">O l\u00edder:<\/td>\n<td width=\"538\">M14,5\/8-11<\/td>\n<\/tr>\n<tr>\n<td width=\"538\">Uso:<\/td>\n<td width=\"538\">Granito, m\u00e1rmore, outras pedras com perfil<\/td>\n<\/tr>\n<tr>\n<td width=\"538\">Embalagem:<\/td>\n<td width=\"538\">Caixa de papel\u00e3o padr\u00e3o para exporta\u00e7\u00e3o<\/td>\n<\/tr>\n<tr>\n<td width=\"538\">MOQ:<\/td>\n<td width=\"538\">10Set<\/td>\n<\/tr>\n<tr>\n<td width=\"538\">Prazo de entrega:<\/td>\n<td width=\"538\">5 a 15 dias \u00fateis<\/td>\n<\/tr>\n<\/tbody>\n<\/table>\n<\/div>\n<\/div>","protected":false},"excerpt":{"rendered":"<p><span data-spm-anchor-id=\"a2700.details.0.i5.20fc54c9GMivF6\">Usado principalmente para moldar a borda ou a linha curva de v\u00e1rios tipos de granito e m\u00e1rmore no tipo manual <a href=\"https:\/\/xmstonetools.com\/pt\/product\/brocas-de-diamante\/\" target=\"_blank\" rel=\"noopener\">cria\u00e7\u00e3o de perfis<\/a> m\u00e1quinas como esmerilhadeira angular ou polidor de \u00e1gua.<\/span><\/p>\n<p><span data-spm-anchor-id=\"a2700.details.0.i5.20fc54c9GMivF6\">1)\u00a0<\/span>Longa vida \u00fatil e corte agressivo com desempenho est\u00e1vel<\/p>\n<p>2) Esmerilhamento r\u00e1pido e suave<br \/>\n3) Pre\u00e7o competitivo e qualidade superior.<br \/>\n4) Alta qualidade: Deve ser aprovado em nossos testes de controle de qualidade por 3 vezes<\/p>\n<a href=\"#Quote-Button\" class=\"button primary is-large Inquiry-Button\" style=\"border-radius:99px;\">\n\t<i class=\"icon-heart\" aria-hidden=\"true\"><\/i>\t<span>Solicite agora<\/span>\n\t<\/a>","protected":false},"featured_media":1162,"template":"","meta":[],"product_brand":[],"product_cat":[56],"product_tag":[67,66],"class_list":{"0":"post-1168","1":"product","2":"type-product","3":"status-publish","4":"has-post-thumbnail","6":"product_cat-stone-grinding-tools","7":"product_tag-diamond-cup-wheels","8":"product_tag-vacuum-brazed-stone-tools","10":"first","11":"instock","12":"shipping-taxable","13":"product-type-simple"},"aioseo_notices":[],"_links":{"self":[{"href":"https:\/\/xmstonetools.com\/pt\/wp-json\/wp\/v2\/product\/1168","targetHints":{"allow":["GET"]}}],"collection":[{"href":"https:\/\/xmstonetools.com\/pt\/wp-json\/wp\/v2\/product"}],"about":[{"href":"https:\/\/xmstonetools.com\/pt\/wp-json\/wp\/v2\/types\/product"}],"wp:featuredmedia":[{"embeddable":true,"href":"https:\/\/xmstonetools.com\/pt\/wp-json\/wp\/v2\/media\/1162"}],"wp:attachment":[{"href":"https:\/\/xmstonetools.com\/pt\/wp-json\/wp\/v2\/media?parent=1168"}],"wp:term":[{"taxonomy":"product_brand","embeddable":true,"href":"https:\/\/xmstonetools.com\/pt\/wp-json\/wp\/v2\/product_brand?post=1168"},{"taxonomy":"product_cat","embeddable":true,"href":"https:\/\/xmstonetools.com\/pt\/wp-json\/wp\/v2\/product_cat?post=1168"},{"taxonomy":"product_tag","embeddable":true,"href":"https:\/\/xmstonetools.com\/pt\/wp-json\/wp\/v2\/product_tag?post=1168"}],"curies":[{"name":"wp","href":"https:\/\/api.w.org\/{rel}","templated":true}]}}