{"id":1188,"date":"2022-11-14T10:56:22","date_gmt":"2022-11-14T02:56:22","guid":{"rendered":"https:\/\/xmstonetools.com\/?post_type=product&#038;p=1188"},"modified":"2023-03-28T15:58:25","modified_gmt":"2023-03-28T07:58:25","slug":"lamina-de-serra-circular-diamantada-grande","status":"publish","type":"product","link":"https:\/\/xmstonetools.com\/pt\/product\/lamina-de-serra-circular-diamantada-grande\/","title":{"rendered":"L\u00e2mina de serra circular de diamante grande"},"content":{"rendered":"<p>Os blocos de pedra s\u00e3o um tipo de material de pedra com determinadas formas e tamanhos que s\u00e3o extra\u00eddos da pedreira. As l\u00e2minas de serra para corte de blocos de diamante s\u00e3o comumente usadas para cortar materiais de blocos em placas. H\u00e1 outro tipo de l\u00e2mina de serra de bloco chamada l\u00e2mina de serra de fita, normalmente usada para cortar material de m\u00e1rmore. E a l\u00e2mina de serra circular para corte de blocos pode ser usada para cortar m\u00e1rmore e granito. O di\u00e2metro da l\u00e2mina de serra de bloco \u00e9 de cerca de 1.000 mm a 3.500 mm, e normalmente \u00e9 aplicada em m\u00e1quinas de corte de blocos. Com essa m\u00e1quina, podemos instalar uma \u00fanica l\u00e2mina de serra de bloco e tamb\u00e9m podemos instalar uma l\u00e2mina de serra m\u00faltipla para corte de blocos. Os di\u00e2metros das l\u00e2minas de serra usadas por v\u00e1rias l\u00e2minas podem ser iguais ou diferentes. De acordo com o m\u00e9todo de corte, ele pode ser dividido em corte unidirecional e corte bidirecional. O corte bidirecional pode realizar cortes verticais e horizontais ao mesmo tempo.<img loading=\"lazy\" decoding=\"async\" class=\"aligncenter wp-image-1186 size-full\" src=\"https:\/\/xmstonetools.com\/wp-content\/uploads\/2022\/11\/HTB16bzfNXXXXXXhaXXX760XFXXXO.png\" alt=\"\" width=\"593\" height=\"357\" \/><\/p>","protected":false},"excerpt":{"rendered":"<p>Somos um fabricante profissional nesse campo, com muitos anos de experi\u00eancia em P&amp;D e pesquisa de mercado, e podemos oferecer pre\u00e7os competitivos e produtos de alta qualidade. Somos uma f\u00e1brica que produz ferramentas de diamante, com a melhor capacidade de produ\u00e7\u00e3o, o melhor controle de qualidade e o melhor servi\u00e7o.<\/p>\n<a href=\"#Quote-Button\" class=\"button primary is-large Inquiry-Button\" style=\"border-radius:99px;\">\n\t<i class=\"icon-heart\" aria-hidden=\"true\"><\/i>\t<span>Solicite agora<\/span>\n\t<\/a>","protected":false},"featured_media":1184,"template":"","meta":[],"product_brand":[],"product_cat":[55],"product_tag":[71,72],"class_list":{"0":"post-1188","1":"product","2":"type-product","3":"status-publish","4":"has-post-thumbnail","6":"product_cat-stone-cutting-tools","7":"product_tag-block-cutting-blade","8":"product_tag-stone-saw-blade","10":"first","11":"instock","12":"shipping-taxable","13":"product-type-simple"},"aioseo_notices":[],"_links":{"self":[{"href":"https:\/\/xmstonetools.com\/pt\/wp-json\/wp\/v2\/product\/1188","targetHints":{"allow":["GET"]}}],"collection":[{"href":"https:\/\/xmstonetools.com\/pt\/wp-json\/wp\/v2\/product"}],"about":[{"href":"https:\/\/xmstonetools.com\/pt\/wp-json\/wp\/v2\/types\/product"}],"wp:featuredmedia":[{"embeddable":true,"href":"https:\/\/xmstonetools.com\/pt\/wp-json\/wp\/v2\/media\/1184"}],"wp:attachment":[{"href":"https:\/\/xmstonetools.com\/pt\/wp-json\/wp\/v2\/media?parent=1188"}],"wp:term":[{"taxonomy":"product_brand","embeddable":true,"href":"https:\/\/xmstonetools.com\/pt\/wp-json\/wp\/v2\/product_brand?post=1188"},{"taxonomy":"product_cat","embeddable":true,"href":"https:\/\/xmstonetools.com\/pt\/wp-json\/wp\/v2\/product_cat?post=1188"},{"taxonomy":"product_tag","embeddable":true,"href":"https:\/\/xmstonetools.com\/pt\/wp-json\/wp\/v2\/product_tag?post=1188"}],"curies":[{"name":"wp","href":"https:\/\/api.w.org\/{rel}","templated":true}]}}