{"id":1219,"date":"2022-11-14T20:43:54","date_gmt":"2022-11-14T12:43:54","guid":{"rendered":"https:\/\/xmstonetools.com\/?post_type=product&#038;p=1219"},"modified":"2023-03-28T15:57:01","modified_gmt":"2023-03-28T07:57:01","slug":"brocas-de-diamante","status":"publish","type":"product","link":"https:\/\/xmstonetools.com\/pt\/product\/brocas-de-diamante\/","title":{"rendered":"Bits de dedo de diamante"},"content":{"rendered":"<table style=\"height: 872px;\" width=\"624\">\n<tbody>\n<tr>\n<td valign=\"top\">Marca<\/td>\n<td valign=\"top\">Sino Poly<\/td>\n<\/tr>\n<tr>\n<td valign=\"top\">Tecnologia<\/td>\n<td valign=\"top\">Brasagem<\/td>\n<\/tr>\n<tr>\n<td valign=\"top\">Material do corpo<\/td>\n<td valign=\"top\">45 Mn<\/td>\n<\/tr>\n<tr>\n<td valign=\"top\">Tipo<\/td>\n<td valign=\"top\">\u00a0cabe\u00e7a de escultura<\/td>\n<\/tr>\n<tr>\n<td valign=\"top\">fun\u00e7\u00e3o<\/td>\n<td valign=\"top\">gravura<\/td>\n<\/tr>\n<tr>\n<td valign=\"top\">Di\u00e2metro<\/td>\n<td valign=\"top\">6 mm, 8 mm, 10 mm, 12 mm<\/td>\n<\/tr>\n<tr>\n<td valign=\"top\">Comprimento<\/td>\n<td valign=\"top\">50-100 mm<\/td>\n<\/tr>\n<tr>\n<td valign=\"top\">MOQ<\/td>\n<td valign=\"top\">1 unidade<\/td>\n<\/tr>\n<tr>\n<td valign=\"top\">Tempo de produ\u00e7\u00e3o<\/td>\n<td valign=\"top\">5 a 7 dias<\/td>\n<\/tr>\n<tr>\n<td valign=\"top\">Capacidade de produ\u00e7\u00e3o<\/td>\n<td valign=\"top\">1000 unidades por dia<\/td>\n<\/tr>\n<tr>\n<td valign=\"top\">\n<p data-spm-anchor-id=\"a2700.details.0.i5.54d11a1bpVu4ts\">Embalagem<\/p>\n<\/td>\n<td valign=\"top\"><span data-spm-anchor-id=\"a2700.details.0.i6.54d11a1bpVu4ts\">Saco PP, cart\u00e3o blister opcional<\/span><\/td>\n<\/tr>\n<tr>\n<td valign=\"top\">Entrega<\/td>\n<td valign=\"top\">DHL, UPS, FedEx e transporte mar\u00edtimo<\/td>\n<\/tr>\n<tr>\n<td valign=\"top\">Tempo de envio<\/td>\n<td valign=\"top\">2-3 dias<\/td>\n<\/tr>\n<tr>\n<td valign=\"top\">Certificados<\/td>\n<td valign=\"top\">ISO9001<\/td>\n<\/tr>\n<tr>\n<td valign=\"top\">Endere\u00e7o<\/td>\n<td valign=\"top\">Xiamen, China<\/td>\n<\/tr>\n<tr>\n<td valign=\"top\">Pagamento<\/td>\n<td valign=\"top\">TT, Paypal, WU, L\/C<\/td>\n<\/tr>\n<\/tbody>\n<\/table>","protected":false},"excerpt":{"rendered":"<p>Broca de tupia de dedo projetada para romover granito, m\u00e1rmore ou pedra dura, desbastando o excesso de pedra para preparar o polimento. Alimenta\u00e7\u00e3o de \u00e1gua com rosca de 1\/2\u2033 como encaixe padr\u00e3o. \u00c9 uma broca de dedo de diamante de 5 segmentos de qualidade premium, projetada para cortar e desbastar mais rapidamente do que a maioria das outras brocas de dedo de diamante do mercado. <span data-spm-anchor-id=\"a2700.details.0.i27.4b881ef6IYmdIC\">Esses bits de dedo s\u00e3o ideais para materiais duros e s\u00e3o feitos para alto desempenho de modelagem em aplica\u00e7\u00f5es de fabrica\u00e7\u00e3o. A abertura dos segmentos \u00e9 preenchida com resina, o que melhora muito a estabilidade do processamento e reduz a instabilidade.<\/span>Usado para lixamento r\u00e1pido de granito ou pedra dura, prepara\u00e7\u00e3o para polimento, tipo geral, tipo afiado, tipo dur\u00e1vel dispon\u00edvel, dependendo da dureza da pedra.<\/p>\n<div>\n<div data-spm-anchor-id=\"a2700.details.0.i28.4b881ef6IYmdIC\">\n<a href=\"#Quote-Button\" class=\"button primary is-large Inquiry-Button\" style=\"border-radius:99px;\">\n\t<i class=\"icon-heart\" aria-hidden=\"true\"><\/i>\t<span>Solicite agora<\/span>\n\t<\/a>\n\n<\/div>\n<\/div>","protected":false},"featured_media":1213,"template":"","meta":[],"product_brand":[],"product_cat":[59],"product_tag":[76,66],"class_list":{"0":"post-1219","1":"product","2":"type-product","3":"status-publish","4":"has-post-thumbnail","6":"product_cat-stone-milling-tools","7":"product_tag-diamond-finger-bits","8":"product_tag-vacuum-brazed-stone-tools","10":"first","11":"instock","12":"shipping-taxable","13":"product-type-simple"},"aioseo_notices":[],"_links":{"self":[{"href":"https:\/\/xmstonetools.com\/pt\/wp-json\/wp\/v2\/product\/1219","targetHints":{"allow":["GET"]}}],"collection":[{"href":"https:\/\/xmstonetools.com\/pt\/wp-json\/wp\/v2\/product"}],"about":[{"href":"https:\/\/xmstonetools.com\/pt\/wp-json\/wp\/v2\/types\/product"}],"wp:featuredmedia":[{"embeddable":true,"href":"https:\/\/xmstonetools.com\/pt\/wp-json\/wp\/v2\/media\/1213"}],"wp:attachment":[{"href":"https:\/\/xmstonetools.com\/pt\/wp-json\/wp\/v2\/media?parent=1219"}],"wp:term":[{"taxonomy":"product_brand","embeddable":true,"href":"https:\/\/xmstonetools.com\/pt\/wp-json\/wp\/v2\/product_brand?post=1219"},{"taxonomy":"product_cat","embeddable":true,"href":"https:\/\/xmstonetools.com\/pt\/wp-json\/wp\/v2\/product_cat?post=1219"},{"taxonomy":"product_tag","embeddable":true,"href":"https:\/\/xmstonetools.com\/pt\/wp-json\/wp\/v2\/product_tag?post=1219"}],"curies":[{"name":"wp","href":"https:\/\/api.w.org\/{rel}","templated":true}]}}