{"id":1239,"date":"2022-11-15T16:04:00","date_gmt":"2022-11-15T08:04:00","guid":{"rendered":"https:\/\/xmstonetools.com\/?post_type=product&#038;p=1239"},"modified":"2023-03-28T15:56:51","modified_gmt":"2023-03-28T07:56:51","slug":"roda-de-perfilamento-de-pedra-para-marmore-e-granito","status":"publish","type":"product","link":"https:\/\/xmstonetools.com\/pt\/product\/roda-de-perfilamento-de-pedra-para-marmore-e-granito\/","title":{"rendered":"Roda de perfilamento de pedra M\u00e1rmore Granito"},"content":{"rendered":"<p>Esses rebolos diamantados de formato especial s\u00e3o amplamente utilizados em m\u00e1quinas de perfilagem para granito, m\u00e1rmore, quartzo e outras pedras. Oferecemos uma ampla variedade de formatos e tamanhos diferentes para atender \u00e0s suas necessidades exatas de perfilamento.<\/p>\n<p>Usado para esmerilhadeira cil\u00edndrica e esmerilhadeira de superf\u00edcie Circunfer\u00eancia do rebolo de um c\u00edrculo N\u00edvel de trabalho de esmerilhamento<\/p>\n<p>retifica\u00e7\u00e3o de ferro fundido, metais n\u00e3o ferrosos, a\u00e7o inoxid\u00e1vel, a\u00e7o temperado, a\u00e7o doce, a\u00e7o para ferramentas, a\u00e7o de alta velocidade, \u00edm\u00e3, bronze, lat\u00e3o, m\u00e1rmore e granito etc.<\/p>\n<table style=\"height: 844px;\" width=\"633\">\n<tbody>\n<tr>\n<td valign=\"center\">\n<p align=\"center\">Produto<\/p>\n<\/td>\n<td valign=\"center\">\n<p align=\"center\">Roda de perfil de pedra<\/p>\n<\/td>\n<\/tr>\n<tr>\n<td valign=\"center\">\n<p align=\"center\">tamanho<\/p>\n<\/td>\n<td valign=\"center\">\n<p align=\"center\">personalizado<\/p>\n<\/td>\n<\/tr>\n<tr>\n<td valign=\"center\">\n<p align=\"center\">\u00a0Tipo<\/p>\n<\/td>\n<td valign=\"center\">\n<p align=\"center\">Galvanizado ou sinterizado<\/p>\n<\/td>\n<\/tr>\n<tr>\n<td valign=\"center\">\n<p align=\"center\">Modelo<\/p>\n<\/td>\n<td valign=\"center\">\n<p align=\"center\">rodada<\/p>\n<\/td>\n<\/tr>\n<tr>\n<td valign=\"center\">\n<p align=\"center\">Marca<\/p>\n<\/td>\n<td valign=\"center\">\n<p align=\"center\">MIDSTAR<\/p>\n<\/td>\n<\/tr>\n<tr>\n<td valign=\"center\">\n<p align=\"center\">local de produ\u00e7\u00e3o<\/p>\n<\/td>\n<td valign=\"center\">\n<p align=\"center\">china-fujian<\/p>\n<\/td>\n<\/tr>\n<tr>\n<td valign=\"center\">\n<p align=\"center\">Garra<\/p>\n<\/td>\n<td valign=\"center\">\n<p align=\"center\">\/<\/p>\n<\/td>\n<\/tr>\n<tr>\n<td valign=\"center\">\n<p align=\"center\">Material<\/p>\n<\/td>\n<td valign=\"center\">\n<p align=\"center\">Diamante<\/p>\n<\/td>\n<\/tr>\n<tr>\n<td valign=\"center\">\n<p align=\"center\">Aplicativo<\/p>\n<\/td>\n<td valign=\"center\">\n<p align=\"center\">Granito, m\u00e1rmore e pedra artificial<\/p>\n<\/td>\n<\/tr>\n<tr>\n<td valign=\"center\">\n<p align=\"center\">FOB<\/p>\n<\/td>\n<td valign=\"center\">\n<p align=\"center\">0.75-0.82<\/p>\n<\/td>\n<\/tr>\n<tr>\n<td valign=\"center\">\n<p align=\"center\">MOQ<\/p>\n<\/td>\n<td valign=\"center\">\n<p align=\"center\">36 unidades<\/p>\n<\/td>\n<\/tr>\n<tr>\n<td valign=\"center\">\n<p align=\"center\">\u00a0Pagamento<\/p>\n<\/td>\n<td valign=\"center\">\n<p align=\"center\">LC\/TT\/WESTERN UNION<\/p>\n<\/td>\n<\/tr>\n<tr>\n<td valign=\"center\">\n<p align=\"center\">Prazo de entrega<\/p>\n<\/td>\n<td valign=\"center\">\n<p align=\"center\">Enviado em 10 dias ap\u00f3s o pagamento<\/p>\n<\/td>\n<\/tr>\n<tr>\n<td valign=\"center\">\n<p align=\"center\">Porto<\/p>\n<\/td>\n<td valign=\"center\">\n<p align=\"center\">xiamen,China<\/p>\n<\/td>\n<\/tr>\n<tr>\n<td valign=\"center\">\n<p align=\"center\">Capacidade de fornecimento<\/p>\n<\/td>\n<td valign=\"center\">\n<p align=\"center\">1000 unidades por m\u00eas<\/p>\n<\/td>\n<\/tr>\n<\/tbody>\n<\/table>\n<p>&nbsp;<\/p>","protected":false},"excerpt":{"rendered":"<p>Caracter\u00edsticas do Stone Edge Profiling Wheel<br \/>\n1) Excelente para retificar um c\u00edrculo interno, oval ou arco de granito, m\u00e1rmore ou outras pedras.<br \/>\n2) Os bits de roteador galvanizados s\u00e3o econ\u00f4micos para uma vida \u00fatil mais longa.<br \/>\n3) O conjunto de brocas de roteador chanfradas \u00e9 para corte r\u00e1pido e pode ser usado a seco.<br \/>\n4) A espessura pode ser de 7 mm, 10 mm, 12 mm, 15 mm, 20 mm e 30 mm, etc.<\/p>\n<a href=\"#Quote-Button\" class=\"button primary is-large Inquiry-Button\" style=\"border-radius:99px;\">\n\t<i class=\"icon-heart\" aria-hidden=\"true\"><\/i>\t<span>Solicite agora<\/span>\n\t<\/a>","protected":false},"featured_media":1233,"template":"","meta":[],"product_brand":[],"product_cat":[56],"product_tag":[67,70],"class_list":{"0":"post-1239","1":"product","2":"type-product","3":"status-publish","4":"has-post-thumbnail","6":"product_cat-stone-grinding-tools","7":"product_tag-diamond-cup-wheels","8":"product_tag-granite-profiling-tools","10":"first","11":"instock","12":"shipping-taxable","13":"product-type-simple"},"aioseo_notices":[],"_links":{"self":[{"href":"https:\/\/xmstonetools.com\/pt\/wp-json\/wp\/v2\/product\/1239","targetHints":{"allow":["GET"]}}],"collection":[{"href":"https:\/\/xmstonetools.com\/pt\/wp-json\/wp\/v2\/product"}],"about":[{"href":"https:\/\/xmstonetools.com\/pt\/wp-json\/wp\/v2\/types\/product"}],"wp:featuredmedia":[{"embeddable":true,"href":"https:\/\/xmstonetools.com\/pt\/wp-json\/wp\/v2\/media\/1233"}],"wp:attachment":[{"href":"https:\/\/xmstonetools.com\/pt\/wp-json\/wp\/v2\/media?parent=1239"}],"wp:term":[{"taxonomy":"product_brand","embeddable":true,"href":"https:\/\/xmstonetools.com\/pt\/wp-json\/wp\/v2\/product_brand?post=1239"},{"taxonomy":"product_cat","embeddable":true,"href":"https:\/\/xmstonetools.com\/pt\/wp-json\/wp\/v2\/product_cat?post=1239"},{"taxonomy":"product_tag","embeddable":true,"href":"https:\/\/xmstonetools.com\/pt\/wp-json\/wp\/v2\/product_tag?post=1239"}],"curies":[{"name":"wp","href":"https:\/\/api.w.org\/{rel}","templated":true}]}}