{"id":1256,"date":"2022-11-15T22:56:12","date_gmt":"2022-11-15T14:56:12","guid":{"rendered":"https:\/\/xmstonetools.com\/?post_type=product&#038;p=1256"},"modified":"2023-03-28T15:55:37","modified_gmt":"2023-03-28T07:55:37","slug":"serra-de-fio-diamantado-com-revestimento-de-borracha","status":"publish","type":"product","link":"https:\/\/xmstonetools.com\/pt\/product\/serra-de-fio-diamantado-com-revestimento-de-borracha\/","title":{"rendered":"Serra de fio diamantado com revestimento de borracha"},"content":{"rendered":"<p align=\"left\">1. Personalizar diferentes f\u00f3rmulas e garantir o custo de desempenho de acordo com a porcentagem de mistura de pedras abrasivas duras, m\u00e9dias e macias, para maximizar o desempenho.<\/p>\n<div>2. O diamante finamente selecionado, com grande resist\u00eancia e tenacidade, garante o recurso de afia\u00e7\u00e3o e a vida \u00fatil do fio diamantado.<\/div>\n<div>3. A sofisticada tecnologia de sinteriza\u00e7\u00e3o, com temperatura e press\u00e3o bem controladas, garante aos gr\u00e2nulos de diamante um excelente recurso antiabrasivo.<\/div>\n<div>4. A tecnologia de inje\u00e7\u00e3o e a t\u00e9cnica de produ\u00e7\u00e3o maduras garantem que o pl\u00e1stico entre em todas as fendas do cabo e mantenha as contas de diamante com firmeza.<\/div>\n<div>5. Equipamentos de produ\u00e7\u00e3o autom\u00e1tica desenvolvidos por n\u00f3s mesmos e inspe\u00e7\u00e3o rigorosa em linha e final controlam a qualidade e a estabilidade<\/div>\n<p align=\"left\"><strong>Arame para minera\u00e7\u00e3o de pedreiras de granito<\/strong><\/p>\n<table class=\"aliDataTable\" border=\"1\" cellspacing=\"0\" cellpadding=\"0\" align=\"left\">\n<tbody>\n<tr align=\"center\">\n<td>Di\u00e2metro<\/p>\n<p align=\"center\">(mm)<\/p>\n<\/td>\n<td>Modelo n\u00ba.<\/td>\n<td>Tipo de fixa\u00e7\u00e3o<\/td>\n<td>Mi\u00e7angas\/m<\/td>\n<td>Tipo de material<\/td>\n<td>Velocidade de corte<\/p>\n<p align=\"center\">(m<sup>2<\/sup>\/h)<\/p>\n<\/td>\n<td>Vida \u00fatil<\/p>\n<p align=\"center\">(m<sup>2<\/sup>\/m)<\/p>\n<\/td>\n<td>Velocidade da linha<\/p>\n<p align=\"center\">(m\/s)<\/p>\n<\/td>\n<\/tr>\n<tr align=\"center\">\n<td rowspan=\"3\">D=11.4<\/td>\n<td>\n<p data-spm-anchor-id=\"a2700.details.0.i13.50e92edaAyQyyY\">GQR11.4A<\/p>\n<\/td>\n<td>Borracha<\/td>\n<td>40<\/td>\n<td>Classe1<\/td>\n<td>4-6<\/td>\n<td>15-25<\/td>\n<td>25-30<\/td>\n<\/tr>\n<tr align=\"center\">\n<td>GQR11.4B<\/td>\n<td>Borracha<\/td>\n<td>40<\/td>\n<td>Classe3-4<\/td>\n<td>2-5<\/td>\n<td>8-15<\/td>\n<td>22-26<\/td>\n<\/tr>\n<tr align=\"center\">\n<td>GQR11.4C<\/td>\n<td>Borracha<\/td>\n<td>40<\/td>\n<td>Classe4-5<\/td>\n<td>1-2.5<\/td>\n<td>4-9<\/td>\n<td>18-23<\/td>\n<\/tr>\n<\/tbody>\n<\/table>\n<p>&nbsp;<\/p>\n<figure id=\"attachment_1250\" aria-describedby=\"caption-attachment-1250\" style=\"width: 750px\" class=\"wp-caption aligncenter\"><img loading=\"lazy\" decoding=\"async\" class=\"wp-image-1250 size-full\" src=\"https:\/\/xmstonetools.com\/wp-content\/uploads\/2022\/11\/Applications-of-Rubber-coatiing-wire-saw.jpg\" alt=\"Aplica\u00e7\u00f5es da serra de arame para revestimento de borracha\" width=\"750\" height=\"1701\" srcset=\"https:\/\/xmstonetools.com\/wp-content\/uploads\/2022\/11\/Applications-of-Rubber-coatiing-wire-saw.jpg 750w, https:\/\/xmstonetools.com\/wp-content\/uploads\/2022\/11\/Applications-of-Rubber-coatiing-wire-saw-176x400.jpg 176w, https:\/\/xmstonetools.com\/wp-content\/uploads\/2022\/11\/Applications-of-Rubber-coatiing-wire-saw-353x800.jpg 353w, https:\/\/xmstonetools.com\/wp-content\/uploads\/2022\/11\/Applications-of-Rubber-coatiing-wire-saw-677x1536.jpg 677w, https:\/\/xmstonetools.com\/wp-content\/uploads\/2022\/11\/Applications-of-Rubber-coatiing-wire-saw-600x1361.jpg 600w\" sizes=\"auto, (max-width: 750px) 100vw, 750px\" \/><figcaption id=\"caption-attachment-1250\" class=\"wp-caption-text\">Aplica\u00e7\u00f5es da serra de arame para revestimento de borracha<\/figcaption><\/figure>","protected":false},"excerpt":{"rendered":"<p>A serra de cabo diamantado com revestimento de mola \u00e9 usada principalmente para materiais de pedra macia em pedreiras, como m\u00e1rmore, calc\u00e1rio, travertino etc. A serra de cabo diamantado com revestimento de pl\u00e1stico \u00e9 usada principalmente para todos os tipos de esquadrejamento, corte e perfilamento de blocos de pedra em m\u00e1quinas est\u00e1ticas na f\u00e1brica.<br \/>\n1) Di\u00e2metro: 11,5 mm<br \/>\n2) Conta\/M:40<br \/>\n3) Tecnologia de fabrica\u00e7\u00e3o: sinterizado<br \/>\n4) Refor\u00e7o: R+S<br \/>\n5) Projeto de corte: diferentes tipos de concreto.<br \/>\n6) Metros\/caixa: 50<\/p>\n<a href=\"#Quote-Button\" class=\"button primary is-large Inquiry-Button\" style=\"border-radius:99px;\">\n\t<i class=\"icon-heart\" aria-hidden=\"true\"><\/i>\t<span>Solicite agora<\/span>\n\t<\/a>","protected":false},"featured_media":1251,"template":"","meta":[],"product_brand":[],"product_cat":[61],"product_tag":[69,80,81],"class_list":{"0":"post-1256","1":"product","2":"type-product","3":"status-publish","4":"has-post-thumbnail","6":"product_cat-diamond-wire-saw","7":"product_tag-diamond-wire-saw","8":"product_tag-granite-wire-saw","9":"product_tag-rubber-rope-saw","11":"first","12":"instock","13":"shipping-taxable","14":"product-type-simple"},"aioseo_notices":[],"_links":{"self":[{"href":"https:\/\/xmstonetools.com\/pt\/wp-json\/wp\/v2\/product\/1256","targetHints":{"allow":["GET"]}}],"collection":[{"href":"https:\/\/xmstonetools.com\/pt\/wp-json\/wp\/v2\/product"}],"about":[{"href":"https:\/\/xmstonetools.com\/pt\/wp-json\/wp\/v2\/types\/product"}],"wp:featuredmedia":[{"embeddable":true,"href":"https:\/\/xmstonetools.com\/pt\/wp-json\/wp\/v2\/media\/1251"}],"wp:attachment":[{"href":"https:\/\/xmstonetools.com\/pt\/wp-json\/wp\/v2\/media?parent=1256"}],"wp:term":[{"taxonomy":"product_brand","embeddable":true,"href":"https:\/\/xmstonetools.com\/pt\/wp-json\/wp\/v2\/product_brand?post=1256"},{"taxonomy":"product_cat","embeddable":true,"href":"https:\/\/xmstonetools.com\/pt\/wp-json\/wp\/v2\/product_cat?post=1256"},{"taxonomy":"product_tag","embeddable":true,"href":"https:\/\/xmstonetools.com\/pt\/wp-json\/wp\/v2\/product_tag?post=1256"}],"curies":[{"name":"wp","href":"https:\/\/api.w.org\/{rel}","templated":true}]}}