{"id":1268,"date":"2022-11-16T10:33:46","date_gmt":"2022-11-16T02:33:46","guid":{"rendered":"https:\/\/xmstonetools.com\/?post_type=product&#038;p=1268"},"modified":"2023-03-28T15:55:27","modified_gmt":"2023-03-28T07:55:27","slug":"serra-de-fio-diamantado-para-pedreiras-de-granito","status":"publish","type":"product","link":"https:\/\/xmstonetools.com\/pt\/product\/serra-de-fio-diamantado-para-pedreiras-de-granito\/","title":{"rendered":"Serra de fio diamantado para pedreira de granito"},"content":{"rendered":"<table class=\"all magic-4\">\n<tbody>\n<tr>\n<td colspan=\"1\" rowspan=\"1\">\n<div class=\"magic-5\">Nome do produto<\/div>\n<\/td>\n<td colspan=\"1\" rowspan=\"1\">\n<div class=\"magic-6\">Serra de fio diamantado de borracha D11.5<\/div>\n<\/td>\n<\/tr>\n<tr>\n<td colspan=\"1\" rowspan=\"1\">\n<div class=\"magic-5\">Tamanho da embalagem<\/div>\n<\/td>\n<td colspan=\"1\" rowspan=\"1\">\n<div class=\"magic-6\">41,5*41,5*15,5cm<\/div>\n<\/td>\n<\/tr>\n<tr>\n<td colspan=\"1\" rowspan=\"1\">\n<div class=\"magic-5\">Peso bruto<\/div>\n<\/td>\n<td colspan=\"1\" rowspan=\"1\">\n<div class=\"magic-6\">33 kg<\/div>\n<\/td>\n<\/tr>\n<tr>\n<td colspan=\"1\" rowspan=\"1\">\n<div class=\"magic-5\">Material<\/div>\n<\/td>\n<td colspan=\"1\" rowspan=\"1\">\n<div class=\"magic-6\">Borracha<\/div>\n<\/td>\n<\/tr>\n<tr>\n<td colspan=\"1\" rowspan=\"1\">\n<div class=\"magic-5\">Modelo<\/div>\n<\/td>\n<td colspan=\"1\" rowspan=\"1\">\n<div class=\"magic-6\">D11.5<\/div>\n<\/td>\n<\/tr>\n<tr>\n<td colspan=\"1\" rowspan=\"1\">\n<div class=\"magic-5\">\n<div class=\"magic-7\">Descri\u00e7\u00e3o<\/div>\n<\/div>\n<\/td>\n<td colspan=\"1\" rowspan=\"1\">\n<div class=\"magic-6\">*\u00c9 usado em pedreiras de granito com desempenho est\u00e1vel e eficaz.<br \/>\n*Em compara\u00e7\u00e3o com a l\u00e2mina de pedreira, ela tem ampla adaptabilidade, alta efici\u00eancia de minera\u00e7\u00e3o, modo de corte flex\u00edvel, grande profundidade de corte, com alto rendimento, baixo custo abrangente, seguran\u00e7a e polui\u00e7\u00e3o de prote\u00e7\u00e3o ambiental.<\/div>\n<\/td>\n<\/tr>\n<tr>\n<td colspan=\"1\" rowspan=\"1\">\n<div class=\"magic-5\">Aplicativo<\/div>\n<\/td>\n<td colspan=\"1\" rowspan=\"1\">\n<div class=\"magic-6\">Aplicar \u00e0 pedreira de granito.<\/div>\n<\/td>\n<\/tr>\n<tr>\n<td colspan=\"1\" rowspan=\"1\">\n<div class=\"magic-5\">Caracter\u00edsticas:<\/div>\n<\/td>\n<td colspan=\"1\" rowspan=\"1\">\n<div class=\"magic-6\">1. alta efici\u00eancia de corte, favor\u00e1vel ao meio ambiente, alto rendimento do bloco.<br \/>\n2. boa modelagem e nenhum bloco de quebra interno.<br \/>\n3. o bom desempenho explora blocos de tamanho bom e grande com baixo custo de extra\u00e7\u00e3o.<br \/>\n4. \u00e9 amplamente utilizado em m\u00e1quinas de quarteamento para produzir blocos de grandes dimens\u00f5es.<\/div>\n<\/td>\n<\/tr>\n<\/tbody>\n<\/table>\n<div><\/div>\n<figure id=\"attachment_1262\" aria-describedby=\"caption-attachment-1262\" style=\"width: 750px\" class=\"wp-caption aligncenter\"><img loading=\"lazy\" decoding=\"async\" class=\"wp-image-1262 size-full\" src=\"https:\/\/xmstonetools.com\/wp-content\/uploads\/2022\/11\/Details-Show-Diamond-Wire-Saw-For-Granite-Quarry-Cutting-1.jpg\" alt=\"Serra de cabo de a\u00e7o diamantado para corte de pedreira de granito-1\" width=\"750\" height=\"953\" srcset=\"https:\/\/xmstonetools.com\/wp-content\/uploads\/2022\/11\/Details-Show-Diamond-Wire-Saw-For-Granite-Quarry-Cutting-1.jpg 750w, https:\/\/xmstonetools.com\/wp-content\/uploads\/2022\/11\/Details-Show-Diamond-Wire-Saw-For-Granite-Quarry-Cutting-1-315x400.jpg 315w, https:\/\/xmstonetools.com\/wp-content\/uploads\/2022\/11\/Details-Show-Diamond-Wire-Saw-For-Granite-Quarry-Cutting-1-630x800.jpg 630w, https:\/\/xmstonetools.com\/wp-content\/uploads\/2022\/11\/Details-Show-Diamond-Wire-Saw-For-Granite-Quarry-Cutting-1-600x762.jpg 600w\" sizes=\"auto, (max-width: 750px) 100vw, 750px\" \/><figcaption id=\"caption-attachment-1262\" class=\"wp-caption-text\">Serra de cabo de a\u00e7o diamantado para corte de pedreira de granito-1<\/figcaption><\/figure>\n<figure id=\"attachment_1266\" aria-describedby=\"caption-attachment-1266\" style=\"width: 1000px\" class=\"wp-caption aligncenter\"><img loading=\"lazy\" decoding=\"async\" class=\"wp-image-1266 size-full\" src=\"https:\/\/xmstonetools.com\/wp-content\/uploads\/2022\/11\/Packing-Diamond-Wire-Rope-Saw-For-Granite-Quarry-Cutting-1.jpg\" alt=\"Embalagem da serra de cabo de a\u00e7o diamantado para corte em pedreiras de granito-1\" width=\"1000\" height=\"1000\" srcset=\"https:\/\/xmstonetools.com\/wp-content\/uploads\/2022\/11\/Packing-Diamond-Wire-Rope-Saw-For-Granite-Quarry-Cutting-1.jpg 1000w, https:\/\/xmstonetools.com\/wp-content\/uploads\/2022\/11\/Packing-Diamond-Wire-Rope-Saw-For-Granite-Quarry-Cutting-1-400x400.jpg 400w, https:\/\/xmstonetools.com\/wp-content\/uploads\/2022\/11\/Packing-Diamond-Wire-Rope-Saw-For-Granite-Quarry-Cutting-1-800x800.jpg 800w, https:\/\/xmstonetools.com\/wp-content\/uploads\/2022\/11\/Packing-Diamond-Wire-Rope-Saw-For-Granite-Quarry-Cutting-1-280x280.jpg 280w, https:\/\/xmstonetools.com\/wp-content\/uploads\/2022\/11\/Packing-Diamond-Wire-Rope-Saw-For-Granite-Quarry-Cutting-1-768x768.jpg 768w, https:\/\/xmstonetools.com\/wp-content\/uploads\/2022\/11\/Packing-Diamond-Wire-Rope-Saw-For-Granite-Quarry-Cutting-1-300x300.jpg 300w, https:\/\/xmstonetools.com\/wp-content\/uploads\/2022\/11\/Packing-Diamond-Wire-Rope-Saw-For-Granite-Quarry-Cutting-1-600x600.jpg 600w, https:\/\/xmstonetools.com\/wp-content\/uploads\/2022\/11\/Packing-Diamond-Wire-Rope-Saw-For-Granite-Quarry-Cutting-1-100x100.jpg 100w, https:\/\/xmstonetools.com\/wp-content\/uploads\/2022\/11\/Packing-Diamond-Wire-Rope-Saw-For-Granite-Quarry-Cutting-1-120x120.jpg 120w\" sizes=\"auto, (max-width: 1000px) 100vw, 1000px\" \/><figcaption id=\"caption-attachment-1266\" class=\"wp-caption-text\">Embalagem da serra de cabo de a\u00e7o diamantado para corte em pedreiras de granito-1<\/figcaption><\/figure>\n<figure id=\"attachment_1267\" aria-describedby=\"caption-attachment-1267\" style=\"width: 1000px\" class=\"wp-caption aligncenter\"><img loading=\"lazy\" decoding=\"async\" class=\"wp-image-1267 size-full\" src=\"https:\/\/xmstonetools.com\/wp-content\/uploads\/2022\/11\/Packing-Diamond-Wire-Rope-Saw-For-Granite-Quarry-Cutting-2.jpg\" alt=\"Embalagem da serra de cabo de a\u00e7o diamantado para corte em pedreiras de granito-2\" width=\"1000\" height=\"1000\" srcset=\"https:\/\/xmstonetools.com\/wp-content\/uploads\/2022\/11\/Packing-Diamond-Wire-Rope-Saw-For-Granite-Quarry-Cutting-2.jpg 1000w, https:\/\/xmstonetools.com\/wp-content\/uploads\/2022\/11\/Packing-Diamond-Wire-Rope-Saw-For-Granite-Quarry-Cutting-2-400x400.jpg 400w, https:\/\/xmstonetools.com\/wp-content\/uploads\/2022\/11\/Packing-Diamond-Wire-Rope-Saw-For-Granite-Quarry-Cutting-2-800x800.jpg 800w, https:\/\/xmstonetools.com\/wp-content\/uploads\/2022\/11\/Packing-Diamond-Wire-Rope-Saw-For-Granite-Quarry-Cutting-2-280x280.jpg 280w, https:\/\/xmstonetools.com\/wp-content\/uploads\/2022\/11\/Packing-Diamond-Wire-Rope-Saw-For-Granite-Quarry-Cutting-2-768x768.jpg 768w, https:\/\/xmstonetools.com\/wp-content\/uploads\/2022\/11\/Packing-Diamond-Wire-Rope-Saw-For-Granite-Quarry-Cutting-2-300x300.jpg 300w, https:\/\/xmstonetools.com\/wp-content\/uploads\/2022\/11\/Packing-Diamond-Wire-Rope-Saw-For-Granite-Quarry-Cutting-2-600x600.jpg 600w, https:\/\/xmstonetools.com\/wp-content\/uploads\/2022\/11\/Packing-Diamond-Wire-Rope-Saw-For-Granite-Quarry-Cutting-2-100x100.jpg 100w, https:\/\/xmstonetools.com\/wp-content\/uploads\/2022\/11\/Packing-Diamond-Wire-Rope-Saw-For-Granite-Quarry-Cutting-2-120x120.jpg 120w\" sizes=\"auto, (max-width: 1000px) 100vw, 1000px\" \/><figcaption id=\"caption-attachment-1267\" class=\"wp-caption-text\">Embalagem da serra de cabo de a\u00e7o diamantado para corte em pedreiras de granito-2<\/figcaption><\/figure>\n<figure id=\"attachment_1260\" aria-describedby=\"caption-attachment-1260\" style=\"width: 1000px\" class=\"wp-caption aligncenter\"><img loading=\"lazy\" decoding=\"async\" class=\"wp-image-1260 size-full\" src=\"https:\/\/xmstonetools.com\/wp-content\/uploads\/2022\/11\/Application-of-Granite-Quarry-Wire-Rope-Saw-1.jpg\" alt=\"Aplica\u00e7\u00e3o da serra de cabo de a\u00e7o para pedreiras de granito-1\" width=\"1000\" height=\"1000\" srcset=\"https:\/\/xmstonetools.com\/wp-content\/uploads\/2022\/11\/Application-of-Granite-Quarry-Wire-Rope-Saw-1.jpg 1000w, https:\/\/xmstonetools.com\/wp-content\/uploads\/2022\/11\/Application-of-Granite-Quarry-Wire-Rope-Saw-1-400x400.jpg 400w, https:\/\/xmstonetools.com\/wp-content\/uploads\/2022\/11\/Application-of-Granite-Quarry-Wire-Rope-Saw-1-800x800.jpg 800w, https:\/\/xmstonetools.com\/wp-content\/uploads\/2022\/11\/Application-of-Granite-Quarry-Wire-Rope-Saw-1-280x280.jpg 280w, https:\/\/xmstonetools.com\/wp-content\/uploads\/2022\/11\/Application-of-Granite-Quarry-Wire-Rope-Saw-1-768x768.jpg 768w, https:\/\/xmstonetools.com\/wp-content\/uploads\/2022\/11\/Application-of-Granite-Quarry-Wire-Rope-Saw-1-300x300.jpg 300w, https:\/\/xmstonetools.com\/wp-content\/uploads\/2022\/11\/Application-of-Granite-Quarry-Wire-Rope-Saw-1-600x600.jpg 600w, https:\/\/xmstonetools.com\/wp-content\/uploads\/2022\/11\/Application-of-Granite-Quarry-Wire-Rope-Saw-1-100x100.jpg 100w, https:\/\/xmstonetools.com\/wp-content\/uploads\/2022\/11\/Application-of-Granite-Quarry-Wire-Rope-Saw-1-120x120.jpg 120w\" sizes=\"auto, (max-width: 1000px) 100vw, 1000px\" \/><figcaption id=\"caption-attachment-1260\" class=\"wp-caption-text\">Aplica\u00e7\u00e3o da serra de cabo de a\u00e7o para pedreiras de granito-1<\/figcaption><\/figure>\n<figure id=\"attachment_1259\" aria-describedby=\"caption-attachment-1259\" style=\"width: 1000px\" class=\"wp-caption aligncenter\"><img loading=\"lazy\" decoding=\"async\" class=\"wp-image-1259 size-full\" src=\"https:\/\/xmstonetools.com\/wp-content\/uploads\/2022\/11\/Application-of-Granite-Quarry-Wire-Rope-Saw.jpg\" alt=\"Aplica\u00e7\u00e3o da serra de cabo de a\u00e7o para pedreiras de granito\" width=\"1000\" height=\"1000\" srcset=\"https:\/\/xmstonetools.com\/wp-content\/uploads\/2022\/11\/Application-of-Granite-Quarry-Wire-Rope-Saw.jpg 1000w, https:\/\/xmstonetools.com\/wp-content\/uploads\/2022\/11\/Application-of-Granite-Quarry-Wire-Rope-Saw-400x400.jpg 400w, https:\/\/xmstonetools.com\/wp-content\/uploads\/2022\/11\/Application-of-Granite-Quarry-Wire-Rope-Saw-800x800.jpg 800w, https:\/\/xmstonetools.com\/wp-content\/uploads\/2022\/11\/Application-of-Granite-Quarry-Wire-Rope-Saw-280x280.jpg 280w, https:\/\/xmstonetools.com\/wp-content\/uploads\/2022\/11\/Application-of-Granite-Quarry-Wire-Rope-Saw-768x768.jpg 768w, https:\/\/xmstonetools.com\/wp-content\/uploads\/2022\/11\/Application-of-Granite-Quarry-Wire-Rope-Saw-300x300.jpg 300w, https:\/\/xmstonetools.com\/wp-content\/uploads\/2022\/11\/Application-of-Granite-Quarry-Wire-Rope-Saw-600x600.jpg 600w, https:\/\/xmstonetools.com\/wp-content\/uploads\/2022\/11\/Application-of-Granite-Quarry-Wire-Rope-Saw-100x100.jpg 100w, https:\/\/xmstonetools.com\/wp-content\/uploads\/2022\/11\/Application-of-Granite-Quarry-Wire-Rope-Saw-120x120.jpg 120w\" sizes=\"auto, (max-width: 1000px) 100vw, 1000px\" \/><figcaption id=\"caption-attachment-1259\" class=\"wp-caption-text\">Aplica\u00e7\u00e3o da serra de cabo de a\u00e7o para pedreiras de granito<\/figcaption><\/figure>","protected":false},"excerpt":{"rendered":"<p>Alto efeito, baixo custo, baixo desperd\u00edcio<br \/>\nCorte suave e precis\u00e3o de processo<br \/>\nSeguro e com prote\u00e7\u00e3o ambiental<br \/>\nPode cortar um estoque grande e regular<br \/>\nF\u00e1brica com mais de 15 anos de experi\u00eancia no setor de ferramentas de diamante<br \/>\nUm grande n\u00famero de exporta\u00e7\u00f5es para o Leste Europeu, a Am\u00e9rica do Norte, a Am\u00e9rica do Sul, o Oriente M\u00e9dio, a Austr\u00e1lia e outros mercados estrangeiros,<br \/>\nA qualidade dos produtos foi reconhecida por clientes estrangeiros.<br \/>\nMais de 100 conjuntos de prensas a quente, prensas a frio, m\u00e1quinas de serra de arame e mais de 300 funcion\u00e1rios garantem a alta produ\u00e7\u00e3o e o r\u00e1pido prazo de entrega.<\/p>\n<a href=\"#Quote-Button\" class=\"button primary is-large Inquiry-Button\" style=\"border-radius:99px;\">\n\t<i class=\"icon-heart\" aria-hidden=\"true\"><\/i>\t<span>Solicite agora<\/span>\n\t<\/a>","protected":false},"featured_media":1265,"template":"","meta":[],"product_brand":[],"product_cat":[61],"product_tag":[69,80,82,81],"class_list":{"0":"post-1268","1":"product","2":"type-product","3":"status-publish","4":"has-post-thumbnail","6":"product_cat-diamond-wire-saw","7":"product_tag-diamond-wire-saw","8":"product_tag-granite-wire-saw","9":"product_tag-quarry-wire-saw","10":"product_tag-rubber-rope-saw","12":"first","13":"instock","14":"shipping-taxable","15":"product-type-simple"},"aioseo_notices":[],"_links":{"self":[{"href":"https:\/\/xmstonetools.com\/pt\/wp-json\/wp\/v2\/product\/1268","targetHints":{"allow":["GET"]}}],"collection":[{"href":"https:\/\/xmstonetools.com\/pt\/wp-json\/wp\/v2\/product"}],"about":[{"href":"https:\/\/xmstonetools.com\/pt\/wp-json\/wp\/v2\/types\/product"}],"wp:featuredmedia":[{"embeddable":true,"href":"https:\/\/xmstonetools.com\/pt\/wp-json\/wp\/v2\/media\/1265"}],"wp:attachment":[{"href":"https:\/\/xmstonetools.com\/pt\/wp-json\/wp\/v2\/media?parent=1268"}],"wp:term":[{"taxonomy":"product_brand","embeddable":true,"href":"https:\/\/xmstonetools.com\/pt\/wp-json\/wp\/v2\/product_brand?post=1268"},{"taxonomy":"product_cat","embeddable":true,"href":"https:\/\/xmstonetools.com\/pt\/wp-json\/wp\/v2\/product_cat?post=1268"},{"taxonomy":"product_tag","embeddable":true,"href":"https:\/\/xmstonetools.com\/pt\/wp-json\/wp\/v2\/product_tag?post=1268"}],"curies":[{"name":"wp","href":"https:\/\/api.w.org\/{rel}","templated":true}]}}