{"id":1278,"date":"2022-11-16T16:25:17","date_gmt":"2022-11-16T08:25:17","guid":{"rendered":"https:\/\/xmstonetools.com\/?post_type=product&#038;p=1278"},"modified":"2023-03-28T15:54:22","modified_gmt":"2023-03-28T07:54:22","slug":"rebolo-de-diamante-sinterizado-para-copo-de-moagem","status":"publish","type":"product","link":"https:\/\/xmstonetools.com\/pt\/product\/rebolo-de-diamante-sinterizado-para-copo-de-moagem\/","title":{"rendered":"Rebolo de diamante sinterizado para copo de moagem"},"content":{"rendered":"<table class=\"all magic-1\">\n<tbody>\n<tr>\n<td colspan=\"1\" rowspan=\"1\">\n<div class=\"magic-2\"><b>Nome do produto<\/b><\/div>\n<\/td>\n<td colspan=\"4\" rowspan=\"1\">\n<div class=\"magic-3\">Rebolo para copo de moagem de sinteriza\u00e7\u00e3o<\/div>\n<\/td>\n<\/tr>\n<tr>\n<td colspan=\"1\" rowspan=\"1\">\n<div class=\"magic-2\"><b>Especifica\u00e7\u00e3o<\/b><\/div>\n<\/td>\n<td colspan=\"4\" rowspan=\"1\">\n<div class=\"magic-3\">\n<p>1.Diameter:50mm,75mm,100mm,180mm<\/p>\n<div data-spm-anchor-id=\"a2700.pc-decorate.0.i3.55ef3333RSR3FR\"><\/div>\n<div data-spm-anchor-id=\"0.0.0.i1.6b4d4f05Kya5LZ\">\n<p>2. di\u00e2metro interno: 16 mm, 22 mm<\/p>\n<p>3. tipo de rosca: haste, M10, M14, M16, 5\/8\u2033-11, GAS1\/2<\/p>\n<div data-spm-anchor-id=\"0.0.0.i4.6b4d4f05KogW5y\">4. espessura: 4 mm, 5 mm<\/div>\n<div data-spm-anchor-id=\"0.0.0.i4.6b4d4f05KogW5y\"><\/div>\n<div data-spm-anchor-id=\"0.0.0.i4.6b4d4f05KogW5y\">5. tamanho do segmento: qualquer segmento pode ser criado<\/div>\n<\/div>\n<\/div>\n<\/td>\n<\/tr>\n<tr>\n<td colspan=\"1\" rowspan=\"1\">\n<div class=\"magic-2\"><b>Aplicativo<\/b><\/div>\n<\/td>\n<td colspan=\"4\" rowspan=\"1\">\n<div class=\"magic-3\">Para aplica\u00e7\u00f5es port\u00e1teis, dedicado a especialistas em pisos e profissionais da constru\u00e7\u00e3o.<\/div>\n<\/td>\n<\/tr>\n<tr>\n<td colspan=\"1\" rowspan=\"1\">\n<div class=\"magic-2\"><b>Controle de qualidade<\/b><\/div>\n<\/td>\n<td colspan=\"4\" rowspan=\"1\">\n<div class=\"magic-6\">\n<p>1. f\u00f3rmula profissional para garantir a boa qualidade.<\/p>\n<div data-spm-anchor-id=\"0.0.0.i2.6b4d4f05zRXIVP\">2. inspe\u00e7\u00e3o rigorosa da mat\u00e9ria-prima<\/div>\n<div data-spm-anchor-id=\"0.0.0.i2.6b4d4f05zRXIVP\">3. linha de montagem de fabrica\u00e7\u00e3o profissional.<\/div>\n<div data-spm-anchor-id=\"0.0.0.i2.6b4d4f05zRXIVP\">4. tamb\u00e9m realizamos alguns experimentos de perfura\u00e7\u00e3o para verificar sua fun\u00e7\u00e3o de uso.<\/div>\n<\/div>\n<\/td>\n<\/tr>\n<tr>\n<td colspan=\"1\" rowspan=\"1\">\n<div class=\"magic-2\"><b>Marca<\/b><\/div>\n<\/td>\n<td colspan=\"4\" rowspan=\"1\">\n<div class=\"magic-6\"><\/div>\n<\/td>\n<\/tr>\n<tr>\n<td colspan=\"1\" rowspan=\"1\">\n<div class=\"magic-2\"><b>MOQ<\/b><\/div>\n<\/td>\n<td colspan=\"4\" rowspan=\"1\">\n<div class=\"magic-6\">20 PE\u00c7AS<\/div>\n<\/td>\n<\/tr>\n<tr>\n<td colspan=\"1\" rowspan=\"1\">\n<div class=\"magic-2\"><b>Prazo de pagamento<\/b><\/div>\n<\/td>\n<td colspan=\"4\" rowspan=\"1\">\n<div class=\"magic-6\">TT, LC, Western Union, Paypal, garantia comercial, etc.<\/div>\n<\/td>\n<\/tr>\n<tr>\n<td colspan=\"1\" rowspan=\"1\">\n<div class=\"magic-2\"><b>Pacote<\/b><\/div>\n<\/td>\n<td colspan=\"4\" rowspan=\"1\">\n<div class=\"magic-6\">Saco pl\u00e1stico\/saco de papel+saco de madeira ou personalizado<\/div>\n<\/td>\n<\/tr>\n<tr>\n<td colspan=\"1\" rowspan=\"1\">\n<div class=\"magic-2\"><b>Servi\u00e7o<\/b><\/div>\n<\/td>\n<td colspan=\"4\" rowspan=\"1\">\n<div class=\"magic-6\">Diferentes tamanhos de mandril e especifica\u00e7\u00f5es de segmento est\u00e3o dispon\u00edveis mediante solicita\u00e7\u00e3o. Outros tipos podem ser processados de acordo com desenhos e amostras fornecidos pelos clientes<\/div>\n<\/td>\n<\/tr>\n<\/tbody>\n<\/table>\n<figure id=\"attachment_1277\" aria-describedby=\"caption-attachment-1277\" style=\"width: 749px\" class=\"wp-caption aligncenter\"><img loading=\"lazy\" decoding=\"async\" class=\"wp-image-1277 size-full\" src=\"https:\/\/xmstonetools.com\/wp-content\/uploads\/2022\/11\/Why-Choose-Us-Cup-Wheels.jpg\" alt=\"Por que escolher a Cup Wheels?\" width=\"749\" height=\"360\" srcset=\"https:\/\/xmstonetools.com\/wp-content\/uploads\/2022\/11\/Why-Choose-Us-Cup-Wheels.jpg 749w, https:\/\/xmstonetools.com\/wp-content\/uploads\/2022\/11\/Why-Choose-Us-Cup-Wheels-600x288.jpg 600w\" sizes=\"auto, (max-width: 749px) 100vw, 749px\" \/><figcaption id=\"caption-attachment-1277\" class=\"wp-caption-text\">Por que escolher a Cup Wheels?<\/figcaption><\/figure>\n<figure id=\"attachment_1275\" aria-describedby=\"caption-attachment-1275\" style=\"width: 850px\" class=\"wp-caption aligncenter\"><img loading=\"lazy\" decoding=\"async\" class=\"wp-image-1275 size-full\" src=\"https:\/\/xmstonetools.com\/wp-content\/uploads\/2022\/11\/Stone-Diamond-Grinding-Cup-Wheel.jpg\" alt=\"Rebolo de diamante para copo de moagem de pedra\" width=\"850\" height=\"194\" srcset=\"https:\/\/xmstonetools.com\/wp-content\/uploads\/2022\/11\/Stone-Diamond-Grinding-Cup-Wheel.jpg 850w, https:\/\/xmstonetools.com\/wp-content\/uploads\/2022\/11\/Stone-Diamond-Grinding-Cup-Wheel-800x183.jpg 800w, https:\/\/xmstonetools.com\/wp-content\/uploads\/2022\/11\/Stone-Diamond-Grinding-Cup-Wheel-768x175.jpg 768w, https:\/\/xmstonetools.com\/wp-content\/uploads\/2022\/11\/Stone-Diamond-Grinding-Cup-Wheel-600x137.jpg 600w\" sizes=\"auto, (max-width: 850px) 100vw, 850px\" \/><figcaption id=\"caption-attachment-1275\" class=\"wp-caption-text\">Rebolo de diamante para copo de moagem de pedra<\/figcaption><\/figure>\n<figure id=\"attachment_1274\" aria-describedby=\"caption-attachment-1274\" style=\"width: 859px\" class=\"wp-caption aligncenter\"><img loading=\"lazy\" decoding=\"async\" class=\"wp-image-1274 size-full\" src=\"https:\/\/xmstonetools.com\/wp-content\/uploads\/2022\/11\/Stone-Diamond-Cup-Wheels.jpg\" alt=\"Rodas para copos Stone Diamond\" width=\"859\" height=\"190\" srcset=\"https:\/\/xmstonetools.com\/wp-content\/uploads\/2022\/11\/Stone-Diamond-Cup-Wheels.jpg 859w, https:\/\/xmstonetools.com\/wp-content\/uploads\/2022\/11\/Stone-Diamond-Cup-Wheels-800x177.jpg 800w, https:\/\/xmstonetools.com\/wp-content\/uploads\/2022\/11\/Stone-Diamond-Cup-Wheels-768x170.jpg 768w, https:\/\/xmstonetools.com\/wp-content\/uploads\/2022\/11\/Stone-Diamond-Cup-Wheels-600x133.jpg 600w\" sizes=\"auto, (max-width: 859px) 100vw, 859px\" \/><figcaption id=\"caption-attachment-1274\" class=\"wp-caption-text\">Rodas para copos Stone Diamond<\/figcaption><\/figure>","protected":false},"excerpt":{"rendered":"<p>90-100mm Diamond Grinding Cup Wheel Blades For Grinding Stone\/Concrete<\/p>\n<p>Principais caracter\u00edsticas: 1. alta efici\u00eancia, ecologicamente correto, f\u00e1cil opera\u00e7\u00e3o, sem quebra de borda.<\/p>\n<p>2. segmentos de diamante feitos de diamante de alta qualidade por meio de t\u00e9cnicas avan\u00e7adas.<\/p>\n<p>3. sem queda de segmento, sem deforma\u00e7\u00e3o, silencioso e n\u00e3o silencioso para diferentes exig\u00eancias de qualidade<\/p>\n<p>4. formato M de alta f\u00f3rmula, formato K, formato c\u00f4nico, formato plano, formato T, formato U, etc.<\/p>\n<p>5. l\u00e2mina de diamante para desempenho duradouro com o m\u00ednimo de lascas<\/p>\n<p>6. projeto de m\u00faltiplos furos de acordo com as exig\u00eancias do cliente.<\/p>\n<div>\n<a href=\"#Quote-Button\" class=\"button primary is-large Inquiry-Button\" style=\"border-radius:99px;\">\n\t<i class=\"icon-heart\" aria-hidden=\"true\"><\/i>\t<span>Solicite agora<\/span>\n\t<\/a>\n\n<\/div>","protected":false},"featured_media":1270,"template":"","meta":[],"product_brand":[],"product_cat":[56],"product_tag":[83],"class_list":{"0":"post-1278","1":"product","2":"type-product","3":"status-publish","4":"has-post-thumbnail","6":"product_cat-stone-grinding-tools","7":"product_tag-grinding-cup-wheel","9":"first","10":"instock","11":"shipping-taxable","12":"product-type-simple"},"aioseo_notices":[],"_links":{"self":[{"href":"https:\/\/xmstonetools.com\/pt\/wp-json\/wp\/v2\/product\/1278","targetHints":{"allow":["GET"]}}],"collection":[{"href":"https:\/\/xmstonetools.com\/pt\/wp-json\/wp\/v2\/product"}],"about":[{"href":"https:\/\/xmstonetools.com\/pt\/wp-json\/wp\/v2\/types\/product"}],"wp:featuredmedia":[{"embeddable":true,"href":"https:\/\/xmstonetools.com\/pt\/wp-json\/wp\/v2\/media\/1270"}],"wp:attachment":[{"href":"https:\/\/xmstonetools.com\/pt\/wp-json\/wp\/v2\/media?parent=1278"}],"wp:term":[{"taxonomy":"product_brand","embeddable":true,"href":"https:\/\/xmstonetools.com\/pt\/wp-json\/wp\/v2\/product_brand?post=1278"},{"taxonomy":"product_cat","embeddable":true,"href":"https:\/\/xmstonetools.com\/pt\/wp-json\/wp\/v2\/product_cat?post=1278"},{"taxonomy":"product_tag","embeddable":true,"href":"https:\/\/xmstonetools.com\/pt\/wp-json\/wp\/v2\/product_tag?post=1278"}],"curies":[{"name":"wp","href":"https:\/\/api.w.org\/{rel}","templated":true}]}}