{"id":1290,"date":"2022-11-16T19:41:42","date_gmt":"2022-11-16T11:41:42","guid":{"rendered":"https:\/\/xmstonetools.com\/?post_type=product&#038;p=1290"},"modified":"2023-03-28T15:54:12","modified_gmt":"2023-03-28T07:54:12","slug":"serra-de-fio-diamantado-para-acabamento-de-blocos","status":"publish","type":"product","link":"https:\/\/xmstonetools.com\/pt\/product\/serra-de-fio-diamantado-para-acabamento-de-blocos\/","title":{"rendered":"Serra de fio diamantado para revestimento de blocos"},"content":{"rendered":"<table class=\"aliDataTable\">\n<tbody>\n<tr align=\"left\">\n<td valign=\"top\">Aplicativo<\/td>\n<td valign=\"top\">1. para pedreira, esquadrejamento e chanframento de blocos, corte de perfis<\/p>\n<p>2. para corte de concreto armado<\/td>\n<\/tr>\n<tr align=\"left\">\n<td valign=\"top\">Di\u00e2metro da serra de fio<\/td>\n<td valign=\"top\">7,2 mm, 8,0 mm, 8,5 mm, 9,0 mm, 11,0 mm, 11,5 mm<\/td>\n<\/tr>\n<tr align=\"left\">\n<td valign=\"top\">Tecnologia<\/td>\n<td valign=\"top\">Sinterizado, galvanizado, soldado a v\u00e1cuo<\/td>\n<\/tr>\n<tr align=\"left\">\n<td valign=\"top\">Inje\u00e7\u00e3o de fixa\u00e7\u00e3o de revestimento<\/td>\n<td valign=\"top\">Pl\u00e1stico, Borracha, Mola, Borracha+Mola, Pl\u00e1stico+Mola<\/td>\n<\/tr>\n<tr align=\"left\">\n<td valign=\"top\">Contas\/Medidor<\/td>\n<td valign=\"top\">40\/37\/33\/28\/26pcs<\/td>\n<\/tr>\n<tr align=\"left\">\n<td valign=\"top\">Aten\u00e7\u00e3o<\/td>\n<td valign=\"top\">l. Verificar a serra regularmente e ajust\u00e1-la em tempo h\u00e1bil.<\/p>\n<p>2. verificar a abras\u00e3o da p\u00e9rola regularmente, evitar o desgaste exc\u00eantrico<br \/>\n3. Verificar a junta regularmente e ajust\u00e1-la em tempo h\u00e1bil.<br \/>\n4. A tens\u00e3o dos cabos \u00e9 de 250-300 kg (cabos de \u03a64-5 mm)<br \/>\n5. O fornecimento de \u00e1gua \u00e9 de cerca de 15-25 L\/min<\/td>\n<\/tr>\n<tr align=\"left\">\n<td valign=\"top\">\u00a0Recurso<\/td>\n<td valign=\"top\">\n<div>1. muito menor \u00edndice de quebra durante o uso, o que aumenta a vida \u00fatil.<br \/>\n2. a produ\u00e7\u00e3o autom\u00e1tica garante um desempenho de qualidade est\u00e1vel.<br \/>\n3. seguro, de alta efici\u00eancia e com prote\u00e7\u00e3o ambiental.<\/div>\n<\/td>\n<\/tr>\n<\/tbody>\n<\/table>\n<div><\/div>\n<div data-spm-anchor-id=\"a2700.details.0.i12.4d8747faaoIfJr\">\n<table class=\"aliDataTable\">\n<tbody>\n<tr align=\"left\">\n<td valign=\"center\">Di\u00e2metro (mm)<\/td>\n<td valign=\"center\">Aplicativos<\/td>\n<td valign=\"center\">Revestimento<\/td>\n<td valign=\"center\">Conta\/m<\/td>\n<td valign=\"center\">Velocidade de corte (m2\/h)<\/td>\n<td valign=\"center\">Vida \u00fatil do fio (m2\/m)<\/td>\n<\/tr>\n<tr align=\"left\">\n<td valign=\"center\">\u03a6 11. 5 \/ \u03a6 10.5<\/td>\n<td valign=\"center\">Concreto armado<\/td>\n<td valign=\"center\">borracha+mola<\/td>\n<td valign=\"center\">40<\/td>\n<td valign=\"center\">0.5-5<\/td>\n<td valign=\"center\">0.5-8<\/td>\n<\/tr>\n<tr align=\"left\">\n<td valign=\"center\">\u03a6 11.5\/ \u03a6 11.0<\/td>\n<td valign=\"center\">Mina\/pedreira de granito<\/td>\n<td valign=\"center\">borracha\/borracha+mola<\/td>\n<td valign=\"center\">40<\/td>\n<td valign=\"center\">2-12<\/td>\n<td valign=\"center\">7-22<\/td>\n<\/tr>\n<tr align=\"left\">\n<td valign=\"center\">\u03a6 11,5\/ \u03a6 11,0\/ \u03a6 10,5<\/td>\n<td valign=\"center\">Mina\/pedreira de m\u00e1rmore<\/td>\n<td valign=\"center\">mola\/mola+pl\u00e1stico<\/td>\n<td valign=\"center\">28-40<\/td>\n<td valign=\"center\">4-20<\/td>\n<td valign=\"center\">15-50<\/td>\n<\/tr>\n<tr align=\"left\">\n<td valign=\"center\">\u03a6 11.0\/10.5<\/td>\n<td valign=\"center\">Bloco de granito e m\u00e1rmore<\/td>\n<td valign=\"center\">pl\u00e1stico\/borracha<\/td>\n<td valign=\"center\">37\/40<\/td>\n<td valign=\"center\">6-30<\/td>\n<td valign=\"center\">7-50<\/td>\n<\/tr>\n<tr align=\"left\">\n<td valign=\"center\">\u03a6 8.8\/ \u03a6 8. 5<\/td>\n<td valign=\"center\">Perfilamento de granito e m\u00e1rmore<\/td>\n<td valign=\"center\">pl\u00e1stico\/borracha<\/td>\n<td valign=\"center\">33\/37\/40<\/td>\n<td valign=\"center\">7-30<\/td>\n<td valign=\"center\">7-40<\/td>\n<\/tr>\n<tr align=\"left\">\n<td valign=\"center\">\u03a6 7. 2 \/ \u03a6 8.5<\/td>\n<td valign=\"center\">Laje de granito<\/td>\n<td valign=\"center\">pl\u00e1stico<\/td>\n<td valign=\"center\">37<\/td>\n<td valign=\"center\">0.5-1.6<\/td>\n<td valign=\"center\">6-15<\/td>\n<\/tr>\n<\/tbody>\n<\/table>\n<div><\/div>\n<figure id=\"attachment_1286\" aria-describedby=\"caption-attachment-1286\" style=\"width: 811px\" class=\"wp-caption aligncenter\"><img loading=\"lazy\" decoding=\"async\" class=\"wp-image-1286 size-full\" src=\"https:\/\/xmstonetools.com\/wp-content\/uploads\/2022\/11\/Diamond-Wire-Saw-For-Block-Dressing-1.jpg\" alt=\"Serra de fio diamantado para revestimento de blocos-1\" width=\"811\" height=\"477\" srcset=\"https:\/\/xmstonetools.com\/wp-content\/uploads\/2022\/11\/Diamond-Wire-Saw-For-Block-Dressing-1.jpg 811w, https:\/\/xmstonetools.com\/wp-content\/uploads\/2022\/11\/Diamond-Wire-Saw-For-Block-Dressing-1-680x400.jpg 680w, https:\/\/xmstonetools.com\/wp-content\/uploads\/2022\/11\/Diamond-Wire-Saw-For-Block-Dressing-1-768x452.jpg 768w, https:\/\/xmstonetools.com\/wp-content\/uploads\/2022\/11\/Diamond-Wire-Saw-For-Block-Dressing-1-600x353.jpg 600w\" sizes=\"auto, (max-width: 811px) 100vw, 811px\" \/><figcaption id=\"caption-attachment-1286\" class=\"wp-caption-text\">Serra de fio diamantado para revestimento de blocos-1<\/figcaption><\/figure>\n<figure id=\"attachment_1284\" aria-describedby=\"caption-attachment-1284\" style=\"width: 797px\" class=\"wp-caption aligncenter\"><img loading=\"lazy\" decoding=\"async\" class=\"wp-image-1284 size-full\" src=\"https:\/\/xmstonetools.com\/wp-content\/uploads\/2022\/11\/Diamond-Rope-Saw-For-Block-Profiling-1.jpg\" alt=\"Serra de cabo de diamante para perfilamento de blocos-1\" width=\"797\" height=\"745\" srcset=\"https:\/\/xmstonetools.com\/wp-content\/uploads\/2022\/11\/Diamond-Rope-Saw-For-Block-Profiling-1.jpg 797w, https:\/\/xmstonetools.com\/wp-content\/uploads\/2022\/11\/Diamond-Rope-Saw-For-Block-Profiling-1-428x400.jpg 428w, https:\/\/xmstonetools.com\/wp-content\/uploads\/2022\/11\/Diamond-Rope-Saw-For-Block-Profiling-1-768x718.jpg 768w, https:\/\/xmstonetools.com\/wp-content\/uploads\/2022\/11\/Diamond-Rope-Saw-For-Block-Profiling-1-600x561.jpg 600w\" sizes=\"auto, (max-width: 797px) 100vw, 797px\" \/><figcaption id=\"caption-attachment-1284\" class=\"wp-caption-text\">Serra de cabo de diamante para perfilamento de blocos-1<\/figcaption><\/figure>\n<figure id=\"attachment_1281\" aria-describedby=\"caption-attachment-1281\" style=\"width: 798px\" class=\"wp-caption aligncenter\"><img loading=\"lazy\" decoding=\"async\" class=\"wp-image-1281 size-full\" src=\"https:\/\/xmstonetools.com\/wp-content\/uploads\/2022\/11\/Advantage-Wire-Saw-For-Block-Profiling-Dressing-1.jpg\" alt=\"Serra de fio para perfilamento de blocos - 1\" width=\"798\" height=\"713\" srcset=\"https:\/\/xmstonetools.com\/wp-content\/uploads\/2022\/11\/Advantage-Wire-Saw-For-Block-Profiling-Dressing-1.jpg 798w, https:\/\/xmstonetools.com\/wp-content\/uploads\/2022\/11\/Advantage-Wire-Saw-For-Block-Profiling-Dressing-1-448x400.jpg 448w, https:\/\/xmstonetools.com\/wp-content\/uploads\/2022\/11\/Advantage-Wire-Saw-For-Block-Profiling-Dressing-1-768x686.jpg 768w, https:\/\/xmstonetools.com\/wp-content\/uploads\/2022\/11\/Advantage-Wire-Saw-For-Block-Profiling-Dressing-1-600x536.jpg 600w\" sizes=\"auto, (max-width: 798px) 100vw, 798px\" \/><figcaption id=\"caption-attachment-1281\" class=\"wp-caption-text\">Serra de fio para perfilamento de blocos - 1<\/figcaption><\/figure>\n<figure id=\"attachment_1282\" aria-describedby=\"caption-attachment-1282\" style=\"width: 797px\" class=\"wp-caption aligncenter\"><img loading=\"lazy\" decoding=\"async\" class=\"wp-image-1282 size-full\" src=\"https:\/\/xmstonetools.com\/wp-content\/uploads\/2022\/11\/Advantage-Wire-Saw-For-Block-Profiling-Dressing-2.jpg\" alt=\"Serra de fio Advantage para perfilamento de blocos - Dressing-2\" width=\"797\" height=\"309\" srcset=\"https:\/\/xmstonetools.com\/wp-content\/uploads\/2022\/11\/Advantage-Wire-Saw-For-Block-Profiling-Dressing-2.jpg 797w, https:\/\/xmstonetools.com\/wp-content\/uploads\/2022\/11\/Advantage-Wire-Saw-For-Block-Profiling-Dressing-2-768x298.jpg 768w, https:\/\/xmstonetools.com\/wp-content\/uploads\/2022\/11\/Advantage-Wire-Saw-For-Block-Profiling-Dressing-2-600x233.jpg 600w\" sizes=\"auto, (max-width: 797px) 100vw, 797px\" \/><figcaption id=\"caption-attachment-1282\" class=\"wp-caption-text\">Serra de fio Advantage para perfilamento de blocos - Dressing-2<\/figcaption><\/figure>\n<figure id=\"attachment_1288\" aria-describedby=\"caption-attachment-1288\" style=\"width: 749px\" class=\"wp-caption aligncenter\"><img loading=\"lazy\" decoding=\"async\" class=\"wp-image-1288 size-full\" src=\"https:\/\/xmstonetools.com\/wp-content\/uploads\/2022\/11\/Packing-and-Shipping-of-Profiling-wire-saw.jpg\" alt=\"Embalagem e envio da serra de fio para perfilagem\" width=\"749\" height=\"799\" srcset=\"https:\/\/xmstonetools.com\/wp-content\/uploads\/2022\/11\/Packing-and-Shipping-of-Profiling-wire-saw.jpg 749w, https:\/\/xmstonetools.com\/wp-content\/uploads\/2022\/11\/Packing-and-Shipping-of-Profiling-wire-saw-375x400.jpg 375w, https:\/\/xmstonetools.com\/wp-content\/uploads\/2022\/11\/Packing-and-Shipping-of-Profiling-wire-saw-600x640.jpg 600w\" sizes=\"auto, (max-width: 749px) 100vw, 749px\" \/><figcaption id=\"caption-attachment-1288\" class=\"wp-caption-text\">Embalagem e envio da serra de fio para perfilagem<\/figcaption><\/figure>\n<\/div>","protected":false},"excerpt":{"rendered":"<p>Serra de fio diamantado para revestimento de blocos:<\/p>\n<p>Recomendamos o fio de pl\u00e1stico, que pode ser usado para dissecar m\u00e1rmore e granito.<\/p>\n<p>Ele pode cortar com precis\u00e3o com um pequeno espa\u00e7o intermedi\u00e1rio.<\/p>\n<p>Ele pode cortar o bloco com espessura de 2,3M<\/p>\n<p>Serra de fio diamantado para perfilagem :<\/p>\n<p>Recomendamos o fio de pl\u00e1stico para opera\u00e7\u00f5es de modelagem, que oferece uma grande variedade de possibilidades<\/p>\n<p>Ele produz uma superf\u00edcie lisa e tamanhos precisos com pequenos espa\u00e7os intermedi\u00e1rios.<\/p>\n<p>Colunas e elementos para a ind\u00fastria da constru\u00e7\u00e3o podem ser produzidos de forma muito mais econ\u00f4mica.<\/p>\n<a href=\"#Quote-Button\" class=\"button primary is-large Inquiry-Button\" style=\"border-radius:99px;\">\n\t<i class=\"icon-heart\" aria-hidden=\"true\"><\/i>\t<span>Solicite agora<\/span>\n\t<\/a>","protected":false},"featured_media":1285,"template":"","meta":[],"product_brand":[],"product_cat":[61],"product_tag":[69,80,84],"class_list":{"0":"post-1290","1":"product","2":"type-product","3":"status-publish","4":"has-post-thumbnail","6":"product_cat-diamond-wire-saw","7":"product_tag-diamond-wire-saw","8":"product_tag-granite-wire-saw","9":"product_tag-profiling-wire-saw","11":"first","12":"instock","13":"shipping-taxable","14":"product-type-simple"},"aioseo_notices":[],"_links":{"self":[{"href":"https:\/\/xmstonetools.com\/pt\/wp-json\/wp\/v2\/product\/1290","targetHints":{"allow":["GET"]}}],"collection":[{"href":"https:\/\/xmstonetools.com\/pt\/wp-json\/wp\/v2\/product"}],"about":[{"href":"https:\/\/xmstonetools.com\/pt\/wp-json\/wp\/v2\/types\/product"}],"wp:featuredmedia":[{"embeddable":true,"href":"https:\/\/xmstonetools.com\/pt\/wp-json\/wp\/v2\/media\/1285"}],"wp:attachment":[{"href":"https:\/\/xmstonetools.com\/pt\/wp-json\/wp\/v2\/media?parent=1290"}],"wp:term":[{"taxonomy":"product_brand","embeddable":true,"href":"https:\/\/xmstonetools.com\/pt\/wp-json\/wp\/v2\/product_brand?post=1290"},{"taxonomy":"product_cat","embeddable":true,"href":"https:\/\/xmstonetools.com\/pt\/wp-json\/wp\/v2\/product_cat?post=1290"},{"taxonomy":"product_tag","embeddable":true,"href":"https:\/\/xmstonetools.com\/pt\/wp-json\/wp\/v2\/product_tag?post=1290"}],"curies":[{"name":"wp","href":"https:\/\/api.w.org\/{rel}","templated":true}]}}