{"id":1299,"date":"2022-11-16T22:23:11","date_gmt":"2022-11-16T14:23:11","guid":{"rendered":"https:\/\/xmstonetools.com\/?post_type=product&#038;p=1299"},"modified":"2023-03-28T15:53:58","modified_gmt":"2023-03-28T07:53:58","slug":"serra-de-fio-para-esquadrejamento-de-pedras","status":"publish","type":"product","link":"https:\/\/xmstonetools.com\/pt\/product\/serra-de-fio-para-esquadrejamento-de-pedras\/","title":{"rendered":"Serra de fio para esquadrejamento de pedras"},"content":{"rendered":"<div class=\"J_module\">\n<div class=\"ife-detail-decorate-table\">\n<table class=\"has-title all magic-11\">\n<tbody>\n<tr>\n<td colspan=\"1\" rowspan=\"1\">\n<div class=\"magic-12\">Aplicativo<\/div>\n<\/td>\n<td colspan=\"1\" rowspan=\"1\">\n<div class=\"magic-13\">1. para pedreiras, esquadrejamento e chanfro de blocos, corte de perfis<br \/>\n2. para corte de concreto armado<\/div>\n<\/td>\n<\/tr>\n<tr>\n<td colspan=\"1\" rowspan=\"1\">\n<div class=\"magic-12\">Di\u00e2metro da serra de fio<\/div>\n<\/td>\n<td colspan=\"1\" rowspan=\"1\">\n<div class=\"magic-13\">5,3 mm, 6,3 mm, 7,3 mm, 8,0 mm, 9,0 mm, 11,0 mm, 11,5 mm, 12,5 mm<\/div>\n<\/td>\n<\/tr>\n<tr>\n<td colspan=\"1\" rowspan=\"1\">\n<div class=\"magic-12\">Tecnologia<\/div>\n<\/td>\n<td colspan=\"1\" rowspan=\"1\">\n<div class=\"magic-13\">Sinterizado, galvanizado, soldado a v\u00e1cuo<\/div>\n<\/td>\n<\/tr>\n<tr>\n<td colspan=\"1\" rowspan=\"1\">\n<div class=\"magic-12\">Inje\u00e7\u00e3o de fixa\u00e7\u00e3o de revestimento<\/div>\n<\/td>\n<td colspan=\"1\" rowspan=\"1\">\n<div class=\"magic-13\">Pl\u00e1stico, Borracha, Mola, Borracha+Mola, Pl\u00e1stico+Mola<\/div>\n<\/td>\n<\/tr>\n<tr>\n<td colspan=\"1\" rowspan=\"1\">\n<div class=\"magic-12\">Contas\/Medidor<\/div>\n<\/td>\n<td colspan=\"1\" rowspan=\"1\">\n<div class=\"magic-13\">40\/37\/33\/28\/26 p\u00e7s<\/div>\n<\/td>\n<\/tr>\n<tr>\n<td colspan=\"1\" rowspan=\"1\">\n<div class=\"magic-12\">Aten\u00e7\u00e3o<\/div>\n<\/td>\n<td colspan=\"1\" rowspan=\"1\">\n<div class=\"magic-13\">l. Verificar a serra regularmente e ajust\u00e1-la em tempo h\u00e1bil.<br \/>\n2. verificar a abras\u00e3o da p\u00e9rola regularmente, evitar o desgaste exc\u00eantrico<br \/>\n3. Verificar a junta regularmente e ajust\u00e1-la em tempo h\u00e1bil.<br \/>\n4. A tens\u00e3o dos cabos \u00e9 de 250-300 kg (cabos de \u03a64-5 mm)<br \/>\n5. O fornecimento de \u00e1gua \u00e9 de cerca de 15-25 L\/min<\/div>\n<\/td>\n<\/tr>\n<tr>\n<td colspan=\"1\" rowspan=\"1\">\n<div class=\"magic-12\">\u00a0Recurso<\/div>\n<\/td>\n<td colspan=\"1\" rowspan=\"1\">\n<div class=\"magic-13\">1. muito menor \u00edndice de quebra durante o uso, o que aumenta a vida \u00fatil.<br \/>\n2. a produ\u00e7\u00e3o autom\u00e1tica garante um desempenho de qualidade est\u00e1vel.<br \/>\n3. seguro, de alta efici\u00eancia e com prote\u00e7\u00e3o ambiental.<\/div>\n<\/td>\n<\/tr>\n<\/tbody>\n<\/table>\n<figure id=\"attachment_1292\" aria-describedby=\"caption-attachment-1292\" style=\"width: 750px\" class=\"wp-caption aligncenter\"><img loading=\"lazy\" decoding=\"async\" class=\"wp-image-1292 size-full\" src=\"https:\/\/xmstonetools.com\/wp-content\/uploads\/2022\/11\/Applications-of-Squaring-Wire-Rope-Saw.jpg\" alt=\"Aplica\u00e7\u00f5es da serra de cabo de a\u00e7o para esquadrejamento\" width=\"750\" height=\"532\" srcset=\"https:\/\/xmstonetools.com\/wp-content\/uploads\/2022\/11\/Applications-of-Squaring-Wire-Rope-Saw.jpg 750w, https:\/\/xmstonetools.com\/wp-content\/uploads\/2022\/11\/Applications-of-Squaring-Wire-Rope-Saw-564x400.jpg 564w, https:\/\/xmstonetools.com\/wp-content\/uploads\/2022\/11\/Applications-of-Squaring-Wire-Rope-Saw-600x426.jpg 600w\" sizes=\"auto, (max-width: 750px) 100vw, 750px\" \/><figcaption id=\"caption-attachment-1292\" class=\"wp-caption-text\">Aplica\u00e7\u00f5es da serra de cabo de a\u00e7o para esquadrejamento<\/figcaption><\/figure>\n<figure id=\"attachment_1297\" aria-describedby=\"caption-attachment-1297\" style=\"width: 750px\" class=\"wp-caption aligncenter\"><img loading=\"lazy\" decoding=\"async\" class=\"wp-image-1297 size-full\" src=\"https:\/\/xmstonetools.com\/wp-content\/uploads\/2022\/11\/Stone-Squaring-Wire-Saw-Production-Details.jpg\" alt=\"Detalhes da produ\u00e7\u00e3o da serra de fio para esquadrejamento de pedras\" width=\"750\" height=\"279\" srcset=\"https:\/\/xmstonetools.com\/wp-content\/uploads\/2022\/11\/Stone-Squaring-Wire-Saw-Production-Details.jpg 750w, https:\/\/xmstonetools.com\/wp-content\/uploads\/2022\/11\/Stone-Squaring-Wire-Saw-Production-Details-600x223.jpg 600w\" sizes=\"auto, (max-width: 750px) 100vw, 750px\" \/><figcaption id=\"caption-attachment-1297\" class=\"wp-caption-text\">Detalhes da produ\u00e7\u00e3o da serra de fio para esquadrejamento de pedras<\/figcaption><\/figure>\n<figure id=\"attachment_1298\" aria-describedby=\"caption-attachment-1298\" style=\"width: 750px\" class=\"wp-caption aligncenter\"><img loading=\"lazy\" decoding=\"async\" class=\"wp-image-1298 size-full\" src=\"https:\/\/xmstonetools.com\/wp-content\/uploads\/2022\/11\/Stone-Squaring-Wire-Saw-Production-Details-2.png\" alt=\"Detalhes da produ\u00e7\u00e3o da serra de fio para esquadrejamento de pedras-2\" width=\"750\" height=\"508\" srcset=\"https:\/\/xmstonetools.com\/wp-content\/uploads\/2022\/11\/Stone-Squaring-Wire-Saw-Production-Details-2.png 750w, https:\/\/xmstonetools.com\/wp-content\/uploads\/2022\/11\/Stone-Squaring-Wire-Saw-Production-Details-2-591x400.png 591w, https:\/\/xmstonetools.com\/wp-content\/uploads\/2022\/11\/Stone-Squaring-Wire-Saw-Production-Details-2-600x406.png 600w\" sizes=\"auto, (max-width: 750px) 100vw, 750px\" \/><figcaption id=\"caption-attachment-1298\" class=\"wp-caption-text\">Detalhes da produ\u00e7\u00e3o da serra de fio para esquadrejamento de pedras-2<\/figcaption><\/figure>\n<\/div>\n<\/div>\n<div class=\"J_module\">\n<div class=\"icbu-pc-images magic-6\">\n<div>\n<div class=\"flex-layout-v\">\n<div class=\"flex-layout-h magic-6\"><\/div>\n<\/div>\n<\/div>\n<\/div>\n<\/div>","protected":false},"excerpt":{"rendered":"<h3 class=\"magic-5\"><span data-spm-anchor-id=\"a2700.details.0.i9.4eb27889zgIkmr\">Serra de fio diamantado para esquadrejamento de blocos:<\/span><\/h3>\n<div class=\"magic-2\">\n<div class=\"magic-3\">\n<div class=\"magic-4\">Recomendamos o fio de pl\u00e1stico, que pode ser usado para dissecar m\u00e1rmore e granito.<br \/>\nEle pode cortar com precis\u00e3o com um pequeno espa\u00e7o intermedi\u00e1rio.<br \/>\nEle pode cortar o bloco com espessura de 2,3M.<\/div>\n<div>1. OFERECER UMA SOLU\u00c7\u00c3O COMPLETA PARA CORTE.<br \/>\n2. PRE\u00c7O DE ATACADO DE F\u00c1BRICA \/ BAIXO MOQ.<br \/>\n3. UM DOS MAIORES FABRICANTES DE FERRAMENTAS DE DIAMANTE DA CHINA.<br \/>\n4.OFERTA DE SERRAS DE FIO DIAMANTADO E M\u00c1QUINAS DE SERRA DE FIO DIAMANTADO.<br \/>\n5.ODM E OEM ACEITAM \/ PRE\u00c7O COMPETITIVO NO MERCADO.<\/div>\n<div><\/div>\n<\/div>\n<div><a href=\"#Quote-Button\" class=\"button primary is-large Inquiry-Button\" style=\"border-radius:99px;\">\n\t<i class=\"icon-heart\" aria-hidden=\"true\"><\/i>\t<span>Solicite agora<\/span>\n\t<\/a>\n<\/div>\n<\/div>","protected":false},"featured_media":1293,"template":"","meta":[],"product_brand":[],"product_cat":[61,55],"product_tag":[68,69,80],"class_list":{"0":"post-1299","1":"product","2":"type-product","3":"status-publish","4":"has-post-thumbnail","6":"product_cat-diamond-wire-saw","7":"product_cat-stone-cutting-tools","8":"product_tag-diamond-rope-saw","9":"product_tag-diamond-wire-saw","10":"product_tag-granite-wire-saw","12":"first","13":"instock","14":"shipping-taxable","15":"product-type-simple"},"aioseo_notices":[],"_links":{"self":[{"href":"https:\/\/xmstonetools.com\/pt\/wp-json\/wp\/v2\/product\/1299","targetHints":{"allow":["GET"]}}],"collection":[{"href":"https:\/\/xmstonetools.com\/pt\/wp-json\/wp\/v2\/product"}],"about":[{"href":"https:\/\/xmstonetools.com\/pt\/wp-json\/wp\/v2\/types\/product"}],"wp:featuredmedia":[{"embeddable":true,"href":"https:\/\/xmstonetools.com\/pt\/wp-json\/wp\/v2\/media\/1293"}],"wp:attachment":[{"href":"https:\/\/xmstonetools.com\/pt\/wp-json\/wp\/v2\/media?parent=1299"}],"wp:term":[{"taxonomy":"product_brand","embeddable":true,"href":"https:\/\/xmstonetools.com\/pt\/wp-json\/wp\/v2\/product_brand?post=1299"},{"taxonomy":"product_cat","embeddable":true,"href":"https:\/\/xmstonetools.com\/pt\/wp-json\/wp\/v2\/product_cat?post=1299"},{"taxonomy":"product_tag","embeddable":true,"href":"https:\/\/xmstonetools.com\/pt\/wp-json\/wp\/v2\/product_tag?post=1299"}],"curies":[{"name":"wp","href":"https:\/\/api.w.org\/{rel}","templated":true}]}}