{"id":1333,"date":"2022-11-25T17:04:01","date_gmt":"2022-11-25T09:04:01","guid":{"rendered":"https:\/\/xmstonetools.com\/?post_type=product&#038;p=1333"},"modified":"2023-03-28T15:52:47","modified_gmt":"2023-03-28T07:52:47","slug":"roda-de-calibracao-silenciosa-de-marmore-e-granito","status":"publish","type":"product","link":"https:\/\/xmstonetools.com\/pt\/product\/roda-de-calibracao-silenciosa-de-marmore-e-granito\/","title":{"rendered":"Roda de calibra\u00e7\u00e3o silenciosa para m\u00e1rmore e granito"},"content":{"rendered":"<div style=\"text-align: center;\"><span data-spm-anchor-id=\"a2700.wholesale.0.i27.67976747o6F3Yu\">Especifica\u00e7\u00e3o dos discos de calibra\u00e7\u00e3o de diamante silencioso:<\/span><\/div>\n<table style=\"height: 385px;\" border=\"1\" width=\"662\" align=\"left\">\n<tbody>\n<tr>\n<td rowspan=\"2\" valign=\"center\">Di\u00e2metro<\/td>\n<td rowspan=\"2\" valign=\"center\">Largura do rebolo<\/td>\n<td colspan=\"3\" valign=\"center\">Tamanho do segmento<\/td>\n<td rowspan=\"2\" valign=\"center\">Equipamento de cabe\u00e7a<\/td>\n<td rowspan=\"2\" valign=\"center\">Furo<\/td>\n<\/tr>\n<tr>\n<td valign=\"center\">longo<\/td>\n<td valign=\"center\">amplo<\/td>\n<td valign=\"center\">alta<\/td>\n<\/tr>\n<tr>\n<td valign=\"center\">300 mm<\/td>\n<td rowspan=\"5\" valign=\"center\">30 mm<\/p>\n<p>40 mm<\/p>\n<p>50 mm<\/td>\n<td rowspan=\"5\" valign=\"center\">34,6 mm<\/p>\n<p>46,2 mm<\/p>\n<p>57,7 mm<\/td>\n<td rowspan=\"5\" valign=\"center\">9 mm<\/td>\n<td rowspan=\"5\" valign=\"center\">6,5 mm<\/td>\n<td valign=\"center\">36<\/td>\n<td rowspan=\"5\" valign=\"center\">50 mm<\/p>\n<p>60 mm<\/td>\n<\/tr>\n<tr>\n<td valign=\"center\">350 mm<\/td>\n<td valign=\"center\">40<\/td>\n<\/tr>\n<tr>\n<td valign=\"center\">400 mm<\/td>\n<td valign=\"center\">45<\/td>\n<\/tr>\n<tr>\n<td valign=\"center\">500 mm<\/td>\n<td valign=\"center\">60<\/td>\n<\/tr>\n<tr>\n<td valign=\"center\">600 mm<\/td>\n<td valign=\"center\">72<\/td>\n<\/tr>\n<\/tbody>\n<\/table>\n<p>&nbsp;<\/p>\n<div><\/div>\n<div><\/div>\n<div><\/div>\n<div><\/div>\n<div><\/div>\n<div><\/div>\n<div data-spm-anchor-id=\"a2700.wholesale.0.i25.67976747o6F3Yu\"><\/div>\n<div><\/div>","protected":false},"excerpt":{"rendered":"<p>Breve introdu\u00e7\u00e3o:<\/p>\n<p>O rebolo de calibra\u00e7\u00e3o de diamante silencioso montado na fresadora, m\u00e1quina de linha para retifica\u00e7\u00e3o de laje de granito, laje de m\u00e1rmore, azulejo e outras superf\u00edcies de materiais, ter\u00e1 um cabo grosso, a base de n\u00e1ilon, alum\u00ednio e outros materiais, para reduzir a polui\u00e7\u00e3o sonora.<br \/>\nCaracter\u00edsticas:<br \/>\n1. Disco de calibra\u00e7\u00e3o de diamante silencioso usando nylon, alum\u00ednio e outros materiais para reduzir a polui\u00e7\u00e3o sonora<br \/>\n2. O rebolo de calibragem de diamante silencioso tem alta efici\u00eancia de retifica\u00e7\u00e3o, forma, tamanho, precis\u00e3o e outras caracter\u00edsticas,<br \/>\n3. Esse rebolo de calibra\u00e7\u00e3o de diamante tem boa qualidade de afia\u00e7\u00e3o, longa vida \u00fatil e alta velocidade de retifica\u00e7\u00e3o<br \/>\n4. Temos um conjunto comum de diamante redondo espesso e silenciador redondo com espessura de diamante para dois produtos<\/p>\n<a href=\"#Quote-Button\" class=\"button primary is-large Inquiry-Button\" style=\"border-radius:99px;\">\n\t<i class=\"icon-heart\" aria-hidden=\"true\"><\/i>\t<span>Solicite agora<\/span>\n\t<\/a>","protected":false},"featured_media":1338,"template":"","meta":[],"product_brand":[],"product_cat":[59],"product_tag":[87,86],"class_list":{"0":"post-1333","1":"product","2":"type-product","3":"status-publish","4":"has-post-thumbnail","6":"product_cat-stone-milling-tools","7":"product_tag-calibrating-wheel","8":"product_tag-stone-silent-disc","10":"first","11":"instock","12":"shipping-taxable","13":"product-type-simple"},"aioseo_notices":[],"_links":{"self":[{"href":"https:\/\/xmstonetools.com\/pt\/wp-json\/wp\/v2\/product\/1333","targetHints":{"allow":["GET"]}}],"collection":[{"href":"https:\/\/xmstonetools.com\/pt\/wp-json\/wp\/v2\/product"}],"about":[{"href":"https:\/\/xmstonetools.com\/pt\/wp-json\/wp\/v2\/types\/product"}],"wp:featuredmedia":[{"embeddable":true,"href":"https:\/\/xmstonetools.com\/pt\/wp-json\/wp\/v2\/media\/1338"}],"wp:attachment":[{"href":"https:\/\/xmstonetools.com\/pt\/wp-json\/wp\/v2\/media?parent=1333"}],"wp:term":[{"taxonomy":"product_brand","embeddable":true,"href":"https:\/\/xmstonetools.com\/pt\/wp-json\/wp\/v2\/product_brand?post=1333"},{"taxonomy":"product_cat","embeddable":true,"href":"https:\/\/xmstonetools.com\/pt\/wp-json\/wp\/v2\/product_cat?post=1333"},{"taxonomy":"product_tag","embeddable":true,"href":"https:\/\/xmstonetools.com\/pt\/wp-json\/wp\/v2\/product_tag?post=1333"}],"curies":[{"name":"wp","href":"https:\/\/api.w.org\/{rel}","templated":true}]}}