{"id":1381,"date":"2022-11-30T15:32:14","date_gmt":"2022-11-30T07:32:14","guid":{"rendered":"https:\/\/xmstonetools.com\/?post_type=product&#038;p=1381"},"modified":"2024-04-13T11:07:48","modified_gmt":"2024-04-13T03:07:48","slug":"levantador-de-grampo-de-laje-de-pedra","status":"publish","type":"product","link":"https:\/\/xmstonetools.com\/pt\/product\/levantador-de-grampo-de-laje-de-pedra\/","title":{"rendered":"Levantador de grampo de laje de pedra"},"content":{"rendered":"<figure id=\"attachment_1380\" aria-describedby=\"caption-attachment-1380\" style=\"width: 1427px\" class=\"wp-caption aligncenter\"><img loading=\"lazy\" decoding=\"async\" class=\"wp-image-1380 size-full\" src=\"https:\/\/xmstonetools.com\/wp-content\/uploads\/2022\/11\/Stone-Slab-Clamp-Lifter-7.jpg\" alt=\"Grampo para laje de pedra Lifter-7\" width=\"1427\" height=\"487\" srcset=\"https:\/\/xmstonetools.com\/wp-content\/uploads\/2022\/11\/Stone-Slab-Clamp-Lifter-7.jpg 1427w, https:\/\/xmstonetools.com\/wp-content\/uploads\/2022\/11\/Stone-Slab-Clamp-Lifter-7-800x273.jpg 800w, https:\/\/xmstonetools.com\/wp-content\/uploads\/2022\/11\/Stone-Slab-Clamp-Lifter-7-1400x478.jpg 1400w, https:\/\/xmstonetools.com\/wp-content\/uploads\/2022\/11\/Stone-Slab-Clamp-Lifter-7-768x262.jpg 768w, https:\/\/xmstonetools.com\/wp-content\/uploads\/2022\/11\/Stone-Slab-Clamp-Lifter-7-600x205.jpg 600w\" sizes=\"auto, (max-width: 1427px) 100vw, 1427px\" \/><figcaption id=\"caption-attachment-1380\" class=\"wp-caption-text\">Grampo para laje de pedra Lifter-7<\/figcaption><\/figure>\n<h3 class=\"magic-9\"><span class=\"magic-10\" style=\"color: #2196ed;\">Bra\u00e7adeira para eleva\u00e7\u00e3o de lajes de pedra<\/span><\/h3>\n<p class=\"magic-9\">\u00a0Essa ferramenta \u00e9 aplicada para espessuras de material de 15 a 60 mm, com as garras de borracha linne foram desenvolvidas para manusear materiais em forma de placas ou folhas, empilhados em racks, sem danificar a superf\u00edcie do material. <span style=\"font-size: 14.4px;\">vantagens em rela\u00e7\u00e3o aos dispositivos de eleva\u00e7\u00e3o comuns. <\/span><span style=\"font-size: 14.4px;\">Esse levantador de placas de pedra foi projetado para transportar placas de granito, m\u00e1rmore e pedras artificiais. Esses levantadores t\u00eam um design compacto <\/span><span style=\"font-size: 14.4px;\">permitindo que eles operem em \u00e1reas onde h\u00e1 pouco espa\u00e7o livre ou espa\u00e7o entre as lajes.<\/span><\/p>\n<table class=\"has-title hight-light-first-column all magic-18\" style=\"height: 54px;\" width=\"664\">\n<tbody>\n<tr>\n<td colspan=\"1\" rowspan=\"1\">\n<div class=\"magic-19\"><b>Modelo<\/b><\/div>\n<\/td>\n<td colspan=\"1\" rowspan=\"1\">\n<div class=\"magic-20\">Tamanho (mm)<\/div>\n<\/td>\n<td colspan=\"1\" rowspan=\"1\">\n<div class=\"magic-20\">Faixa de ader\u00eancia (mm)<\/div>\n<\/td>\n<td colspan=\"1\" rowspan=\"1\">\n<div class=\"magic-20\">Capacidade de peso (kg)<\/div>\n<\/td>\n<td colspan=\"1\" rowspan=\"1\">\n<div class=\"magic-21\">Peso l\u00edquido<\/div>\n<\/td>\n<\/tr>\n<tr>\n<td colspan=\"1\" rowspan=\"1\">\n<div class=\"magic-19\">HSA-14<\/div>\n<\/td>\n<td colspan=\"1\" rowspan=\"1\">\n<div class=\"magic-20\">250x170x350<\/div>\n<\/td>\n<td colspan=\"1\" rowspan=\"1\">\n<div class=\"magic-20\">10-50<\/div>\n<\/td>\n<td colspan=\"1\" rowspan=\"1\">\n<div class=\"magic-20\">1000<\/div>\n<\/td>\n<td colspan=\"1\" rowspan=\"1\">\n<div class=\"magic-21\">28<\/div>\n<\/td>\n<\/tr>\n<\/tbody>\n<\/table>","protected":false},"excerpt":{"rendered":"<h3>Caracter\u00edsticas:<\/h3>\n<p>* A estrutura compacta permite que as placas de pedra compactadas sejam retiradas das prateleiras e dos cont\u00eaineres com facilidade.<br \/>\n* Tamanho: \u00e9 poss\u00edvel levantar duas placas com alturas diferentes ao mesmo tempo<br \/>\n* Vers\u00e1til: as placas podem ser colocadas pr\u00f3ximas \u00e0s paredes<br \/>\n* Seguran\u00e7a: a opera\u00e7\u00e3o \u00e9 ativada com a\u00e7\u00f5es simples para reduzir as les\u00f5es f\u00edsicas durante o uso<br \/>\n* Seguro: Ele segura com firmeza as placas de m\u00e1rmore e granito.<\/p>\n<a href=\"#Quote-Button\" class=\"button primary is-large Inquiry-Button\" style=\"border-radius:99px;\">\n\t<i class=\"icon-heart\" aria-hidden=\"true\"><\/i>\t<span>Solicite agora<\/span>\n\t<\/a>","protected":false},"featured_media":1376,"template":"","meta":[],"product_brand":[],"product_cat":[63,56],"product_tag":[92],"class_list":{"0":"post-1381","1":"product","2":"type-product","3":"status-publish","4":"has-post-thumbnail","6":"product_cat-other-tools","7":"product_cat-stone-grinding-tools","8":"product_tag-stoe-lifter","10":"first","11":"instock","12":"shipping-taxable","13":"product-type-simple"},"aioseo_notices":[],"_links":{"self":[{"href":"https:\/\/xmstonetools.com\/pt\/wp-json\/wp\/v2\/product\/1381","targetHints":{"allow":["GET"]}}],"collection":[{"href":"https:\/\/xmstonetools.com\/pt\/wp-json\/wp\/v2\/product"}],"about":[{"href":"https:\/\/xmstonetools.com\/pt\/wp-json\/wp\/v2\/types\/product"}],"wp:featuredmedia":[{"embeddable":true,"href":"https:\/\/xmstonetools.com\/pt\/wp-json\/wp\/v2\/media\/1376"}],"wp:attachment":[{"href":"https:\/\/xmstonetools.com\/pt\/wp-json\/wp\/v2\/media?parent=1381"}],"wp:term":[{"taxonomy":"product_brand","embeddable":true,"href":"https:\/\/xmstonetools.com\/pt\/wp-json\/wp\/v2\/product_brand?post=1381"},{"taxonomy":"product_cat","embeddable":true,"href":"https:\/\/xmstonetools.com\/pt\/wp-json\/wp\/v2\/product_cat?post=1381"},{"taxonomy":"product_tag","embeddable":true,"href":"https:\/\/xmstonetools.com\/pt\/wp-json\/wp\/v2\/product_tag?post=1381"}],"curies":[{"name":"wp","href":"https:\/\/api.w.org\/{rel}","templated":true}]}}