{"id":1414,"date":"2022-11-30T22:20:25","date_gmt":"2022-11-30T14:20:25","guid":{"rendered":"https:\/\/xmstonetools.com\/?post_type=product&#038;p=1414"},"modified":"2023-07-05T10:05:07","modified_gmt":"2023-07-05T02:05:07","slug":"pontos-montados-em-diamante-cnc","status":"publish","type":"product","link":"https:\/\/xmstonetools.com\/pt\/product\/pontos-montados-em-diamante-cnc\/","title":{"rendered":"Pontas montadas em diamante CNC"},"content":{"rendered":"<h2 style=\"color: steelblue;\">Introdu\u00e7\u00e3o das pontas montadas com diamante CNC<\/h2>\n<p>H\u00e1 muito tempo, as ferramentas de diamante s\u00e3o reconhecidas como o ep\u00edtome da precis\u00e3o e da durabilidade em v\u00e1rias aplica\u00e7\u00f5es industriais. Entre essas ferramentas, as pontas montadas com diamante CNC surgiram como ativos indispens\u00e1veis nos processos de retifica\u00e7\u00e3o de precis\u00e3o. Combinando a dureza e a resist\u00eancia ao desgaste dos diamantes com a versatilidade da tecnologia CNC, essas ferramentas oferecem desempenho, efici\u00eancia e longevidade inigual\u00e1veis. Neste artigo, exploraremos os meandros das pontas montadas com diamante CNC, suas aplica\u00e7\u00f5es, benef\u00edcios e considera\u00e7\u00f5es para o uso ideal.<\/p>\n<h2 style=\"color: steelblue;\">O que s\u00e3o pontas montadas em diamante CNC?<\/h2>\n<p>As pontas montadas com diamante CNC s\u00e3o ferramentas de precis\u00e3o usadas em opera\u00e7\u00f5es de esmerilhamento, rebarba\u00e7\u00e3o, modelagem e acabamento em uma variedade de materiais, incluindo metais, cer\u00e2mica, vidro e compostos. Elas s\u00e3o constru\u00eddas com a incorpora\u00e7\u00e3o de diamantes industriais de alta qualidade em uma matriz de metal ou resina, o que permite propriedades abrasivas excepcionais. As part\u00edculas de diamante nessas ferramentas s\u00e3o meticulosamente distribu\u00eddas para garantir uniformidade e desempenho de corte ideal.<\/p>\n<figure id=\"attachment_1410\" aria-describedby=\"caption-attachment-1410\" style=\"width: 720px\" class=\"wp-caption aligncenter\"><img loading=\"lazy\" decoding=\"async\" class=\"size-full wp-image-1410\" src=\"https:\/\/xmstonetools.com\/wp-content\/uploads\/2022\/11\/CNC-Diamond-Mounted-Points-2.jpg\" alt=\"Pontos montados com diamante CNC-2\" width=\"720\" height=\"720\" srcset=\"https:\/\/xmstonetools.com\/wp-content\/uploads\/2022\/11\/CNC-Diamond-Mounted-Points-2.jpg 720w, https:\/\/xmstonetools.com\/wp-content\/uploads\/2022\/11\/CNC-Diamond-Mounted-Points-2-400x400.jpg 400w, https:\/\/xmstonetools.com\/wp-content\/uploads\/2022\/11\/CNC-Diamond-Mounted-Points-2-280x280.jpg 280w, https:\/\/xmstonetools.com\/wp-content\/uploads\/2022\/11\/CNC-Diamond-Mounted-Points-2-300x300.jpg 300w, https:\/\/xmstonetools.com\/wp-content\/uploads\/2022\/11\/CNC-Diamond-Mounted-Points-2-600x600.jpg 600w, https:\/\/xmstonetools.com\/wp-content\/uploads\/2022\/11\/CNC-Diamond-Mounted-Points-2-100x100.jpg 100w, https:\/\/xmstonetools.com\/wp-content\/uploads\/2022\/11\/CNC-Diamond-Mounted-Points-2-120x120.jpg 120w\" sizes=\"auto, (max-width: 720px) 100vw, 720px\" \/><figcaption id=\"caption-attachment-1410\" class=\"wp-caption-text\">Pontos montados com diamante CNC-2<\/figcaption><\/figure>\n<h2 style=\"color: steelblue;\">Aplica\u00e7\u00f5es das pontas montadas com diamante CNC:<\/h2>\n<h3>1. Retifica\u00e7\u00e3o de precis\u00e3o:<\/h3>\n<p>As pontas montadas com diamante CNC s\u00e3o excelentes em aplica\u00e7\u00f5es de retifica\u00e7\u00e3o de alta precis\u00e3o, como fabrica\u00e7\u00e3o de ferramentas e matrizes, fabrica\u00e7\u00e3o de moldes e fabrica\u00e7\u00e3o de componentes aeroespaciais. Elas podem moldar e polir com efici\u00eancia contornos, ranhuras e sulcos intrincados com precis\u00e3o excepcional.<\/p>\n<h3>2. Acabamento da superf\u00edcie:<\/h3>\n<p>Essas ferramentas tamb\u00e9m s\u00e3o amplamente utilizadas em opera\u00e7\u00f5es de acabamento de superf\u00edcies. Elas podem ser empregadas para obter acabamentos suaves, remover rebarbas e refinar bordas, melhorando a qualidade geral e a apar\u00eancia da pe\u00e7a de trabalho.<\/p>\n<h3>3. Remo\u00e7\u00e3o de material:<\/h3>\n<p>As pontas diamantadas CNC s\u00e3o altamente eficazes na remo\u00e7\u00e3o do excesso de material, seja para remo\u00e7\u00e3o precisa de material ou para trabalhos de restaura\u00e7\u00e3o. Elas s\u00e3o comumente utilizadas em setores como o automotivo, o de joias e o de fabrica\u00e7\u00e3o de metais.<\/p>\n<figure id=\"attachment_1409\" aria-describedby=\"caption-attachment-1409\" style=\"width: 720px\" class=\"wp-caption aligncenter\"><img loading=\"lazy\" decoding=\"async\" class=\"size-full wp-image-1409\" src=\"https:\/\/xmstonetools.com\/wp-content\/uploads\/2022\/11\/CNC-Diamond-Mounted-Points.jpg\" alt=\"Pontas montadas em diamante CNC\" width=\"720\" height=\"720\" srcset=\"https:\/\/xmstonetools.com\/wp-content\/uploads\/2022\/11\/CNC-Diamond-Mounted-Points.jpg 720w, https:\/\/xmstonetools.com\/wp-content\/uploads\/2022\/11\/CNC-Diamond-Mounted-Points-400x400.jpg 400w, https:\/\/xmstonetools.com\/wp-content\/uploads\/2022\/11\/CNC-Diamond-Mounted-Points-280x280.jpg 280w, https:\/\/xmstonetools.com\/wp-content\/uploads\/2022\/11\/CNC-Diamond-Mounted-Points-300x300.jpg 300w, https:\/\/xmstonetools.com\/wp-content\/uploads\/2022\/11\/CNC-Diamond-Mounted-Points-600x600.jpg 600w, https:\/\/xmstonetools.com\/wp-content\/uploads\/2022\/11\/CNC-Diamond-Mounted-Points-100x100.jpg 100w, https:\/\/xmstonetools.com\/wp-content\/uploads\/2022\/11\/CNC-Diamond-Mounted-Points-120x120.jpg 120w\" sizes=\"auto, (max-width: 720px) 100vw, 720px\" \/><figcaption id=\"caption-attachment-1409\" class=\"wp-caption-text\">Pontas montadas em diamante CNC<\/figcaption><\/figure>\n<h2 style=\"color: steelblue;\">Caracter\u00edsticas das pontas montadas em diamante CNC:<\/h2>\n<h3>1. Desempenho superior de corte:<\/h3>\n<p>A dureza e a natureza abrasiva dos diamantes fazem com que as pontas montadas com diamante CNC sejam excepcionalmente eficazes no corte de materiais duros e abrasivos. Elas podem manter sua nitidez e efici\u00eancia de corte por per\u00edodos prolongados, minimizando o tempo de inatividade para a substitui\u00e7\u00e3o da ferramenta.<\/p>\n<h3>2. Vida \u00fatil prolongada da ferramenta:<\/h3>\n<p>As ferramentas de diamante t\u00eam uma vida \u00fatil significativamente maior em compara\u00e7\u00e3o com as ferramentas abrasivas convencionais. A resist\u00eancia ao desgaste dos diamantes garante um desempenho consistente e reduz a frequ\u00eancia das trocas de ferramentas, resultando em economia de custos e aumento da produtividade.<\/p>\n<h3>3. Versatilidade:<\/h3>\n<p>As pontas montadas com diamante CNC est\u00e3o dispon\u00edveis em uma ampla variedade de formas, tamanhos e gr\u00e3os para atender a diferentes aplica\u00e7\u00f5es e tipos de materiais. Essa versatilidade permite uma personaliza\u00e7\u00e3o precisa, possibilitando que os operadores obtenham o acabamento de superf\u00edcie e a precis\u00e3o dimensional desejados.<\/p>\n<h3>4. Resist\u00eancia ao calor e a produtos qu\u00edmicos:<\/h3>\n<p>A excepcional condutividade t\u00e9rmica do diamante permite a dissipa\u00e7\u00e3o eficiente do calor durante o esmerilhamento, reduzindo o risco de danos t\u00e9rmicos \u00e0 pe\u00e7a de trabalho. Al\u00e9m disso, o diamante \u00e9 resistente a rea\u00e7\u00f5es qu\u00edmicas, o que torna as pontas montadas com diamante CNC adequadas para trabalhar com materiais quimicamente agressivos.<\/p>\n<figure id=\"attachment_1408\" aria-describedby=\"caption-attachment-1408\" style=\"width: 720px\" class=\"wp-caption aligncenter\"><img loading=\"lazy\" decoding=\"async\" class=\"size-full wp-image-1408\" src=\"https:\/\/xmstonetools.com\/wp-content\/uploads\/2022\/11\/CNC-Diamond-Mounted-Points-6.jpg\" alt=\"Pontos montados com diamante CNC-6\" width=\"720\" height=\"720\" srcset=\"https:\/\/xmstonetools.com\/wp-content\/uploads\/2022\/11\/CNC-Diamond-Mounted-Points-6.jpg 720w, https:\/\/xmstonetools.com\/wp-content\/uploads\/2022\/11\/CNC-Diamond-Mounted-Points-6-400x400.jpg 400w, https:\/\/xmstonetools.com\/wp-content\/uploads\/2022\/11\/CNC-Diamond-Mounted-Points-6-280x280.jpg 280w, https:\/\/xmstonetools.com\/wp-content\/uploads\/2022\/11\/CNC-Diamond-Mounted-Points-6-300x300.jpg 300w, https:\/\/xmstonetools.com\/wp-content\/uploads\/2022\/11\/CNC-Diamond-Mounted-Points-6-600x600.jpg 600w, https:\/\/xmstonetools.com\/wp-content\/uploads\/2022\/11\/CNC-Diamond-Mounted-Points-6-100x100.jpg 100w, https:\/\/xmstonetools.com\/wp-content\/uploads\/2022\/11\/CNC-Diamond-Mounted-Points-6-120x120.jpg 120w\" sizes=\"auto, (max-width: 720px) 100vw, 720px\" \/><figcaption id=\"caption-attachment-1408\" class=\"wp-caption-text\">Pontos montados com diamante CNC-6<\/figcaption><\/figure>\n<h2 style=\"color: steelblue;\">Uso ideal de pontas montadas com diamante:<\/h2>\n<h3>1. Sele\u00e7\u00e3o do tamanho do gr\u00e3o:<\/h3>\n<p>A escolha do tamanho do gr\u00e3o depende do acabamento desejado da superf\u00edcie e do material que est\u00e1 sendo trabalhado. Os gr\u00e3os mais finos (n\u00fameros mais altos) produzem acabamentos mais suaves, enquanto os gr\u00e3os mais grossos (n\u00fameros mais baixos) oferecem taxas de remo\u00e7\u00e3o de material mais r\u00e1pidas. Considere a dureza do material, a geometria da pe\u00e7a de trabalho e o resultado desejado ao selecionar o tamanho de gr\u00e3o adequado.<\/p>\n<h3>2. Manuseio e manuten\u00e7\u00e3o adequados das ferramentas:<\/h3>\n<p>Para garantir o desempenho ideal e a longevidade, \u00e9 fundamental manusear com cuidado as pontas montadas com diamante CNC. Evite press\u00e3o excessiva, calor excessivo e carga de impacto. Inspecione e limpe regularmente as ferramentas e armazene-as em um local seguro e seco para evitar danos ou contamina\u00e7\u00e3o.<\/p>\n<h3>3. Condi\u00e7\u00f5es operacionais ideais:<\/h3>\n<p>Siga as recomenda\u00e7\u00f5es do fabricante quanto a velocidades de opera\u00e7\u00e3o, taxas de avan\u00e7o e uso de refrigerante para maximizar o desempenho da ferramenta e evitar o desgaste prematuro. A implementa\u00e7\u00e3o de par\u00e2metros de corte adequados resultar\u00e1 em uma remo\u00e7\u00e3o eficiente do material e em um melhor acabamento da superf\u00edcie.<\/p>\n<p>As pontas montadas com diamante CNC revolucionaram os processos de retifica\u00e7\u00e3o de precis\u00e3o, oferecendo desempenho superior, vida \u00fatil prolongada da ferramenta e versatilidade excepcional. Sua capacidade de suportar altas temperaturas, resistir a rea\u00e7\u00f5es qu\u00edmicas e manter a efici\u00eancia do corte as torna indispens\u00e1veis<\/p>\n<figure id=\"attachment_1413\" aria-describedby=\"caption-attachment-1413\" style=\"width: 720px\" class=\"wp-caption aligncenter\"><img loading=\"lazy\" decoding=\"async\" class=\"size-full wp-image-1413\" src=\"https:\/\/xmstonetools.com\/wp-content\/uploads\/2022\/11\/CNC-Diamond-Mounted-Points-5.jpg\" alt=\"Pontos montados com diamante CNC-5\" width=\"720\" height=\"720\" srcset=\"https:\/\/xmstonetools.com\/wp-content\/uploads\/2022\/11\/CNC-Diamond-Mounted-Points-5.jpg 720w, https:\/\/xmstonetools.com\/wp-content\/uploads\/2022\/11\/CNC-Diamond-Mounted-Points-5-400x400.jpg 400w, https:\/\/xmstonetools.com\/wp-content\/uploads\/2022\/11\/CNC-Diamond-Mounted-Points-5-280x280.jpg 280w, https:\/\/xmstonetools.com\/wp-content\/uploads\/2022\/11\/CNC-Diamond-Mounted-Points-5-300x300.jpg 300w, https:\/\/xmstonetools.com\/wp-content\/uploads\/2022\/11\/CNC-Diamond-Mounted-Points-5-600x600.jpg 600w, https:\/\/xmstonetools.com\/wp-content\/uploads\/2022\/11\/CNC-Diamond-Mounted-Points-5-100x100.jpg 100w, https:\/\/xmstonetools.com\/wp-content\/uploads\/2022\/11\/CNC-Diamond-Mounted-Points-5-120x120.jpg 120w\" sizes=\"auto, (max-width: 720px) 100vw, 720px\" \/><figcaption id=\"caption-attachment-1413\" class=\"wp-caption-text\">Pontos montados com diamante CNC-5<\/figcaption><\/figure>\n<h2 style=\"color: steelblue;\">Constru\u00e7\u00e3o e tipos de pontas montadas com diamante CNC:<\/h2>\n<p>As pontas montadas com diamante CNC s\u00e3o normalmente constru\u00eddas com a incorpora\u00e7\u00e3o de diamantes industriais em uma matriz de metal ou resina. Os diamantes s\u00e3o distribu\u00eddos com precis\u00e3o por toda a matriz para garantir um desempenho de corte consistente. H\u00e1 dois tipos comuns de pontas montadas com diamante CNC:<\/p>\n<h3>\u00a0a. Pontos montados com liga\u00e7\u00e3o met\u00e1lica:<\/h3>\n<p>Nas pontas montadas com diamante ligado a metal, os diamantes s\u00e3o mantidos juntos por um aglutinante met\u00e1lico, como bronze ou n\u00edquel. Esse tipo proporciona alta durabilidade e \u00e9 adequado para a retifica\u00e7\u00e3o de materiais duros, como cer\u00e2mica, vidro e carboneto.<\/p>\n<h3>b. Pontos montados com cola de resina:<\/h3>\n<p>As pontas montadas com diamante ligado a resina usam uma matriz de resina para manter os diamantes unidos. Elas s\u00e3o mais flex\u00edveis e geralmente s\u00e3o usadas para retificar materiais mais macios, como metais e compostos. As pontas com liga\u00e7\u00e3o de resina oferecem um acabamento mais suave e t\u00eam menos probabilidade de causar danos \u00e0 pe\u00e7a de trabalho relacionados ao calor.<\/p>\n<h2 style=\"color: steelblue;\">Tamanhos e formatos de gr\u00e3o das pontas montadas com diamante:<\/h2>\n<p>As pontas montadas com diamante CNC s\u00e3o fornecidas em uma variedade de tamanhos e formatos de gr\u00e3o para atender a v\u00e1rios requisitos de retifica\u00e7\u00e3o. Os tamanhos de gr\u00e3o normalmente variam de muito grosso (n\u00fameros mais baixos) a muito fino (n\u00fameros mais altos). A escolha do tamanho do gr\u00e3o depende do material que est\u00e1 sendo trabalhado e do acabamento superficial desejado.<\/p>\n<p>As formas comuns incluem pontas cil\u00edndricas, c\u00f4nicas, esf\u00e9ricas e planas. Diferentes formas s\u00e3o adequadas para aplica\u00e7\u00f5es espec\u00edficas, como alcan\u00e7ar cantos apertados, criar superf\u00edcies c\u00f4ncavas ou convexas ou obter perfis de borda espec\u00edficos.<\/p>\n<figure id=\"attachment_1412\" aria-describedby=\"caption-attachment-1412\" style=\"width: 720px\" class=\"wp-caption aligncenter\"><img loading=\"lazy\" decoding=\"async\" class=\"size-full wp-image-1412\" src=\"https:\/\/xmstonetools.com\/wp-content\/uploads\/2022\/11\/CNC-Diamond-Mounted-Points-4.jpg\" alt=\"Pontos montados com diamante CNC-4\" width=\"720\" height=\"720\" srcset=\"https:\/\/xmstonetools.com\/wp-content\/uploads\/2022\/11\/CNC-Diamond-Mounted-Points-4.jpg 720w, https:\/\/xmstonetools.com\/wp-content\/uploads\/2022\/11\/CNC-Diamond-Mounted-Points-4-400x400.jpg 400w, https:\/\/xmstonetools.com\/wp-content\/uploads\/2022\/11\/CNC-Diamond-Mounted-Points-4-280x280.jpg 280w, https:\/\/xmstonetools.com\/wp-content\/uploads\/2022\/11\/CNC-Diamond-Mounted-Points-4-300x300.jpg 300w, https:\/\/xmstonetools.com\/wp-content\/uploads\/2022\/11\/CNC-Diamond-Mounted-Points-4-600x600.jpg 600w, https:\/\/xmstonetools.com\/wp-content\/uploads\/2022\/11\/CNC-Diamond-Mounted-Points-4-100x100.jpg 100w, https:\/\/xmstonetools.com\/wp-content\/uploads\/2022\/11\/CNC-Diamond-Mounted-Points-4-120x120.jpg 120w\" sizes=\"auto, (max-width: 720px) 100vw, 720px\" \/><figcaption id=\"caption-attachment-1412\" class=\"wp-caption-text\">Pontos montados com diamante CNC-4<\/figcaption><\/figure>\n<h2 style=\"color: steelblue;\">Usinagem e automa\u00e7\u00e3o CNC:<\/h2>\n<p>A usinagem CNC (Controle Num\u00e9rico Computadorizado) desempenha um papel fundamental na maximiza\u00e7\u00e3o do desempenho das pontas montadas com diamante. A tecnologia CNC permite o controle preciso dos par\u00e2metros de corte, como velocidade, taxa de avan\u00e7o e trajet\u00f3ria da ferramenta. Essa automa\u00e7\u00e3o garante resultados consistentes e elimina o erro humano no processo de retifica\u00e7\u00e3o.<\/p>\n<p>Com a usinagem CNC, os operadores podem programar padr\u00f5es de retifica\u00e7\u00e3o, contornos e perfis complexos, permitindo a remo\u00e7\u00e3o eficiente e precisa de material. A capacidade de automatizar processos tamb\u00e9m aumenta a produtividade e reduz os custos de m\u00e3o de obra.<\/p>\n<h2 style=\"color: steelblue;\">Considera\u00e7\u00f5es sobre seguran\u00e7a:<\/h2>\n<p>Ao usar pontos de montagem de diamante CNC, \u00e9 essencial priorizar a seguran\u00e7a. Aqui est\u00e3o algumas considera\u00e7\u00f5es importantes:<\/p>\n<h3>a. Equipamento de Prote\u00e7\u00e3o Individual (EPI):<\/h3>\n<p>Use o EPI adequado, incluindo \u00f3culos de seguran\u00e7a, protetores faciais, luvas e prote\u00e7\u00e3o auditiva, para se proteger contra poss\u00edveis riscos, como detritos voadores e ru\u00eddos.<\/p>\n<h3>b. Configura\u00e7\u00e3o adequada da m\u00e1quina:<\/h3>\n<p>Certifique-se de que a m\u00e1quina CNC esteja configurada corretamente, com prote\u00e7\u00f5es e gabinetes de prote\u00e7\u00e3o adequados para evitar acidentes e conter detritos.<\/p>\n<h3>c. Extra\u00e7\u00e3o de l\u00edquido de arrefecimento e poeira:<\/h3>\n<p>Implemente sistemas de refrigera\u00e7\u00e3o adequados e m\u00e9todos de extra\u00e7\u00e3o de poeira para controlar o calor, remover detritos e manter um ambiente de trabalho limpo.<\/p>\n<h3>d. Treinamento de operadores:<\/h3>\n<p>Fornecer treinamento abrangente aos operadores sobre o uso seguro das pontas diamantadas CNC, incluindo o manuseio adequado, a manuten\u00e7\u00e3o e os procedimentos de emerg\u00eancia.<\/p>\n<p>Ao aderir \u00e0s diretrizes de seguran\u00e7a, os operadores podem reduzir os riscos e garantir um ambiente de trabalho seguro.<\/p>\n<p>As pontas montadas com diamante CNC revolucionaram o esmerilhamento de precis\u00e3o ao combinar as propriedades excepcionais do diamante com a precis\u00e3o da tecnologia CNC. Essas ferramentas oferecem desempenho de corte superior, vida \u00fatil prolongada e versatilidade, tornando-as indispens\u00e1veis para uma ampla gama de aplica\u00e7\u00f5es industriais. A sele\u00e7\u00e3o, o manuseio e a manuten\u00e7\u00e3o adequados, juntamente com a ades\u00e3o aos protocolos de seguran\u00e7a, ajudar\u00e3o a maximizar os benef\u00edcios e a garantir o desempenho ideal das pontas diamantadas CNC.<\/p>\n<p data-spm-anchor-id=\"a2700.details.0.i37.4a4b2832AmZhcp\">As pontas montadas em diamante e as brocas de diamante com uma grande variedade de especifica\u00e7\u00f5es s\u00e3o amplamente usadas para esculpir, dressar, retificar com precis\u00e3o e retificar internamente carboneto, cer\u00e2mica, pedra etc. Todos os tamanhos, formatos e sortimentos est\u00e3o dispon\u00edveis mediante solicita\u00e7\u00e3o espec\u00edfica do cliente. Os sortimentos de kits de pontas montadas ou brocas s\u00e3o flex\u00edveis.<\/p>\n<figure id=\"attachment_1411\" aria-describedby=\"caption-attachment-1411\" style=\"width: 720px\" class=\"wp-caption aligncenter\"><img loading=\"lazy\" decoding=\"async\" class=\"size-full wp-image-1411\" src=\"https:\/\/xmstonetools.com\/wp-content\/uploads\/2022\/11\/CNC-Diamond-Mounted-Points-3.jpg\" alt=\"Pontos montados com diamante CNC-3\" width=\"720\" height=\"720\" srcset=\"https:\/\/xmstonetools.com\/wp-content\/uploads\/2022\/11\/CNC-Diamond-Mounted-Points-3.jpg 720w, https:\/\/xmstonetools.com\/wp-content\/uploads\/2022\/11\/CNC-Diamond-Mounted-Points-3-400x400.jpg 400w, https:\/\/xmstonetools.com\/wp-content\/uploads\/2022\/11\/CNC-Diamond-Mounted-Points-3-280x280.jpg 280w, https:\/\/xmstonetools.com\/wp-content\/uploads\/2022\/11\/CNC-Diamond-Mounted-Points-3-300x300.jpg 300w, https:\/\/xmstonetools.com\/wp-content\/uploads\/2022\/11\/CNC-Diamond-Mounted-Points-3-600x600.jpg 600w, https:\/\/xmstonetools.com\/wp-content\/uploads\/2022\/11\/CNC-Diamond-Mounted-Points-3-100x100.jpg 100w, https:\/\/xmstonetools.com\/wp-content\/uploads\/2022\/11\/CNC-Diamond-Mounted-Points-3-120x120.jpg 120w\" sizes=\"auto, (max-width: 720px) 100vw, 720px\" \/><figcaption id=\"caption-attachment-1411\" class=\"wp-caption-text\">Pontos montados com diamante CNC-3<\/figcaption><\/figure>\n<table style=\"height: 140px;\" border=\"1\" width=\"631\">\n<tbody>\n<tr>\n<td>Di\u00e2metro externo<\/td>\n<td>8 mm<\/td>\n<\/tr>\n<tr>\n<td>Tecnologia<\/td>\n<td>Soldado a v\u00e1cuo<\/td>\n<\/tr>\n<tr>\n<td>Finalidade<\/td>\n<td>Pedra de amolar<\/td>\n<\/tr>\n<tr>\n<td>Tamanho da granalha<\/td>\n<td>Conforme sua necessidade<\/td>\n<\/tr>\n<tr>\n<td>Material do corpo<\/td>\n<td>Alum\u00ednio ou a\u00e7o<\/td>\n<\/tr>\n<tr>\n<td>Forma<\/td>\n<td>Plano, prato, tigela, pode ser personalizado<\/td>\n<\/tr>\n<\/tbody>\n<\/table>\n<p align=\"left\">","protected":false},"excerpt":{"rendered":"<div>As pontas montadas com diamante CNC s\u00e3o ferramentas de precis\u00e3o usadas em opera\u00e7\u00f5es de esmerilhamento, rebarba\u00e7\u00e3o, modelagem e acabamento em uma variedade de materiais, incluindo metais, cer\u00e2mica, vidro e compostos. Elas s\u00e3o constru\u00eddas com a incorpora\u00e7\u00e3o de diamantes industriais de alta qualidade em uma matriz de metal ou resina, o que permite propriedades abrasivas excepcionais. As part\u00edculas de diamante nessas ferramentas s\u00e3o meticulosamente distribu\u00eddas para garantir a uniformidade e o desempenho ideal de corte. As pontas montadas com diamante CNC s\u00e3o normalmente constru\u00eddas com a incorpora\u00e7\u00e3o de diamantes industriais em uma matriz de metal ou resina. Os diamantes s\u00e3o distribu\u00eddos com precis\u00e3o por toda a matriz para garantir um desempenho de corte consistente. H\u00e1 dois tipos comuns de pontas montadas com diamante CNC:<\/div>\n<a href=\"#Quote-Button\" class=\"button primary is-large Inquiry-Button\" style=\"border-radius:99px;\">\n\t<i class=\"icon-heart\" aria-hidden=\"true\"><\/i>\t<span>Solicite agora<\/span>\n\t<\/a>","protected":false},"featured_media":1409,"template":"","meta":[],"product_brand":[],"product_cat":[60],"product_tag":[95,66],"class_list":{"0":"post-1414","1":"product","2":"type-product","3":"status-publish","4":"has-post-thumbnail","6":"product_cat-stone-cnc-tools","7":"product_tag-cnc-stone-tools","8":"product_tag-vacuum-brazed-stone-tools","10":"first","11":"instock","12":"shipping-taxable","13":"product-type-simple"},"aioseo_notices":[],"_links":{"self":[{"href":"https:\/\/xmstonetools.com\/pt\/wp-json\/wp\/v2\/product\/1414","targetHints":{"allow":["GET"]}}],"collection":[{"href":"https:\/\/xmstonetools.com\/pt\/wp-json\/wp\/v2\/product"}],"about":[{"href":"https:\/\/xmstonetools.com\/pt\/wp-json\/wp\/v2\/types\/product"}],"wp:featuredmedia":[{"embeddable":true,"href":"https:\/\/xmstonetools.com\/pt\/wp-json\/wp\/v2\/media\/1409"}],"wp:attachment":[{"href":"https:\/\/xmstonetools.com\/pt\/wp-json\/wp\/v2\/media?parent=1414"}],"wp:term":[{"taxonomy":"product_brand","embeddable":true,"href":"https:\/\/xmstonetools.com\/pt\/wp-json\/wp\/v2\/product_brand?post=1414"},{"taxonomy":"product_cat","embeddable":true,"href":"https:\/\/xmstonetools.com\/pt\/wp-json\/wp\/v2\/product_cat?post=1414"},{"taxonomy":"product_tag","embeddable":true,"href":"https:\/\/xmstonetools.com\/pt\/wp-json\/wp\/v2\/product_tag?post=1414"}],"curies":[{"name":"wp","href":"https:\/\/api.w.org\/{rel}","templated":true}]}}