{"id":1430,"date":"2022-12-01T09:34:39","date_gmt":"2022-12-01T01:34:39","guid":{"rendered":"https:\/\/xmstonetools.com\/?post_type=product&#038;p=1430"},"modified":"2023-03-28T15:48:42","modified_gmt":"2023-03-28T07:48:42","slug":"lamina-de-serra-multipla-grande-para-corte-de-blocos","status":"publish","type":"product","link":"https:\/\/xmstonetools.com\/pt\/product\/lamina-de-serra-multipla-grande-para-corte-de-blocos\/","title":{"rendered":"L\u00e2mina de serra m\u00faltipla grande para corte de blocos"},"content":{"rendered":"<figure id=\"attachment_1428\" aria-describedby=\"caption-attachment-1428\" style=\"width: 1000px\" class=\"wp-caption aligncenter\"><img loading=\"lazy\" decoding=\"async\" class=\"wp-image-1428 size-full\" src=\"https:\/\/xmstonetools.com\/wp-content\/uploads\/2022\/12\/Draft-Large-Multi-Saw-Blade-For-Block-Cutting.jpg\" alt=\"Draft Large Multi Saw Blade para corte de blocos\" width=\"1000\" height=\"393\" srcset=\"https:\/\/xmstonetools.com\/wp-content\/uploads\/2022\/12\/Draft-Large-Multi-Saw-Blade-For-Block-Cutting.jpg 1000w, https:\/\/xmstonetools.com\/wp-content\/uploads\/2022\/12\/Draft-Large-Multi-Saw-Blade-For-Block-Cutting-800x314.jpg 800w, https:\/\/xmstonetools.com\/wp-content\/uploads\/2022\/12\/Draft-Large-Multi-Saw-Blade-For-Block-Cutting-768x302.jpg 768w, https:\/\/xmstonetools.com\/wp-content\/uploads\/2022\/12\/Draft-Large-Multi-Saw-Blade-For-Block-Cutting-600x236.jpg 600w\" sizes=\"auto, (max-width: 1000px) 100vw, 1000px\" \/><figcaption id=\"caption-attachment-1428\" class=\"wp-caption-text\">Draft Large Multi Saw Blade para corte de blocos<\/figcaption><\/figure>\n<div class=\"J_module\">\n<div class=\"ife-detail-decorate-table\">\n<table class=\"all magic-11\">\n<tbody>\n<tr>\n<td>\n<div class=\"magic-12\"><b>Nome do produto<\/b><\/div>\n<\/td>\n<td>\n<div class=\"magic-13\"><span style=\"font-family: Arial, Helvetica;\"><b>1200mm 1600mm 1800mm 2000mm 2500mm L\u00e2mina de serra m\u00faltipla de diamante para disco de corte multiplano, disco de corte grande, disco de corte grande<\/b><\/span><\/div>\n<\/td>\n<\/tr>\n<tr>\n<td>\n<div class=\"magic-12\"><b>Furo de sondagem<\/b><\/div>\n<\/td>\n<td>\n<div class=\"magic-13\">25,4 mm\/50 mm\/60 mm<\/div>\n<\/td>\n<\/tr>\n<tr>\n<td>\n<div class=\"magic-12\"><b>Tamanho<\/b><\/div>\n<\/td>\n<td>\n<div class=\"magic-13\">DIA 250mm-3500mm<\/div>\n<\/td>\n<\/tr>\n<tr>\n<td>\n<div class=\"magic-12\"><b>Tipo<\/b><\/div>\n<\/td>\n<td>\n<div class=\"magic-13\">l\u00e2mina m\u00faltipla, l\u00e2mina circular, l\u00e2mina de serra de grupo<\/div>\n<\/td>\n<\/tr>\n<tr>\n<td>\n<div class=\"magic-12\"><b>Slot<\/b><\/div>\n<\/td>\n<td>\n<div class=\"magic-13\">Slot estreito \/ slot U pequeno \/ slot U grande \/ slot para chave<\/div>\n<\/td>\n<\/tr>\n<tr>\n<td>\n<div class=\"magic-12\"><b>Tipo de corte<\/b><\/div>\n<\/td>\n<td>\n<div class=\"magic-13\">corte \u00famido \/ seco<\/div>\n<\/td>\n<\/tr>\n<tr>\n<td>\n<div class=\"magic-12\"><b>Tipo de estrutura<\/b><\/div>\n<\/td>\n<td>\n<div class=\"magic-13\">sil\u00eancio \/ sem sil\u00eancio<\/div>\n<\/td>\n<\/tr>\n<tr>\n<td>\n<div class=\"magic-12\"><b>Usado<\/b><\/div>\n<\/td>\n<td>\n<div class=\"magic-13\">maquin\u00e1rio para o setor de constru\u00e7\u00e3o \/ para corte de pedras \/ para corte de azulejos e vidros \/ para engenharia de constru\u00e7\u00e3o<\/div>\n<\/td>\n<\/tr>\n<\/tbody>\n<\/table>\n<\/div>\n<\/div>\n<div class=\"J_module\">\n<div class=\"ife-detail-decorate-table\">\n<table class=\"all magic-11\" style=\"height: 653px;\" width=\"647\">\n<tbody>\n<tr>\n<td rowspan=\"2\">\n<div class=\"magic-14\"><\/div>\n<\/td>\n<td colspan=\"2\">\n<div class=\"magic-15\">\n<div class=\"magic-16\"><b>Di\u00e2metro externo<\/b><\/div>\n<\/div>\n<\/td>\n<td rowspan=\"2\">\n<div class=\"magic-19\">\n<div class=\"magic-16\"><b>Di\u00e2metro interno<\/b><\/div>\n<div class=\"magic-16\"><b>(mm)<\/b><\/div>\n<\/div>\n<\/td>\n<td colspan=\"3\">\n<div class=\"magic-20\">\n<div class=\"magic-16\"><b>Di\u00e2metro do segmento (mm)<\/b><\/div>\n<\/div>\n<\/td>\n<td rowspan=\"2\">\n<div class=\"magic-21\">\n<div class=\"magic-16\"><b>N\u00famero de segmentos<\/b><\/div>\n<\/div>\n<\/td>\n<\/tr>\n<tr>\n<td>\n<div class=\"magic-22\">\n<div class=\"magic-16\"><b>Polegadas<\/b><\/div>\n<\/div>\n<\/td>\n<td>\n<div class=\"magic-23\">\n<div class=\"magic-16\"><b>mm<\/b><\/div>\n<\/div>\n<\/td>\n<td>\n<div class=\"magic-24\">\n<div class=\"magic-16\"><b>Comprimento<\/b><\/div>\n<\/div>\n<\/td>\n<td>\n<div class=\"magic-25\">\n<div class=\"magic-16\"><b>Altura<\/b><\/div>\n<\/div>\n<\/td>\n<td>\n<div class=\"magic-26\">\n<div class=\"magic-16\"><b>Espessura<\/b><\/div>\n<\/div>\n<\/td>\n<\/tr>\n<tr>\n<td>\n<div class=\"magic-27\">\n<div class=\"magic-16\">1<\/div>\n<\/div>\n<\/td>\n<td>\n<div class=\"magic-22\">\n<div class=\"magic-16\">12<\/div>\n<\/div>\n<\/td>\n<td>\n<div class=\"magic-23\">\n<div class=\"magic-16\">300<\/div>\n<\/div>\n<\/td>\n<td>\n<div class=\"magic-28\">\n<div class=\"magic-16\">50\/60\/25.4<\/div>\n<\/div>\n<\/td>\n<td>\n<div class=\"magic-24\">\n<div class=\"magic-16\">40<\/div>\n<\/div>\n<\/td>\n<td>\n<div class=\"magic-25\">\n<div class=\"magic-16\">10~15<\/div>\n<\/div>\n<\/td>\n<td>\n<div class=\"magic-26\">\n<div class=\"magic-16\">2.6\/2.8\/3.0\/3.2<\/div>\n<\/div>\n<\/td>\n<td>\n<div class=\"magic-29\">\n<div class=\"magic-16\">21<\/div>\n<\/div>\n<\/td>\n<\/tr>\n<tr>\n<td class=\"magic-30\">\n<div class=\"magic-14\">2<\/div>\n<\/td>\n<td>\n<div class=\"magic-22\">\n<div class=\"magic-16\">14<\/div>\n<\/div>\n<\/td>\n<td>\n<div class=\"magic-23\">\n<div class=\"magic-16\">350<\/div>\n<\/div>\n<\/td>\n<td>\n<div class=\"magic-28\">\n<div class=\"magic-16\">50\/60\/25.4<\/div>\n<\/div>\n<\/td>\n<td>\n<div class=\"magic-24\">\n<div class=\"magic-16\">40<\/div>\n<\/div>\n<\/td>\n<td>\n<div class=\"magic-25\">\n<div class=\"magic-16\">10~15<\/div>\n<\/div>\n<\/td>\n<td>\n<div class=\"magic-26\">\n<div class=\"magic-16\">3.2\/3.5\/3.8<\/div>\n<\/div>\n<\/td>\n<td>\n<div class=\"magic-29\">\n<div class=\"magic-16\">24<\/div>\n<\/div>\n<\/td>\n<\/tr>\n<tr>\n<td class=\"magic-30\">\n<div class=\"magic-14\">3<\/div>\n<\/td>\n<td>\n<div class=\"magic-22\">\n<div class=\"magic-16\">16<\/div>\n<\/div>\n<\/td>\n<td>\n<div class=\"magic-23\">\n<div class=\"magic-16\">400<\/div>\n<\/div>\n<\/td>\n<td>\n<div class=\"magic-28\">\n<div class=\"magic-16\">50\/60\/25.4<\/div>\n<\/div>\n<\/td>\n<td>\n<div class=\"magic-24\">\n<div class=\"magic-16\">40<\/div>\n<\/div>\n<\/td>\n<td>\n<div class=\"magic-25\">\n<div class=\"magic-16\">10~15<\/div>\n<\/div>\n<\/td>\n<td>\n<div class=\"magic-26\">\n<div class=\"magic-16\">3.5\/3.8\/4.0<\/div>\n<\/div>\n<\/td>\n<td>\n<div class=\"magic-29\">\n<div class=\"magic-16\">28<\/div>\n<\/div>\n<\/td>\n<\/tr>\n<tr>\n<td class=\"magic-30\">\n<div class=\"magic-14\">4<\/div>\n<\/td>\n<td>\n<div class=\"magic-22\">\n<div class=\"magic-16\">18<\/div>\n<\/div>\n<\/td>\n<td>\n<div class=\"magic-23\">\n<div class=\"magic-16\">450<\/div>\n<\/div>\n<\/td>\n<td>\n<div class=\"magic-28\">\n<div class=\"magic-16\">50\/60\/25.4<\/div>\n<\/div>\n<\/td>\n<td>\n<div class=\"magic-24\">\n<div class=\"magic-16\">40<\/div>\n<\/div>\n<\/td>\n<td>\n<div class=\"magic-25\">\n<div class=\"magic-16\">10~15<\/div>\n<\/div>\n<\/td>\n<td>\n<div class=\"magic-26\">\n<div class=\"magic-16\">3.8\/4.0\/4.2<\/div>\n<\/div>\n<\/td>\n<td>\n<div class=\"magic-29\">\n<div class=\"magic-16\">32\/26<\/div>\n<\/div>\n<\/td>\n<\/tr>\n<tr>\n<td class=\"magic-30\">\n<div class=\"magic-14\">5<\/div>\n<\/td>\n<td>\n<div class=\"magic-22\">\n<div class=\"magic-16\">20<\/div>\n<\/div>\n<\/td>\n<td>\n<div class=\"magic-23\">\n<div class=\"magic-16\">500<\/div>\n<\/div>\n<\/td>\n<td>\n<div class=\"magic-28\">\n<div class=\"magic-16\">50\/60\/25.4<\/div>\n<\/div>\n<\/td>\n<td>\n<div class=\"magic-24\">\n<div class=\"magic-16\">40<\/div>\n<\/div>\n<\/td>\n<td>\n<div class=\"magic-25\">\n<div class=\"magic-16\">10~15<\/div>\n<\/div>\n<\/td>\n<td>\n<div class=\"magic-26\">\n<div class=\"magic-16\">4.0\/4.2\/4.5<\/div>\n<\/div>\n<\/td>\n<td>\n<div class=\"magic-29\">\n<div class=\"magic-16\">30\/36<\/div>\n<\/div>\n<\/td>\n<\/tr>\n<tr>\n<td class=\"magic-30\">\n<div class=\"magic-14\">6<\/div>\n<\/td>\n<td>\n<div class=\"magic-22\">\n<div class=\"magic-16\">24<\/div>\n<\/div>\n<\/td>\n<td>\n<div class=\"magic-23\">\n<div class=\"magic-16\">600<\/div>\n<\/div>\n<\/td>\n<td>\n<div class=\"magic-28\">\n<div class=\"magic-16\">50\/60<\/div>\n<\/div>\n<\/td>\n<td>\n<div class=\"magic-24\">\n<div class=\"magic-16\">40<\/div>\n<\/div>\n<\/td>\n<td>\n<div class=\"magic-25\">\n<div class=\"magic-16\">10~15<\/div>\n<\/div>\n<\/td>\n<td>\n<div class=\"magic-26\">\n<div class=\"magic-16\">4.8\/5.0\/5.2<\/div>\n<\/div>\n<\/td>\n<td>\n<div class=\"magic-29\">\n<div class=\"magic-16\">36\/42<\/div>\n<\/div>\n<\/td>\n<\/tr>\n<tr>\n<td class=\"magic-30\">\n<div class=\"magic-14\">7<\/div>\n<\/td>\n<td>\n<div class=\"magic-22\">\n<div class=\"magic-16\">28<\/div>\n<\/div>\n<\/td>\n<td>\n<div class=\"magic-23\">\n<div class=\"magic-16\">700<\/div>\n<\/div>\n<\/td>\n<td>\n<div class=\"magic-28\">\n<div class=\"magic-16\">50\/60<\/div>\n<\/div>\n<\/td>\n<td>\n<div class=\"magic-24\">\n<div class=\"magic-16\">40<\/div>\n<\/div>\n<\/td>\n<td>\n<div class=\"magic-25\">\n<div class=\"magic-16\">10~15<\/div>\n<\/div>\n<\/td>\n<td>\n<div class=\"magic-26\">\n<div class=\"magic-16\">5.2\/5.6<\/div>\n<\/div>\n<\/td>\n<td>\n<div class=\"magic-29\">\n<div class=\"magic-16\">40\/50<\/div>\n<\/div>\n<\/td>\n<\/tr>\n<tr>\n<td class=\"magic-30\">\n<div class=\"magic-14\">8<\/div>\n<\/td>\n<td>\n<div class=\"magic-22\">\n<div class=\"magic-16\">32<\/div>\n<\/div>\n<\/td>\n<td>\n<div class=\"magic-23\">\n<div class=\"magic-16\">800<\/div>\n<\/div>\n<\/td>\n<td>\n<div class=\"magic-28\">\n<div class=\"magic-16\">50\/60<\/div>\n<\/div>\n<\/td>\n<td>\n<div class=\"magic-24\">\n<div class=\"magic-16\">40<\/div>\n<\/div>\n<\/td>\n<td>\n<div class=\"magic-25\">\n<div class=\"magic-16\">10~15<\/div>\n<\/div>\n<\/td>\n<td>\n<div class=\"magic-26\">\n<div class=\"magic-16\">5.6\/6.0<\/div>\n<\/div>\n<\/td>\n<td>\n<div class=\"magic-29\">\n<div class=\"magic-16\">46\/56<\/div>\n<\/div>\n<\/td>\n<\/tr>\n<tr>\n<td>\n<div class=\"magic-27\">9<\/div>\n<\/td>\n<td>\n<div class=\"magic-22\">\n<div class=\"magic-16\">35<\/div>\n<\/div>\n<\/td>\n<td>\n<div class=\"magic-23\">\n<div class=\"magic-16\">900<\/div>\n<\/div>\n<\/td>\n<td>\n<div class=\"magic-28\">\n<div class=\"magic-16\">50\/60\/80\/100<\/div>\n<\/div>\n<\/td>\n<td>\n<div class=\"magic-24\">\n<div class=\"magic-16\">24<\/div>\n<\/div>\n<\/td>\n<td>\n<div class=\"magic-25\">\n<div class=\"magic-16\">10~15<\/div>\n<\/div>\n<\/td>\n<td>\n<div class=\"magic-26\">\n<div class=\"magic-16\">5.6\/6.2<\/div>\n<\/div>\n<\/td>\n<td>\n<div class=\"magic-29\">\n<div class=\"magic-16\">64<\/div>\n<\/div>\n<\/td>\n<\/tr>\n<tr>\n<td>\n<div class=\"magic-27\">10<\/div>\n<\/td>\n<td>\n<div class=\"magic-22\">\n<div class=\"magic-16\">39<\/div>\n<\/div>\n<\/td>\n<td>\n<div class=\"magic-23\">\n<div class=\"magic-16\">1000<\/div>\n<\/div>\n<\/td>\n<td>\n<div class=\"magic-28\">\n<div class=\"magic-16\">50\/60\/80\/100<\/div>\n<\/div>\n<\/td>\n<td>\n<div class=\"magic-24\">\n<div class=\"magic-16\">24<\/div>\n<\/div>\n<\/td>\n<td>\n<div class=\"magic-25\">\n<div class=\"magic-16\">10~15<\/div>\n<\/div>\n<\/td>\n<td>\n<div class=\"magic-26\">\n<div class=\"magic-16\">6.2\/6.8<\/div>\n<\/div>\n<\/td>\n<td>\n<div class=\"magic-29\">\n<div class=\"magic-16\">70<\/div>\n<\/div>\n<\/td>\n<\/tr>\n<tr>\n<td>\n<div class=\"magic-27\">11<\/div>\n<\/td>\n<td>\n<div class=\"magic-22\">\n<div class=\"magic-16\">47<\/div>\n<\/div>\n<\/td>\n<td>\n<div class=\"magic-23\">\n<div class=\"magic-16\">1200<\/div>\n<\/div>\n<\/td>\n<td>\n<div class=\"magic-28\">\n<div class=\"magic-16\">80\/100\/120<\/div>\n<\/div>\n<\/td>\n<td>\n<div class=\"magic-24\">\n<div class=\"magic-16\">24<\/div>\n<\/div>\n<\/td>\n<td>\n<div class=\"magic-25\">\n<div class=\"magic-16\">10~15<\/div>\n<\/div>\n<\/td>\n<td>\n<div class=\"magic-26\">\n<div class=\"magic-16\">7.0\/7.6<\/div>\n<\/div>\n<\/td>\n<td>\n<div class=\"magic-29\">\n<div class=\"magic-16\">80<\/div>\n<\/div>\n<\/td>\n<\/tr>\n<tr>\n<td>\n<div class=\"magic-27\">12<\/div>\n<\/td>\n<td>\n<div class=\"magic-22\">\n<div class=\"magic-16\">51<\/div>\n<\/div>\n<\/td>\n<td>\n<div class=\"magic-23\">\n<div class=\"magic-16\">1300<\/div>\n<\/div>\n<\/td>\n<td>\n<div class=\"magic-28\">\n<div class=\"magic-16\">80\/100\/120<\/div>\n<\/div>\n<\/td>\n<td>\n<div class=\"magic-24\">\n<div class=\"magic-16\">24<\/div>\n<\/div>\n<\/td>\n<td>\n<div class=\"magic-25\">\n<div class=\"magic-16\">10~15<\/div>\n<\/div>\n<\/td>\n<td>\n<div class=\"magic-26\">\n<div class=\"magic-16\">7.4\/8.0<\/div>\n<\/div>\n<\/td>\n<td>\n<div class=\"magic-29\">\n<div class=\"magic-16\">88<\/div>\n<\/div>\n<\/td>\n<\/tr>\n<tr>\n<td>\n<div class=\"magic-27\">13<\/div>\n<\/td>\n<td>\n<div class=\"magic-22\">\n<div class=\"magic-16\">55<\/div>\n<\/div>\n<\/td>\n<td>\n<div class=\"magic-23\">\n<div class=\"magic-16\">1400<\/div>\n<\/div>\n<\/td>\n<td>\n<div class=\"magic-28\">\n<div class=\"magic-16\">80\/100\/120<\/div>\n<\/div>\n<\/td>\n<td>\n<div class=\"magic-24\">\n<div class=\"magic-16\">24<\/div>\n<\/div>\n<\/td>\n<td>\n<div class=\"magic-25\">\n<div class=\"magic-16\">10~15<\/div>\n<\/div>\n<\/td>\n<td>\n<div class=\"magic-26\">\n<div class=\"magic-16\">7.6\/8.2<\/div>\n<\/div>\n<\/td>\n<td>\n<div class=\"magic-29\">\n<div class=\"magic-16\">92<\/div>\n<\/div>\n<\/td>\n<\/tr>\n<tr>\n<td>\n<div class=\"magic-27\">14<\/div>\n<\/td>\n<td>\n<div class=\"magic-22\">\n<div class=\"magic-16\">59<\/div>\n<\/div>\n<\/td>\n<td>\n<div class=\"magic-23\">\n<div class=\"magic-16\">1500<\/div>\n<\/div>\n<\/td>\n<td>\n<div class=\"magic-28\">\n<div class=\"magic-16\">80\/100\/120<\/div>\n<\/div>\n<\/td>\n<td>\n<div class=\"magic-24\">\n<div class=\"magic-16\">24<\/div>\n<\/div>\n<\/td>\n<td>\n<div class=\"magic-25\">\n<div class=\"magic-16\">10~15<\/div>\n<\/div>\n<\/td>\n<td>\n<div class=\"magic-26\">\n<div class=\"magic-16\">8.0\/8.6<\/div>\n<\/div>\n<\/td>\n<td>\n<div class=\"magic-29\">\n<div class=\"magic-16\">100<\/div>\n<\/div>\n<\/td>\n<\/tr>\n<tr>\n<td>\n<div class=\"magic-27\">15<\/div>\n<\/td>\n<td>\n<div class=\"magic-22\">\n<div class=\"magic-16\">63<\/div>\n<\/div>\n<\/td>\n<td>\n<div class=\"magic-23\">\n<div class=\"magic-16\">1600<\/div>\n<\/div>\n<\/td>\n<td>\n<div class=\"magic-28\">\n<div class=\"magic-16\">80\/100\/120<\/div>\n<\/div>\n<\/td>\n<td>\n<div class=\"magic-24\">\n<div class=\"magic-16\">24<\/div>\n<\/div>\n<\/td>\n<td>\n<div class=\"magic-25\">\n<div class=\"magic-16\">10~15<\/div>\n<\/div>\n<\/td>\n<td>\n<div class=\"magic-26\">\n<div class=\"magic-16\">8.4\/9.0<\/div>\n<\/div>\n<\/td>\n<td>\n<div class=\"magic-29\">\n<div class=\"magic-16\">104<\/div>\n<\/div>\n<\/td>\n<\/tr>\n<tr>\n<td>\n<div class=\"magic-27\">16<\/div>\n<\/td>\n<td>\n<div class=\"magic-22\">\n<div class=\"magic-16\">71<\/div>\n<\/div>\n<\/td>\n<td>\n<div class=\"magic-23\">\n<div class=\"magic-16\">1800<\/div>\n<\/div>\n<\/td>\n<td>\n<div class=\"magic-28\">\n<div class=\"magic-16\">100\/150<\/div>\n<\/div>\n<\/td>\n<td>\n<div class=\"magic-24\">\n<div class=\"magic-16\">24<\/div>\n<\/div>\n<\/td>\n<td>\n<div class=\"magic-25\">\n<div class=\"magic-16\">10~15<\/div>\n<\/div>\n<\/td>\n<td>\n<div class=\"magic-26\">\n<div class=\"magic-16\">9.6\/10.4<\/div>\n<\/div>\n<\/td>\n<td>\n<div class=\"magic-29\">\n<div class=\"magic-16\">120<\/div>\n<\/div>\n<\/td>\n<\/tr>\n<tr>\n<td>\n<div class=\"magic-27\">17<\/div>\n<\/td>\n<td>\n<div class=\"magic-22\">\n<div class=\"magic-16\">79<\/div>\n<\/div>\n<\/td>\n<td>\n<div class=\"magic-23\">\n<div class=\"magic-16\">2000<\/div>\n<\/div>\n<\/td>\n<td>\n<div class=\"magic-28\">\n<div class=\"magic-16\">100\/150<\/div>\n<\/div>\n<\/td>\n<td>\n<div class=\"magic-24\">\n<div class=\"magic-16\">24<\/div>\n<\/div>\n<\/td>\n<td>\n<div class=\"magic-25\">\n<div class=\"magic-16\">10~15<\/div>\n<\/div>\n<\/td>\n<td>\n<div class=\"magic-26\">\n<div class=\"magic-16\">9.8\/10.6<\/div>\n<\/div>\n<\/td>\n<td>\n<div class=\"magic-29\">\n<div class=\"magic-16\">128<\/div>\n<\/div>\n<\/td>\n<\/tr>\n<tr>\n<td>\n<div class=\"magic-27\">18<\/div>\n<\/td>\n<td>\n<div class=\"magic-22\">\n<div class=\"magic-16\">87<\/div>\n<\/div>\n<\/td>\n<td>\n<div class=\"magic-23\">\n<div class=\"magic-16\">2200<\/div>\n<\/div>\n<\/td>\n<td>\n<div class=\"magic-28\">\n<div class=\"magic-16\">100\/150<\/div>\n<\/div>\n<\/td>\n<td>\n<div class=\"magic-24\">\n<div class=\"magic-16\">24<\/div>\n<\/div>\n<\/td>\n<td>\n<div class=\"magic-25\">\n<div class=\"magic-16\">10~15<\/div>\n<\/div>\n<\/td>\n<td>\n<div class=\"magic-26\">\n<div class=\"magic-16\">10.0\/10.8<\/div>\n<\/div>\n<\/td>\n<td>\n<div class=\"magic-29\">\n<div class=\"magic-16\">132<\/div>\n<\/div>\n<\/td>\n<\/tr>\n<tr>\n<td class=\"magic-30\">\n<div class=\"magic-14\">19<\/div>\n<\/td>\n<td>\n<div class=\"magic-22\">\n<div class=\"magic-16\">98<\/div>\n<\/div>\n<\/td>\n<td>\n<div class=\"magic-23\">\n<div class=\"magic-16\">2500<\/div>\n<\/div>\n<\/td>\n<td>\n<div class=\"magic-28\">\n<div class=\"magic-16\">100\/150<\/div>\n<\/div>\n<\/td>\n<td>\n<div class=\"magic-24\">\n<div class=\"magic-16\">24<\/div>\n<\/div>\n<\/td>\n<td>\n<div class=\"magic-25\">\n<div class=\"magic-16\">10~15<\/div>\n<\/div>\n<\/td>\n<td>\n<div class=\"magic-26\">\n<div class=\"magic-16\">10.5\/11.5<\/div>\n<\/div>\n<\/td>\n<td>\n<div class=\"magic-29\">\n<div class=\"magic-16\">140<\/div>\n<\/div>\n<\/td>\n<\/tr>\n<tr>\n<td class=\"magic-30\">\n<div class=\"magic-14\">20<\/div>\n<\/td>\n<td>\n<div class=\"magic-22\">\n<div class=\"magic-16\">102<\/div>\n<\/div>\n<\/td>\n<td>\n<div class=\"magic-23\">\n<div class=\"magic-16\">2600<\/div>\n<\/div>\n<\/td>\n<td>\n<div class=\"magic-28\">\n<div class=\"magic-16\">100\/150<\/div>\n<\/div>\n<\/td>\n<td>\n<div class=\"magic-24\">\n<div class=\"magic-16\">24<\/div>\n<\/div>\n<\/td>\n<td>\n<div class=\"magic-25\">\n<div class=\"magic-16\">10~15<\/div>\n<\/div>\n<\/td>\n<td>\n<div class=\"magic-26\">\n<div class=\"magic-16\">11\/12<\/div>\n<\/div>\n<\/td>\n<td>\n<div class=\"magic-29\">\n<div class=\"magic-16\">140<\/div>\n<\/div>\n<\/td>\n<\/tr>\n<tr>\n<td class=\"magic-30\">\n<div class=\"magic-14\">21<\/div>\n<\/td>\n<td>\n<div class=\"magic-22\">\n<div class=\"magic-16\">110<\/div>\n<\/div>\n<\/td>\n<td>\n<div class=\"magic-23\">\n<div class=\"magic-16\">2800<\/div>\n<\/div>\n<\/td>\n<td>\n<div class=\"magic-28\">\n<div class=\"magic-16\">100\/150<\/div>\n<\/div>\n<\/td>\n<td>\n<div class=\"magic-24\">\n<div class=\"magic-16\">24<\/div>\n<\/div>\n<\/td>\n<td>\n<div class=\"magic-25\">\n<div class=\"magic-16\">10~15<\/div>\n<\/div>\n<\/td>\n<td>\n<div class=\"magic-26\">\n<div class=\"magic-16\">12\/13<\/div>\n<\/div>\n<\/td>\n<td>\n<div class=\"magic-29\">\n<div class=\"magic-16\">148<\/div>\n<\/div>\n<\/td>\n<\/tr>\n<tr>\n<td class=\"magic-30\">\n<div class=\"magic-14\">22<\/div>\n<\/td>\n<td>\n<div class=\"magic-22\">\n<div class=\"magic-16\">118<\/div>\n<\/div>\n<\/td>\n<td>\n<div class=\"magic-23\">\n<div class=\"magic-16\">3000<\/div>\n<\/div>\n<\/td>\n<td>\n<div class=\"magic-28\">\n<div class=\"magic-16\">100\/150<\/div>\n<\/div>\n<\/td>\n<td>\n<div class=\"magic-24\">\n<div class=\"magic-16\">24<\/div>\n<\/div>\n<\/td>\n<td>\n<div class=\"magic-25\">\n<div class=\"magic-16\">10~15<\/div>\n<\/div>\n<\/td>\n<td>\n<div class=\"magic-26\">\n<div class=\"magic-16\">12\/13<\/div>\n<\/div>\n<\/td>\n<td>\n<div class=\"magic-29\">\n<div class=\"magic-16\">156<\/div>\n<\/div>\n<\/td>\n<\/tr>\n<\/tbody>\n<\/table>\n<\/div>\n<\/div>","protected":false},"excerpt":{"rendered":"<p class=\"magic-10\">1200mm 1600mm 1800mm 2000mm 2500mm L\u00e2mina de serra m\u00faltipla de diamante para disco de corte multiplano, disco de corte grande, disco de corte grande<\/p>\n<p class=\"magic-10\">1. use um blank de alta qualidade.<br \/>\n2. n\u00edtido, com alta efici\u00eancia e desempenho est\u00e1vel.<br \/>\n3. velocidade de corte r\u00e1pida sem lascar.<br \/>\n4. a solda de prata da forma de soldagem do segmento torna-o mais firme na pe\u00e7a bruta.<br \/>\n5. processo de produ\u00e7\u00e3o maduro.<br \/>\n6. processos rigorosos de inspe\u00e7\u00e3o da qualidade do produto.<br \/>\n7. processo de entrega r\u00e1pida.<br \/>\n8. servi\u00e7o p\u00f3s-venda perfeito. Se tiver algum problema, entre em contato conosco a qualquer momento.<\/p>\n<a href=\"#Quote-Button\" class=\"button primary is-large Inquiry-Button\" style=\"border-radius:99px;\">\n\t<i class=\"icon-heart\" aria-hidden=\"true\"><\/i>\t<span>Solicite agora<\/span>\n\t<\/a>","protected":false},"featured_media":1427,"template":"","meta":[],"product_brand":[],"product_cat":[55],"product_tag":[71,90],"class_list":{"0":"post-1430","1":"product","2":"type-product","3":"status-publish","4":"has-post-thumbnail","6":"product_cat-stone-cutting-tools","7":"product_tag-block-cutting-blade","8":"product_tag-stone-cutting-tools","10":"first","11":"instock","12":"shipping-taxable","13":"product-type-simple"},"aioseo_notices":[],"_links":{"self":[{"href":"https:\/\/xmstonetools.com\/pt\/wp-json\/wp\/v2\/product\/1430","targetHints":{"allow":["GET"]}}],"collection":[{"href":"https:\/\/xmstonetools.com\/pt\/wp-json\/wp\/v2\/product"}],"about":[{"href":"https:\/\/xmstonetools.com\/pt\/wp-json\/wp\/v2\/types\/product"}],"wp:featuredmedia":[{"embeddable":true,"href":"https:\/\/xmstonetools.com\/pt\/wp-json\/wp\/v2\/media\/1427"}],"wp:attachment":[{"href":"https:\/\/xmstonetools.com\/pt\/wp-json\/wp\/v2\/media?parent=1430"}],"wp:term":[{"taxonomy":"product_brand","embeddable":true,"href":"https:\/\/xmstonetools.com\/pt\/wp-json\/wp\/v2\/product_brand?post=1430"},{"taxonomy":"product_cat","embeddable":true,"href":"https:\/\/xmstonetools.com\/pt\/wp-json\/wp\/v2\/product_cat?post=1430"},{"taxonomy":"product_tag","embeddable":true,"href":"https:\/\/xmstonetools.com\/pt\/wp-json\/wp\/v2\/product_tag?post=1430"}],"curies":[{"name":"wp","href":"https:\/\/api.w.org\/{rel}","templated":true}]}}