{"id":1437,"date":"2022-12-01T15:08:27","date_gmt":"2022-12-01T07:08:27","guid":{"rendered":"https:\/\/xmstonetools.com\/?post_type=product&#038;p=1437"},"modified":"2022-12-01T15:08:27","modified_gmt":"2022-12-01T07:08:27","slug":"segmentos-de-diamante-para-corte-de-granito","status":"publish","type":"product","link":"https:\/\/xmstonetools.com\/pt\/product\/segmentos-de-diamante-para-corte-de-granito\/","title":{"rendered":"Segmentos de diamante para corte de granito"},"content":{"rendered":"<table style=\"height: 340px;\" width=\"622\">\n<tbody>\n<tr>\n<td colspan=\"1\" rowspan=\"1\">\n<div><strong>Di\u00e2metro (mm)<\/strong><\/div>\n<\/td>\n<td colspan=\"1\" rowspan=\"1\">\n<div><strong>N\u00facleo de a\u00e7o (mm)<\/strong><\/div>\n<\/td>\n<td colspan=\"1\" rowspan=\"1\">\n<div><strong>Tamanho do segmento\u00a0<\/strong><\/div>\n<\/td>\n<td colspan=\"1\" rowspan=\"1\">\n<div><strong>N\u00famero do segmento\u00a0<\/strong><\/div>\n<\/td>\n<\/tr>\n<tr>\n<td colspan=\"1\" rowspan=\"1\">\n<div>900<\/div>\n<\/td>\n<td colspan=\"1\" rowspan=\"1\">\n<div>5<\/div>\n<\/td>\n<td colspan=\"1\" rowspan=\"1\">\n<div>24*7\/6.2*15(20)<\/div>\n<\/td>\n<td colspan=\"1\" rowspan=\"1\">\n<div>64<\/div>\n<\/td>\n<\/tr>\n<tr>\n<td colspan=\"1\" rowspan=\"1\">\n<div>1000<\/div>\n<\/td>\n<td colspan=\"1\" rowspan=\"1\">\n<div>5<\/div>\n<\/td>\n<td colspan=\"1\" rowspan=\"1\">\n<div>24*7\/6.2*15(20)<\/div>\n<\/td>\n<td colspan=\"1\" rowspan=\"1\">\n<div>70<\/div>\n<\/td>\n<\/tr>\n<tr>\n<td colspan=\"1\" rowspan=\"1\">\n<div>1200<\/div>\n<\/td>\n<td colspan=\"1\" rowspan=\"1\">\n<div>5.5<\/div>\n<\/td>\n<td colspan=\"1\" rowspan=\"1\">\n<div>24*7.4\/6.6*15(20)<\/div>\n<\/td>\n<td colspan=\"1\" rowspan=\"1\">\n<div>80<\/div>\n<\/td>\n<\/tr>\n<tr>\n<td colspan=\"1\" rowspan=\"1\">\n<div>1400<\/div>\n<\/td>\n<td colspan=\"1\" rowspan=\"1\">\n<div>6.0<\/div>\n<\/td>\n<td colspan=\"1\" rowspan=\"1\">\n<div>24*8.0\/7.2*15(20)<\/div>\n<\/td>\n<td colspan=\"1\" rowspan=\"1\">\n<div>92<\/div>\n<\/td>\n<\/tr>\n<tr>\n<td colspan=\"1\" rowspan=\"1\">\n<div>1600<\/div>\n<\/td>\n<td colspan=\"1\" rowspan=\"1\">\n<div>7.2<\/div>\n<\/td>\n<td colspan=\"1\" rowspan=\"1\">\n<div>24*9.2\/8.4*15(20)<\/div>\n<\/td>\n<td colspan=\"1\" rowspan=\"1\">\n<div>108<\/div>\n<\/td>\n<\/tr>\n<tr>\n<td colspan=\"1\" rowspan=\"1\">\n<div>1800<\/div>\n<\/td>\n<td colspan=\"1\" rowspan=\"1\">\n<div>7.5<\/div>\n<\/td>\n<td colspan=\"1\" rowspan=\"1\">\n<div>24*10\/9.2*15(20)<\/div>\n<\/td>\n<td colspan=\"1\" rowspan=\"1\">\n<div>120<\/div>\n<\/td>\n<\/tr>\n<tr>\n<td colspan=\"1\" rowspan=\"1\">\n<div>2000<\/div>\n<\/td>\n<td colspan=\"1\" rowspan=\"1\">\n<div>8.0<\/div>\n<\/td>\n<td colspan=\"1\" rowspan=\"1\">\n<div>24*11\/10*15(20)<\/div>\n<\/td>\n<td colspan=\"1\" rowspan=\"1\">\n<div>128<\/div>\n<\/td>\n<\/tr>\n<tr>\n<td colspan=\"1\" rowspan=\"1\">\n<div>2200<\/div>\n<\/td>\n<td colspan=\"1\" rowspan=\"1\">\n<div>9.0<\/div>\n<\/td>\n<td colspan=\"1\" rowspan=\"1\">\n<div>24*11\/10*15(20)<\/div>\n<\/td>\n<td colspan=\"1\" rowspan=\"1\">\n<div>132<\/div>\n<\/td>\n<\/tr>\n<tr>\n<td colspan=\"1\" rowspan=\"1\">\n<div>2500<\/div>\n<\/td>\n<td colspan=\"1\" rowspan=\"1\">\n<div>9.0<\/div>\n<\/td>\n<td colspan=\"1\" rowspan=\"1\">\n<div>24*12\/11*15(20)<\/div>\n<\/td>\n<td colspan=\"1\" rowspan=\"1\">\n<div>140<\/div>\n<\/td>\n<\/tr>\n<tr>\n<td colspan=\"1\" rowspan=\"1\">\n<div>2700<\/div>\n<\/td>\n<td colspan=\"1\" rowspan=\"1\">\n<div>9.0<\/div>\n<\/td>\n<td colspan=\"1\" rowspan=\"1\">\n<div>24*12\/11*20(30)<\/div>\n<\/td>\n<td colspan=\"1\" rowspan=\"1\">\n<div>140<\/div>\n<\/td>\n<\/tr>\n<tr>\n<td colspan=\"1\" rowspan=\"1\">\n<div>3000<\/div>\n<\/td>\n<td colspan=\"1\" rowspan=\"1\">\n<div>9.3<\/div>\n<\/td>\n<td colspan=\"1\" rowspan=\"1\">\n<div>24*13\/12*20(30)<\/div>\n<\/td>\n<td colspan=\"1\" rowspan=\"1\">\n<div>160<\/div>\n<\/td>\n<\/tr>\n<tr>\n<td colspan=\"1\" rowspan=\"1\">\n<div>3500<\/div>\n<\/td>\n<td colspan=\"1\" rowspan=\"1\">\n<div>9.5<\/div>\n<\/td>\n<td colspan=\"1\" rowspan=\"1\">\n<div>24*13.5\/12.5*20(30)<\/div>\n<\/td>\n<td colspan=\"1\" rowspan=\"1\">\n<div>180<\/div>\n<\/td>\n<\/tr>\n<\/tbody>\n<\/table>","protected":false},"excerpt":{"rendered":"<p>Caracter\u00edsticas dos segmentos de diamante de granito<\/p>\n<p>1. A l\u00e2mina tem boa afia\u00e7\u00e3o e alta efici\u00eancia no processo de corte, al\u00e9m de ter uma longa vida \u00fatil.<br \/>\n2. Bom resultado de corte: corte suave, superf\u00edcie plana e tamanho uniforme.<br \/>\n3. Corte est\u00e1vel, espa\u00e7o de corte estreito, redu\u00e7\u00e3o de res\u00edduos de pedra.<br \/>\n4. O segmento em forma de M facilita a abertura do diamante.<\/p>\n<p>Outras especifica\u00e7\u00f5es\/tamanhos tamb\u00e9m est\u00e3o dispon\u00edveis, podemos personalizar o segmento de acordo com diferentes alvos, espessuras de a\u00e7o, dureza da pedra etc. Mais especifica\u00e7\u00f5es regulares para sua refer\u00eancia:<\/p>\n<a class=\"button primary is-large popmake-1134\" style=\"border-radius:99px;\">\n\t<i class=\"icon-heart\" aria-hidden=\"true\"><\/i>\t<span>Consulta<\/span>\n\t<\/a>","protected":false},"featured_media":1432,"template":"","meta":[],"product_brand":[],"product_cat":[58,55],"product_tag":[64],"class_list":{"0":"post-1437","1":"product","2":"type-product","3":"status-publish","4":"has-post-thumbnail","6":"product_cat-diamond-segments","7":"product_cat-stone-cutting-tools","8":"product_tag-diamond-segments","10":"first","11":"instock","12":"shipping-taxable","13":"product-type-simple"},"aioseo_notices":[],"_links":{"self":[{"href":"https:\/\/xmstonetools.com\/pt\/wp-json\/wp\/v2\/product\/1437","targetHints":{"allow":["GET"]}}],"collection":[{"href":"https:\/\/xmstonetools.com\/pt\/wp-json\/wp\/v2\/product"}],"about":[{"href":"https:\/\/xmstonetools.com\/pt\/wp-json\/wp\/v2\/types\/product"}],"wp:featuredmedia":[{"embeddable":true,"href":"https:\/\/xmstonetools.com\/pt\/wp-json\/wp\/v2\/media\/1432"}],"wp:attachment":[{"href":"https:\/\/xmstonetools.com\/pt\/wp-json\/wp\/v2\/media?parent=1437"}],"wp:term":[{"taxonomy":"product_brand","embeddable":true,"href":"https:\/\/xmstonetools.com\/pt\/wp-json\/wp\/v2\/product_brand?post=1437"},{"taxonomy":"product_cat","embeddable":true,"href":"https:\/\/xmstonetools.com\/pt\/wp-json\/wp\/v2\/product_cat?post=1437"},{"taxonomy":"product_tag","embeddable":true,"href":"https:\/\/xmstonetools.com\/pt\/wp-json\/wp\/v2\/product_tag?post=1437"}],"curies":[{"name":"wp","href":"https:\/\/api.w.org\/{rel}","templated":true}]}}