{"id":1449,"date":"2022-12-01T16:21:37","date_gmt":"2022-12-01T08:21:37","guid":{"rendered":"https:\/\/xmstonetools.com\/?post_type=product&#038;p=1449"},"modified":"2023-07-07T15:23:44","modified_gmt":"2023-07-07T07:23:44","slug":"serra-de-cabo-de-aco-diamantado-soldada-a-vacuo","status":"publish","type":"product","link":"https:\/\/xmstonetools.com\/pt\/product\/serra-de-cabo-de-aco-diamantado-soldada-a-vacuo\/","title":{"rendered":"Serra de cabo de a\u00e7o diamantado soldado a v\u00e1cuo"},"content":{"rendered":"<h2 style=\"color: steelblue;\">Introdu\u00e7\u00e3o:<\/h2>\n<p>As ferramentas diamantadas s\u00e3o, h\u00e1 muito tempo, a escolha preferida para corte e perfilamento de pedras devido \u00e0 sua excepcional dureza, durabilidade e precis\u00e3o. Entre as v\u00e1rias tecnologias de ferramentas diamantadas, o Vacuum Brazed Diamond Rope Wire se destaca como uma inova\u00e7\u00e3o de ponta que revolucionou o setor de processamento de pedras. Neste artigo, vamos nos aprofundar nos detalhes abrangentes do Vacuum Brazed Diamond Rope Wire, explorando sua constru\u00e7\u00e3o, princ\u00edpios de funcionamento, vantagens e diversas aplica\u00e7\u00f5es.<\/p>\n<h2 style=\"color: steelblue;\">Entendendo o fio de cabo diamantado brasado a v\u00e1cuo:<\/h2>\n<p>O cabo de a\u00e7o diamantado brasado a v\u00e1cuo \u00e9 uma ferramenta de corte especializada que consiste em segmentos de diamante de alta qualidade incorporados em um cabo de a\u00e7o. Os segmentos de diamante s\u00e3o meticulosamente ligados ao cabo por meio de um processo de brasagem a v\u00e1cuo, o que garante uma conex\u00e3o forte e confi\u00e1vel entre o gr\u00e3o de diamante e o cabo de a\u00e7o.<\/p>\n<h2 style=\"color: steelblue;\">Princ\u00edpios de constru\u00e7\u00e3o e funcionamento:<\/h2>\n<p>A constru\u00e7\u00e3o do cabo de a\u00e7o diamantado brasado a v\u00e1cuo envolve v\u00e1rias camadas de segmentos de diamante presos a um cabo de a\u00e7o de alta resist\u00eancia. Os segmentos de diamante s\u00e3o posicionados ao longo do cabo em intervalos regulares, e todo o conjunto \u00e9 submetido a um processo de brasagem a v\u00e1cuo.<\/p>\n<p>Durante o processo de brasagem a v\u00e1cuo, os segmentos de diamante s\u00e3o unidos com seguran\u00e7a ao cabo de a\u00e7o por meio da fus\u00e3o de uma camada de liga met\u00e1lica que preenche os espa\u00e7os entre o gr\u00e3o de diamante e o cabo. Isso garante o m\u00e1ximo de for\u00e7a, durabilidade e resist\u00eancia ao calor. A t\u00e9cnica de brasagem a v\u00e1cuo cria uma liga\u00e7\u00e3o metal\u00fargica, eliminando o risco de perda do segmento durante a opera\u00e7\u00e3o.<\/p>\n<h2 style=\"color: steelblue;\">Vantagens do fio de cabo diamantado soldado a v\u00e1cuo:<\/h2>\n<h3>a. Desempenho excepcional de corte:<\/h3>\n<p>O cabo de a\u00e7o diamantado brasado a v\u00e1cuo oferece desempenho de corte superior, permitindo o processamento preciso e eficiente de pedras. Os segmentos de diamante proporcionam a\u00e7\u00e3o de corte cont\u00ednua, resultando em cortes suaves e precisos.<\/p>\n<h3>b. Versatilidade:<\/h3>\n<p>A natureza flex\u00edvel do cabo de a\u00e7o permite a cria\u00e7\u00e3o de perfis complexos, cortes curvos e contornos em uma ampla variedade de materiais de pedra. Essa versatilidade faz com que o cabo de a\u00e7o diamantado brasado a v\u00e1cuo seja a escolha ideal para v\u00e1rias aplica\u00e7\u00f5es, incluindo detalhes arquitet\u00f4nicos, constru\u00e7\u00e3o de monumentos e fabrica\u00e7\u00e3o de bancadas.<\/p>\n<h3>c. Longevidade:<\/h3>\n<p>O processo de brasagem a v\u00e1cuo garante uma liga\u00e7\u00e3o segura entre os segmentos de diamante e o cabo de a\u00e7o, aumentando significativamente a longevidade da ferramenta. Isso permite o uso prolongado sem comprometer o desempenho ou a perda de segmentos, resultando em economia de custos e aumento da produtividade.<\/p>\n<h3>d. Resist\u00eancia ao calor:<\/h3>\n<p>O cabo de a\u00e7o diamantado brasado a v\u00e1cuo apresenta excelente resist\u00eancia ao calor, o que o torna adequado para aplica\u00e7\u00f5es de corte \u00famido e seco. A t\u00e9cnica de liga\u00e7\u00e3o soldada a v\u00e1cuo dissipa efetivamente o calor gerado durante o corte, minimizando o risco de danos aos gr\u00e3os de diamante devido ao calor excessivo.<\/p>\n<h3>e. Redu\u00e7\u00e3o de lascas e vibra\u00e7\u00f5es:<\/h3>\n<p>A a\u00e7\u00e3o de corte cont\u00ednuo do cabo de a\u00e7o diamantado brasado a v\u00e1cuo, combinada com a precis\u00e3o dos segmentos de diamante, minimiza as lascas e as vibra\u00e7\u00f5es durante o corte. Isso resulta em cortes limpos e suaves, reduzindo a necessidade de polimento adicional e minimizando o desperd\u00edcio de material.<\/p>\n<h2 style=\"color: steelblue;\">Aplicativos:<\/h2>\n<p>O cabo de a\u00e7o diamantado brasado a v\u00e1cuo encontra amplas aplica\u00e7\u00f5es no setor de processamento de pedras, inclusive:<br \/>\n- Corte e perfilamento de granito, m\u00e1rmore, calc\u00e1rio e outras pedras naturais.<br \/>\n- Modelagem e escultura de materiais de pedra para elementos arquitet\u00f4nicos.<br \/>\n- Extra\u00e7\u00e3o e extra\u00e7\u00e3o de grandes blocos de pedra.<br \/>\n- Cria\u00e7\u00e3o de desenhos e padr\u00f5es complexos em superf\u00edcies de pedra.<\/p>\n<p>O Vacuum Brazed Diamond Rope Wire representa um avan\u00e7o significativo na tecnologia de ferramentas diamantadas, oferecendo excepcional desempenho de corte, versatilidade, longevidade, resist\u00eancia ao calor e redu\u00e7\u00e3o de lascas. Sua constru\u00e7\u00e3o e princ\u00edpios de funcionamento exclusivos fazem dele uma ferramenta altamente eficaz para corte, perfilamento e modelagem de pedras, proporcionando resultados precisos e eficientes. Como o setor de processamento de pedras continua a evoluir, o Vacuum Brazed Diamond Rope Wire est\u00e1 na vanguarda, permitindo que os profissionais alcancem novos n\u00edveis de habilidade e produtividade.<\/p>\n<h2 style=\"color: steelblue;\">Sele\u00e7\u00e3o de gr\u00e3os de diamante:<\/h2>\n<p>O desempenho e a efici\u00eancia do cabo de a\u00e7o diamantado brasado a v\u00e1cuo dependem da qualidade e da sele\u00e7\u00e3o do gr\u00e3o de diamante. H\u00e1 diferentes tamanhos de gr\u00e3o diamantado dispon\u00edveis para atender a requisitos espec\u00edficos de corte. Os tamanhos de gr\u00e3o mais finos s\u00e3o adequados para cortes mais suaves e aplica\u00e7\u00f5es de polimento, enquanto os tamanhos de gr\u00e3o mais grossos s\u00e3o ideais para a remo\u00e7\u00e3o mais r\u00e1pida de material.<\/p>\n<h2 style=\"color: steelblue;\">Varia\u00e7\u00f5es de cabos de a\u00e7o:<\/h2>\n<p>O fio de cabo diamantado brasado a v\u00e1cuo est\u00e1 dispon\u00edvel em v\u00e1rias configura\u00e7\u00f5es de cabo de a\u00e7o para atender a diferentes necessidades de corte. O cabo de a\u00e7o pode variar em di\u00e2metro e n\u00famero de fios, permitindo a personaliza\u00e7\u00e3o com base na aplica\u00e7\u00e3o desejada e na dureza do material de pedra que est\u00e1 sendo cortado.<\/p>\n<h2 style=\"color: steelblue;\">Corte \u00famido e seco:<\/h2>\n<p>O fio de cabo diamantado brasado a v\u00e1cuo pode ser usado em opera\u00e7\u00f5es de corte \u00famido e seco. O corte \u00famido envolve o uso de \u00e1gua ou de um l\u00edquido de arrefecimento para melhorar o desempenho do corte, reduzir a poeira e dissipar o calor. O corte a seco \u00e9 adequado para determinadas aplica\u00e7\u00f5es em que o uso de \u00e1gua n\u00e3o \u00e9 vi\u00e1vel ou desejado. A resist\u00eancia ao calor do fio de cabo diamantado brasado a v\u00e1cuo permite um corte a seco eficaz sem comprometer o desempenho ou a vida \u00fatil da ferramenta.<\/p>\n<h2 style=\"color: steelblue;\">Manuten\u00e7\u00e3o e armazenamento:<\/h2>\n<p>Para maximizar a vida \u00fatil e o desempenho do fio de cabo diamantado soldado a v\u00e1cuo, a manuten\u00e7\u00e3o e o armazenamento adequados s\u00e3o essenciais. Ap\u00f3s o uso, recomenda-se limpar a ferramenta para remover qualquer detrito ou res\u00edduo que possa afetar sua efici\u00eancia de corte. A ferramenta deve ser armazenada em um ambiente seco e limpo para evitar corros\u00e3o e danos aos segmentos de diamante.<\/p>\n<h2 style=\"color: steelblue;\">Considera\u00e7\u00f5es sobre seguran\u00e7a:<\/h2>\n<p>Ao trabalhar com fio de corda diamantado brasado a v\u00e1cuo, \u00e9 importante priorizar a seguran\u00e7a. Os operadores devem usar equipamentos de prote\u00e7\u00e3o individual (EPI) adequados, incluindo \u00f3culos de seguran\u00e7a, luvas e prote\u00e7\u00e3o auditiva. Al\u00e9m disso, a ades\u00e3o \u00e0s velocidades de corte e taxas de avan\u00e7o recomendadas \u00e9 fundamental para garantir o desempenho ideal e evitar danos \u00e0 ferramenta.<\/p>\n<h2 style=\"color: steelblue;\">Garantia de qualidade e padr\u00f5es:<\/h2>\n<p>Para garantir a mais alta qualidade e o melhor desempenho, \u00e9 aconselh\u00e1vel adquirir o cabo diamantado brasado a v\u00e1cuo de fabricantes de boa reputa\u00e7\u00e3o que seguem os padr\u00f5es do setor e os processos de controle de qualidade. As ferramentas diamantadas de qualidade passam por testes e inspe\u00e7\u00f5es rigorosos para atender ou exceder as especifica\u00e7\u00f5es do setor, proporcionando confiabilidade e desempenho consistente.<\/p>\n<h2 style=\"color: steelblue;\">Pesquisa e desenvolvimento cont\u00ednuos:<\/h2>\n<p>O campo da tecnologia de ferramentas diamantadas, incluindo o Vacuum Brazed Diamond Rope Wire, continua a evoluir por meio de esfor\u00e7os cont\u00ednuos de pesquisa e desenvolvimento. Os fabricantes est\u00e3o explorando continuamente novas formula\u00e7\u00f5es de diamante, t\u00e9cnicas de liga\u00e7\u00e3o e projetos de ferramentas para aumentar ainda mais a efici\u00eancia do corte, a vida \u00fatil e a versatilidade da ferramenta. Manter-se atualizado com os \u00faltimos avan\u00e7os do setor pode ajudar os profissionais a tomar decis\u00f5es informadas e aproveitar todo o potencial dessas ferramentas.<\/p>\n<p>Ao aproveitar o poder do Vacuum Brazed Diamond Rope Wire, os profissionais do setor de processamento de pedras podem obter cortes precisos, perfis complexos e acabamentos superiores em uma ampla variedade de materiais de pedra. Essa ferramenta avan\u00e7ada continua a expandir os limites do corte e da modelagem de pedras, oferecendo maior efici\u00eancia, versatilidade e economia.<\/p>\n<p>Nossas vantagens:<\/p>\n<p>1. Alta efici\u00eancia, seguran\u00e7a, baixo ru\u00eddo, menos poeira e respeito ao meio ambiente.<\/p>\n<p>2. Bom corte com fenda pequena.<\/p>\n<p>3. Poucos riscos de quebra durante o funcionamento, o que resulta em uma vida \u00fatil s\u00f3lida.<\/p>\n<p>4. Engenheiros profissionais, funcion\u00e1rios experientes, sistema de controle de qualidade rigoroso, material de alta qualidade etc. garantem a qualidade est\u00e1vel.<\/p>\n<p>5. Outras especifica\u00e7\u00f5es est\u00e3o dispon\u00edveis mediante solicita\u00e7\u00e3o.<\/p>\n<table border=\"1\">\n<tbody>\n<tr>\n<td>Produtos<\/td>\n<td>Aplicativo<\/td>\n<td>Di\u00e2metro (mm)<\/td>\n<td>M\u00e9todo fixo<\/td>\n<\/tr>\n<tr>\n<td rowspan=\"2\">Serra de fenda soldada a v\u00e1cuo<\/td>\n<td>Para pedreiras de m\u00e1rmore, calc\u00e1rio e travertino<\/td>\n<td>11.0<\/td>\n<td>mola<\/td>\n<\/tr>\n<tr>\n<td>Para esquadrejamento de blocos de m\u00e1rmore, calc\u00e1rio e travertino<\/td>\n<td>11.0<\/td>\n<td>mola<\/td>\n<\/tr>\n<tr>\n<td rowspan=\"3\">Serra de fio diamantado para granito, Sinterizado<\/td>\n<td>Para pedreiras<\/td>\n<td>11.5<\/td>\n<td>borracha<\/td>\n<\/tr>\n<tr>\n<td>Para esquadria<\/td>\n<td>11.0<\/td>\n<td>pl\u00e1stico<\/td>\n<\/tr>\n<tr>\n<td>Para cria\u00e7\u00e3o de perfis<\/td>\n<td>8.8<\/td>\n<td>pl\u00e1stico<\/td>\n<\/tr>\n<tr>\n<td rowspan=\"3\">Serra de fio diamantado para m\u00e1rmore, Sinterizado<\/td>\n<td>Para pedreiras<\/td>\n<td>11.0<\/td>\n<td>mola<\/td>\n<\/tr>\n<tr>\n<td>Para a extra\u00e7\u00e3o de min\u00e9rios<\/td>\n<td>11.0<\/td>\n<td>pl\u00e1stico<\/td>\n<\/tr>\n<tr>\n<td>Para cria\u00e7\u00e3o de perfis<\/td>\n<td>8.8<\/td>\n<td>pl\u00e1stico<\/td>\n<\/tr>\n<\/tbody>\n<\/table>","protected":false},"excerpt":{"rendered":"<p>O cabo de a\u00e7o diamantado brasado a v\u00e1cuo \u00e9 uma ferramenta de corte especializada que consiste em segmentos de diamante de alta qualidade incorporados em um cabo de a\u00e7o. Os segmentos de diamante s\u00e3o meticulosamente ligados ao cabo por meio de um processo de brasagem a v\u00e1cuo, o que garante uma conex\u00e3o forte e confi\u00e1vel entre o gr\u00e3o de diamante e o cabo de a\u00e7o. Durante o processo de brasagem a v\u00e1cuo, os segmentos de diamante s\u00e3o fixados com seguran\u00e7a ao cabo de a\u00e7o por meio da fus\u00e3o de uma camada de liga met\u00e1lica que preenche os espa\u00e7os entre o gr\u00e3o de diamante e o cabo. Isso garante o m\u00e1ximo de for\u00e7a, durabilidade e resist\u00eancia ao calor. A t\u00e9cnica de brasagem a v\u00e1cuo cria uma liga\u00e7\u00e3o metal\u00fargica, eliminando o risco de perda do segmento durante a opera\u00e7\u00e3o.<\/p>\n<a href=\"#Quote-Button\" class=\"button primary is-large Inquiry-Button\" style=\"border-radius:99px;\">\n\t<i class=\"icon-heart\" aria-hidden=\"true\"><\/i>\t<span>Solicite agora<\/span>\n\t<\/a>","protected":false},"featured_media":1444,"template":"","meta":[],"product_brand":[],"product_cat":[61],"product_tag":[69,66],"class_list":{"0":"post-1449","1":"product","2":"type-product","3":"status-publish","4":"has-post-thumbnail","6":"product_cat-diamond-wire-saw","7":"product_tag-diamond-wire-saw","8":"product_tag-vacuum-brazed-stone-tools","10":"first","11":"instock","12":"shipping-taxable","13":"product-type-simple"},"aioseo_notices":[],"_links":{"self":[{"href":"https:\/\/xmstonetools.com\/pt\/wp-json\/wp\/v2\/product\/1449","targetHints":{"allow":["GET"]}}],"collection":[{"href":"https:\/\/xmstonetools.com\/pt\/wp-json\/wp\/v2\/product"}],"about":[{"href":"https:\/\/xmstonetools.com\/pt\/wp-json\/wp\/v2\/types\/product"}],"wp:featuredmedia":[{"embeddable":true,"href":"https:\/\/xmstonetools.com\/pt\/wp-json\/wp\/v2\/media\/1444"}],"wp:attachment":[{"href":"https:\/\/xmstonetools.com\/pt\/wp-json\/wp\/v2\/media?parent=1449"}],"wp:term":[{"taxonomy":"product_brand","embeddable":true,"href":"https:\/\/xmstonetools.com\/pt\/wp-json\/wp\/v2\/product_brand?post=1449"},{"taxonomy":"product_cat","embeddable":true,"href":"https:\/\/xmstonetools.com\/pt\/wp-json\/wp\/v2\/product_cat?post=1449"},{"taxonomy":"product_tag","embeddable":true,"href":"https:\/\/xmstonetools.com\/pt\/wp-json\/wp\/v2\/product_tag?post=1449"}],"curies":[{"name":"wp","href":"https:\/\/api.w.org\/{rel}","templated":true}]}}