{"id":1455,"date":"2022-12-01T19:36:44","date_gmt":"2022-12-01T11:36:44","guid":{"rendered":"https:\/\/xmstonetools.com\/?post_type=product&#038;p=1455"},"modified":"2023-07-07T14:59:24","modified_gmt":"2023-07-07T06:59:24","slug":"placa-de-moagem-de-granito-com-liga-metalica","status":"publish","type":"product","link":"https:\/\/xmstonetools.com\/pt\/product\/placa-de-moagem-de-granito-com-liga-metalica\/","title":{"rendered":"Placa de moagem de granito Metal Bond"},"content":{"rendered":"<p>As ferramentas de diamante para pedras desempenham um papel crucial no setor de processamento de pedras, permitindo a cria\u00e7\u00e3o de superf\u00edcies requintadas e cortes precisos. Entre as v\u00e1rias ferramentas usadas, as placas de esmerilhamento de granito com liga met\u00e1lica se destacam como componentes essenciais para esmerilhar e polir superf\u00edcies de granito. Neste artigo, vamos nos aprofundar nos detalhes abrangentes das placas de esmerilhamento de granito com liga met\u00e1lica, explorando sua constru\u00e7\u00e3o, benef\u00edcios e aplica\u00e7\u00f5es.<\/p>\n<h2 style=\"color: steelblue;\">1. Constru\u00e7\u00e3o de placas de moagem de granito com liga\u00e7\u00e3o met\u00e1lica:<\/h2>\n<p>As placas de esmerilhamento de granito com liga met\u00e1lica s\u00e3o ferramentas meticulosamente projetadas que consistem em uma matriz de liga met\u00e1lica, segmentos de diamante e uma placa de a\u00e7o ou alum\u00ednio. A matriz de liga\u00e7\u00e3o met\u00e1lica funciona como um aglutinante que mant\u00e9m os segmentos de diamante no lugar com seguran\u00e7a. Os segmentos de diamante, embutidos na matriz, cont\u00eam diamantes sint\u00e9ticos ou naturais que s\u00e3o respons\u00e1veis pelo lixamento, polimento e modelagem da superf\u00edcie do granito.<\/p>\n<figure id=\"attachment_1453\" aria-describedby=\"caption-attachment-1453\" style=\"width: 1000px\" class=\"wp-caption aligncenter\"><img loading=\"lazy\" decoding=\"async\" class=\"size-full wp-image-1453\" src=\"https:\/\/xmstonetools.com\/wp-content\/uploads\/2022\/12\/Metal-Bond-Granite-Grinding-Plate-3.jpg\" alt=\"Placa de esmerilhamento de granito Metal Bond-3\" width=\"1000\" height=\"1000\" srcset=\"https:\/\/xmstonetools.com\/wp-content\/uploads\/2022\/12\/Metal-Bond-Granite-Grinding-Plate-3.jpg 1000w, https:\/\/xmstonetools.com\/wp-content\/uploads\/2022\/12\/Metal-Bond-Granite-Grinding-Plate-3-400x400.jpg 400w, https:\/\/xmstonetools.com\/wp-content\/uploads\/2022\/12\/Metal-Bond-Granite-Grinding-Plate-3-800x800.jpg 800w, https:\/\/xmstonetools.com\/wp-content\/uploads\/2022\/12\/Metal-Bond-Granite-Grinding-Plate-3-280x280.jpg 280w, https:\/\/xmstonetools.com\/wp-content\/uploads\/2022\/12\/Metal-Bond-Granite-Grinding-Plate-3-768x768.jpg 768w, https:\/\/xmstonetools.com\/wp-content\/uploads\/2022\/12\/Metal-Bond-Granite-Grinding-Plate-3-300x300.jpg 300w, https:\/\/xmstonetools.com\/wp-content\/uploads\/2022\/12\/Metal-Bond-Granite-Grinding-Plate-3-600x600.jpg 600w, https:\/\/xmstonetools.com\/wp-content\/uploads\/2022\/12\/Metal-Bond-Granite-Grinding-Plate-3-100x100.jpg 100w, https:\/\/xmstonetools.com\/wp-content\/uploads\/2022\/12\/Metal-Bond-Granite-Grinding-Plate-3-120x120.jpg 120w\" sizes=\"auto, (max-width: 1000px) 100vw, 1000px\" \/><figcaption id=\"caption-attachment-1453\" class=\"wp-caption-text\">Placa de esmerilhamento de granito Metal Bond-3<\/figcaption><\/figure>\n<h2 style=\"color: steelblue;\">2. Benef\u00edcios das placas de esmerilhamento de granito Metal Bond:<\/h2>\n<h3>a. Durabilidade excepcional:<\/h3>\n<p>As placas de esmerilhamento de granito Metal Bond s\u00e3o conhecidas por sua excelente durabilidade, o que as torna adequadas para aplica\u00e7\u00f5es pesadas. A matriz robusta de metal bond resiste com efic\u00e1cia a altas press\u00f5es de esmerilhamento, proporcionando uma vida \u00fatil mais longa em compara\u00e7\u00e3o com outros tipos de placas de esmerilhamento.<\/p>\n<h3>b. Alta efici\u00eancia de moagem:<\/h3>\n<p>A combina\u00e7\u00e3o da matriz de liga\u00e7\u00e3o met\u00e1lica e dos segmentos de diamante garante uma efici\u00eancia superior no lixamento. As part\u00edculas de diamante incorporadas nos segmentos criam bordas de corte afiadas, permitindo a remo\u00e7\u00e3o eficiente do material e reduzindo o tempo necess\u00e1rio para retificar superf\u00edcies de granito.<\/p>\n<h3>c. Desempenho consistente:<\/h3>\n<p>As placas de esmerilhamento de granito Metal Bond oferecem desempenho consistente e confi\u00e1vel durante toda a sua vida \u00fatil. O design projetado com precis\u00e3o garante o desgaste uniforme dos segmentos de diamante, mantendo um padr\u00e3o de retifica\u00e7\u00e3o consistente e minimizando as irregularidades da superf\u00edcie.<\/p>\n<h3>d. Versatilidade:<\/h3>\n<p>As placas de esmerilhamento de granito Metal Bond s\u00e3o adequadas para uma ampla gama de aplica\u00e7\u00f5es. Elas podem ser usadas para lixamento grosso, lixamento fino e polimento, permitindo que os profissionais alcancem v\u00e1rios n\u00edveis de acabamento de superf\u00edcie em bancadas de granito, pisos, paredes e outros elementos arquitet\u00f4nicos.<\/p>\n<figure id=\"attachment_1452\" aria-describedby=\"caption-attachment-1452\" style=\"width: 1000px\" class=\"wp-caption aligncenter\"><img loading=\"lazy\" decoding=\"async\" class=\"size-full wp-image-1452\" src=\"https:\/\/xmstonetools.com\/wp-content\/uploads\/2022\/12\/Metal-Bond-Granite-Grinding-Plate-2.jpg\" alt=\"Placa de moagem de granito Metal Bond-2\" width=\"1000\" height=\"1000\" srcset=\"https:\/\/xmstonetools.com\/wp-content\/uploads\/2022\/12\/Metal-Bond-Granite-Grinding-Plate-2.jpg 1000w, https:\/\/xmstonetools.com\/wp-content\/uploads\/2022\/12\/Metal-Bond-Granite-Grinding-Plate-2-400x400.jpg 400w, https:\/\/xmstonetools.com\/wp-content\/uploads\/2022\/12\/Metal-Bond-Granite-Grinding-Plate-2-800x800.jpg 800w, https:\/\/xmstonetools.com\/wp-content\/uploads\/2022\/12\/Metal-Bond-Granite-Grinding-Plate-2-280x280.jpg 280w, https:\/\/xmstonetools.com\/wp-content\/uploads\/2022\/12\/Metal-Bond-Granite-Grinding-Plate-2-768x768.jpg 768w, https:\/\/xmstonetools.com\/wp-content\/uploads\/2022\/12\/Metal-Bond-Granite-Grinding-Plate-2-300x300.jpg 300w, https:\/\/xmstonetools.com\/wp-content\/uploads\/2022\/12\/Metal-Bond-Granite-Grinding-Plate-2-600x600.jpg 600w, https:\/\/xmstonetools.com\/wp-content\/uploads\/2022\/12\/Metal-Bond-Granite-Grinding-Plate-2-100x100.jpg 100w, https:\/\/xmstonetools.com\/wp-content\/uploads\/2022\/12\/Metal-Bond-Granite-Grinding-Plate-2-120x120.jpg 120w\" sizes=\"auto, (max-width: 1000px) 100vw, 1000px\" \/><figcaption id=\"caption-attachment-1452\" class=\"wp-caption-text\">Placa de moagem de granito Metal Bond-2<\/figcaption><\/figure>\n<h2 style=\"color: steelblue;\">3. Aplica\u00e7\u00f5es das placas de esmerilhamento de granito Metal Bond:<\/h2>\n<h3>a. Fabrica\u00e7\u00e3o de bancadas de granito:<\/h3>\n<p>As placas de esmerilhamento de granito Metal Bond s\u00e3o amplamente utilizadas na fabrica\u00e7\u00e3o de bancadas de granito. Elas ajudam a moldar e suavizar as bordas do granito, criando chanfros precisos e obtendo o acabamento desejado.<\/p>\n<h3>b. Restaura\u00e7\u00e3o de pisos de pedra:<\/h3>\n<p>Para restaurar e polir pisos de granito, as placas de esmerilhamento de granito com liga met\u00e1lica s\u00e3o indispens\u00e1veis. Elas removem com efic\u00e1cia arranh\u00f5es, manchas e irregularidades, resultando em uma superf\u00edcie lisa e brilhante.<\/p>\n<h3>c. Escultura arquitet\u00f4nica em pedra:<\/h3>\n<p>As placas de esmerilhamento de granito com liga met\u00e1lica s\u00e3o empregadas em projetos arquitet\u00f4nicos de escultura em pedra, onde desenhos e detalhes intrincados s\u00e3o esculpidos no granito. Essas placas auxiliam na modelagem e no refinamento precisos da pedra, aprimorando o apelo art\u00edstico geral.<\/p>\n<h3>d. Fabrica\u00e7\u00e3o de monumentos:<\/h3>\n<p>As placas de esmerilhamento de granito com liga met\u00e1lica s\u00e3o utilizadas na fabrica\u00e7\u00e3o de monumentos de granito, garantindo uma modelagem precisa e detalhes complexos.<\/p>\n<p>As placas de esmerilhamento de granito Metal Bond oferecem uma s\u00e9rie de benef\u00edcios que contribuem significativamente para a efici\u00eancia e a precis\u00e3o das ferramentas de diamante para pedra. Sua durabilidade, alta efici\u00eancia de esmerilhamento, desempenho consistente e versatilidade fazem delas uma ferramenta indispens\u00e1vel para os profissionais do setor de processamento de pedras. Seja na fabrica\u00e7\u00e3o de bancadas, na restaura\u00e7\u00e3o de pisos de pedra, no entalhe de pedras arquitet\u00f4nicas ou na fabrica\u00e7\u00e3o de monumentos, as placas de esmerilhamento de granito metal bond desempenham um papel fundamental na obten\u00e7\u00e3o de resultados excepcionais e na realce da beleza natural das superf\u00edcies de granito.<\/p>\n<figure id=\"attachment_1450\" aria-describedby=\"caption-attachment-1450\" style=\"width: 750px\" class=\"wp-caption aligncenter\"><img loading=\"lazy\" decoding=\"async\" class=\"size-full wp-image-1450\" src=\"https:\/\/xmstonetools.com\/wp-content\/uploads\/2022\/12\/Metal-Bond-Granite-Grinding-Plate-Application.jpg\" alt=\"Aplica\u00e7\u00e3o da placa de moagem de granito Metal Bond\" width=\"750\" height=\"1356\" srcset=\"https:\/\/xmstonetools.com\/wp-content\/uploads\/2022\/12\/Metal-Bond-Granite-Grinding-Plate-Application.jpg 750w, https:\/\/xmstonetools.com\/wp-content\/uploads\/2022\/12\/Metal-Bond-Granite-Grinding-Plate-Application-221x400.jpg 221w, https:\/\/xmstonetools.com\/wp-content\/uploads\/2022\/12\/Metal-Bond-Granite-Grinding-Plate-Application-442x800.jpg 442w, https:\/\/xmstonetools.com\/wp-content\/uploads\/2022\/12\/Metal-Bond-Granite-Grinding-Plate-Application-600x1085.jpg 600w\" sizes=\"auto, (max-width: 750px) 100vw, 750px\" \/><figcaption id=\"caption-attachment-1450\" class=\"wp-caption-text\">Aplica\u00e7\u00e3o da placa de moagem de granito Metal Bond<\/figcaption><\/figure>\n<p>Com certeza! Aqui est\u00e3o alguns detalhes adicionais sobre as placas de esmerilhamento de granito metal bond:<\/p>\n<h2 style=\"color: steelblue;\">4. Tipos de liga\u00e7\u00e3o met\u00e1lica:<\/h2>\n<p>As placas de esmerilhamento de granito com liga met\u00e1lica est\u00e3o dispon\u00edveis em diferentes varia\u00e7\u00f5es para atender a diversas necessidades de esmerilhamento. Os dois principais tipos de liga met\u00e1lica usados nessas placas s\u00e3o:<\/p>\n<h3>a. Liga\u00e7\u00e3o de metal macio:<\/h3>\n<p>As placas de liga de metal macio s\u00e3o projetadas para proporcionar maior flexibilidade \u00e0s ferramentas, o que as torna ideais para o desbaste de granito mais macio ou para o desbaste grosso inicial. A liga mais macia permite uma remo\u00e7\u00e3o mais r\u00e1pida do material e ajuda a evitar o entupimento dos segmentos de diamante.<\/p>\n<h3>b. Liga\u00e7\u00e3o de metal duro:<\/h3>\n<p>As placas de liga de metal duro s\u00e3o preferidas para o esmerilhamento de granito mais duro ou para aplica\u00e7\u00f5es de polimento mais fino. Elas oferecem maior estabilidade e vida \u00fatil mais longa, permitindo resultados de lixamento e polimento mais precisos.<\/p>\n<h2 style=\"color: steelblue;\">5. Tamanhos de gr\u00e3o:<\/h2>\n<p>As placas de esmerilhamento de granito Metal Bond s\u00e3o fornecidas em diferentes tamanhos de gr\u00e3o, que determinam a grosseria ou a finura do processo de esmerilhamento. Os tamanhos de gr\u00e3o comuns incluem 30\/40, 50\/60, 100\/120, 200\/220, 400\/500 e outros. Os gr\u00e3os mais grossos s\u00e3o normalmente usados para o lixamento inicial para remover imperfei\u00e7\u00f5es da superf\u00edcie, enquanto os gr\u00e3os mais finos s\u00e3o usados para polir e obter um acabamento mais suave.<\/p>\n<h2 style=\"color: steelblue;\">6. Formas de segmentos:<\/h2>\n<p>Os segmentos de diamante em placas de esmerilhamento de granito metal bond est\u00e3o dispon\u00edveis em v\u00e1rios formatos, incluindo redondo, retangular e em forma de seta. A escolha do formato do segmento depende dos requisitos espec\u00edficos de retifica\u00e7\u00e3o e do resultado desejado. Diferentes formatos de segmentos podem proporcionar n\u00edveis variados de agressividade, precis\u00e3o e versatilidade.<\/p>\n<figure id=\"attachment_1451\" aria-describedby=\"caption-attachment-1451\" style=\"width: 1000px\" class=\"wp-caption aligncenter\"><img loading=\"lazy\" decoding=\"async\" class=\"size-full wp-image-1451\" src=\"https:\/\/xmstonetools.com\/wp-content\/uploads\/2022\/12\/Metal-Bond-Granite-Grinding-Plate.jpg\" alt=\"Placa de moagem de granito Metal Bond\" width=\"1000\" height=\"1000\" srcset=\"https:\/\/xmstonetools.com\/wp-content\/uploads\/2022\/12\/Metal-Bond-Granite-Grinding-Plate.jpg 1000w, https:\/\/xmstonetools.com\/wp-content\/uploads\/2022\/12\/Metal-Bond-Granite-Grinding-Plate-400x400.jpg 400w, https:\/\/xmstonetools.com\/wp-content\/uploads\/2022\/12\/Metal-Bond-Granite-Grinding-Plate-800x800.jpg 800w, https:\/\/xmstonetools.com\/wp-content\/uploads\/2022\/12\/Metal-Bond-Granite-Grinding-Plate-280x280.jpg 280w, https:\/\/xmstonetools.com\/wp-content\/uploads\/2022\/12\/Metal-Bond-Granite-Grinding-Plate-768x768.jpg 768w, https:\/\/xmstonetools.com\/wp-content\/uploads\/2022\/12\/Metal-Bond-Granite-Grinding-Plate-300x300.jpg 300w, https:\/\/xmstonetools.com\/wp-content\/uploads\/2022\/12\/Metal-Bond-Granite-Grinding-Plate-600x600.jpg 600w, https:\/\/xmstonetools.com\/wp-content\/uploads\/2022\/12\/Metal-Bond-Granite-Grinding-Plate-100x100.jpg 100w, https:\/\/xmstonetools.com\/wp-content\/uploads\/2022\/12\/Metal-Bond-Granite-Grinding-Plate-120x120.jpg 120w\" sizes=\"auto, (max-width: 1000px) 100vw, 1000px\" \/><figcaption id=\"caption-attachment-1451\" class=\"wp-caption-text\">Placa de moagem de granito Metal Bond<\/figcaption><\/figure>\n<h2 style=\"color: steelblue;\">7. Moagem \u00famida e seca:<\/h2>\n<p>As placas de moagem de granito Metal Bond podem ser usadas em aplica\u00e7\u00f5es de moagem \u00famida e seca. A retifica\u00e7\u00e3o \u00famida \u00e9 comumente empregada para reduzir a poeira e controlar o calor gerado durante o processo de retifica\u00e7\u00e3o. Ela tamb\u00e9m ajuda a prolongar a vida \u00fatil dos segmentos de diamante, evitando o superaquecimento. A retifica\u00e7\u00e3o a seco \u00e9 adequada quando o uso de \u00e1gua n\u00e3o \u00e9 desejado ou vi\u00e1vel, mas pode gerar mais poeira e exigir sistemas adequados de extra\u00e7\u00e3o de poeira.<\/p>\n<h2 style=\"color: steelblue;\">8. Manuten\u00e7\u00e3o e cuidados:<\/h2>\n<p>Para garantir o desempenho ideal e a longevidade das placas de esmerilhamento de granito Metal Bond, a manuten\u00e7\u00e3o e os cuidados adequados s\u00e3o essenciais. Aqui est\u00e3o algumas dicas importantes de manuten\u00e7\u00e3o:<br \/>\n- Limpe regularmente as placas para remover quaisquer detritos ou ac\u00famulo de lama que possam afetar a efici\u00eancia da moagem.<br \/>\n- Inspecione os segmentos de diamante quanto a desgaste e substitua-os quando necess\u00e1rio para manter um desempenho consistente.<br \/>\n- Armazene as placas em uma \u00e1rea seca e protegida para evitar corros\u00e3o e danos.<br \/>\n- Siga as diretrizes do fabricante quanto aos par\u00e2metros operacionais, como velocidade de rota\u00e7\u00e3o, press\u00e3o e uso do l\u00edquido de arrefecimento.<\/p>\n<p>Seguindo essas pr\u00e1ticas de manuten\u00e7\u00e3o, voc\u00ea pode maximizar a vida \u00fatil e a efici\u00eancia das placas de moagem de granito com liga met\u00e1lica, otimizando suas opera\u00e7\u00f5es de processamento de pedras.<\/p>\n<p>As placas de esmerilhamento de granito Metal Bond s\u00e3o ferramentas indispens\u00e1veis no setor de processamento de pedras, proporcionando aos profissionais a capacidade de obter resultados precisos de esmerilhamento, modelagem e polimento em superf\u00edcies de granito. Sua durabilidade, versatilidade e desempenho consistente fazem delas a escolha preferida dos profissionais que buscam ferramentas diamantadas de alta qualidade para pedras.<\/p>\n<figure id=\"attachment_1454\" aria-describedby=\"caption-attachment-1454\" style=\"width: 750px\" class=\"wp-caption aligncenter\"><img loading=\"lazy\" decoding=\"async\" class=\"size-full wp-image-1454\" src=\"https:\/\/xmstonetools.com\/wp-content\/uploads\/2022\/12\/Metal-Bond-Granite-Grinding-Plate-4.jpg\" alt=\"Placa de esmerilhamento de granito Metal Bond-4\" width=\"750\" height=\"1125\" srcset=\"https:\/\/xmstonetools.com\/wp-content\/uploads\/2022\/12\/Metal-Bond-Granite-Grinding-Plate-4.jpg 750w, https:\/\/xmstonetools.com\/wp-content\/uploads\/2022\/12\/Metal-Bond-Granite-Grinding-Plate-4-267x400.jpg 267w, https:\/\/xmstonetools.com\/wp-content\/uploads\/2022\/12\/Metal-Bond-Granite-Grinding-Plate-4-533x800.jpg 533w, https:\/\/xmstonetools.com\/wp-content\/uploads\/2022\/12\/Metal-Bond-Granite-Grinding-Plate-4-600x900.jpg 600w\" sizes=\"auto, (max-width: 750px) 100vw, 750px\" \/><figcaption id=\"caption-attachment-1454\" class=\"wp-caption-text\">Placa de esmerilhamento de granito Metal Bond-4<\/figcaption><\/figure>\n<table class=\"aliDataTable\" style=\"height: 485px;\" width=\"640\">\n<tbody>\n<tr align=\"left\">\n<td valign=\"top\">Nome do produto<\/td>\n<td valign=\"top\">Disco de esmeril de diamante com liga met\u00e1lica de 200 mm Placa de esmeril<\/td>\n<\/tr>\n<tr align=\"left\">\n<td valign=\"top\">Garra<\/td>\n<td valign=\"top\">50#\u00a0 100#\u00a0 200#\u00a0 400#<\/td>\n<\/tr>\n<tr align=\"left\">\n<td valign=\"top\">Di\u00e2metro<\/td>\n<td valign=\"top\">\u00a0200 mm<\/td>\n<\/tr>\n<tr align=\"left\">\n<td valign=\"top\">Tecnologia<\/td>\n<td valign=\"top\">Soldado de alta frequ\u00eancia<\/td>\n<\/tr>\n<tr align=\"left\">\n<td valign=\"top\">Controle de qualidade:<\/td>\n<td valign=\"top\">\u00a01. Inspe\u00e7\u00e3o rigorosa da mat\u00e9ria-prima<\/p>\n<p>2. F\u00f3rmula profissional<\/p>\n<p>3. Controle do processo de produ\u00e7\u00e3o<\/p>\n<p>4. Fa\u00e7a alguns testes para garantir que a fun\u00e7\u00e3o de uso<\/p>\n<p>5. Os produtos passam por inspe\u00e7\u00e3o rigorosa<\/td>\n<\/tr>\n<\/tbody>\n<\/table>","protected":false},"excerpt":{"rendered":"<p>Caracter\u00edsticas da placa de moagem de granito com liga met\u00e1lica<\/p>\n<p>-Condi\u00e7\u00e3o de funcionamento: Uso \u00famido;<br \/>\n-Material de liga\u00e7\u00e3o e material abrasivo: \u00c1cido ox\u00e1lico<\/p>\n<p>-M\u00e1quina aplic\u00e1vel: Linha de m\u00e1quinas de polimento autom\u00e1tico<br \/>\n- Granula\u00e7\u00e3o: 5-Extra,10-Extra<br \/>\n-Espessura e comprimento: 15 mm de espessura; L140 mm de comprimento<br \/>\n-Tipo de conex\u00e3o : Conex\u00e3o Frankfurt<br \/>\n-Material de polimento: Granito, m\u00e1rmore, calc\u00e1rio, arenito, etc;<\/p>\n<a class=\"button primary is-large popmake-1134\" style=\"border-radius:99px;\">\n\t<i class=\"icon-heart\" aria-hidden=\"true\"><\/i>\t<span>Consulta<\/span>\n\t<\/a>","protected":false},"featured_media":1451,"template":"","meta":[],"product_brand":[],"product_cat":[56],"product_tag":[83],"class_list":{"0":"post-1455","1":"product","2":"type-product","3":"status-publish","4":"has-post-thumbnail","6":"product_cat-stone-grinding-tools","7":"product_tag-grinding-cup-wheel","9":"first","10":"instock","11":"shipping-taxable","12":"product-type-simple"},"aioseo_notices":[],"_links":{"self":[{"href":"https:\/\/xmstonetools.com\/pt\/wp-json\/wp\/v2\/product\/1455","targetHints":{"allow":["GET"]}}],"collection":[{"href":"https:\/\/xmstonetools.com\/pt\/wp-json\/wp\/v2\/product"}],"about":[{"href":"https:\/\/xmstonetools.com\/pt\/wp-json\/wp\/v2\/types\/product"}],"wp:featuredmedia":[{"embeddable":true,"href":"https:\/\/xmstonetools.com\/pt\/wp-json\/wp\/v2\/media\/1451"}],"wp:attachment":[{"href":"https:\/\/xmstonetools.com\/pt\/wp-json\/wp\/v2\/media?parent=1455"}],"wp:term":[{"taxonomy":"product_brand","embeddable":true,"href":"https:\/\/xmstonetools.com\/pt\/wp-json\/wp\/v2\/product_brand?post=1455"},{"taxonomy":"product_cat","embeddable":true,"href":"https:\/\/xmstonetools.com\/pt\/wp-json\/wp\/v2\/product_cat?post=1455"},{"taxonomy":"product_tag","embeddable":true,"href":"https:\/\/xmstonetools.com\/pt\/wp-json\/wp\/v2\/product_tag?post=1455"}],"curies":[{"name":"wp","href":"https:\/\/api.w.org\/{rel}","templated":true}]}}