{"id":1469,"date":"2022-12-02T14:46:50","date_gmt":"2022-12-02T06:46:50","guid":{"rendered":"https:\/\/xmstonetools.com\/?post_type=product&#038;p=1469"},"modified":"2025-08-05T10:06:37","modified_gmt":"2025-08-05T02:06:37","slug":"rebolo-de-perfil-de-borda-de-granito-de-marmore-sinterizado","status":"publish","type":"product","link":"https:\/\/xmstonetools.com\/pt\/product\/rebolo-de-perfil-de-borda-de-granito-de-marmore-sinterizado\/","title":{"rendered":"Roda de perfilamento de borda de m\u00e1rmore e granito sinterizado"},"content":{"rendered":"<p>Introdu\u00e7\u00e3o:<br \/>\nNo campo das ferramentas diamantadas para pedras, o Stone Sintered Edge Profiling Wheel se destaca como um recurso indispens\u00e1vel para os profissionais envolvidos na fabrica\u00e7\u00e3o e no processamento de pedras. Projetada para atender \u00e0s necessidades em constante evolu\u00e7\u00e3o do setor, essa ferramenta inovadora combina tecnologia de ponta com um trabalho artesanal excepcional para proporcionar resultados extraordin\u00e1rios. Este artigo tem como objetivo fornecer uma vis\u00e3o geral abrangente do Stone Sintered Edge Profiling Wheel, destacando suas caracter\u00edsticas, benef\u00edcios e aplica\u00e7\u00f5es no processamento de pedras.<\/p>\n<h2 style=\"color: steelblue;\">I. Entendendo a roda de perfilamento de borda sinterizada de pedra:<\/h2>\n<p>O Stone Sintered Edge Profiling Wheel \u00e9 uma ferramenta diamantada especializada, projetada para perfilar e moldar as bordas de v\u00e1rios materiais de pedra, como granito, m\u00e1rmore, quartzo e pedra artificial. Ele emprega t\u00e9cnicas avan\u00e7adas de sinteriza\u00e7\u00e3o, em que part\u00edculas de diamante sint\u00e9tico s\u00e3o incorporadas em uma matriz de metal, resultando em uma ferramenta altamente dur\u00e1vel e de longa dura\u00e7\u00e3o.<\/p>\n<figure id=\"attachment_1463\" aria-describedby=\"caption-attachment-1463\" style=\"width: 814px\" class=\"wp-caption aligncenter\"><img loading=\"lazy\" decoding=\"async\" class=\"wp-image-1463 size-full\" src=\"https:\/\/xmstonetools.com\/wp-content\/uploads\/2022\/12\/Sintered-Diamond-Edge-Profiling-Wheels.png\" alt=\"Rebolos de perfil com borda de diamante sinterizado\" width=\"814\" height=\"814\" srcset=\"https:\/\/xmstonetools.com\/wp-content\/uploads\/2022\/12\/Sintered-Diamond-Edge-Profiling-Wheels.png 814w, https:\/\/xmstonetools.com\/wp-content\/uploads\/2022\/12\/Sintered-Diamond-Edge-Profiling-Wheels-400x400.png 400w, https:\/\/xmstonetools.com\/wp-content\/uploads\/2022\/12\/Sintered-Diamond-Edge-Profiling-Wheels-800x800.png 800w, https:\/\/xmstonetools.com\/wp-content\/uploads\/2022\/12\/Sintered-Diamond-Edge-Profiling-Wheels-280x280.png 280w, https:\/\/xmstonetools.com\/wp-content\/uploads\/2022\/12\/Sintered-Diamond-Edge-Profiling-Wheels-768x768.png 768w, https:\/\/xmstonetools.com\/wp-content\/uploads\/2022\/12\/Sintered-Diamond-Edge-Profiling-Wheels-300x300.png 300w, https:\/\/xmstonetools.com\/wp-content\/uploads\/2022\/12\/Sintered-Diamond-Edge-Profiling-Wheels-600x600.png 600w, https:\/\/xmstonetools.com\/wp-content\/uploads\/2022\/12\/Sintered-Diamond-Edge-Profiling-Wheels-100x100.png 100w, https:\/\/xmstonetools.com\/wp-content\/uploads\/2022\/12\/Sintered-Diamond-Edge-Profiling-Wheels-120x120.png 120w\" sizes=\"auto, (max-width: 814px) 100vw, 814px\" \/><figcaption id=\"caption-attachment-1463\" class=\"wp-caption-text\">Rebolos de perfil com borda de diamante sinterizado<\/figcaption><\/figure>\n<h2 style=\"color: steelblue;\">II. Caracter\u00edsticas e projeto de rodas de perfil com borda sinterizada de pedra:<\/h2>\n<h3>1. Projeto do segmento de diamante:<\/h3>\n<p>O rebolo \u00e9 constru\u00eddo com segmentos de diamante estrategicamente posicionados que variam em forma e tamanho. Esses segmentos desempenham um papel fundamental na remo\u00e7\u00e3o eficiente do material, permitindo a cria\u00e7\u00e3o de perfis e a modelagem precisa das bordas da pedra.<\/p>\n<h3>2. Matriz met\u00e1lica:<\/h3>\n<p>O processo de sinteriza\u00e7\u00e3o garante que as part\u00edculas de diamante fiquem firmemente ligadas \u00e0 matriz met\u00e1lica, proporcionando resist\u00eancia e estabilidade excepcionais \u00e0 ferramenta. Essa constru\u00e7\u00e3o robusta permite que o rebolo resista \u00e0 rota\u00e7\u00e3o em alta velocidade e \u00e0 carga de trabalho pesada, garantindo durabilidade e longevidade.<\/p>\n<h3>3. Variabilidade do perfil:<\/h3>\n<p>Os rebolos de perfilamento de borda sinterizada Stone est\u00e3o dispon\u00edveis em uma ampla variedade de perfis, incluindo ogee, bevel, bullnose, half-bullnose e flat. Essa versatilidade permite que os artes\u00e3os obtenham v\u00e1rios designs de borda e atendam \u00e0s necessidades espec\u00edficas dos clientes.<\/p>\n<h2 style=\"color: steelblue;\">III. Vantagens do rebolo de perfil com borda sinterizada de pedra:<\/h2>\n<h3>1. Precis\u00e3o excepcional:<\/h3>\n<p>O uso de part\u00edculas de diamante, conhecidas por sua not\u00e1vel dureza, garante o perfilamento e a modelagem precisos das bordas de pedra. O rebolo de perfilamento de borda sinterizada permite que os profissionais obtenham detalhes intrincados e acabamentos suaves com a m\u00e1xima precis\u00e3o.<\/p>\n<h3>2. Alta efici\u00eancia:<\/h3>\n<p>Com seu desempenho de corte superior e design otimizado, o rebolo de perfil com borda sinterizada Stone reduz significativamente o tempo de processamento. Sua capacidade de remover material de forma r\u00e1pida e eficiente aumenta a produtividade, permitindo que os profissionais concluam projetos em prazos mais curtos.<\/p>\n<h3>3. Longevidade:<\/h3>\n<p>Os segmentos de diamante sinterizado, juntamente com a matriz met\u00e1lica dur\u00e1vel, contribuem para aumentar a vida \u00fatil do rebolo. Isso garante uma boa rela\u00e7\u00e3o custo-benef\u00edcio ao reduzir a frequ\u00eancia de substitui\u00e7\u00e3o da ferramenta, minimizando o tempo de inatividade e aumentando a lucratividade.<\/p>\n<h3>4. Versatilidade:<\/h3>\n<p>A disponibilidade de v\u00e1rios perfis permite que os artes\u00e3os explorem diferentes op\u00e7\u00f5es de design e atendam \u00e0s diversas prefer\u00eancias dos clientes. De elegantes bordas ogee a chanfros elegantes, o Stone Sintered Edge Profiling Wheel oferece a versatilidade necess\u00e1ria para fornecer resultados personalizados.<\/p>\n<figure id=\"attachment_1467\" aria-describedby=\"caption-attachment-1467\" style=\"width: 960px\" class=\"wp-caption aligncenter\"><img loading=\"lazy\" decoding=\"async\" class=\"size-full wp-image-1467\" src=\"https:\/\/xmstonetools.com\/wp-content\/uploads\/2022\/12\/Stone-Edge-Profiling-Wheel-For-Marble-Granite-4.jpg\" alt=\"Roda de perfilamento de borda de pedra para m\u00e1rmore, granito-4\" width=\"960\" height=\"1280\" srcset=\"https:\/\/xmstonetools.com\/wp-content\/uploads\/2022\/12\/Stone-Edge-Profiling-Wheel-For-Marble-Granite-4.jpg 960w, https:\/\/xmstonetools.com\/wp-content\/uploads\/2022\/12\/Stone-Edge-Profiling-Wheel-For-Marble-Granite-4-300x400.jpg 300w, https:\/\/xmstonetools.com\/wp-content\/uploads\/2022\/12\/Stone-Edge-Profiling-Wheel-For-Marble-Granite-4-600x800.jpg 600w, https:\/\/xmstonetools.com\/wp-content\/uploads\/2022\/12\/Stone-Edge-Profiling-Wheel-For-Marble-Granite-4-768x1024.jpg 768w\" sizes=\"auto, (max-width: 960px) 100vw, 960px\" \/><figcaption id=\"caption-attachment-1467\" class=\"wp-caption-text\">Roda de perfilamento de borda de pedra para m\u00e1rmore, granito-4<\/figcaption><\/figure>\n<h2 style=\"color: steelblue;\">IV. Aplicativos:<\/h2>\n<p>O Stone Sintered Edge Profiling Wheel encontra amplas aplica\u00e7\u00f5es no setor de fabrica\u00e7\u00e3o de pedras, incluindo:<\/p>\n<h3>1. Produ\u00e7\u00e3o de bancadas:<\/h3>\n<p>O rebolo \u00e9 ideal para moldar e perfilar bordas de bancadas de cozinhas e banheiros, proporcionando acabamentos perfeitos que melhoram a est\u00e9tica geral.<\/p>\n<h3>2. Detalhamento arquitet\u00f4nico:<\/h3>\n<p>De molduras decorativas a cornijas complexas, a roda de perfilagem facilita a cria\u00e7\u00e3o de detalhes arquitet\u00f4nicos cativantes, acrescentando eleg\u00e2ncia e sofistica\u00e7\u00e3o a v\u00e1rias estruturas.<\/p>\n<h3>3. Produ\u00e7\u00e3o de monumentos e memoriais:<\/h3>\n<p>A roda \u00e9 empregada na fabrica\u00e7\u00e3o de monumentos e memoriais, permitindo a modelagem precisa das bordas da pedra para criar designs personalizados e significativos.<\/p>\n<p>O Stone Sintered Edge Profiling Wheel exemplifica os avan\u00e7os de ponta em ferramentas de diamante para pedra. Combinando durabilidade, precis\u00e3o e versatilidade, essa ferramenta capacita os profissionais do setor de fabrica\u00e7\u00e3o de pedras a obter resultados not\u00e1veis, maximizando a efici\u00eancia e a lucratividade. Com seu desempenho excepcional e design extraordin\u00e1rio, o Stone Sintered Edge Profiling Wheel continua a revolucionar o processamento de pedras, ampliando os limites do trabalho artesanal.<\/p>\n<h2 style=\"color: steelblue;\">V. Tecnologia de diamante sinterizado:<\/h2>\n<p>O processo de sinteriza\u00e7\u00e3o usado na fabrica\u00e7\u00e3o do Stone Sintered Edge Profiling Wheel envolve submeter as part\u00edculas de diamante e a matriz met\u00e1lica a alta temperatura e press\u00e3o. Esse processo funde as part\u00edculas de diamante com a matriz met\u00e1lica, criando uma forte liga\u00e7\u00e3o que aumenta a durabilidade e o desempenho geral da ferramenta. Os segmentos de diamante sinterizado garantem um desempenho de corte consistente durante toda a vida \u00fatil do rebolo, reduzindo a necessidade de substitui\u00e7\u00f5es frequentes.<\/p>\n<h2 style=\"color: steelblue;\">VI. Compatibilidade e montagem:<\/h2>\n<p>O Stone Sintered Edge Profiling Wheel \u00e9 compat\u00edvel com v\u00e1rios tipos de m\u00e1quinas de fabrica\u00e7\u00e3o de pedras, incluindo roteadores CNC, m\u00e1quinas port\u00e1teis de perfilamento de bordas e esmerilhadeiras manuais. Ele est\u00e1 dispon\u00edvel em diferentes tamanhos para acomodar diferentes especifica\u00e7\u00f5es de m\u00e1quinas. O rebolo pode ser facilmente montado no eixo da m\u00e1quina por meio de um sistema de montagem padr\u00e3o, garantindo instala\u00e7\u00e3o e opera\u00e7\u00e3o sem complica\u00e7\u00f5es.<\/p>\n<h2 style=\"color: steelblue;\">VII. Sistema de resfriamento de \u00e1gua:<\/h2>\n<p>Para otimizar o desempenho e a longevidade do rebolo, muitos rebolos de perfil com borda sinterizada da Stone s\u00e3o projetados para funcionar com um sistema de resfriamento a \u00e1gua. Esse sistema ajuda a dissipar o calor gerado durante o processo de corte, evitando o superaquecimento e garantindo a longevidade da ferramenta. Al\u00e9m disso, o fluxo de \u00e1gua ajuda a eliminar detritos e poeira, proporcionando um ambiente de trabalho limpo e melhorando a efici\u00eancia do corte.<\/p>\n<figure id=\"attachment_1464\" aria-describedby=\"caption-attachment-1464\" style=\"width: 750px\" class=\"wp-caption aligncenter\"><img loading=\"lazy\" decoding=\"async\" class=\"size-full wp-image-1464\" src=\"https:\/\/xmstonetools.com\/wp-content\/uploads\/2022\/12\/Stone-Edge-Profiling-Wheel-For-Marble-Granite.jpg\" alt=\"Roda de perfilamento de borda de pedra para m\u00e1rmore e granito\" width=\"750\" height=\"750\" srcset=\"https:\/\/xmstonetools.com\/wp-content\/uploads\/2022\/12\/Stone-Edge-Profiling-Wheel-For-Marble-Granite.jpg 750w, https:\/\/xmstonetools.com\/wp-content\/uploads\/2022\/12\/Stone-Edge-Profiling-Wheel-For-Marble-Granite-400x400.jpg 400w, https:\/\/xmstonetools.com\/wp-content\/uploads\/2022\/12\/Stone-Edge-Profiling-Wheel-For-Marble-Granite-280x280.jpg 280w, https:\/\/xmstonetools.com\/wp-content\/uploads\/2022\/12\/Stone-Edge-Profiling-Wheel-For-Marble-Granite-300x300.jpg 300w, https:\/\/xmstonetools.com\/wp-content\/uploads\/2022\/12\/Stone-Edge-Profiling-Wheel-For-Marble-Granite-600x600.jpg 600w, https:\/\/xmstonetools.com\/wp-content\/uploads\/2022\/12\/Stone-Edge-Profiling-Wheel-For-Marble-Granite-100x100.jpg 100w, https:\/\/xmstonetools.com\/wp-content\/uploads\/2022\/12\/Stone-Edge-Profiling-Wheel-For-Marble-Granite-120x120.jpg 120w\" sizes=\"auto, (max-width: 750px) 100vw, 750px\" \/><figcaption id=\"caption-attachment-1464\" class=\"wp-caption-text\">Roda de perfilamento de borda de pedra para m\u00e1rmore e granito<\/figcaption><\/figure>\n<h2 style=\"color: steelblue;\">VIII. Considera\u00e7\u00f5es sobre seguran\u00e7a:<\/h2>\n<p>Ao usar o Stone Sintered Edge Profiling Wheel, \u00e9 essencial seguir as precau\u00e7\u00f5es de seguran\u00e7a adequadas. Os operadores devem usar equipamento de prote\u00e7\u00e3o individual (EPI) adequado, incluindo \u00f3culos de seguran\u00e7a, luvas e m\u00e1scara contra poeira, para se protegerem contra detritos voadores e inala\u00e7\u00e3o de p\u00f3 de pedra. Recomenda-se a inspe\u00e7\u00e3o regular do rebolo para verificar se h\u00e1 sinais de desgaste ou danos e, se algum problema for identificado, o rebolo deve ser substitu\u00eddo imediatamente.<\/p>\n<h2 style=\"color: steelblue;\">IX. Manuten\u00e7\u00e3o e cuidados:<\/h2>\n<p>Para manter o desempenho e a longevidade ideais, a manuten\u00e7\u00e3o e o cuidado adequados do rebolo de perfilamento de borda sinterizada Stone s\u00e3o fundamentais. Ap\u00f3s cada uso, recomenda-se limpar o rebolo completamente, removendo qualquer res\u00edduo de pedra ou detritos. Inspe\u00e7\u00f5es regulares devem ser realizadas para verificar se h\u00e1 sinais de desgaste ou danos, e o rebolo deve ser armazenado em um ambiente seco e limpo quando n\u00e3o estiver em uso.<\/p>\n<h2 style=\"color: steelblue;\">X. Padr\u00f5es e certifica\u00e7\u00f5es do setor:<\/h2>\n<p>Os fabricantes respeit\u00e1veis de rebolos de perfilamento de borda sinterizada de pedra seguem os padr\u00f5es e as certifica\u00e7\u00f5es do setor para garantir a qualidade e o desempenho de seus produtos. Procure fabricantes que estejam em conformidade com a certifica\u00e7\u00e3o ISO 9001, que significa a ades\u00e3o a padr\u00f5es internacionais de gerenciamento de qualidade. Al\u00e9m disso, alguns fabricantes podem oferecer garantia ou servi\u00e7os de suporte ao cliente, proporcionando mais tranquilidade aos usu\u00e1rios.<\/p>\n<p>Em conclus\u00e3o, o Stone Sintered Edge Profiling Wheel \u00e9 uma ferramenta de \u00faltima gera\u00e7\u00e3o que combina tecnologia avan\u00e7ada de diamante, design de precis\u00e3o e durabilidade excepcional. Ela revoluciona os processos de fabrica\u00e7\u00e3o de pedras, proporcionando resultados not\u00e1veis com efici\u00eancia e versatilidade. Quer seja usada na produ\u00e7\u00e3o de bancadas, em detalhes arquitet\u00f4nicos ou na fabrica\u00e7\u00e3o de monumentos, essa ferramenta \u00e9 um recurso valioso para profissionais que buscam perfilamento e modelagem de bordas superiores no setor de pedras.<\/p>\n<h2 style=\"color: steelblue;\">As m\u00e1quinas de fabrica\u00e7\u00e3o de pedras trabalham com rodas de perfil de borda sinterizada<\/h2>\n<p>O disco de perfilamento de borda sinterizada para pedra foi projetado para ser compat\u00edvel com v\u00e1rios tipos de m\u00e1quinas de fabrica\u00e7\u00e3o de pedra. Aqui est\u00e3o algumas m\u00e1quinas comuns que podem funcionar de forma eficaz com os discos de perfilamento de borda sinterizada:<\/p>\n<h3>1. <a href=\"https:\/\/moscut.com\/product\/cnc-stone-router\/\" target=\"_blank\" rel=\"noopener\">Roteadores CNC<\/a>:<\/h3>\n<p>Os roteadores CNC (Controle Num\u00e9rico Computadorizado) s\u00e3o amplamente usados no setor de pedras para corte e modelagem automatizados de pedras. Essas m\u00e1quinas utilizam caminhos de corte precisos programados em um sistema de computador. As rodas de perfilamento de borda sinterizada da Stone podem ser montadas no eixo de uma fresadora CNC, permitindo o perfilamento preciso e automatizado de bordas de pedras.<\/p>\n<h3>2. M\u00e1quinas port\u00e1teis de perfilamento de bordas:<\/h3>\n<p>As m\u00e1quinas port\u00e1teis de perfilamento de bordas s\u00e3o m\u00e1quinas manuais projetadas especificamente para tarefas de perfilamento e modelagem de bordas. Essas m\u00e1quinas s\u00e3o leves e f\u00e1ceis de manobrar, o que as torna adequadas para projetos no local ou em pequena escala. Os rebolos de perfilamento de borda sinterizados da Stone podem ser acoplados a essas m\u00e1quinas, proporcionando a flexibilidade para perfilar bordas com efici\u00eancia e precis\u00e3o.<\/p>\n<h3>3. Esmerilhadeiras manuais:<\/h3>\n<p>As esmerilhadeiras manuais, tamb\u00e9m conhecidas como esmerilhadeiras angulares ou esmerilhadeiras de disco, s\u00e3o ferramentas vers\u00e1teis comumente usadas no setor de pedras. Essas m\u00e1quinas apresentam um disco girat\u00f3rio que pode acomodar v\u00e1rios tipos de acess\u00f3rios de esmerilhamento e corte, inclusive os rebolos de perfilamento de borda sinterizada da Stone. As esmerilhadeiras manuais oferecem flexibilidade e mobilidade, o que as torna adequadas para uma s\u00e9rie de aplica\u00e7\u00f5es de perfilamento de pedras.<\/p>\n<h3>4. <a href=\"https:\/\/moscut.com\/product\/automatic-bridge-saw-machine\/\" target=\"_blank\" rel=\"noopener\">Serras de ponte<\/a>:<\/h3>\n<p>As serras de ponte s\u00e3o m\u00e1quinas grandes e estacion\u00e1rias usadas para cortar e moldar placas de pedra, como granito e m\u00e1rmore. Essas m\u00e1quinas apresentam uma l\u00e2mina de diamante montada em uma ponte que se move ao longo de um caminho definido. Embora as serras de ponte sejam usadas principalmente para cortes retos, alguns modelos oferecem a op\u00e7\u00e3o de acoplar discos de perfilamento, inclusive discos de perfilamento de borda sinterizada, para criar perfis de borda decorativos.<\/p>\n<p>\u00c9 importante observar que a compatibilidade do rebolo de perfilamento de borda sinterizada para pedra pode variar dependendo do modelo e das especifica\u00e7\u00f5es espec\u00edficas da m\u00e1quina de fabrica\u00e7\u00e3o de pedra. \u00c9 sempre recomend\u00e1vel consultar as diretrizes e especifica\u00e7\u00f5es do fabricante para garantir a compatibilidade adequada e o uso seguro do disco de perfilagem com a respectiva m\u00e1quina.<\/p>\n<figure id=\"attachment_1468\" aria-describedby=\"caption-attachment-1468\" style=\"width: 546px\" class=\"wp-caption aligncenter\"><img loading=\"lazy\" decoding=\"async\" class=\"wp-image-1468 size-full\" src=\"https:\/\/xmstonetools.com\/wp-content\/uploads\/2022\/12\/Stone-Edge-Profiling-Wheel-For-Marble-Granite-5.jpg\" alt=\"Roda de perfilamento de borda de pedra para m\u00e1rmore, granito-5\" width=\"546\" height=\"471\" srcset=\"https:\/\/xmstonetools.com\/wp-content\/uploads\/2022\/12\/Stone-Edge-Profiling-Wheel-For-Marble-Granite-5.jpg 546w, https:\/\/xmstonetools.com\/wp-content\/uploads\/2022\/12\/Stone-Edge-Profiling-Wheel-For-Marble-Granite-5-464x400.jpg 464w\" sizes=\"auto, (max-width: 546px) 100vw, 546px\" \/><figcaption id=\"caption-attachment-1468\" class=\"wp-caption-text\">Roda de perfilamento de borda de pedra para m\u00e1rmore, granito-5<\/figcaption><\/figure>\n<p>&nbsp;<\/p>\n<table class=\"aliDataTable\">\n<tbody>\n<tr>\n<td>\u00a0 \u00a0 \u00a0 \u00a0 Nome do produto:<\/td>\n<td>\u00a0rodas com perfil diamantado\/brazado<\/td>\n<\/tr>\n<tr>\n<td rowspan=\"5\">\u00a0 \u00a0 \u00a0 \u00a0 \u00a0 Recurso:<\/td>\n<td>Di\u00e2metro externo: 60 mm a 400 mm, outros tamanhos est\u00e3o dispon\u00edveis<\/td>\n<\/tr>\n<tr>\n<td>Formato: A\/B\/E\/F\/V\/F+V\/G\/H, etc.<\/td>\n<\/tr>\n<tr>\n<td>Grit:30\/40#,60\/80#,100\/120#,140\/170#,200\/220#,300#<\/td>\n<\/tr>\n<tr>\n<td>Conex\u00e3o: M10\/M8\/M14\/M16, etc.<\/td>\n<\/tr>\n<tr>\n<td>Aplica\u00e7\u00e3o: para calc\u00e1rio, granito, m\u00e1rmore, etc.<\/td>\n<\/tr>\n<tr>\n<td>\u00a0 \u00a0 \u00a0 Tecnologia:<\/td>\n<td>sinterizado, galvanizado, brasagem<\/td>\n<\/tr>\n<tr>\n<td>\u00a0 \u00a0 \u00a0 Vantagens:<\/td>\n<td>1) Alta efici\u00eancia de trabalho de<\/p>\n<p>2) Diferentes perfis e espessuras podem ser encomendados de forma personalizada 3) Pre\u00e7o competitivo e qualidade superior<\/p>\n<p align=\"left\">4) Embalagem bonita e entrega r\u00e1pida<\/p>\n<p align=\"left\">5) Excelente servi\u00e7o<\/p>\n<\/td>\n<\/tr>\n<tr>\n<td>\u00a0 \u00a0 \u00a0 \u00a0 \u00a0 \u00a0 \u00a0MOQ:<\/td>\n<td>1 conjunto de cada tamanho<\/td>\n<\/tr>\n<tr>\n<td>\u00a0 \u00a0 \u00a0 \u00a0 \u00a0 \u00a0Condi\u00e7\u00f5es de pagamento:<\/td>\n<td>\u00a0T\/T<\/td>\n<\/tr>\n<tr>\n<td>\u00a0 \u00a0 \u00a0 \u00a0 \u00a0 \u00a0\u00a0Entrega:<\/td>\n<td>\u00a07 dias ap\u00f3s o pagamento<\/td>\n<\/tr>\n<\/tbody>\n<\/table>","protected":false},"excerpt":{"rendered":"<p>O Stone Sintered Edge Profiling Wheel \u00e9 uma ferramenta diamantada especializada, projetada para perfilar e moldar as bordas de v\u00e1rios materiais de pedra, como granito, m\u00e1rmore, quartzo e pedra artificial. Ele emprega t\u00e9cnicas avan\u00e7adas de sinteriza\u00e7\u00e3o, em que part\u00edculas de diamante sint\u00e9tico s\u00e3o incorporadas em uma matriz de metal, resultando em uma ferramenta altamente dur\u00e1vel e de longa dura\u00e7\u00e3o. O Stone Sintered Edge Profiling Wheel exemplifica os avan\u00e7os de ponta em ferramentas de diamante para pedra. Combinando durabilidade, precis\u00e3o e versatilidade, essa ferramenta capacita os profissionais do setor de fabrica\u00e7\u00e3o de pedras a obter resultados not\u00e1veis, maximizando a efici\u00eancia e a lucratividade. Com seu desempenho excepcional e design extraordin\u00e1rio, o Stone Sintered Edge Profiling Wheel continua a revolucionar o processamento de pedras, ampliando os limites do trabalho artesanal<\/p>\n<a href=\"#Quote-Button\" class=\"button primary is-large Inquiry-Button\" style=\"border-radius:99px;\">\n\t<i class=\"icon-heart\" aria-hidden=\"true\"><\/i>\t<span>Solicite agora<\/span>\n\t<\/a>","protected":false},"featured_media":1464,"template":"","meta":[],"product_brand":[],"product_cat":[56,57,175],"product_tag":[70,83,98],"class_list":{"0":"post-1469","1":"product","2":"type-product","3":"status-publish","4":"has-post-thumbnail","6":"product_cat-stone-grinding-tools","7":"product_cat-stone-polishing-tools","8":"product_cat-stone-profiling-wheels","9":"product_tag-granite-profiling-tools","10":"product_tag-grinding-cup-wheel","11":"product_tag-sintered-tools","13":"first","14":"instock","15":"shipping-taxable","16":"product-type-simple"},"aioseo_notices":[],"_links":{"self":[{"href":"https:\/\/xmstonetools.com\/pt\/wp-json\/wp\/v2\/product\/1469","targetHints":{"allow":["GET"]}}],"collection":[{"href":"https:\/\/xmstonetools.com\/pt\/wp-json\/wp\/v2\/product"}],"about":[{"href":"https:\/\/xmstonetools.com\/pt\/wp-json\/wp\/v2\/types\/product"}],"wp:featuredmedia":[{"embeddable":true,"href":"https:\/\/xmstonetools.com\/pt\/wp-json\/wp\/v2\/media\/1464"}],"wp:attachment":[{"href":"https:\/\/xmstonetools.com\/pt\/wp-json\/wp\/v2\/media?parent=1469"}],"wp:term":[{"taxonomy":"product_brand","embeddable":true,"href":"https:\/\/xmstonetools.com\/pt\/wp-json\/wp\/v2\/product_brand?post=1469"},{"taxonomy":"product_cat","embeddable":true,"href":"https:\/\/xmstonetools.com\/pt\/wp-json\/wp\/v2\/product_cat?post=1469"},{"taxonomy":"product_tag","embeddable":true,"href":"https:\/\/xmstonetools.com\/pt\/wp-json\/wp\/v2\/product_tag?post=1469"}],"curies":[{"name":"wp","href":"https:\/\/api.w.org\/{rel}","templated":true}]}}