{"id":1487,"date":"2022-12-04T10:47:18","date_gmt":"2022-12-04T02:47:18","guid":{"rendered":"https:\/\/xmstonetools.com\/?post_type=product&#038;p=1487"},"modified":"2024-04-13T15:20:31","modified_gmt":"2024-04-13T07:20:31","slug":"cabeca-de-rolo-de-martelo-de-bucha-de-granito","status":"publish","type":"product","link":"https:\/\/xmstonetools.com\/pt\/product\/cabeca-de-rolo-de-martelo-de-bucha-de-granito\/","title":{"rendered":"Cabe\u00e7a de rolo do martelo de bucha de granito"},"content":{"rendered":"<h2 style=\"color: steelblue;\">Introdu\u00e7\u00e3o:<\/h2>\n<p>As ferramentas diamantadas para pedra desempenham um papel fundamental no campo da cantaria e da constru\u00e7\u00e3o, permitindo que os profissionais obtenham acabamentos e texturas impressionantes. Entre essas ferramentas, o Granite Bush Hammer Roller se destaca como uma solu\u00e7\u00e3o vers\u00e1til e eficaz para criar uma textura de superf\u00edcie exclusiva em granito e outras pedras duras. Neste artigo, vamos nos aprofundar nos detalhes do Granite Bush Hammer Roller, explorando sua finalidade, design, aplica\u00e7\u00f5es e os benef\u00edcios que ele oferece aos profissionais do setor.<\/p>\n<figure id=\"attachment_1498\" aria-describedby=\"caption-attachment-1498\" style=\"width: 345px\" class=\"wp-caption aligncenter\"><img loading=\"lazy\" decoding=\"async\" class=\"size-full wp-image-1498\" src=\"https:\/\/xmstonetools.com\/wp-content\/uploads\/2022\/12\/Granite-Bush-Hammer-Roller.jpg\" alt=\"Rolo de martelo de bucha de granito\" width=\"345\" height=\"337\" \/><figcaption id=\"caption-attachment-1498\" class=\"wp-caption-text\">Rolo de martelo de bucha de granito<\/figcaption><\/figure>\n<h2 style=\"color: steelblue;\">1. O que \u00e9 o rolo de martelo de bucha de granito:<\/h2>\n<p>O Granite Bush Hammer Roller \u00e9 uma ferramenta de diamante especializada em pedras, projetada para criar uma superf\u00edcie uniforme e texturizada em granito e outras pedras duras. Ele consiste em um rolo cil\u00edndrico com v\u00e1rias pontas diamantadas em forma de pir\u00e2mide, tamb\u00e9m conhecidas como pontas de carboneto ou martelos, distribu\u00eddas uniformemente em sua superf\u00edcie. Essa configura\u00e7\u00e3o garante um impacto eficiente e consistente na superf\u00edcie da pedra durante a opera\u00e7\u00e3o.<\/p>\n<h2 style=\"color: steelblue;\">2. Aplica\u00e7\u00f5es do rolo de martelo de bucha de granito:<\/h2>\n<p>O principal objetivo do Granite Bush Hammer Roller \u00e9 obter uma textura \u00e1spera e antiderrapante em granito e outras superf\u00edcies de pedra. O acabamento resultante n\u00e3o apenas aumenta o apelo est\u00e9tico, mas tamb\u00e9m melhora a resist\u00eancia ao deslizamento, tornando-o ideal para v\u00e1rias aplica\u00e7\u00f5es, inclusive:<\/p>\n<h3>a. Piso externo:<\/h3>\n<p>A superf\u00edcie texturizada criada pelo Bush Hammer Roller \u00e9 comumente usada em aplica\u00e7\u00f5es de pisos externos, como entradas de garagem, caminhos e p\u00e1tios, onde a resist\u00eancia ao escorregamento \u00e9 crucial.<\/p>\n<h3>b. Piso interno:<\/h3>\n<p>Ele pode ser usado para pisos internos em \u00e1reas propensas a condi\u00e7\u00f5es de umidade, como banheiros, chuveiros e arredores de piscinas.<\/p>\n<h3>c. Prepara\u00e7\u00e3o da superf\u00edcie:<\/h3>\n<p>O Bush Hammer Roller tamb\u00e9m \u00e9 \u00fatil para a prepara\u00e7\u00e3o de superf\u00edcies, proporcionando uma superf\u00edcie \u00e1spera para a aplica\u00e7\u00e3o de revestimentos, selantes ou adesivos.<\/p>\n<h3>d. Acabamentos decorativos:<\/h3>\n<p>Ao variar a press\u00e3o e a t\u00e9cnica utilizadas, o Granite Bush Hammer Roller pode criar acabamentos decorativos que acrescentam personalidade a elementos arquitet\u00f4nicos como colunas, paredes e fachadas.<\/p>\n<figure id=\"attachment_1497\" aria-describedby=\"caption-attachment-1497\" style=\"width: 1000px\" class=\"wp-caption aligncenter\"><img loading=\"lazy\" decoding=\"async\" class=\"size-full wp-image-1497\" src=\"https:\/\/xmstonetools.com\/wp-content\/uploads\/2022\/12\/Size-of-Granite-Bush-Hammer-Roller-Head-2.jpg\" alt=\"Tamanho da cabe\u00e7a de rolo do martelo de bucha de granito-2\" width=\"1000\" height=\"1000\" srcset=\"https:\/\/xmstonetools.com\/wp-content\/uploads\/2022\/12\/Size-of-Granite-Bush-Hammer-Roller-Head-2.jpg 1000w, https:\/\/xmstonetools.com\/wp-content\/uploads\/2022\/12\/Size-of-Granite-Bush-Hammer-Roller-Head-2-400x400.jpg 400w, https:\/\/xmstonetools.com\/wp-content\/uploads\/2022\/12\/Size-of-Granite-Bush-Hammer-Roller-Head-2-800x800.jpg 800w, https:\/\/xmstonetools.com\/wp-content\/uploads\/2022\/12\/Size-of-Granite-Bush-Hammer-Roller-Head-2-280x280.jpg 280w, https:\/\/xmstonetools.com\/wp-content\/uploads\/2022\/12\/Size-of-Granite-Bush-Hammer-Roller-Head-2-768x768.jpg 768w, https:\/\/xmstonetools.com\/wp-content\/uploads\/2022\/12\/Size-of-Granite-Bush-Hammer-Roller-Head-2-300x300.jpg 300w, https:\/\/xmstonetools.com\/wp-content\/uploads\/2022\/12\/Size-of-Granite-Bush-Hammer-Roller-Head-2-600x600.jpg 600w, https:\/\/xmstonetools.com\/wp-content\/uploads\/2022\/12\/Size-of-Granite-Bush-Hammer-Roller-Head-2-100x100.jpg 100w, https:\/\/xmstonetools.com\/wp-content\/uploads\/2022\/12\/Size-of-Granite-Bush-Hammer-Roller-Head-2-120x120.jpg 120w\" sizes=\"auto, (max-width: 1000px) 100vw, 1000px\" \/><figcaption id=\"caption-attachment-1497\" class=\"wp-caption-text\">Tamanho da cabe\u00e7a de rolo do martelo de bucha de granito-2<\/figcaption><\/figure>\n<h2 style=\"color: steelblue;\">3. Vantagens do rolo de martelo de bucha de granito:<\/h2>\n<p>O rolo de martelo para bucha de granito oferece v\u00e1rias vantagens, o que o torna a ferramenta preferida dos profissionais de cantaria:<\/p>\n<h3>a. Remo\u00e7\u00e3o eficiente de material:<\/h3>\n<p>As pontas de carboneto do rolo removem efetivamente o material da superf\u00edcie da pedra, economizando tempo e esfor\u00e7o em compara\u00e7\u00e3o com os m\u00e9todos manuais de texturiza\u00e7\u00e3o.<\/p>\n<h3>b. Textura uniforme:<\/h3>\n<p>As pontas de metal duro com espa\u00e7amento uniforme garantem uma textura consistente em toda a superf\u00edcie, eliminando as varia\u00e7\u00f5es que podem ocorrer com o uso de ferramentas manuais.<\/p>\n<h3>c. Resist\u00eancia ao deslizamento:<\/h3>\n<p>A superf\u00edcie rugosa resultante melhora significativamente a resist\u00eancia ao escorregamento, aumentando a seguran\u00e7a em aplica\u00e7\u00f5es internas e externas.<\/p>\n<h3>d. Versatilidade:<\/h3>\n<p>O Bush Hammer Roller pode ser usado com v\u00e1rios tipos de pedra, incluindo granito, m\u00e1rmore e concreto, expandindo sua gama de aplica\u00e7\u00f5es.<\/p>\n<h3>e. Durabilidade:<\/h3>\n<p>As pontas de metal duro s\u00e3o altamente dur\u00e1veis e podem suportar o uso prolongado em superf\u00edcies de pedra dura, proporcionando uma longa vida \u00fatil \u00e0 ferramenta.<\/p>\n<figure id=\"attachment_1496\" aria-describedby=\"caption-attachment-1496\" style=\"width: 1000px\" class=\"wp-caption aligncenter\"><img loading=\"lazy\" decoding=\"async\" class=\"size-full wp-image-1496\" src=\"https:\/\/xmstonetools.com\/wp-content\/uploads\/2022\/12\/Size-of-Granite-Bush-Hammer-Roller-Head.jpg\" alt=\"Tamanho da cabe\u00e7a de rolo do martelo de bucha de granito\" width=\"1000\" height=\"1000\" srcset=\"https:\/\/xmstonetools.com\/wp-content\/uploads\/2022\/12\/Size-of-Granite-Bush-Hammer-Roller-Head.jpg 1000w, https:\/\/xmstonetools.com\/wp-content\/uploads\/2022\/12\/Size-of-Granite-Bush-Hammer-Roller-Head-400x400.jpg 400w, https:\/\/xmstonetools.com\/wp-content\/uploads\/2022\/12\/Size-of-Granite-Bush-Hammer-Roller-Head-800x800.jpg 800w, https:\/\/xmstonetools.com\/wp-content\/uploads\/2022\/12\/Size-of-Granite-Bush-Hammer-Roller-Head-280x280.jpg 280w, https:\/\/xmstonetools.com\/wp-content\/uploads\/2022\/12\/Size-of-Granite-Bush-Hammer-Roller-Head-768x768.jpg 768w, https:\/\/xmstonetools.com\/wp-content\/uploads\/2022\/12\/Size-of-Granite-Bush-Hammer-Roller-Head-300x300.jpg 300w, https:\/\/xmstonetools.com\/wp-content\/uploads\/2022\/12\/Size-of-Granite-Bush-Hammer-Roller-Head-600x600.jpg 600w, https:\/\/xmstonetools.com\/wp-content\/uploads\/2022\/12\/Size-of-Granite-Bush-Hammer-Roller-Head-100x100.jpg 100w, https:\/\/xmstonetools.com\/wp-content\/uploads\/2022\/12\/Size-of-Granite-Bush-Hammer-Roller-Head-120x120.jpg 120w\" sizes=\"auto, (max-width: 1000px) 100vw, 1000px\" \/><figcaption id=\"caption-attachment-1496\" class=\"wp-caption-text\">Tamanho da cabe\u00e7a de rolo do martelo de bucha de granito<\/figcaption><\/figure>\n<h2 style=\"color: steelblue;\">4. Escolhendo o rolo de martelo de bucha de granito correto:<\/h2>\n<p>Ao selecionar um rolo de martelo para bucha de granito, considere os seguintes fatores:<\/p>\n<h3>a. Tamanho do rolo:<\/h3>\n<p>Escolha o tamanho do rolo com base na textura da superf\u00edcie desejada e na escala do projeto. Os tamanhos comuns variam de 125 mm a 450 mm de di\u00e2metro.<\/p>\n<h3>b. N\u00famero de pontas de metal duro:<\/h3>\n<p>O n\u00famero de pontas de metal duro no rolo determina a densidade e a agressividade da textura. Um n\u00famero maior de pontas oferece uma texturiza\u00e7\u00e3o mais intensa.<\/p>\n<h3>c. Compatibilidade:<\/h3>\n<p>Certifique-se de que o rolo de martelo de bucha de granito seja compat\u00edvel com o equipamento que voc\u00ea pretende usar, como esmerilhadeiras manuais, esmerilhadeiras de piso ou m\u00e1quinas autom\u00e1ticas.<\/p>\n<h3>d. Qualidade e marca:<\/h3>\n<p>Compre de fabricantes de boa reputa\u00e7\u00e3o para garantir um produto de alta qualidade que ofere\u00e7a resultados consistentes e durabilidade.<\/p>\n<p>O Granite Bush Hammer Roller \u00e9 uma ferramenta indispens\u00e1vel de diamante para pedras, permitindo que os profissionais do setor de constru\u00e7\u00e3o e de cantaria obtenham superf\u00edcies texturizadas exclusivas e funcionais. Sua capacidade de criar acabamentos antiderrapantes em granito e outras pedras duras o torna<\/p>\n<figure id=\"attachment_1500\" aria-describedby=\"caption-attachment-1500\" style=\"width: 502px\" class=\"wp-caption aligncenter\"><img loading=\"lazy\" decoding=\"async\" class=\"size-full wp-image-1500\" src=\"https:\/\/xmstonetools.com\/wp-content\/uploads\/2022\/12\/Granite-Bush-Hammer-Roller-Plate.jpg\" alt=\"Placa do rolo do martelo de bucha de granito\" width=\"502\" height=\"493\" srcset=\"https:\/\/xmstonetools.com\/wp-content\/uploads\/2022\/12\/Granite-Bush-Hammer-Roller-Plate.jpg 502w, https:\/\/xmstonetools.com\/wp-content\/uploads\/2022\/12\/Granite-Bush-Hammer-Roller-Plate-407x400.jpg 407w\" sizes=\"auto, (max-width: 502px) 100vw, 502px\" \/><figcaption id=\"caption-attachment-1500\" class=\"wp-caption-text\">Placa do rolo do martelo de bucha de granito<\/figcaption><\/figure>\n<h2 style=\"color: steelblue;\">Vida \u00fatil do rolo de martelo de bucha de granito<\/h2>\n<p>Com certeza! V\u00e1rios fatores podem influenciar a vida \u00fatil de um rolo de martelo de bucha de granito. Compreender esses fatores pode ajudar a maximizar a longevidade da ferramenta e garantir o desempenho ideal. Aqui est\u00e3o alguns fatores importantes a serem considerados:<\/p>\n<h3>1. Dureza do material:<\/h3>\n<p>A dureza da pedra que est\u00e1 sendo trabalhada \u00e9 um fator crucial. O granito e outras pedras duras podem desgastar as pontas de carboneto do rolo mais rapidamente em compara\u00e7\u00e3o com pedras mais macias. Pedras mais macias podem causar menos desgaste, resultando em uma vida \u00fatil mais longa da ferramenta.<\/p>\n<h3>2. T\u00e9cnica do operador:<\/h3>\n<p>A habilidade e a t\u00e9cnica do operador que utiliza o rolo de martelo de bucha de granito desempenham um papel significativo em sua vida \u00fatil. A aplica\u00e7\u00e3o de press\u00e3o excessiva ou o uso de t\u00e9cnicas de esmerilhamento inadequadas podem causar estresse desnecess\u00e1rio nas pontas de carboneto, levando ao desgaste prematuro. A manuten\u00e7\u00e3o de um movimento de esmerilhamento consistente e controlado ajuda a prolongar a vida \u00fatil do rolo.<\/p>\n<h3>3. Frequ\u00eancia de uso:<\/h3>\n<p>A frequ\u00eancia e a dura\u00e7\u00e3o do uso da ferramenta podem afetar sua vida \u00fatil. O uso cont\u00ednuo e intenso pode resultar em desgaste mais r\u00e1pido em compara\u00e7\u00e3o com o uso ocasional ou moderado. \u00c9 essencial equilibrar a carga de trabalho e dar \u00e0 ferramenta intervalos de descanso suficientes durante o uso prolongado.<\/p>\n<h3>4. Qualidade das pontas de metal duro:<\/h3>\n<p>A qualidade das pontas de carboneto ou dos martelos do rolo de martelo de bucha de granito influencia muito sua durabilidade. As pontas de carboneto de alta qualidade s\u00e3o projetadas para suportar as demandas de materiais de pedra dura e oferecer uma vida \u00fatil mais longa para a ferramenta. Investir em rolos de alta qualidade de marcas confi\u00e1veis pode garantir melhor desempenho e longevidade.<\/p>\n<h3>5. Manuten\u00e7\u00e3o e limpeza:<\/h3>\n<p>A manuten\u00e7\u00e3o e a limpeza adequadas ap\u00f3s cada uso podem prolongar significativamente a vida \u00fatil da ferramenta. A remo\u00e7\u00e3o de detritos, p\u00f3 de pedra ou res\u00edduos do rolo evita o entupimento e poss\u00edveis danos \u00e0s pontas de metal duro. Inspe\u00e7\u00f5es regulares quanto a desgaste ou danos e substitui\u00e7\u00e3o imediata de pontas gastas s\u00e3o essenciais para manter o desempenho ideal.<\/p>\n<h3>6. Compatibilidade com o equipamento:<\/h3>\n<p>Certifique-se de que o rolo de martelo de bucha de granito seja usado com equipamentos adequados ao seu tamanho e \u00e0s suas especifica\u00e7\u00f5es. O uso da ferramenta com m\u00e1quinas e acess\u00f3rios compat\u00edveis evita o estresse excessivo sobre o rolo, promovendo sua longevidade.<\/p>\n<h3>7. Armazenamento e manuseio:<\/h3>\n<p>Pr\u00e1ticas adequadas de armazenamento e manuseio s\u00e3o essenciais para preservar o Granite Bush Hammer Roller. Evitar impactos, armazen\u00e1-lo em um ambiente seco e protegido e evitar a exposi\u00e7\u00e3o a temperaturas extremas ou umidade pode ajudar a prevenir a degrada\u00e7\u00e3o prematura.<\/p>\n<p>Ao considerar esses fatores e implementar medidas apropriadas, como o uso correto da ferramenta, sua manuten\u00e7\u00e3o regular e o investimento em produtos de qualidade, os profissionais podem aumentar a vida \u00fatil e o desempenho do rolo de martelo para bucha de granito, otimizando seus processos de lapida\u00e7\u00e3o.<\/p>\n<figure id=\"attachment_1495\" aria-describedby=\"caption-attachment-1495\" style=\"width: 1000px\" class=\"wp-caption aligncenter\"><img loading=\"lazy\" decoding=\"async\" class=\"size-full wp-image-1495\" src=\"https:\/\/xmstonetools.com\/wp-content\/uploads\/2022\/12\/Granite-Bush-Hammer-Roller-Plate-3.jpg\" alt=\"Placa de rolo de martelo de bucha de granito-3\" width=\"1000\" height=\"1064\" srcset=\"https:\/\/xmstonetools.com\/wp-content\/uploads\/2022\/12\/Granite-Bush-Hammer-Roller-Plate-3.jpg 1000w, https:\/\/xmstonetools.com\/wp-content\/uploads\/2022\/12\/Granite-Bush-Hammer-Roller-Plate-3-376x400.jpg 376w, https:\/\/xmstonetools.com\/wp-content\/uploads\/2022\/12\/Granite-Bush-Hammer-Roller-Plate-3-752x800.jpg 752w, https:\/\/xmstonetools.com\/wp-content\/uploads\/2022\/12\/Granite-Bush-Hammer-Roller-Plate-3-768x817.jpg 768w, https:\/\/xmstonetools.com\/wp-content\/uploads\/2022\/12\/Granite-Bush-Hammer-Roller-Plate-3-600x638.jpg 600w\" sizes=\"auto, (max-width: 1000px) 100vw, 1000px\" \/><figcaption id=\"caption-attachment-1495\" class=\"wp-caption-text\">Placa de rolo de martelo de bucha de granito-3<\/figcaption><\/figure>\n<table style=\"font-style: inherit; font-weight: inherit;\">\n<tbody style=\"font-style: inherit; font-weight: inherit;\">\n<tr style=\"font-style: inherit; font-weight: inherit;\">\n<td style=\"font-style: inherit; font-weight: 400;\" colspan=\"1\" rowspan=\"4\">&nbsp;<\/p>\n<p><span style=\"font-style: inherit; font-weight: inherit;\" data-spm-anchor-id=\"a2700.details.0.i31.2e014046MhrW5z\">\u00a0 \u00a0 \u00a0 \u00a0 \u00a0Recursos<\/span><\/td>\n<td style=\"font-style: inherit; font-weight: 400;\" colspan=\"1\" rowspan=\"1\">1. Di\u00e2metro: 125MM, 150MM, 200MM, 250MM, 300MM, 350MM, 400M, 450MM<\/td>\n<\/tr>\n<tr style=\"font-style: inherit; font-weight: inherit;\">\n<td style=\"font-style: inherit; font-weight: 400;\" colspan=\"1\" rowspan=\"1\">2. Quantidade de rolos por martelo de bucha: 3PCS, 4PCS, 5PCS, 6PCS, 9PCS e 12PCS<\/td>\n<\/tr>\n<tr style=\"font-style: inherit; font-weight: inherit;\">\n<td style=\"font-style: inherit; font-weight: 400;\" colspan=\"1\" rowspan=\"1\">3. Quantidade do segmento por rolo: 30PCS, 45PCS e 60PCS etc.<\/td>\n<\/tr>\n<tr style=\"font-style: inherit; font-weight: inherit;\">\n<td style=\"font-style: inherit; font-weight: 400;\" colspan=\"1\" rowspan=\"1\">4. Especialmente usado em granito, m\u00e1rmore, arenito, concreto, etc., para tornar a superf\u00edcie \u00e1spera<\/td>\n<\/tr>\n<tr style=\"font-style: inherit; font-weight: inherit;\">\n<td style=\"font-style: inherit; font-weight: 400;\" colspan=\"1\" rowspan=\"4\">&nbsp;<\/p>\n<p><span style=\"font-style: inherit; font-weight: inherit;\">\u00a0 \u00a0 \u00a0 \u00a0 Vantagem<\/span><\/td>\n<td style=\"font-style: inherit; font-weight: 400;\" colspan=\"1\" rowspan=\"1\">1. Composto dur\u00e1vel de metal e diamante<\/td>\n<\/tr>\n<tr style=\"font-style: inherit; font-weight: inherit;\">\n<td style=\"font-style: inherit; font-weight: 400;\" colspan=\"1\" rowspan=\"1\">2. Eficaz para moer pedras naturais e concreto para obter o efeito de martelo de arbusto<\/td>\n<\/tr>\n<tr style=\"font-style: inherit; font-weight: inherit;\">\n<td style=\"font-style: inherit; font-weight: 400;\" colspan=\"1\" rowspan=\"1\">3. Diferentes granularidades e tamanhos, conforme solicitado para o rolo de diamante<\/td>\n<\/tr>\n<tr style=\"font-style: inherit; font-weight: inherit;\">\n<td style=\"font-style: inherit; font-weight: 400;\" colspan=\"1\" rowspan=\"1\">4. Pre\u00e7o competitivo e qualidade superior<\/td>\n<\/tr>\n<tr style=\"font-style: inherit; font-weight: inherit;\">\n<td style=\"font-style: inherit; font-weight: 400;\" colspan=\"1\" rowspan=\"1\">\u00a0 \u00a0 \u00a0 \u00a0Certificado<\/td>\n<td style=\"font-style: inherit; font-weight: 400;\" colspan=\"1\" rowspan=\"1\">Certifica\u00e7\u00e3o ISO\/CE<\/td>\n<\/tr>\n<tr style=\"font-style: inherit; font-weight: inherit;\">\n<td style=\"font-style: inherit; font-weight: 400;\" colspan=\"1\" rowspan=\"1\">\u00a0 \u00a0 \u00a0 \u00a0Mercado principal<\/td>\n<td style=\"font-style: inherit; font-weight: 400;\" colspan=\"1\" rowspan=\"1\">EUA\/Europa\/Am\u00e9rica do Sul\/Am\u00e9rica do Norte\/M\u00e9dio Oriente etc.<\/td>\n<\/tr>\n<\/tbody>\n<\/table>","protected":false},"excerpt":{"rendered":"<p>O Granite Bush Hammer Roller \u00e9 uma ferramenta de diamante especializada em pedras, projetada para criar uma superf\u00edcie uniforme e texturizada em granito e outras pedras duras. Ele consiste em um rolo cil\u00edndrico com v\u00e1rias pontas diamantadas em forma de pir\u00e2mide, tamb\u00e9m conhecidas como pontas de carboneto ou martelos, distribu\u00eddas uniformemente em sua superf\u00edcie. Essa configura\u00e7\u00e3o garante um impacto eficiente e consistente na superf\u00edcie da pedra durante a opera\u00e7\u00e3o. O principal objetivo do Granite Bush Hammer Roller \u00e9 obter uma textura \u00e1spera e antiderrapante em granito e outras superf\u00edcies de pedra. O acabamento resultante n\u00e3o apenas aumenta o apelo est\u00e9tico, mas tamb\u00e9m melhora a resist\u00eancia ao deslizamento, tornando-o ideal para v\u00e1rias aplica\u00e7\u00f5es, inclusive:<\/p>\n<a href=\"#Quote-Button\" class=\"button primary is-large Inquiry-Button\" style=\"border-radius:99px;\">\n\t<i class=\"icon-heart\" aria-hidden=\"true\"><\/i>\t<span>Solicite agora<\/span>\n\t<\/a>","protected":false},"featured_media":1500,"template":"","meta":[],"product_brand":[],"product_cat":[63],"product_tag":[],"class_list":{"0":"post-1487","1":"product","2":"type-product","3":"status-publish","4":"has-post-thumbnail","6":"product_cat-other-tools","8":"first","9":"instock","10":"shipping-taxable","11":"product-type-simple"},"aioseo_notices":[],"_links":{"self":[{"href":"https:\/\/xmstonetools.com\/pt\/wp-json\/wp\/v2\/product\/1487","targetHints":{"allow":["GET"]}}],"collection":[{"href":"https:\/\/xmstonetools.com\/pt\/wp-json\/wp\/v2\/product"}],"about":[{"href":"https:\/\/xmstonetools.com\/pt\/wp-json\/wp\/v2\/types\/product"}],"wp:featuredmedia":[{"embeddable":true,"href":"https:\/\/xmstonetools.com\/pt\/wp-json\/wp\/v2\/media\/1500"}],"wp:attachment":[{"href":"https:\/\/xmstonetools.com\/pt\/wp-json\/wp\/v2\/media?parent=1487"}],"wp:term":[{"taxonomy":"product_brand","embeddable":true,"href":"https:\/\/xmstonetools.com\/pt\/wp-json\/wp\/v2\/product_brand?post=1487"},{"taxonomy":"product_cat","embeddable":true,"href":"https:\/\/xmstonetools.com\/pt\/wp-json\/wp\/v2\/product_cat?post=1487"},{"taxonomy":"product_tag","embeddable":true,"href":"https:\/\/xmstonetools.com\/pt\/wp-json\/wp\/v2\/product_tag?post=1487"}],"curies":[{"name":"wp","href":"https:\/\/api.w.org\/{rel}","templated":true}]}}