{"id":1522,"date":"2022-12-08T15:33:10","date_gmt":"2022-12-08T07:33:10","guid":{"rendered":"https:\/\/xmstonetools.com\/?post_type=product&#038;p=1522"},"modified":"2023-07-01T06:59:05","modified_gmt":"2023-06-30T22:59:05","slug":"abrasivo-de-resina-frankfurt-para-polimento-de-marmore","status":"publish","type":"product","link":"https:\/\/xmstonetools.com\/pt\/product\/abrasivo-de-resina-frankfurt-para-polimento-de-marmore\/","title":{"rendered":"Abrasivo de resina Frankfurt para polimento de m\u00e1rmore"},"content":{"rendered":"<h2 style=\"color: steelblue;\">Introdu\u00e7\u00e3o do abrasivo de resina Frankfurt para polimento de m\u00e1rmore:<\/h2>\n<p>Quando se trata de polimento de m\u00e1rmore, obter um acabamento impec\u00e1vel requer precis\u00e3o, efici\u00eancia e ferramentas confi\u00e1veis. Como fabricante profissional de ferramentas diamantadas para pedras, temos orgulho de apresentar o nosso Abrasivo de Resina Frankfurt premium, uma solu\u00e7\u00e3o revolucion\u00e1ria que eleva a arte do polimento de m\u00e1rmore a novos patamares. Projetado para atender \u00e0s demandas exigentes do setor, nosso Abrasivo de Resina Frankfurt oferece desempenho inigual\u00e1vel, durabilidade excepcional e resultados impressionantes. Neste artigo, vamos nos aprofundar nos recursos, benef\u00edcios e aplica\u00e7\u00f5es dessa ferramenta extraordin\u00e1ria, ilustrando por que ela est\u00e1 um passo \u00e0 frente das demais.<\/p>\n<h2 style=\"color: steelblue;\">Caracter\u00edstica do Abrasivo de Resina Frankfurt para Polimento de M\u00e1rmore<\/h2>\n<h3>Desempenho inigual\u00e1vel:<\/h3>\n<p>Nosso Abrasivo de Resina Frankfurt foi meticulosamente projetado com tecnologia de ponta e materiais de alta qualidade, garantindo um desempenho superior que excede as expectativas. Com sua avan\u00e7ada liga\u00e7\u00e3o de resina, ele proporciona uma abras\u00e3o consistente e uniforme, minimizando os arranh\u00f5es e as imperfei\u00e7\u00f5es da superf\u00edcie e preservando a beleza natural do m\u00e1rmore. As part\u00edculas de diamante posicionadas com precis\u00e3o no abrasivo garantem uma efici\u00eancia de corte ideal, reduzindo o tempo de polimento e aumentando a produtividade. N\u00e3o importa se voc\u00ea est\u00e1 trabalhando em projetos de grande escala ou em designs complexos, o nosso Abrasivo Resin Frankfurt est\u00e1 \u00e0 altura da tarefa, proporcionando sempre resultados excepcionais.<\/p>\n<h3>Durabilidade excepcional:<\/h3>\n<p>A durabilidade \u00e9 fundamental quando se trata de ferramentas diamantadas, e o nosso Abrasivo de Resina Frankfurt resiste ao teste do tempo. Fabricado com uma matriz de resina robusta, ele apresenta excelente resist\u00eancia ao desgaste, ao calor e \u00e0 degrada\u00e7\u00e3o qu\u00edmica. Essa durabilidade excepcional se traduz em uma vida \u00fatil mais longa da ferramenta, reduzindo a necessidade de substitui\u00e7\u00f5es frequentes e, por fim, economizando tempo e dinheiro. Al\u00e9m disso, a tecnologia de liga\u00e7\u00e3o superior garante que as part\u00edculas de diamante permane\u00e7am firmemente incorporadas ao abrasivo, evitando a perda prematura e mantendo um desempenho consistente durante toda a vida \u00fatil da ferramenta.<\/p>\n<h3>Aplica\u00e7\u00f5es vers\u00e1teis:<\/h3>\n<p>Nosso Abrasivo Resin Frankfurt foi projetado especificamente para polimento de m\u00e1rmore, o que o torna a ferramenta perfeita para profissionais do setor de pedras. Sua versatilidade \u00e9 evidente, pois \u00e9 compat\u00edvel com v\u00e1rios tipos de m\u00e1rmore, incluindo variedades macias e duras. Quer esteja trabalhando em pisos de m\u00e1rmore, bancadas ou esculturas complexas, o nosso Abrasivo de Resina Frankfurt se adapta sem esfor\u00e7o \u00e0 tarefa em quest\u00e3o. Ele proporciona resultados de polimento not\u00e1veis, real\u00e7ando o verdadeiro brilho, a profundidade e a vibra\u00e7\u00e3o do m\u00e1rmore e, ao mesmo tempo, minimizando o tempo e o esfor\u00e7o necess\u00e1rios para obter um acabamento impec\u00e1vel.<\/p>\n<h3>Considera\u00e7\u00f5es sobre seguran\u00e7a e meio ambiente:<\/h3>\n<p>Em nossas instala\u00e7\u00f5es de fabrica\u00e7\u00e3o, priorizamos a seguran\u00e7a e a sustentabilidade ambiental. Nosso Abrasivo Resin Frankfurt segue rigorosos padr\u00f5es de qualidade e \u00e9 livre de subst\u00e2ncias nocivas, garantindo o bem-estar dos trabalhadores e do meio ambiente. A liga de resina tamb\u00e9m reduz a poeira e os detritos durante o processo de polimento, criando um ambiente de trabalho mais limpo e saud\u00e1vel. Temos o compromisso de fornecer ferramentas que n\u00e3o apenas proporcionem resultados excepcionais, mas tamb\u00e9m contribuam para um setor sustent\u00e1vel e respons\u00e1vel.<\/p>\n<h3>Tecnologia exclusiva de colagem de resina:<\/h3>\n<p>Nosso Abrasivo Resin Frankfurt utiliza tecnologia avan\u00e7ada de liga\u00e7\u00e3o de resina, que desempenha um papel crucial em seu desempenho excepcional. A liga\u00e7\u00e3o de resina proporciona excelente ades\u00e3o entre as part\u00edculas de diamante e a matriz, garantindo uma a\u00e7\u00e3o de corte consistente e precisa. Essa liga\u00e7\u00e3o tamb\u00e9m aumenta a durabilidade geral e a longevidade da ferramenta.<\/p>\n<h3>N\u00edveis de granula\u00e7\u00e3o personaliz\u00e1veis:<\/h3>\n<p>Oferecemos uma variedade de n\u00edveis de granula\u00e7\u00e3o para o nosso Abrasivo Resin Frankfurt, permitindo que voc\u00ea atinja o n\u00edvel de polimento desejado para suas superf\u00edcies de m\u00e1rmore. Se voc\u00ea precisa de um lixamento agressivo ou de um acabamento de alto brilho, nossos abrasivos est\u00e3o dispon\u00edveis em v\u00e1rios tamanhos de gr\u00e3o para atender \u00e0s suas necessidades espec\u00edficas.<\/p>\n<h3>Resfriamento e dissipa\u00e7\u00e3o de calor aprimorados:<\/h3>\n<p>O ac\u00famulo de calor durante o processo de polimento pode afetar negativamente o desempenho das ferramentas de diamante. Nosso Abrasivo de Resina Frankfurt apresenta canais de resfriamento eficientes que facilitam a dissipa\u00e7\u00e3o do calor, minimizando o risco de superaquecimento e garantindo um desempenho consistente mesmo durante o uso prolongado.<\/p>\n<h3>F\u00e1cil de usar e instalar:<\/h3>\n<p>Nosso Abrasivo de Resina Frankfurt foi projetado para ser f\u00e1cil de usar e compat\u00edvel com m\u00e1quinas padr\u00e3o de lixamento e polimento. Ele pode ser facilmente instalado e substitu\u00eddo, permitindo um fluxo de trabalho cont\u00ednuo e uma produtividade ininterrupta.<\/p>\n<h3>Garantia de qualidade:<\/h3>\n<p>Como um fabricante profissional, priorizamos a garantia de qualidade em todo o nosso processo de produ\u00e7\u00e3o. Nosso Abrasivo de Resina Frankfurt passa por testes rigorosos para garantir que atenda aos mais altos padr\u00f5es do setor. Temos o compromisso de fornecer ferramentas confi\u00e1veis e consistentes que atendam \u00e0s demandas dos profissionais mais exigentes.<\/p>\n<h3>Suporte t\u00e9cnico especializado:<\/h3>\n<p>Entendemos que o uso das ferramentas e t\u00e9cnicas corretas \u00e9 fundamental para a obten\u00e7\u00e3o dos melhores resultados. Como um cliente valioso, voc\u00ea pode contar com a nossa equipe de suporte t\u00e9cnico especializado para fornecer orienta\u00e7\u00e3o e assist\u00eancia em rela\u00e7\u00e3o ao uso adequado do nosso Abrasivo de Resina Frankfurt. Estamos aqui para responder a quaisquer d\u00favidas que voc\u00ea possa ter e garantir que voc\u00ea maximize os benef\u00edcios do nosso produto.<\/p>\n<h3>Confiado por profissionais:<\/h3>\n<p>Nosso Abrasivo Resin Frankfurt ganhou a confian\u00e7a e o reconhecimento dos profissionais do setor de pedras. Ele tem sido amplamente usado e recomendado por especialistas, empreiteiros e artes\u00e3os que confiam em seu desempenho superior e durabilidade para obter excelentes resultados de polimento de m\u00e1rmore.<\/p>\n<p>Quando se trata de polimento de m\u00e1rmore, nada supera o desempenho, a durabilidade e a versatilidade do nosso Abrasivo de Resina Frankfurt. Projetada por profissionais para profissionais, essa ferramenta extraordin\u00e1ria eleva a qualidade e a efici\u00eancia de seus projetos de polimento de m\u00e1rmore. Com sua avan\u00e7ada liga\u00e7\u00e3o de resina, posicionamento superior do diamante e durabilidade excepcional, ela garante resultados consistentes, precisos e impressionantes todas as vezes. Confie em nossa experi\u00eancia como fabricante profissional de ferramentas diamantadas para pedras e experimente a diferen\u00e7a que nosso Abrasivo de Resina Frankfurt pode fazer na transforma\u00e7\u00e3o de seus esfor\u00e7os de polimento de m\u00e1rmore.<\/p>\n<p>Ao escolher o nosso Abrasivo Resin Frankfurt, voc\u00ea est\u00e1 investindo em uma ferramenta confi\u00e1vel e de alta qualidade que elevar\u00e1 seus projetos de polimento de m\u00e1rmore a novos patamares. Seus recursos avan\u00e7ados, n\u00edveis de granula\u00e7\u00e3o personaliz\u00e1veis e f\u00e1cil instala\u00e7\u00e3o fazem dela a escolha preferida dos profissionais que buscam resultados e efici\u00eancia excepcionais. Confie em nossa experi\u00eancia como fabricante profissional de ferramentas diamantadas para pedras e experimente a diferen\u00e7a que nosso Abrasivo de Resina Frankfurt pode fazer na transforma\u00e7\u00e3o de seus esfor\u00e7os de polimento de m\u00e1rmore.<\/p>\n<h2 style=\"color: steelblue;\">Vida \u00fatil do Abrasivo de Resina Frankfurt para Polimento de M\u00e1rmore<\/h2>\n<p>Voc\u00ea est\u00e1 cansado de ferramentas diamantadas que se desgastam muito rapidamente, comprometendo a qualidade de seus projetos de polimento de m\u00e1rmore? N\u00e3o procure mais! Apresentamos o nosso Abrasivo de Resina Frankfurt, um divisor de \u00e1guas no mundo das ferramentas diamantadas para pedras. Com nosso produto revolucion\u00e1rio, voc\u00ea pode esperar uma vida inteira de desempenho inigual\u00e1vel, durabilidade e resultados consistentes.<\/p>\n<h3>Longevidade excepcional:<\/h3>\n<p>Na Xiamenn Sino Poly Industry, entendemos a import\u00e2ncia de investir em ferramentas que resistam ao teste do tempo. \u00c9 por isso que o nosso Abrasivo de Resina Frankfurt \u00e9 meticulosamente fabricado com materiais da mais alta qualidade e t\u00e9cnicas de fabrica\u00e7\u00e3o inovadoras. Nossa avan\u00e7ada tecnologia de liga\u00e7\u00e3o de resina garante que as part\u00edculas de diamante permane\u00e7am firmemente incorporadas ao abrasivo, proporcionando uma longevidade excepcional, mesmo nas aplica\u00e7\u00f5es de polimento mais exigentes. Diga adeus \u00e0s frequentes substitui\u00e7\u00f5es e ol\u00e1 para uma ferramenta que dura.<\/p>\n<h3>Resist\u00eancia superior ao desgaste:<\/h3>\n<p>O polimento de m\u00e1rmore pode ser um processo abrasivo, mas o nosso Abrasivo de Resina Frankfurt est\u00e1 \u00e0 altura do desafio. Com sua not\u00e1vel resist\u00eancia ao desgaste, essa ferramenta mant\u00e9m sua efici\u00eancia de corte e desempenho por um longo per\u00edodo. N\u00e3o importa a escala ou a intensidade dos seus projetos, o nosso Abrasivo de Resina Frankfurt continuar\u00e1 a fornecer resultados excelentes, economizando tempo e dinheiro a longo prazo.<\/p>\n<h3>Desempenho consistente, projeto ap\u00f3s projeto:<\/h3>\n<p>A consist\u00eancia \u00e9 a chave para obter resultados impec\u00e1veis no polimento de m\u00e1rmore, e nosso Abrasivo Resin Frankfurt \u00e9 excelente nesse aspecto. Gra\u00e7as ao posicionamento preciso do diamante e \u00e0 inovadora liga\u00e7\u00e3o de resina, essa ferramenta proporciona uma a\u00e7\u00e3o de corte consistente do primeiro ao \u00faltimo projeto. Voc\u00ea pode ter certeza de que cada golpe proporcionar\u00e1 o mesmo n\u00edvel de qualidade, garantindo uniformidade e excel\u00eancia em cada superf\u00edcie polida.<\/p>\n<h3>Versatilidade que perdura:<\/h3>\n<p>Nosso Abrasivo de Resina Frankfurt foi projetado para lidar com uma ampla gama de aplica\u00e7\u00f5es de polimento de m\u00e1rmore. Quer esteja trabalhando em pisos, bancadas ou esculturas complexas, essa ferramenta vers\u00e1til se adapta sem esfor\u00e7o \u00e0 tarefa em quest\u00e3o. Sua durabilidade excepcional permite que ela resista a press\u00f5es e velocidades variadas sem comprometer o desempenho ou a qualidade. Com o nosso Abrasivo de Resina Frankfurt, voc\u00ea tem uma ferramenta que permanece confi\u00e1vel e eficiente durante toda a sua vida \u00fatil.<\/p>\n<h3>Retorno sobre o investimento inigual\u00e1vel:<\/h3>\n<p>Investir em ferramentas de qualidade \u00e9 um investimento no sucesso de sua empresa. Com o nosso Abrasivo de Resina Frankfurt, voc\u00ea pode esperar um retorno inigual\u00e1vel sobre o investimento. Sua longevidade, resist\u00eancia ao desgaste, desempenho consistente e versatilidade garantem que voc\u00ea maximize sua produtividade e minimize despesas desnecess\u00e1rias. Ao escolher o nosso Abrasivo de Resina Frankfurt, voc\u00ea est\u00e1 fazendo uma escolha s\u00e1bia que afeta positivamente os seus resultados.<\/p>\n<h3>Experimente uma vida inteira de excel\u00eancia:<\/h3>\n<p>Na Xiamen Sino Poly Industry, temos o compromisso de fornecer ao setor de rochas ornamentais ferramentas que redefinem a excel\u00eancia. Nosso Abrasivo de Resina Frankfurt n\u00e3o \u00e9 exce\u00e7\u00e3o. Sua vida \u00fatil prolongada, durabilidade excepcional e desempenho inabal\u00e1vel fazem dele a escolha certa para profissionais que exigem o melhor. Com o nosso Abrasivo de Resina Frankfurt em sua caixa de ferramentas, voc\u00ea pode elevar seus projetos de polimento de m\u00e1rmore a novos patamares, obtendo resultados not\u00e1veis projeto ap\u00f3s projeto.<\/p>\n<p>N\u00e3o se contente com o comum quando voc\u00ea pode experimentar uma vida inteira de extraordin\u00e1rio com o nosso Abrasivo de Resina Frankfurt. Confie em nossa experi\u00eancia como fabricante profissional de ferramentas diamantadas para pedras e testemunhe a transforma\u00e7\u00e3o de seus esfor\u00e7os de polimento de m\u00e1rmore. Invista com sabedoria e aproveite os benef\u00edcios de uma ferramenta que supera a concorr\u00eancia, proporcionando um desempenho excepcional do in\u00edcio ao fim.<\/p>\n<table class=\"has-title all magic-4\" style=\"height: 329px;\" width=\"648\">\n<tbody>\n<tr>\n<td colspan=\"1\" rowspan=\"1\">\n<div class=\"magic-5\">item<\/div>\n<\/td>\n<td colspan=\"1\" rowspan=\"1\">\n<div class=\"magic-6\">valor<\/div>\n<\/td>\n<\/tr>\n<tr>\n<td colspan=\"1\" rowspan=\"1\">Garra<\/td>\n<td colspan=\"1\" rowspan=\"1\"><span data-spm-anchor-id=\"a2700.details.0.i6.745a62e34QdIv0\">120#,150#,180#,240#,320#,<\/span><\/p>\n<div>400#,600#,800#,1000#,2000#,3000#,<\/div>\n<div data-spm-anchor-id=\"a2700.details.0.i8.745a62e34QdIv0\">6000#,10000#<\/div>\n<\/td>\n<\/tr>\n<tr>\n<td colspan=\"1\" rowspan=\"1\">\n<div class=\"magic-5\">Suporte personalizado<\/div>\n<\/td>\n<td colspan=\"1\" rowspan=\"1\">\n<div class=\"magic-6\">OEM, ODM<\/div>\n<\/td>\n<\/tr>\n<tr>\n<td colspan=\"1\" rowspan=\"1\">\n<div class=\"magic-5\">Local de origem<\/div>\n<\/td>\n<td colspan=\"1\" rowspan=\"1\">\n<div class=\"magic-6\">China<\/div>\n<\/td>\n<\/tr>\n<tr>\n<td colspan=\"1\" rowspan=\"1\">\n<div class=\"magic-5\"><\/div>\n<\/td>\n<td colspan=\"1\" rowspan=\"1\">\n<div class=\"magic-6\">Fujian<\/div>\n<\/td>\n<\/tr>\n<tr>\n<td colspan=\"1\" rowspan=\"1\">\n<div class=\"magic-5\">Nome da marca<\/div>\n<\/td>\n<td colspan=\"1\" rowspan=\"1\">\n<div class=\"magic-6\">Fullux<\/div>\n<\/td>\n<\/tr>\n<tr>\n<td colspan=\"1\" rowspan=\"1\">\n<div class=\"magic-5\">Tipo<\/div>\n<\/td>\n<td colspan=\"1\" rowspan=\"1\">\n<div class=\"magic-6\">Bloco Abrasivo<\/div>\n<\/td>\n<\/tr>\n<tr>\n<td colspan=\"1\" rowspan=\"1\">\n<div class=\"magic-5\">Nome do produto<\/div>\n<\/td>\n<td colspan=\"1\" rowspan=\"1\">\n<div class=\"magic-6\">Ferramenta de Abrasivos de Diamante Sint\u00e9tico Frankfurt<\/div>\n<\/td>\n<\/tr>\n<tr>\n<td colspan=\"1\" rowspan=\"1\">\n<div class=\"magic-5\">Aplicativo<\/div>\n<\/td>\n<td colspan=\"1\" rowspan=\"1\">\n<div class=\"magic-6\">Para m\u00e1rmore e pedras artificiais<\/div>\n<\/td>\n<\/tr>\n<tr>\n<td colspan=\"1\" rowspan=\"1\">\n<div class=\"magic-5\">Material<\/div>\n<\/td>\n<td colspan=\"1\" rowspan=\"1\">\n<div class=\"magic-6\">Resina sint\u00e9tica+Diamante+Carbeto de sil\u00edcio<\/div>\n<\/td>\n<\/tr>\n<tr>\n<td colspan=\"1\" rowspan=\"1\">\n<div class=\"magic-5\">Vantagem<\/div>\n<\/td>\n<td colspan=\"1\" rowspan=\"1\">\n<div class=\"magic-6\">Vida longa<\/div>\n<\/td>\n<\/tr>\n<\/tbody>\n<\/table>","protected":false},"excerpt":{"rendered":"<p>Os abrasivos de m\u00e1rmore t\u00eam a qualidade e a produ\u00e7\u00e3o em massa mais est\u00e1veis, os acess\u00f3rios mais completos e as aplica\u00e7\u00f5es mais elevadas no setor de abrasivos atualmente, que s\u00e3o considerados as ferramentas de polimento mais utilizadas. Produtos diversificados podem atender a diferentes demandas dos clientes. A Midstar ajusta a f\u00f3rmula para diferentes tipos de chapas, proporcionando um efeito ideal de brilho e alta transpar\u00eancia, como chapas de alto brilho, chapas de brilho fosco, chapas r\u00fasticas e chapas semipolidas, exibindo uma cena de textura natural suave e n\u00edtida no interior das pedras.<\/p>\n<a href=\"#Quote-Button\" class=\"button primary is-large Inquiry-Button\" style=\"border-radius:99px;\">\n\t<i class=\"icon-heart\" aria-hidden=\"true\"><\/i>\t<span>Solicite agora<\/span>\n\t<\/a>","protected":false},"featured_media":1516,"template":"","meta":[],"product_brand":[],"product_cat":[56,57],"product_tag":[78,99],"class_list":{"0":"post-1522","1":"product","2":"type-product","3":"status-publish","4":"has-post-thumbnail","6":"product_cat-stone-grinding-tools","7":"product_cat-stone-polishing-tools","8":"product_tag-abrasive-tools","9":"product_tag-frankfurt-tools","11":"first","12":"instock","13":"shipping-taxable","14":"product-type-simple"},"aioseo_notices":[],"_links":{"self":[{"href":"https:\/\/xmstonetools.com\/pt\/wp-json\/wp\/v2\/product\/1522","targetHints":{"allow":["GET"]}}],"collection":[{"href":"https:\/\/xmstonetools.com\/pt\/wp-json\/wp\/v2\/product"}],"about":[{"href":"https:\/\/xmstonetools.com\/pt\/wp-json\/wp\/v2\/types\/product"}],"wp:featuredmedia":[{"embeddable":true,"href":"https:\/\/xmstonetools.com\/pt\/wp-json\/wp\/v2\/media\/1516"}],"wp:attachment":[{"href":"https:\/\/xmstonetools.com\/pt\/wp-json\/wp\/v2\/media?parent=1522"}],"wp:term":[{"taxonomy":"product_brand","embeddable":true,"href":"https:\/\/xmstonetools.com\/pt\/wp-json\/wp\/v2\/product_brand?post=1522"},{"taxonomy":"product_cat","embeddable":true,"href":"https:\/\/xmstonetools.com\/pt\/wp-json\/wp\/v2\/product_cat?post=1522"},{"taxonomy":"product_tag","embeddable":true,"href":"https:\/\/xmstonetools.com\/pt\/wp-json\/wp\/v2\/product_tag?post=1522"}],"curies":[{"name":"wp","href":"https:\/\/api.w.org\/{rel}","templated":true}]}}