{"id":2271,"date":"2025-08-26T06:40:47","date_gmt":"2025-08-25T22:40:47","guid":{"rendered":"https:\/\/xmstonetools.com\/?post_type=product&#038;p=2271"},"modified":"2025-08-26T06:42:07","modified_gmt":"2025-08-25T22:42:07","slug":"discos-de-perfilamento-de-pedra-segmentados-com-diamante-de-400-mm-para-bordas-e-ranhuras","status":"publish","type":"product","link":"https:\/\/xmstonetools.com\/pt\/product\/discos-de-perfilamento-de-pedra-segmentados-com-diamante-de-400-mm-para-bordas-e-ranhuras\/","title":{"rendered":"Rodas de perfilamento de pedra segmentada com diamante de 400 mm para borda e ranhura"},"content":{"rendered":"<p class=\"ds-markdown-paragraph\">Nossos rebolos de perfil de pedra segmentados com diamante de 400 mm foram projetados para oferecer precis\u00e3o, durabilidade e desempenho superior na fabrica\u00e7\u00e3o de pedras. Projetados especificamente para criar elegantes bordas ogee e ranhuras precisas em granito, m\u00e1rmore, quartzo e outras pedras naturais ou artificiais, esses rebolos proporcionam resultados de n\u00edvel profissional com efici\u00eancia excepcional.<\/p>\n<p class=\"ds-markdown-paragraph\">Fabricados com segmentos de diamante de alta qualidade e um n\u00facleo de a\u00e7o robusto, esses rebolos de perfilagem garantem desempenho duradouro e precis\u00e3o de corte consistente. O design segmentado aprimora a remo\u00e7\u00e3o de detritos, reduz o ac\u00famulo de calor e permite acabamentos suaves e limpos, mesmo nos materiais mais dif\u00edceis.<\/p>\n<p class=\"ds-markdown-paragraph\">Ideais para uso com m\u00e1quinas de perfilagem, nossos discos de 400 mm s\u00e3o perfeitos para o detalhamento de bordas de bancadas, pedras decorativas e aplica\u00e7\u00f5es arquitet\u00f4nicas. Quer esteja trabalhando em um projeto comercial ou em um projeto residencial personalizado, esses rebolos oferecem a confiabilidade e a precis\u00e3o que os profissionais confiam.<\/p>\n<p class=\"ds-markdown-paragraph\">Atualize seu kit de ferramentas de fabrica\u00e7\u00e3o de pedras com nossos rebolos de perfil segmentados com diamante - onde a tecnologia avan\u00e7ada encontra uma durabilidade inigual\u00e1vel.<\/p>\n<table>\n<tbody>\n<tr>\n<td colspan=\"6\" width=\"1115\"><strong><b>V<\/b><\/strong>\u00a0<strong><b>Tipo<\/b><\/strong>\u00a0<strong><b>Perfil<\/b><\/strong>\u00a0<strong><b>Roda<\/b><\/strong><\/td>\n<\/tr>\n<tr>\n<td rowspan=\"2\" width=\"257\"><strong><b>Produto<\/b><\/strong>\u00a0<strong><b>C\u00f3digo<\/b><\/strong><\/td>\n<td colspan=\"2\" width=\"324\"><strong><b>Externo<\/b><\/strong>\u00a0<strong><b>Di\u00e2metro<\/b><\/strong><\/td>\n<td rowspan=\"2\" width=\"223\"><strong><b>Pedra<\/b><\/strong>\u00a0<strong><b>Tamanho (mm)<\/b><\/strong><\/td>\n<td rowspan=\"2\" width=\"151\"><strong><b>Mandril (mm)<\/b><\/strong><\/td>\n<td rowspan=\"2\" width=\"159\"><strong><b>Tipo<\/b><\/strong><\/td>\n<\/tr>\n<tr>\n<td width=\"162\"><strong><b>Polegadas<\/b><\/strong><\/td>\n<td width=\"162\"><strong><b>mm<\/b><\/strong><\/td>\n<\/tr>\n<tr>\n<td width=\"257\">PW-V10-12(14)<\/td>\n<td width=\"162\">12\/14<\/td>\n<td width=\"162\">\u03c6300\/\u03c6350<\/td>\n<td width=\"223\">10<\/td>\n<td rowspan=\"4\" width=\"151\">&nbsp;<\/p>\n<p>50\/60<\/td>\n<td rowspan=\"4\" width=\"159\">&nbsp;<\/p>\n<p><strong><b>Segmentado<\/b><\/strong><\/td>\n<\/tr>\n<tr>\n<td width=\"257\">PW-V20-12(14)<\/td>\n<td width=\"162\">12\/14<\/td>\n<td width=\"162\">\u03c6300\/\u03c6350<\/td>\n<td width=\"223\">20<\/td>\n<\/tr>\n<tr>\n<td width=\"257\">PW-V30-12(14)<\/td>\n<td width=\"162\">12\/14<\/td>\n<td width=\"162\">\u03c6300\/350<\/td>\n<td width=\"223\">30<\/td>\n<\/tr>\n<tr>\n<td width=\"257\">PW-V40-12(14)<\/td>\n<td width=\"162\">12\/14<\/td>\n<td width=\"162\">\u03c6300\/350<\/td>\n<td width=\"223\">40<\/td>\n<\/tr>\n<\/tbody>\n<\/table>\n<p>&nbsp;<\/p>\n<table>\n<tbody>\n<tr>\n<td width=\"257\"><strong><b>B<\/b><\/strong>\u00a0\u00a0\u00a0<strong><b>Tipo<\/b><\/strong>\u00a0\u00a0\u00a0<strong><b>Perfil<\/b><\/strong>\u00a0\u00a0\u00a0<strong><b>Roda<\/b><\/strong><\/td>\n<td width=\"160\"><\/td>\n<td width=\"163\"><\/td>\n<td width=\"223\"><\/td>\n<td width=\"151\"><\/td>\n<td width=\"159\"><\/td>\n<\/tr>\n<tr>\n<td rowspan=\"2\" width=\"257\"><strong><b>Produto<\/b><\/strong>\u00a0<strong><b>C\u00f3digo<\/b><\/strong><\/td>\n<td colspan=\"2\" width=\"324\"><strong><b>Externo<\/b><\/strong>\u00a0<strong><b>Di\u00e2metro<\/b><\/strong><\/td>\n<td rowspan=\"2\" width=\"223\"><strong><b>Pedra<\/b><\/strong>\u00a0<strong><b>Tamanho (mm)<\/b><\/strong><\/td>\n<td rowspan=\"2\" width=\"151\"><strong><b>Mandril (mm)<\/b><\/strong><\/td>\n<td rowspan=\"2\" width=\"159\"><strong><b>Tipo<\/b><\/strong><\/td>\n<\/tr>\n<tr>\n<td width=\"160\"><strong><b>Polegadas<\/b><\/strong><\/td>\n<td width=\"163\"><strong><b>mm<\/b><\/strong><\/td>\n<\/tr>\n<tr>\n<td width=\"257\">PW-B10-12(14)<\/td>\n<td width=\"160\">12\/14<\/td>\n<td width=\"163\">\u03c6300\/350<\/td>\n<td width=\"223\">10<\/td>\n<td rowspan=\"5\" width=\"151\">&nbsp;<\/p>\n<p>&nbsp;<\/p>\n<p>&nbsp;<\/p>\n<p>50\/60<\/td>\n<td rowspan=\"5\" width=\"159\">&nbsp;<\/p>\n<p>&nbsp;<\/p>\n<p><strong><b>Segmentado<\/b><\/strong><\/td>\n<\/tr>\n<tr>\n<td width=\"257\">PW-B15-12(14)<\/td>\n<td width=\"160\">12\/14<\/td>\n<td width=\"163\">\u03c6300\/350<\/td>\n<td width=\"223\">15<\/td>\n<\/tr>\n<tr>\n<td width=\"257\">PW-B20-12(14)<\/td>\n<td width=\"160\">12\/14<\/td>\n<td width=\"163\">\u03c6300\/350<\/td>\n<td width=\"223\">20<\/td>\n<\/tr>\n<tr>\n<td width=\"257\">PW-B25-12(14)<\/td>\n<td width=\"160\">12\/14<\/td>\n<td width=\"163\">\u03c6300\/350<\/td>\n<td width=\"223\">25<\/td>\n<\/tr>\n<tr>\n<td width=\"257\">PW-B30-12(14)<\/td>\n<td width=\"160\">12\/14<\/td>\n<td width=\"163\">\u03c6300\/350<\/td>\n<td width=\"223\">30<\/td>\n<\/tr>\n<\/tbody>\n<\/table>\n<p>&nbsp;<\/p>\n<table>\n<tbody>\n<tr>\n<td colspan=\"6\" width=\"1115\"><strong><b>V<\/b><\/strong>\u00a0<strong><b>Tipo<\/b><\/strong>\u00a0<strong><b>Galvanizado<\/b><\/strong>\u00a0<strong><b>Perfil<\/b><\/strong>\u00a0<strong><b>Roda<\/b><\/strong><\/td>\n<\/tr>\n<tr>\n<td rowspan=\"2\" width=\"257\"><strong><b>Produto<\/b><\/strong>\u00a0<strong><b>C\u00f3digo<\/b><\/strong><\/td>\n<td colspan=\"2\" width=\"324\"><strong><b>Externo<\/b><\/strong>\u00a0<strong><b>Di\u00e2metro<\/b><\/strong><\/td>\n<td rowspan=\"2\" width=\"223\"><strong><b>Pedra<\/b><\/strong>\u00a0<strong><b>Tamanho (mm)<\/b><\/strong><\/td>\n<td rowspan=\"2\" width=\"151\"><strong><b>Mandril (mm)<\/b><\/strong><\/td>\n<td rowspan=\"2\" width=\"159\"><strong><b>Tipo<\/b><\/strong><\/td>\n<\/tr>\n<tr>\n<td width=\"162\"><strong><b>Polegadas<\/b><\/strong><\/td>\n<td width=\"162\"><strong><b>mm<\/b><\/strong><\/td>\n<\/tr>\n<tr>\n<td width=\"257\">EPW-V10-12(14)<\/td>\n<td width=\"162\">12\/14<\/td>\n<td width=\"162\">\u03c6300\/350<\/td>\n<td width=\"223\">10<\/td>\n<td rowspan=\"4\" width=\"151\">&nbsp;<\/p>\n<p>50\/60<\/td>\n<td rowspan=\"4\" width=\"159\">&nbsp;<\/p>\n<p><strong><b>Galvanizado<\/b><\/strong><\/td>\n<\/tr>\n<tr>\n<td width=\"257\">EPW-V20-12(14)<\/td>\n<td width=\"162\">12\/14<\/td>\n<td width=\"162\">\u03c6300\/\u03c6350<\/td>\n<td width=\"223\">20<\/td>\n<\/tr>\n<tr>\n<td width=\"257\">EPW-V30-12(14)<\/td>\n<td width=\"162\">12\/14<\/td>\n<td width=\"162\">\u03c6300\/\u03c6350<\/td>\n<td width=\"223\">30<\/td>\n<\/tr>\n<tr>\n<td width=\"257\">EPW-V40-12(14)<\/td>\n<td width=\"162\">12\/14<\/td>\n<td width=\"162\">\u03c6300\/\u03c6350<\/td>\n<td width=\"223\">40<\/td>\n<\/tr>\n<\/tbody>\n<\/table>\n<p>&nbsp;<\/p>\n<table>\n<tbody>\n<tr>\n<td colspan=\"6\" width=\"1115\"><strong><b>B<\/b><\/strong>\u00a0<strong><b>Tipo<\/b><\/strong>\u00a0<strong><b>Galvanizado<\/b><\/strong>\u00a0<strong><b>Perfil<\/b><\/strong>\u00a0<strong><b>Roda<\/b><\/strong><\/td>\n<\/tr>\n<tr>\n<td rowspan=\"2\" width=\"257\"><strong><b>Produto<\/b><\/strong>\u00a0<strong><b>C\u00f3digo<\/b><\/strong><\/td>\n<td colspan=\"2\" width=\"324\"><strong><b>Externo<\/b><\/strong>\u00a0<strong><b>Di\u00e2metro<\/b><\/strong><\/td>\n<td rowspan=\"2\" width=\"223\"><strong><b>Pedra<\/b><\/strong>\u00a0<strong><b>Tamanho (mm)<\/b><\/strong><\/td>\n<td rowspan=\"2\" width=\"151\"><strong><b>Mandril (mm)<\/b><\/strong><\/td>\n<td rowspan=\"2\" width=\"159\"><strong><b>Tipo<\/b><\/strong><\/td>\n<\/tr>\n<tr>\n<td width=\"162\"><strong><b>Polegadas<\/b><\/strong><\/td>\n<td width=\"162\"><strong><b>mm<\/b><\/strong><\/td>\n<\/tr>\n<tr>\n<td width=\"257\">EPW-B10-12(14)<\/td>\n<td width=\"162\">12\/14<\/td>\n<td width=\"162\">\u03c6300\/350<\/td>\n<td width=\"223\">10<\/td>\n<td rowspan=\"5\" width=\"151\">&nbsp;<\/p>\n<p>&nbsp;<\/p>\n<p>&nbsp;<\/p>\n<p>50\/60<\/td>\n<td rowspan=\"5\" width=\"159\">&nbsp;<\/p>\n<p>&nbsp;<\/p>\n<p>&nbsp;<\/p>\n<p><strong><b>Galvanizado<\/b><\/strong><\/td>\n<\/tr>\n<tr>\n<td width=\"257\">EPW-B15-12(14)<\/td>\n<td width=\"162\">12\/14<\/td>\n<td width=\"162\">\u03c6300\/\u03c6350<\/td>\n<td width=\"223\">15<\/td>\n<\/tr>\n<tr>\n<td width=\"257\">EPW-B20-12(14)<\/td>\n<td width=\"162\">12\/14<\/td>\n<td width=\"162\">\u03c6300\/350<\/td>\n<td width=\"223\">20<\/td>\n<\/tr>\n<tr>\n<td width=\"257\">EPW-B25-12(14)<\/td>\n<td width=\"162\">12\/14<\/td>\n<td width=\"162\">\u03c6300\/\u03c6350<\/td>\n<td width=\"223\">25<\/td>\n<\/tr>\n<tr>\n<td width=\"257\">EPW-B30-12(14)<\/td>\n<td width=\"162\">12\/14<\/td>\n<td width=\"162\">\u03c6300\/350<\/td>\n<td width=\"223\">30<\/td>\n<\/tr>\n<\/tbody>\n<\/table>\n<p>&nbsp;<\/p>\n<table>\n<tbody>\n<tr>\n<td colspan=\"6\" width=\"1115\"><strong><b>L<\/b><\/strong>\u00a0<strong><b>Tipo<\/b><\/strong>\u00a0<strong><b>Galvanizado<\/b><\/strong>\u00a0<strong><b>Perfil<\/b><\/strong>\u00a0<strong><b>Por<\/b><\/strong><strong><b>enguia<\/b><\/strong><\/td>\n<\/tr>\n<tr>\n<td rowspan=\"2\" width=\"257\"><strong><b>Produto<\/b><\/strong>\u00a0<strong><b>C\u00f3digo<\/b><\/strong><\/td>\n<td colspan=\"2\" width=\"324\"><strong><b>Externo<\/b><\/strong>\u00a0<strong><b>Di\u00e2metro<\/b><\/strong><\/td>\n<td rowspan=\"2\" width=\"224\"><strong><b>Pedra<\/b><\/strong>\u00a0<strong><b>Tamanho (mm)<\/b><\/strong><\/td>\n<td rowspan=\"2\" width=\"150\"><strong><b>\u00c1rvore<\/b><\/strong>\u00a0<strong><b>(mm)<\/b><\/strong><\/td>\n<td rowspan=\"2\" width=\"159\"><strong><b>Tipo<\/b><\/strong><\/td>\n<\/tr>\n<tr>\n<td width=\"162\"><strong><b>Polegadas<\/b><\/strong><\/td>\n<td width=\"162\"><strong><b>mm<\/b><\/strong><\/td>\n<\/tr>\n<tr>\n<td width=\"257\">EPW-B20-12(14)<\/td>\n<td width=\"162\">12\/14<\/td>\n<td width=\"162\">\u03c6300\/\u03c6350<\/td>\n<td width=\"224\">20<\/td>\n<td width=\"150\">50\/60<\/td>\n<td rowspan=\"3\" width=\"159\">&nbsp;<\/p>\n<p>Galvanizado<\/td>\n<\/tr>\n<tr>\n<td width=\"257\">EPW-B30-12(14)<\/td>\n<td width=\"162\">12\/14<\/td>\n<td width=\"162\">\u03c6300\/350<\/td>\n<td width=\"224\">30<\/td>\n<td width=\"150\">50\/60<\/td>\n<\/tr>\n<tr>\n<td width=\"257\">EPW-B40-12(14)<\/td>\n<td width=\"162\">12\/14<\/td>\n<td width=\"162\">\u03c6300\/\u03c6350<\/td>\n<td width=\"224\">40<\/td>\n<td width=\"150\">50\/60<\/td>\n<\/tr>\n<\/tbody>\n<\/table>\n<p>&nbsp;<\/p>\n<table>\n<tbody>\n<tr>\n<td colspan=\"6\" width=\"1115\"><strong><b>1\/2R<\/b><\/strong>\u00a0<strong><b>Convexo<\/b><\/strong>\u00a0<strong><b>Tipo<\/b><\/strong>\u00a0<strong><b>El\u00e9trica<\/b><\/strong><strong><b>troplado<\/b><\/strong>\u00a0<strong><b>Perfil<\/b><\/strong>\u00a0<strong><b>Roda<\/b><\/strong><\/td>\n<\/tr>\n<tr>\n<td rowspan=\"2\" width=\"257\"><strong><b>Produto<\/b><\/strong>\u00a0<strong><b>C\u00f3digo<\/b><\/strong><\/td>\n<td colspan=\"2\" width=\"324\"><strong><b>Externo<\/b><\/strong>\u00a0<strong><b>Di\u00e2metro<\/b><\/strong><\/td>\n<td rowspan=\"2\" width=\"223\"><strong><b>Pedra<\/b><\/strong>\u00a0<strong><b>Tamanho (mm)<\/b><\/strong><\/td>\n<td rowspan=\"2\" width=\"151\"><strong><b>Mandril (mm)<\/b><\/strong><\/td>\n<td rowspan=\"2\" width=\"159\"><strong><b>Tipo<\/b><\/strong><\/td>\n<\/tr>\n<tr>\n<td width=\"162\"><strong><b>Polegadas<\/b><\/strong><\/td>\n<td width=\"162\"><strong><b>mm<\/b><\/strong><\/td>\n<\/tr>\n<tr>\n<td width=\"257\">EPW-1\/2R10-12(14)<\/td>\n<td width=\"162\">12\/14<\/td>\n<td width=\"162\">\u03c6300\/350<\/td>\n<td width=\"223\">10<\/td>\n<td rowspan=\"5\" width=\"151\">&nbsp;<\/p>\n<p>&nbsp;<\/p>\n<p>50\/60<\/td>\n<td rowspan=\"5\" width=\"159\">&nbsp;<\/p>\n<p>&nbsp;<\/p>\n<p><strong><b>Galvanizado<\/b><\/strong><\/td>\n<\/tr>\n<tr>\n<td width=\"257\">EPW-1\/2R15-12(14)<\/td>\n<td width=\"162\">12\/14<\/td>\n<td width=\"162\">\u03c6300\/350<\/td>\n<td width=\"223\">15<\/td>\n<\/tr>\n<tr>\n<td width=\"257\">EPW-1\/2R20-12(14)<\/td>\n<td width=\"162\">12\/14<\/td>\n<td width=\"162\">\u03c6300\/350<\/td>\n<td width=\"223\">20<\/td>\n<\/tr>\n<tr>\n<td width=\"257\">EPW-1\/2R25-12(14)<\/td>\n<td width=\"162\">12\/14<\/td>\n<td width=\"162\">\u03c6300\/350<\/td>\n<td width=\"223\">25<\/td>\n<\/tr>\n<tr>\n<td width=\"257\">EPW-1\/2R30-12(14)<\/td>\n<td width=\"162\">12\/14<\/td>\n<td width=\"162\">\u03c6300\/350<\/td>\n<td width=\"223\">30<\/td>\n<\/tr>\n<\/tbody>\n<\/table>\n<p>&nbsp;<\/p>","protected":false},"excerpt":{"rendered":"<p class=\"ds-markdown-paragraph\">Nossos rebolos de perfil de pedra segmentados com diamante de 400 mm foram projetados para oferecer precis\u00e3o, durabilidade e desempenho superior na fabrica\u00e7\u00e3o de pedras. Projetados especificamente para criar elegantes bordas ogee e ranhuras precisas em granito, m\u00e1rmore, quartzo e outras pedras naturais ou artificiais, esses rebolos proporcionam resultados de n\u00edvel profissional com efici\u00eancia excepcional.<\/p>\n<p class=\"ds-markdown-paragraph\">Fabricados com segmentos de diamante de alta qualidade e um n\u00facleo de a\u00e7o robusto, esses rebolos de perfilagem garantem desempenho duradouro e precis\u00e3o de corte consistente. O design segmentado aprimora a remo\u00e7\u00e3o de detritos, reduz o ac\u00famulo de calor e permite acabamentos suaves e limpos, mesmo nos materiais mais dif\u00edceis.<\/p>\n<a href=\"#Quote-Button\" class=\"button primary is-large Inquiry-Button\" style=\"border-radius:99px;\">\n\t<i class=\"icon-heart\" aria-hidden=\"true\"><\/i>\t<span>Solicite agora<\/span>\n\t<\/a>\n\n<p class=\"ds-markdown-paragraph\">","protected":false},"featured_media":2265,"template":"","meta":[],"product_brand":[],"product_cat":[59],"product_tag":[187,188,176],"class_list":{"0":"post-2271","1":"product","2":"type-product","3":"status-publish","4":"has-post-thumbnail","6":"product_cat-stone-milling-tools","7":"product_tag-edge-ogee-wheels","8":"product_tag-stone-grooving-wheels","9":"product_tag-stone-profiling-tools","11":"first","12":"instock","13":"shipping-taxable","14":"product-type-simple"},"aioseo_notices":[],"_links":{"self":[{"href":"https:\/\/xmstonetools.com\/pt\/wp-json\/wp\/v2\/product\/2271","targetHints":{"allow":["GET"]}}],"collection":[{"href":"https:\/\/xmstonetools.com\/pt\/wp-json\/wp\/v2\/product"}],"about":[{"href":"https:\/\/xmstonetools.com\/pt\/wp-json\/wp\/v2\/types\/product"}],"wp:featuredmedia":[{"embeddable":true,"href":"https:\/\/xmstonetools.com\/pt\/wp-json\/wp\/v2\/media\/2265"}],"wp:attachment":[{"href":"https:\/\/xmstonetools.com\/pt\/wp-json\/wp\/v2\/media?parent=2271"}],"wp:term":[{"taxonomy":"product_brand","embeddable":true,"href":"https:\/\/xmstonetools.com\/pt\/wp-json\/wp\/v2\/product_brand?post=2271"},{"taxonomy":"product_cat","embeddable":true,"href":"https:\/\/xmstonetools.com\/pt\/wp-json\/wp\/v2\/product_cat?post=2271"},{"taxonomy":"product_tag","embeddable":true,"href":"https:\/\/xmstonetools.com\/pt\/wp-json\/wp\/v2\/product_tag?post=2271"}],"curies":[{"name":"wp","href":"https:\/\/api.w.org\/{rel}","templated":true}]}}