{"id":1158,"date":"2022-11-13T22:19:35","date_gmt":"2022-11-13T14:19:35","guid":{"rendered":"https:\/\/xmstonetools.com\/?post_type=product&#038;p=1158"},"modified":"2023-03-28T15:59:53","modified_gmt":"2023-03-28T07:59:53","slug":"tas-ocagi-madenciligi-icin-elmas-segmentleri","status":"publish","type":"product","link":"https:\/\/xmstonetools.com\/tr\/urun\/tas-ocagi-madenciligi-icin-elmas-segmentleri\/","title":{"rendered":"Ta\u015f Oca\u011f\u0131 Madencili\u011fi i\u00e7in Elmas Segmentleri"},"content":{"rendered":"<p><strong><span data-spm-anchor-id=\"a2700.details.0.i15.e4252270hxnvGB\">\u00dcr\u00fcn Detaylar\u0131:<\/span><\/strong><br \/>\nElmas segmentlerSegmentler g\u00fcm\u00fc\u015f lehim ile lehimlenerek \u00e7ekirde\u011fe ba\u011flan\u0131r;<br \/>\nY\u00fcksek Kaliteli Elmas Segmenti \u00d6zel ve \u0130leri Tekniklerle Y\u00fcksek Kaliteli Elmastan \u00dcretilmi\u015ftir;<br \/>\n\u00c7ap\u0131 100 mm ila 3000 mm b\u0131\u00e7ak i\u00e7in segment;<br \/>\nM\u00fc\u015fteriler taraf\u0131ndan sa\u011flanan \u00f6zellikler mevcuttur;<br \/>\nY\u00fcksek kesme verimlili\u011fi ve uzun \u00f6m\u00fcr;<br \/>\n<strong>Formlar:<\/strong><br \/>\nM \u015fekli, K \u015fekli, Konik \u015fekil, D\u00fcz \u015fekil, T \u015fekli, U \u015fekli, vb.<\/p>\n<p><strong><span data-spm-anchor-id=\"a2700.details.0.i16.e4252270hxnvGB\">Elmas segmenti uygulamas\u0131:<\/span><\/strong><br \/>\nElmas Segment, granit, mermer, asfalt, fayans, beton, yang\u0131na dayan\u0131kl\u0131 malzemelerin kesilmesi veya s\u00fcrekli parlatma makinesi i\u00e7in \u00fcretilebilir. B\u00fcy\u00fck dairesel testere b\u0131\u00e7aklar\u0131 i\u00e7in elmas segmentlerimiz her zaman sandvi\u00e7 tasar\u0131m\u0131nda \u00fcretilmektedir. \u015eekiller ne olursa olsun, ama\u00e7 iyi bir so\u011futma elde etmek ve tala\u015f\u0131 kolayca temizlemektir. D\u0131\u015f ve i\u00e7 katmanlardaki elmaslar ve ba\u011flar, kesme stabilitesini sa\u011flamak i\u00e7in dikkatlice tasarlanm\u0131\u015ft\u0131r.<\/p>\n<table class=\"aliDataTable\" border=\"1\" cellspacing=\"0\" cellpadding=\"0\">\n<tbody>\n<tr align=\"left\">\n<td rowspan=\"2\"><strong>Model Numaras\u0131<\/strong><\/td>\n<td><strong>\u0130n\u00e7<\/strong><\/td>\n<td><strong>\u00c7ap<\/strong><\/td>\n<td><strong>Uzunluk<\/strong><\/td>\n<td><strong>Y\u00fckseklik (D\u00fcz)<\/strong><\/td>\n<td><strong>Y\u00fckseklik (D\u00fcz)<\/strong><\/td>\n<td><strong>Y\u00fckseklik (tip)<\/strong><\/td>\n<td rowspan=\"2\"><strong>Segment No.\u00a0<\/strong><\/td>\n<td rowspan=\"2\"><strong>\u015eunun i\u00e7in kullan\u0131n<\/strong><\/td>\n<\/tr>\n<tr align=\"left\">\n<td><strong>(i\u00e7inde)<\/strong><\/td>\n<td><strong>(mm)<\/strong><\/td>\n<td><strong>(mm)<\/strong><\/td>\n<td><strong>(mm)<\/strong><\/td>\n<td><strong>(mm)<\/strong><\/td>\n<td><strong>(mm)<\/strong><\/td>\n<\/tr>\n<tr align=\"left\">\n<td><strong>HSGB300<\/strong><\/td>\n<td>12<\/td>\n<td>300<\/td>\n<td>38<\/td>\n<td>3.0\/3.2<\/td>\n<td>10\/12\/15<\/td>\n<td rowspan=\"6\">10\/12\/15<\/td>\n<td>21<\/td>\n<td rowspan=\"16\">tek veya \u00e7ok kanatl\u0131<\/td>\n<\/tr>\n<tr align=\"left\">\n<td><strong>HSGB350<\/strong><\/td>\n<td>14<\/td>\n<td>350<\/td>\n<td>38<\/td>\n<td>3.2\/3.4<\/td>\n<td>10\/12\/15<\/td>\n<td>24<\/td>\n<\/tr>\n<tr align=\"left\">\n<td><strong>HSGB400<\/strong><\/td>\n<td>16<\/td>\n<td>400<\/td>\n<td>38<\/td>\n<td>3.6\/3.8<\/td>\n<td>10\/12\/15<\/td>\n<td>28<\/td>\n<\/tr>\n<tr align=\"left\">\n<td><strong>HSGB450<\/strong><\/td>\n<td>18<\/td>\n<td>450<\/td>\n<td>38<\/td>\n<td>3.8\/4.2<\/td>\n<td>10\/12\/15<\/td>\n<td>32<\/td>\n<\/tr>\n<tr align=\"left\">\n<td><strong>HSGB500<\/strong><\/td>\n<td>20<\/td>\n<td>500<\/td>\n<td>38<\/td>\n<td>4.4\/4.8<\/td>\n<td>10\/12\/15<\/td>\n<td>36<\/td>\n<\/tr>\n<tr align=\"left\">\n<td><strong>HSGB600<\/strong><\/td>\n<td>24<\/td>\n<td>600<\/td>\n<td>38<\/td>\n<td>4.8\/5.2<\/td>\n<td>10\/12\/15<\/td>\n<td>42<\/td>\n<\/tr>\n<tr align=\"left\">\n<td><strong>HSGB800<\/strong><\/td>\n<td>32<\/td>\n<td>800<\/td>\n<td>22.5\/24<\/td>\n<td>6.6\/7.4<\/td>\n<td>12\/15\/20<\/td>\n<td rowspan=\"6\">11.5\/12.5<\/td>\n<td>70<\/td>\n<\/tr>\n<tr align=\"left\">\n<td><strong>HSGB900<\/strong><\/td>\n<td>36<\/td>\n<td>900<\/td>\n<td>22.5\/24<\/td>\n<td>7.0\/7.8<\/td>\n<td>12\/15\/20<\/td>\n<td>80<\/td>\n<\/tr>\n<tr align=\"left\">\n<td><strong>HSGB1000<\/strong><\/td>\n<td>40<\/td>\n<td>1000<\/td>\n<td>22.5\/24<\/td>\n<td>7.6\/8.2<\/td>\n<td>12\/15\/20<\/td>\n<td>92<\/td>\n<\/tr>\n<tr align=\"left\">\n<td><strong>HSGB1200<\/strong><\/td>\n<td>48<\/td>\n<td>1200<\/td>\n<td>22.5\/24<\/td>\n<td data-spm-anchor-id=\"a2700.details.0.i11.e4252270hxnvGB\">7.8\/8.4<\/td>\n<td data-spm-anchor-id=\"a2700.details.0.i12.e4252270hxnvGB\">12\/15\/20<\/td>\n<td>92<\/td>\n<\/tr>\n<tr align=\"left\">\n<td><strong>HSGB1400<\/strong><\/td>\n<td>56<\/td>\n<td>1400<\/td>\n<td>22.5\/24<\/td>\n<td>8.0\/8.8<\/td>\n<td>12\/15\/20<\/td>\n<td>96<\/td>\n<\/tr>\n<tr align=\"left\">\n<td><strong>HSGB1600<\/strong><\/td>\n<td>64<\/td>\n<td>1600<\/td>\n<td>22.5\/24<\/td>\n<td>8.4\/9.2<\/td>\n<td>12\/15\/20<\/td>\n<td>108<\/td>\n<\/tr>\n<tr align=\"left\">\n<td><strong>HSGB1800<\/strong><\/td>\n<td>72<\/td>\n<td>1800<\/td>\n<td>22.5\/24<\/td>\n<td>9.2\/9.8<\/td>\n<td>12\/15\/20<\/td>\n<td rowspan=\"4\">14\/15<\/td>\n<td>120<\/td>\n<\/tr>\n<tr align=\"left\">\n<td><strong>HSGB2000<\/strong><\/td>\n<td>80<\/td>\n<td>2000<\/td>\n<td>22.5\/24<\/td>\n<td>9.6\/10.2<\/td>\n<td>12\/15\/20<\/td>\n<td>128<\/td>\n<\/tr>\n<tr align=\"left\">\n<td><strong>HSGB2200<\/strong><\/td>\n<td>88<\/td>\n<td>2200<\/td>\n<td>22.5\/24<\/td>\n<td>13.6\/14.2<\/td>\n<td>12\/15\/20<\/td>\n<td>132<\/td>\n<\/tr>\n<tr align=\"left\">\n<td><strong>HSGB2500<\/strong><\/td>\n<td>100<\/td>\n<td>2500<\/td>\n<td>22.5\/24<\/td>\n<td>14.5\/15.1<\/td>\n<td>12\/15\/20<\/td>\n<td>140<\/td>\n<\/tr>\n<\/tbody>\n<\/table>\n<p>&nbsp;<\/p>","protected":false},"excerpt":{"rendered":"<p><strong>Elmas segmentimizin avantaj\u0131:<\/strong><br \/>\n1. Y\u00fcksek oranda ba\u011f malzemesi<br \/>\n2. Y\u00fcksek dereceli elmaslar<br \/>\n3. Farkl\u0131 ta\u015flara kar\u015f\u0131 y\u00fczlerce form\u00fcl ile 13 y\u0131l\u0131 a\u015fk\u0131n deneyim<br \/>\n4. Rekabet\u00e7i fiyat ve istikrarl\u0131 kalite<br \/>\n5. S\u0131k\u0131 kalite kontrol\u00fc<br \/>\n6. \u00dcr\u00fcnlerimiz uzun \u00f6m\u00fcrl\u00fcd\u00fcr ve keskin bir kesim sa\u011flar<\/p>\n<a href=\"#Quote-Button\" class=\"button primary is-large Inquiry-Button\" style=\"border-radius:99px;\">\n\t<i class=\"icon-heart\" aria-hidden=\"true\"><\/i>\t<span>\u015eimdi Sorgula<\/span>\n\t<\/a>","protected":false},"featured_media":1415,"template":"","meta":[],"product_brand":[],"product_cat":[58],"product_tag":[64,65],"class_list":{"0":"post-1158","1":"product","2":"type-product","3":"status-publish","4":"has-post-thumbnail","6":"product_cat-diamond-segments","7":"product_tag-diamond-segments","8":"product_tag-marble-quarrying-segment","10":"first","11":"instock","12":"shipping-taxable","13":"product-type-simple"},"aioseo_notices":[],"_links":{"self":[{"href":"https:\/\/xmstonetools.com\/tr\/wp-json\/wp\/v2\/product\/1158","targetHints":{"allow":["GET"]}}],"collection":[{"href":"https:\/\/xmstonetools.com\/tr\/wp-json\/wp\/v2\/product"}],"about":[{"href":"https:\/\/xmstonetools.com\/tr\/wp-json\/wp\/v2\/types\/product"}],"wp:featuredmedia":[{"embeddable":true,"href":"https:\/\/xmstonetools.com\/tr\/wp-json\/wp\/v2\/media\/1415"}],"wp:attachment":[{"href":"https:\/\/xmstonetools.com\/tr\/wp-json\/wp\/v2\/media?parent=1158"}],"wp:term":[{"taxonomy":"product_brand","embeddable":true,"href":"https:\/\/xmstonetools.com\/tr\/wp-json\/wp\/v2\/product_brand?post=1158"},{"taxonomy":"product_cat","embeddable":true,"href":"https:\/\/xmstonetools.com\/tr\/wp-json\/wp\/v2\/product_cat?post=1158"},{"taxonomy":"product_tag","embeddable":true,"href":"https:\/\/xmstonetools.com\/tr\/wp-json\/wp\/v2\/product_tag?post=1158"}],"curies":[{"name":"wp","href":"https:\/\/api.w.org\/{rel}","templated":true}]}}