{"id":1168,"date":"2022-11-14T10:20:44","date_gmt":"2022-11-14T02:20:44","guid":{"rendered":"https:\/\/xmstonetools.com\/?post_type=product&#038;p=1168"},"modified":"2023-03-28T15:59:44","modified_gmt":"2023-03-28T07:59:44","slug":"vakum-lehimli-elmas-freze-ucu","status":"publish","type":"product","link":"https:\/\/xmstonetools.com\/tr\/urun\/vakum-lehimli-elmas-freze-ucu\/","title":{"rendered":"Vakum Kaynakl\u0131 Elmas Freze Ucu"},"content":{"rendered":"<div>\n<figure id=\"attachment_1166\" aria-describedby=\"caption-attachment-1166\" style=\"width: 1020px\" class=\"wp-caption aligncenter\"><img loading=\"lazy\" decoding=\"async\" class=\"wp-image-1166 size-large\" src=\"https:\/\/xmstonetools.com\/wp-content\/uploads\/2022\/11\/Details-of-Vacuum-Brazed-Diamond-Router-Bits-1216x800.jpg\" alt=\"Vakum Kaynakl\u0131 Elmas Freze U\u00e7lar\u0131n\u0131n Detaylar\u0131\" width=\"1020\" height=\"671\" srcset=\"https:\/\/xmstonetools.com\/wp-content\/uploads\/2022\/11\/Details-of-Vacuum-Brazed-Diamond-Router-Bits-1216x800.jpg 1216w, https:\/\/xmstonetools.com\/wp-content\/uploads\/2022\/11\/Details-of-Vacuum-Brazed-Diamond-Router-Bits-608x400.jpg 608w, https:\/\/xmstonetools.com\/wp-content\/uploads\/2022\/11\/Details-of-Vacuum-Brazed-Diamond-Router-Bits-768x505.jpg 768w, https:\/\/xmstonetools.com\/wp-content\/uploads\/2022\/11\/Details-of-Vacuum-Brazed-Diamond-Router-Bits-600x395.jpg 600w, https:\/\/xmstonetools.com\/wp-content\/uploads\/2022\/11\/Details-of-Vacuum-Brazed-Diamond-Router-Bits.jpg 1303w\" sizes=\"auto, (max-width: 1020px) 100vw, 1020px\" \/><figcaption id=\"caption-attachment-1166\" class=\"wp-caption-text\">Vakum Kaynakl\u0131 Elmas Freze U\u00e7lar\u0131n\u0131n Detaylar\u0131<\/figcaption><\/figure>\n<figure id=\"attachment_1165\" aria-describedby=\"caption-attachment-1165\" style=\"width: 750px\" class=\"wp-caption aligncenter\"><img loading=\"lazy\" decoding=\"async\" class=\"wp-image-1165 size-full\" src=\"https:\/\/xmstonetools.com\/wp-content\/uploads\/2022\/11\/Design-Diamond-Router-Bits.jpg\" alt=\"Tasar\u0131m Elmas Freze U\u00e7lar\u0131\" width=\"750\" height=\"458\" srcset=\"https:\/\/xmstonetools.com\/wp-content\/uploads\/2022\/11\/Design-Diamond-Router-Bits.jpg 750w, https:\/\/xmstonetools.com\/wp-content\/uploads\/2022\/11\/Design-Diamond-Router-Bits-655x400.jpg 655w, https:\/\/xmstonetools.com\/wp-content\/uploads\/2022\/11\/Design-Diamond-Router-Bits-600x366.jpg 600w\" sizes=\"auto, (max-width: 750px) 100vw, 750px\" \/><figcaption id=\"caption-attachment-1165\" class=\"wp-caption-text\">Tasar\u0131m Elmas Freze U\u00e7lar\u0131<\/figcaption><\/figure>\n<figure id=\"attachment_1167\" aria-describedby=\"caption-attachment-1167\" style=\"width: 729px\" class=\"wp-caption aligncenter\"><img loading=\"lazy\" decoding=\"async\" class=\"wp-image-1167 size-full\" src=\"https:\/\/xmstonetools.com\/wp-content\/uploads\/2022\/11\/Packing-of-Vacuum-Brazed-Diamond-Router-Bits.jpg\" alt=\"Vakum Kaynakl\u0131 Elmas Freze U\u00e7lar\u0131n\u0131n Paketlenmesi\" width=\"729\" height=\"701\" srcset=\"https:\/\/xmstonetools.com\/wp-content\/uploads\/2022\/11\/Packing-of-Vacuum-Brazed-Diamond-Router-Bits.jpg 729w, https:\/\/xmstonetools.com\/wp-content\/uploads\/2022\/11\/Packing-of-Vacuum-Brazed-Diamond-Router-Bits-416x400.jpg 416w, https:\/\/xmstonetools.com\/wp-content\/uploads\/2022\/11\/Packing-of-Vacuum-Brazed-Diamond-Router-Bits-600x577.jpg 600w\" sizes=\"auto, (max-width: 729px) 100vw, 729px\" \/><figcaption id=\"caption-attachment-1167\" class=\"wp-caption-text\">Vakum Kaynakl\u0131 Elmas Freze U\u00e7lar\u0131n\u0131n Paketlenmesi<\/figcaption><\/figure>\n<p>\u00d6zellikler: 20mm 30mm 40mm<\/p>\n<\/div>\n<div class=\"rich-text-table\">\n<div class=\"w-full oxa\">\n<table width=\"1078\" cellspacing=\"1\" cellpadding=\"1\">\n<tbody>\n<tr class=\"firstRow\">\n<td width=\"538\" height=\"14\">Marka:<\/td>\n<td width=\"538\" height=\"14\">Sino Poly<\/td>\n<\/tr>\n<tr>\n<td width=\"538\">\u00dcr\u00fcn No.<\/td>\n<td width=\"538\">ZL-C1B<\/td>\n<\/tr>\n<tr>\n<td width=\"538\">Tip:<\/td>\n<td width=\"538\">Elmas Profil \u00c7ark\u0131<\/td>\n<\/tr>\n<tr>\n<td width=\"538\" height=\"20\">Boyut:<\/td>\n<td width=\"538\" height=\"20\">20mm 30mm 40mm<\/td>\n<\/tr>\n<tr>\n<td width=\"538\">Thead:<\/td>\n<td width=\"538\">M14,5\/8-11<\/td>\n<\/tr>\n<tr>\n<td width=\"538\">Kullan\u0131m:<\/td>\n<td width=\"538\">Granit, Mermer, Profilli Di\u011fer Ta\u015flar<\/td>\n<\/tr>\n<tr>\n<td width=\"538\">Paketleme:<\/td>\n<td width=\"538\">Standart ihracat kartonu<\/td>\n<\/tr>\n<tr>\n<td width=\"538\">ADEDI:<\/td>\n<td width=\"538\">10Set<\/td>\n<\/tr>\n<tr>\n<td width=\"538\">Teslimat s\u00fcresi:<\/td>\n<td width=\"538\">5-15 i\u015f g\u00fcn\u00fc<\/td>\n<\/tr>\n<\/tbody>\n<\/table>\n<\/div>\n<\/div>","protected":false},"excerpt":{"rendered":"<p><span data-spm-anchor-id=\"a2700.details.0.i5.20fc54c9GMivF6\">Temel olarak manuel tipte \u00e7e\u015fitli granit ve mermer i\u00e7in kenar veya e\u011fri \u00e7izgisini \u015fekillendirmek i\u00e7in kullan\u0131l\u0131r <a href=\"https:\/\/xmstonetools.com\/tr\/urun\/elmas-parmak-uclari\/\" target=\"_blank\" rel=\"noopener\">profil olu\u015fturma<\/a> a\u00e7\u0131l\u0131 ta\u015flama veya su parlat\u0131c\u0131 gibi makineler.<\/span><\/p>\n<p><span data-spm-anchor-id=\"a2700.details.0.i5.20fc54c9GMivF6\">1)\u00a0<\/span>Uzun \u00f6m\u00fcr ve istikrarl\u0131 performans ile agresif kesim<\/p>\n<p>2) H\u0131zl\u0131 ve p\u00fcr\u00fczs\u00fcz ta\u015flama<br \/>\n3) Rekabet\u00e7i fiyat ve \u00fcst\u00fcn kalite.<br \/>\n4) Y\u00fcksek kalite: QC testimizi 3 kez ge\u00e7melidir<\/p>\n<a href=\"#Quote-Button\" class=\"button primary is-large Inquiry-Button\" style=\"border-radius:99px;\">\n\t<i class=\"icon-heart\" aria-hidden=\"true\"><\/i>\t<span>\u015eimdi Sorgula<\/span>\n\t<\/a>","protected":false},"featured_media":1162,"template":"","meta":[],"product_brand":[],"product_cat":[56],"product_tag":[67,66],"class_list":{"0":"post-1168","1":"product","2":"type-product","3":"status-publish","4":"has-post-thumbnail","6":"product_cat-stone-grinding-tools","7":"product_tag-diamond-cup-wheels","8":"product_tag-vacuum-brazed-stone-tools","10":"first","11":"instock","12":"shipping-taxable","13":"product-type-simple"},"aioseo_notices":[],"_links":{"self":[{"href":"https:\/\/xmstonetools.com\/tr\/wp-json\/wp\/v2\/product\/1168","targetHints":{"allow":["GET"]}}],"collection":[{"href":"https:\/\/xmstonetools.com\/tr\/wp-json\/wp\/v2\/product"}],"about":[{"href":"https:\/\/xmstonetools.com\/tr\/wp-json\/wp\/v2\/types\/product"}],"wp:featuredmedia":[{"embeddable":true,"href":"https:\/\/xmstonetools.com\/tr\/wp-json\/wp\/v2\/media\/1162"}],"wp:attachment":[{"href":"https:\/\/xmstonetools.com\/tr\/wp-json\/wp\/v2\/media?parent=1168"}],"wp:term":[{"taxonomy":"product_brand","embeddable":true,"href":"https:\/\/xmstonetools.com\/tr\/wp-json\/wp\/v2\/product_brand?post=1168"},{"taxonomy":"product_cat","embeddable":true,"href":"https:\/\/xmstonetools.com\/tr\/wp-json\/wp\/v2\/product_cat?post=1168"},{"taxonomy":"product_tag","embeddable":true,"href":"https:\/\/xmstonetools.com\/tr\/wp-json\/wp\/v2\/product_tag?post=1168"}],"curies":[{"name":"wp","href":"https:\/\/api.w.org\/{rel}","templated":true}]}}