{"id":1181,"date":"2022-11-14T10:39:26","date_gmt":"2022-11-14T02:39:26","guid":{"rendered":"https:\/\/xmstonetools.com\/?post_type=product&#038;p=1181"},"modified":"2023-03-28T15:58:41","modified_gmt":"2023-03-28T07:58:41","slug":"tas-profilleme-icin-elmas-tel-testere","status":"publish","type":"product","link":"https:\/\/xmstonetools.com\/tr\/urun\/tas-profilleme-icin-elmas-tel-testere\/","title":{"rendered":"Ta\u015f Profilleme \u0130\u00e7in Elmas Tel Testere"},"content":{"rendered":"<figure id=\"attachment_1180\" aria-describedby=\"caption-attachment-1180\" style=\"width: 800px\" class=\"wp-caption alignnone\"><img loading=\"lazy\" decoding=\"async\" class=\"wp-image-1180 size-large\" src=\"https:\/\/xmstonetools.com\/wp-content\/uploads\/2022\/11\/Rubber-Diamond-Wire-Saw-for-Profiling-800x800.jpg\" alt=\"Profilleme i\u00e7in Kau\u00e7uk-Elmas-Tel Testere\" width=\"800\" height=\"800\" srcset=\"https:\/\/xmstonetools.com\/wp-content\/uploads\/2022\/11\/Rubber-Diamond-Wire-Saw-for-Profiling-800x800.jpg 800w, https:\/\/xmstonetools.com\/wp-content\/uploads\/2022\/11\/Rubber-Diamond-Wire-Saw-for-Profiling-400x400.jpg 400w, https:\/\/xmstonetools.com\/wp-content\/uploads\/2022\/11\/Rubber-Diamond-Wire-Saw-for-Profiling-280x280.jpg 280w, https:\/\/xmstonetools.com\/wp-content\/uploads\/2022\/11\/Rubber-Diamond-Wire-Saw-for-Profiling-768x768.jpg 768w, https:\/\/xmstonetools.com\/wp-content\/uploads\/2022\/11\/Rubber-Diamond-Wire-Saw-for-Profiling-300x300.jpg 300w, https:\/\/xmstonetools.com\/wp-content\/uploads\/2022\/11\/Rubber-Diamond-Wire-Saw-for-Profiling-600x600.jpg 600w, https:\/\/xmstonetools.com\/wp-content\/uploads\/2022\/11\/Rubber-Diamond-Wire-Saw-for-Profiling-100x100.jpg 100w, https:\/\/xmstonetools.com\/wp-content\/uploads\/2022\/11\/Rubber-Diamond-Wire-Saw-for-Profiling-120x120.jpg 120w, https:\/\/xmstonetools.com\/wp-content\/uploads\/2022\/11\/Rubber-Diamond-Wire-Saw-for-Profiling.jpg 1500w\" sizes=\"auto, (max-width: 800px) 100vw, 800px\" \/><figcaption id=\"caption-attachment-1180\" class=\"wp-caption-text\">Profilleme i\u00e7in Kau\u00e7uk-Elmas-Tel Testere<\/figcaption><\/figure>\n<p><img loading=\"lazy\" decoding=\"async\" class=\"alignnone wp-image-1179 size-large\" src=\"https:\/\/xmstonetools.com\/wp-content\/uploads\/2022\/11\/Diamond-Wire-Saw-for-Granite-Profiling-2-800x800.jpg\" alt=\"\" width=\"800\" height=\"800\" srcset=\"https:\/\/xmstonetools.com\/wp-content\/uploads\/2022\/11\/Diamond-Wire-Saw-for-Granite-Profiling-2-800x800.jpg 800w, https:\/\/xmstonetools.com\/wp-content\/uploads\/2022\/11\/Diamond-Wire-Saw-for-Granite-Profiling-2-400x400.jpg 400w, https:\/\/xmstonetools.com\/wp-content\/uploads\/2022\/11\/Diamond-Wire-Saw-for-Granite-Profiling-2-280x280.jpg 280w, https:\/\/xmstonetools.com\/wp-content\/uploads\/2022\/11\/Diamond-Wire-Saw-for-Granite-Profiling-2-768x768.jpg 768w, https:\/\/xmstonetools.com\/wp-content\/uploads\/2022\/11\/Diamond-Wire-Saw-for-Granite-Profiling-2-300x300.jpg 300w, https:\/\/xmstonetools.com\/wp-content\/uploads\/2022\/11\/Diamond-Wire-Saw-for-Granite-Profiling-2-600x600.jpg 600w, https:\/\/xmstonetools.com\/wp-content\/uploads\/2022\/11\/Diamond-Wire-Saw-for-Granite-Profiling-2-100x100.jpg 100w, https:\/\/xmstonetools.com\/wp-content\/uploads\/2022\/11\/Diamond-Wire-Saw-for-Granite-Profiling-2-120x120.jpg 120w, https:\/\/xmstonetools.com\/wp-content\/uploads\/2022\/11\/Diamond-Wire-Saw-for-Granite-Profiling-2.jpg 1500w\" sizes=\"auto, (max-width: 800px) 100vw, 800px\" \/> <img loading=\"lazy\" decoding=\"async\" class=\"alignnone wp-image-1178 size-large\" src=\"https:\/\/xmstonetools.com\/wp-content\/uploads\/2022\/11\/Diamond-Wire-Saw-for-Granite-Profiling-1-800x800.jpg\" alt=\"\" width=\"800\" height=\"800\" srcset=\"https:\/\/xmstonetools.com\/wp-content\/uploads\/2022\/11\/Diamond-Wire-Saw-for-Granite-Profiling-1-800x800.jpg 800w, https:\/\/xmstonetools.com\/wp-content\/uploads\/2022\/11\/Diamond-Wire-Saw-for-Granite-Profiling-1-400x400.jpg 400w, https:\/\/xmstonetools.com\/wp-content\/uploads\/2022\/11\/Diamond-Wire-Saw-for-Granite-Profiling-1-280x280.jpg 280w, https:\/\/xmstonetools.com\/wp-content\/uploads\/2022\/11\/Diamond-Wire-Saw-for-Granite-Profiling-1-768x768.jpg 768w, https:\/\/xmstonetools.com\/wp-content\/uploads\/2022\/11\/Diamond-Wire-Saw-for-Granite-Profiling-1-300x300.jpg 300w, https:\/\/xmstonetools.com\/wp-content\/uploads\/2022\/11\/Diamond-Wire-Saw-for-Granite-Profiling-1-600x600.jpg 600w, https:\/\/xmstonetools.com\/wp-content\/uploads\/2022\/11\/Diamond-Wire-Saw-for-Granite-Profiling-1-100x100.jpg 100w, https:\/\/xmstonetools.com\/wp-content\/uploads\/2022\/11\/Diamond-Wire-Saw-for-Granite-Profiling-1-120x120.jpg 120w, https:\/\/xmstonetools.com\/wp-content\/uploads\/2022\/11\/Diamond-Wire-Saw-for-Granite-Profiling-1.jpg 1500w\" sizes=\"auto, (max-width: 800px) 100vw, 800px\" \/> <img loading=\"lazy\" decoding=\"async\" class=\"alignnone wp-image-1177 size-full\" src=\"https:\/\/xmstonetools.com\/wp-content\/uploads\/2022\/11\/Diamond-Wire-Saw-for-Granite-Profiling.jpg\" alt=\"\" width=\"685\" height=\"459\" srcset=\"https:\/\/xmstonetools.com\/wp-content\/uploads\/2022\/11\/Diamond-Wire-Saw-for-Granite-Profiling.jpg 685w, https:\/\/xmstonetools.com\/wp-content\/uploads\/2022\/11\/Diamond-Wire-Saw-for-Granite-Profiling-597x400.jpg 597w, https:\/\/xmstonetools.com\/wp-content\/uploads\/2022\/11\/Diamond-Wire-Saw-for-Granite-Profiling-600x402.jpg 600w\" sizes=\"auto, (max-width: 685px) 100vw, 685px\" \/> <img loading=\"lazy\" decoding=\"async\" class=\"alignnone wp-image-1176 size-full\" src=\"https:\/\/xmstonetools.com\/wp-content\/uploads\/2022\/11\/Diamond-Wire-Saw-for-Granite-Profiling-Under-Manufacturer.jpg\" alt=\"\" width=\"790\" height=\"1003\" srcset=\"https:\/\/xmstonetools.com\/wp-content\/uploads\/2022\/11\/Diamond-Wire-Saw-for-Granite-Profiling-Under-Manufacturer.jpg 790w, https:\/\/xmstonetools.com\/wp-content\/uploads\/2022\/11\/Diamond-Wire-Saw-for-Granite-Profiling-Under-Manufacturer-315x400.jpg 315w, https:\/\/xmstonetools.com\/wp-content\/uploads\/2022\/11\/Diamond-Wire-Saw-for-Granite-Profiling-Under-Manufacturer-630x800.jpg 630w, https:\/\/xmstonetools.com\/wp-content\/uploads\/2022\/11\/Diamond-Wire-Saw-for-Granite-Profiling-Under-Manufacturer-768x975.jpg 768w, https:\/\/xmstonetools.com\/wp-content\/uploads\/2022\/11\/Diamond-Wire-Saw-for-Granite-Profiling-Under-Manufacturer-600x762.jpg 600w\" sizes=\"auto, (max-width: 790px) 100vw, 790px\" \/> <img loading=\"lazy\" decoding=\"async\" class=\"alignnone wp-image-1173 size-full\" src=\"https:\/\/xmstonetools.com\/wp-content\/uploads\/2022\/11\/Diamond-Wire-Saw-for-Granite-Profiling-Packing.jpg\" alt=\"\" width=\"790\" height=\"516\" srcset=\"https:\/\/xmstonetools.com\/wp-content\/uploads\/2022\/11\/Diamond-Wire-Saw-for-Granite-Profiling-Packing.jpg 790w, https:\/\/xmstonetools.com\/wp-content\/uploads\/2022\/11\/Diamond-Wire-Saw-for-Granite-Profiling-Packing-612x400.jpg 612w, https:\/\/xmstonetools.com\/wp-content\/uploads\/2022\/11\/Diamond-Wire-Saw-for-Granite-Profiling-Packing-768x502.jpg 768w, https:\/\/xmstonetools.com\/wp-content\/uploads\/2022\/11\/Diamond-Wire-Saw-for-Granite-Profiling-Packing-600x392.jpg 600w\" sizes=\"auto, (max-width: 790px) 100vw, 790px\" \/> <img loading=\"lazy\" decoding=\"async\" class=\"alignnone wp-image-1174 size-full\" src=\"https:\/\/xmstonetools.com\/wp-content\/uploads\/2022\/11\/Diamond-Wire-Saw-for-Granite-Profiling-Packing-2.jpg\" alt=\"\" width=\"790\" height=\"542\" srcset=\"https:\/\/xmstonetools.com\/wp-content\/uploads\/2022\/11\/Diamond-Wire-Saw-for-Granite-Profiling-Packing-2.jpg 790w, https:\/\/xmstonetools.com\/wp-content\/uploads\/2022\/11\/Diamond-Wire-Saw-for-Granite-Profiling-Packing-2-583x400.jpg 583w, https:\/\/xmstonetools.com\/wp-content\/uploads\/2022\/11\/Diamond-Wire-Saw-for-Granite-Profiling-Packing-2-768x527.jpg 768w, https:\/\/xmstonetools.com\/wp-content\/uploads\/2022\/11\/Diamond-Wire-Saw-for-Granite-Profiling-Packing-2-600x412.jpg 600w\" sizes=\"auto, (max-width: 790px) 100vw, 790px\" \/> <img loading=\"lazy\" decoding=\"async\" class=\"alignnone size-full wp-image-1172\" src=\"https:\/\/xmstonetools.com\/wp-content\/uploads\/2022\/11\/Applications-of-Diamond-Wire-Saw-for-Granite-Profiling-2.jpg\" alt=\"\" width=\"340\" height=\"221\" \/> <img loading=\"lazy\" decoding=\"async\" class=\"alignnone size-full wp-image-1171\" src=\"https:\/\/xmstonetools.com\/wp-content\/uploads\/2022\/11\/Applications-of-Diamond-Wire-Saw-for-Granite-Profiling-1.jpg\" alt=\"\" width=\"340\" height=\"221\" \/><br \/>\n<img loading=\"lazy\" decoding=\"async\" class=\"alignnone wp-image-1175 size-full\" src=\"https:\/\/xmstonetools.com\/wp-content\/uploads\/2022\/11\/Diamond-Wire-Saw-for-Granite-Profiling-Shipping.jpg\" alt=\"\" width=\"789\" height=\"397\" srcset=\"https:\/\/xmstonetools.com\/wp-content\/uploads\/2022\/11\/Diamond-Wire-Saw-for-Granite-Profiling-Shipping.jpg 789w, https:\/\/xmstonetools.com\/wp-content\/uploads\/2022\/11\/Diamond-Wire-Saw-for-Granite-Profiling-Shipping-768x386.jpg 768w, https:\/\/xmstonetools.com\/wp-content\/uploads\/2022\/11\/Diamond-Wire-Saw-for-Granite-Profiling-Shipping-600x302.jpg 600w\" sizes=\"auto, (max-width: 789px) 100vw, 789px\" \/><\/p>\n<table class=\"aliDataTable\">\n<tbody>\n<tr align=\"left\">\n<td valign=\"center\">\u00c7ap (mm)<\/td>\n<td valign=\"center\">Uygulamalar<\/td>\n<td valign=\"center\">Kaplama<\/td>\n<td valign=\"center\">Boncuk\/m<\/td>\n<td valign=\"center\">Kesme H\u0131z\u0131 (m2\/h)<\/td>\n<td valign=\"center\">Tel \u00d6mr\u00fc (m2\/m)<\/td>\n<\/tr>\n<tr align=\"left\">\n<td valign=\"center\">\u03a611.5\/\u03a610.5<\/td>\n<td valign=\"center\">Betonarme<\/td>\n<td valign=\"center\">kau\u00e7uk+yay<\/td>\n<td valign=\"center\">40<\/td>\n<td valign=\"center\">0.5-5<\/td>\n<td valign=\"center\">0.5-8<\/td>\n<\/tr>\n<tr align=\"left\">\n<td valign=\"center\">\u03a611.5\/\u03a611.0<\/td>\n<td valign=\"center\">Granit madeni\/ta\u015f oca\u011f\u0131<\/td>\n<td valign=\"center\">kau\u00e7uk\/kau\u00e7uk+yay<\/td>\n<td valign=\"center\">40<\/td>\n<td valign=\"center\">2-12<\/td>\n<td valign=\"center\">7-22<\/td>\n<\/tr>\n<tr align=\"left\">\n<td valign=\"center\">\u03a611.5\/\u03a611.0\/\u03a610.5<\/td>\n<td valign=\"center\">Mermer madeni\/ta\u015f oca\u011f\u0131<\/td>\n<td valign=\"center\">yay\/yay+plastik<\/td>\n<td valign=\"center\">28-40<\/td>\n<td valign=\"center\">4-20<\/td>\n<td valign=\"center\">15-50<\/td>\n<\/tr>\n<tr align=\"left\">\n<td valign=\"center\">\u03a611.0\/10.5<\/td>\n<td valign=\"center\">Granit ve mermer blok<\/td>\n<td valign=\"center\">plastik\/kau\u00e7uk<\/td>\n<td valign=\"center\">37\/40<\/td>\n<td valign=\"center\">6-30<\/td>\n<td valign=\"center\">7-50<\/td>\n<\/tr>\n<tr align=\"left\">\n<td valign=\"center\">\u03a68.8\/\u03a68.5<\/td>\n<td valign=\"center\">Granit ve mermer profilleme<\/td>\n<td valign=\"center\">plastik\/kau\u00e7uk<\/td>\n<td valign=\"center\">33\/37\/40<\/td>\n<td valign=\"center\">7-30<\/td>\n<td valign=\"center\">7-40<\/td>\n<\/tr>\n<tr align=\"left\">\n<td valign=\"center\">\u03a67.2\/\u03a68.5<\/td>\n<td valign=\"center\">Granit levha<\/td>\n<td valign=\"center\">plastik<\/td>\n<td valign=\"center\">37<\/td>\n<td valign=\"center\">0.5-1.6<\/td>\n<td valign=\"center\">6-15<\/td>\n<\/tr>\n<\/tbody>\n<\/table>","protected":false},"excerpt":{"rendered":"<p>Plastik tel \u00f6neriyoruz, mermer graniti kesmek i\u00e7in kullan\u0131labilir. K\u00fc\u00e7\u00fck ara bo\u015fluklarla do\u011fru bir \u015fekilde kesebilir. Blo\u011fu 2.3M kal\u0131nl\u0131\u011f\u0131nda kesebilir.<\/p>\n<p>Avantajlar\u0131m\u0131z<\/p>\n<p>1. KESIM I\u00c7IN TEK ELDEN \u00c7\u00d6Z\u00dcM SUNAR.<br \/>\n2. FABRIKA TOPTAN SATI\u015e FIYATI \/ D\u00dc\u015e\u00dcK ADEDI.<br \/>\n3. \u00c7IN'DEKI EN B\u00dcY\u00dcK ELMAS ALET \u00dcRETICILERINDEN BIRI.<br \/>\n4. ELMAS TEL TESTERE VE ELMAS TEL TESTERE MAKINELERI SUNUYORUZ.<br \/>\n5. ODM VE OEM KABUL \/ PIYASADA REKABET\u00c7I FIYAT.<\/p>\n<a href=\"#Quote-Button\" class=\"button primary is-large Inquiry-Button\" style=\"border-radius:99px;\">\n\t<i class=\"icon-heart\" aria-hidden=\"true\"><\/i>\t<span>\u015eimdi Sorgula<\/span>\n\t<\/a>","protected":false},"featured_media":1180,"template":"","meta":[],"product_brand":[],"product_cat":[61],"product_tag":[68,69,70],"class_list":{"0":"post-1181","1":"product","2":"type-product","3":"status-publish","4":"has-post-thumbnail","6":"product_cat-diamond-wire-saw","7":"product_tag-diamond-rope-saw","8":"product_tag-diamond-wire-saw","9":"product_tag-granite-profiling-tools","11":"first","12":"instock","13":"shipping-taxable","14":"product-type-simple"},"aioseo_notices":[],"_links":{"self":[{"href":"https:\/\/xmstonetools.com\/tr\/wp-json\/wp\/v2\/product\/1181","targetHints":{"allow":["GET"]}}],"collection":[{"href":"https:\/\/xmstonetools.com\/tr\/wp-json\/wp\/v2\/product"}],"about":[{"href":"https:\/\/xmstonetools.com\/tr\/wp-json\/wp\/v2\/types\/product"}],"wp:featuredmedia":[{"embeddable":true,"href":"https:\/\/xmstonetools.com\/tr\/wp-json\/wp\/v2\/media\/1180"}],"wp:attachment":[{"href":"https:\/\/xmstonetools.com\/tr\/wp-json\/wp\/v2\/media?parent=1181"}],"wp:term":[{"taxonomy":"product_brand","embeddable":true,"href":"https:\/\/xmstonetools.com\/tr\/wp-json\/wp\/v2\/product_brand?post=1181"},{"taxonomy":"product_cat","embeddable":true,"href":"https:\/\/xmstonetools.com\/tr\/wp-json\/wp\/v2\/product_cat?post=1181"},{"taxonomy":"product_tag","embeddable":true,"href":"https:\/\/xmstonetools.com\/tr\/wp-json\/wp\/v2\/product_tag?post=1181"}],"curies":[{"name":"wp","href":"https:\/\/api.w.org\/{rel}","templated":true}]}}