{"id":1188,"date":"2022-11-14T10:56:22","date_gmt":"2022-11-14T02:56:22","guid":{"rendered":"https:\/\/xmstonetools.com\/?post_type=product&#038;p=1188"},"modified":"2023-03-28T15:58:25","modified_gmt":"2023-03-28T07:58:25","slug":"buyuk-elmas-daire-testere-bicagi","status":"publish","type":"product","link":"https:\/\/xmstonetools.com\/tr\/urun\/buyuk-elmas-daire-testere-bicagi\/","title":{"rendered":"B\u00fcy\u00fck Elmas Daire Testere B\u0131\u00e7a\u011f\u0131"},"content":{"rendered":"<p>Ta\u015f bloklar, ta\u015f oca\u011f\u0131ndan \u00e7\u0131kar\u0131lan belirli \u015fekil ve boyutlara sahip bir t\u00fcr ta\u015f malzemedir Elmas blok kesme testere b\u0131\u00e7aklar\u0131, blok malzemeleri levhalar halinde kesmek i\u00e7in yayg\u0131n olarak kullan\u0131l\u0131r. \u015eerit testere b\u0131\u00e7a\u011f\u0131 ad\u0131 verilen ba\u015fka bir t\u00fcr blok testere b\u0131\u00e7a\u011f\u0131 vard\u0131r, bu t\u00fcr b\u0131\u00e7ak normalde mermer malzemeyi kesmek i\u00e7in kullan\u0131l\u0131r. Dairesel blok kesme testere b\u0131\u00e7a\u011f\u0131 ise hem mermer hem de granit kesmek i\u00e7in kullan\u0131labilir. Blok testere b\u0131\u00e7a\u011f\u0131n\u0131n \u00e7ap\u0131 yakla\u015f\u0131k 1000 mm ila 3500 mm'dir ve normalde blok kesme makinesine uygulan\u0131r. Bu makine ile tek bir blok testere b\u0131\u00e7a\u011f\u0131 takabiliriz ve ayr\u0131ca blok kesimi i\u00e7in \u00e7oklu testere b\u0131\u00e7a\u011f\u0131 takabiliriz. \u00c7oklu b\u0131\u00e7aklar taraf\u0131ndan kullan\u0131lan testere b\u0131\u00e7aklar\u0131n\u0131n \u00e7aplar\u0131 ayn\u0131 veya farkl\u0131 olabilir. Testere y\u00f6ntemine g\u00f6re, tek y\u00f6nl\u00fc testere ve iki y\u00f6nl\u00fc testere olarak ikiye ayr\u0131labilir. \u0130ki y\u00f6nl\u00fc testereleme ayn\u0131 anda hem dikey hem de yatay testerelemeyi ger\u00e7ekle\u015ftirebilir.<img loading=\"lazy\" decoding=\"async\" class=\"aligncenter wp-image-1186 size-full\" src=\"https:\/\/xmstonetools.com\/wp-content\/uploads\/2022\/11\/HTB16bzfNXXXXXXhaXXX760XFXXXO.png\" alt=\"\" width=\"593\" height=\"357\" \/><\/p>","protected":false},"excerpt":{"rendered":"<p>Biz uzun y\u0131llar Ar-Ge ve pazar ara\u015ft\u0131rma tecr\u00fcbesi ile bu alanda profesyonel \u00fcreticisi, biz sizin i\u00e7in rekabet\u00e7i fiyat ve y\u00fcksek kaliteli \u00fcr\u00fcnler sa\u011flayabilir. biz elmas ara\u00e7lar\u0131, en iyi \u00fcretim kapasitesi, en iyi kalite kontrol, en iyi hizmeti \u00fcreten bir fabrika bulunmaktad\u0131r.<\/p>\n<a href=\"#Quote-Button\" class=\"button primary is-large Inquiry-Button\" style=\"border-radius:99px;\">\n\t<i class=\"icon-heart\" aria-hidden=\"true\"><\/i>\t<span>\u015eimdi Sorgula<\/span>\n\t<\/a>","protected":false},"featured_media":1184,"template":"","meta":[],"product_brand":[],"product_cat":[55],"product_tag":[71,72],"class_list":{"0":"post-1188","1":"product","2":"type-product","3":"status-publish","4":"has-post-thumbnail","6":"product_cat-stone-cutting-tools","7":"product_tag-block-cutting-blade","8":"product_tag-stone-saw-blade","10":"first","11":"instock","12":"shipping-taxable","13":"product-type-simple"},"aioseo_notices":[],"_links":{"self":[{"href":"https:\/\/xmstonetools.com\/tr\/wp-json\/wp\/v2\/product\/1188","targetHints":{"allow":["GET"]}}],"collection":[{"href":"https:\/\/xmstonetools.com\/tr\/wp-json\/wp\/v2\/product"}],"about":[{"href":"https:\/\/xmstonetools.com\/tr\/wp-json\/wp\/v2\/types\/product"}],"wp:featuredmedia":[{"embeddable":true,"href":"https:\/\/xmstonetools.com\/tr\/wp-json\/wp\/v2\/media\/1184"}],"wp:attachment":[{"href":"https:\/\/xmstonetools.com\/tr\/wp-json\/wp\/v2\/media?parent=1188"}],"wp:term":[{"taxonomy":"product_brand","embeddable":true,"href":"https:\/\/xmstonetools.com\/tr\/wp-json\/wp\/v2\/product_brand?post=1188"},{"taxonomy":"product_cat","embeddable":true,"href":"https:\/\/xmstonetools.com\/tr\/wp-json\/wp\/v2\/product_cat?post=1188"},{"taxonomy":"product_tag","embeddable":true,"href":"https:\/\/xmstonetools.com\/tr\/wp-json\/wp\/v2\/product_tag?post=1188"}],"curies":[{"name":"wp","href":"https:\/\/api.w.org\/{rel}","templated":true}]}}