{"id":1211,"date":"2022-11-14T19:40:25","date_gmt":"2022-11-14T11:40:25","guid":{"rendered":"https:\/\/xmstonetools.com\/?post_type=product&#038;p=1211"},"modified":"2023-03-28T15:57:11","modified_gmt":"2023-03-28T07:57:11","slug":"recine-bag-asindirici-fickert","status":"publish","type":"product","link":"https:\/\/xmstonetools.com\/tr\/urun\/recine-bag-asindirici-fickert\/","title":{"rendered":"Re\u00e7ine Ba\u011f A\u015f\u0131nd\u0131r\u0131c\u0131 Fickert"},"content":{"rendered":"<p>140\/170 Re\u00e7ine Bond Fickert Ta\u015f A\u015f\u0131nd\u0131r\u0131c\u0131 Fickert Ta\u015f Ta\u015flama \u0130\u00e7in Metal Elmas Aletler<\/p>\n<table style=\"height: 286px;\" border=\"1\" width=\"654\">\n<tbody>\n<tr>\n<td><strong>\u00dcr\u00fcn Ad\u0131<\/strong><\/td>\n<td data-spm-anchor-id=\"a2700.details.0.i6.a5f357ccxQBv62\"><span data-spm-anchor-id=\"a2700.details.0.i7.a5f357ccxQBv62\">Re\u00e7ine Ba\u011f Fickert Ta\u015f A\u015f\u0131nd\u0131r\u0131c\u0131 Fickert\u00a0<\/span><\/td>\n<\/tr>\n<tr>\n<td><strong>\u015eekil<\/strong><\/td>\n<td>Fickert<\/td>\n<\/tr>\n<tr>\n<td><strong>malzeme<\/strong><\/td>\n<td>Elmas<\/td>\n<\/tr>\n<tr>\n<td><strong>malzeme<\/strong><\/td>\n<td>Elmas + Re\u00e7ine Ba\u011f<\/td>\n<\/tr>\n<tr>\n<td><strong>Cesaret<\/strong><\/td>\n<td>24#,36#,46#,60#,80#,120#,180#,240#,320#,500#,800#<\/td>\n<\/tr>\n<tr>\n<td><strong>Kullan\u0131m<\/strong><\/td>\n<td>Granit\/kuvars\/terrazzo y\u00fczey i\u015fleme i\u00e7in<\/td>\n<\/tr>\n<tr>\n<td><strong>Makine<\/strong><\/td>\n<td>Otomatik ta\u015flama ve parlatma makinesi,<\/p>\n<p>El tipi makine<\/td>\n<\/tr>\n<tr>\n<td><strong>Hizmet<\/strong><\/td>\n<td>OEM, \u00d6zelle\u015ftirilmi\u015f<\/td>\n<\/tr>\n<\/tbody>\n<\/table>\n<div><\/div>\n<figure id=\"attachment_1209\" aria-describedby=\"caption-attachment-1209\" style=\"width: 750px\" class=\"wp-caption aligncenter\"><img loading=\"lazy\" decoding=\"async\" class=\"wp-image-1209 size-full\" src=\"https:\/\/xmstonetools.com\/wp-content\/uploads\/2022\/11\/Applications-of-Resin-Bond-Abrasive-Fickert.jpg\" alt=\"Re\u00e7ine-Bond-A\u015f\u0131nd\u0131r\u0131c\u0131-Fickert Uygulamalar\u0131\" width=\"750\" height=\"643\" srcset=\"https:\/\/xmstonetools.com\/wp-content\/uploads\/2022\/11\/Applications-of-Resin-Bond-Abrasive-Fickert.jpg 750w, https:\/\/xmstonetools.com\/wp-content\/uploads\/2022\/11\/Applications-of-Resin-Bond-Abrasive-Fickert-467x400.jpg 467w, https:\/\/xmstonetools.com\/wp-content\/uploads\/2022\/11\/Applications-of-Resin-Bond-Abrasive-Fickert-600x514.jpg 600w\" sizes=\"auto, (max-width: 750px) 100vw, 750px\" \/><figcaption id=\"caption-attachment-1209\" class=\"wp-caption-text\">Re\u00e7ine-Bond-A\u015f\u0131nd\u0131r\u0131c\u0131-Fickert Uygulamalar\u0131<\/figcaption><\/figure>\n<p>&nbsp;<\/p>","protected":false},"excerpt":{"rendered":"<p align=\"left\"><span data-spm-anchor-id=\"a2700.details.0.i3.6625d41e7dLwbM\">Geleneksel silisyum karb\u00fcr a\u015f\u0131nd\u0131r\u0131c\u0131larla kar\u015f\u0131la\u015ft\u0131r\u0131ld\u0131\u011f\u0131nda, Diamond Resin Bond Abrasive Fickert'in avantajlar\u0131 <\/span>a\u015fa\u011f\u0131daki gibi \u00f6zetlenebilir:<\/p>\n<p align=\"left\"><span data-spm-anchor-id=\"a2700.details.0.i5.6625d41e7dLwbM\">1.  Geleneksel silisyum karb\u00fcrden 80 ila 150 kat daha uzun olan uzun \u00e7al\u0131\u015fma \u00f6mr\u00fc\u00a0<\/span>a\u015f\u0131nd\u0131r\u0131c\u0131lar.<\/p>\n<p align=\"left\">2.  Ta\u015flama verimlili\u011fi 50%'den daha fazla artar, parlatma elektrik t\u00fcketimi\u00a0<span data-spm-anchor-id=\"a2700.details.0.i6.6625d41e7dLwbM\">i\u011fler 40%'den daha fazla azalt\u0131l\u0131r ve parlatma h\u0131z\u0131 art\u0131r\u0131l\u0131r\u00a0<\/span>20%'den daha fazla.<\/p>\n<p align=\"left\">3.  Parlatma mili ve kay\u0131\u015f\u0131n\u0131n bak\u0131m maliyeti 30%'den daha fazla azal\u0131r.<\/p>\n<p align=\"left\">4.  Ta\u015flamadan kaynaklanan at\u0131k kal\u0131nt\u0131, geleneksel silisyum karb\u00fcr a\u015f\u0131nd\u0131r\u0131c\u0131lar taraf\u0131ndan \u00fcretilenin 1%'sinden bile daha az\u0131na d\u00fc\u015f\u00fcr\u00fcl\u00fcr ve bu da neredeyse ihmal edilebilir.<\/p>\n<p align=\"left\">5.  Operat\u00f6r\u00fcn i\u015f y\u00fck\u00fc g\u00f6zle g\u00f6r\u00fcl\u00fcr \u015fekilde azal\u0131r ve i\u015f\u00e7ilik maliyetinden tasarruf edilir.<\/p>\n<p align=\"left\"><span data-spm-anchor-id=\"a2700.details.0.i4.6625d41e7dLwbM\">6.  Gerekli a\u015f\u0131nd\u0131r\u0131c\u0131 nakliye miktar\u0131 \u00e7ok azalt\u0131l\u0131r, b\u00f6ylece tasarruf sa\u011flan\u0131r\u00a0<\/span>enerji ve lojistik gibi ilgili sosyal kaynaklar.<\/p>\n<p align=\"left\"><a href=\"#Quote-Button\" class=\"button primary is-large Inquiry-Button\" style=\"border-radius:99px;\">\n\t<i class=\"icon-heart\" aria-hidden=\"true\"><\/i>\t<span>\u015eimdi Sorgula<\/span>\n\t<\/a>","protected":false},"featured_media":1210,"template":"","meta":[],"product_brand":[],"product_cat":[56],"product_tag":[75],"class_list":{"0":"post-1211","1":"product","2":"type-product","3":"status-publish","4":"has-post-thumbnail","6":"product_cat-stone-grinding-tools","7":"product_tag-resin-bond-abrasive-fickert","9":"first","10":"instock","11":"shipping-taxable","12":"product-type-simple"},"aioseo_notices":[],"_links":{"self":[{"href":"https:\/\/xmstonetools.com\/tr\/wp-json\/wp\/v2\/product\/1211","targetHints":{"allow":["GET"]}}],"collection":[{"href":"https:\/\/xmstonetools.com\/tr\/wp-json\/wp\/v2\/product"}],"about":[{"href":"https:\/\/xmstonetools.com\/tr\/wp-json\/wp\/v2\/types\/product"}],"wp:featuredmedia":[{"embeddable":true,"href":"https:\/\/xmstonetools.com\/tr\/wp-json\/wp\/v2\/media\/1210"}],"wp:attachment":[{"href":"https:\/\/xmstonetools.com\/tr\/wp-json\/wp\/v2\/media?parent=1211"}],"wp:term":[{"taxonomy":"product_brand","embeddable":true,"href":"https:\/\/xmstonetools.com\/tr\/wp-json\/wp\/v2\/product_brand?post=1211"},{"taxonomy":"product_cat","embeddable":true,"href":"https:\/\/xmstonetools.com\/tr\/wp-json\/wp\/v2\/product_cat?post=1211"},{"taxonomy":"product_tag","embeddable":true,"href":"https:\/\/xmstonetools.com\/tr\/wp-json\/wp\/v2\/product_tag?post=1211"}],"curies":[{"name":"wp","href":"https:\/\/api.w.org\/{rel}","templated":true}]}}