{"id":1219,"date":"2022-11-14T20:43:54","date_gmt":"2022-11-14T12:43:54","guid":{"rendered":"https:\/\/xmstonetools.com\/?post_type=product&#038;p=1219"},"modified":"2023-03-28T15:57:01","modified_gmt":"2023-03-28T07:57:01","slug":"elmas-parmak-uclari","status":"publish","type":"product","link":"https:\/\/xmstonetools.com\/tr\/urun\/elmas-parmak-uclari\/","title":{"rendered":"Elmas Parmak U\u00e7lar\u0131"},"content":{"rendered":"<table style=\"height: 872px;\" width=\"624\">\n<tbody>\n<tr>\n<td valign=\"top\">Marka<\/td>\n<td valign=\"top\">Sino Poly<\/td>\n<\/tr>\n<tr>\n<td valign=\"top\">Teknoloji<\/td>\n<td valign=\"top\">Lehimli<\/td>\n<\/tr>\n<tr>\n<td valign=\"top\">G\u00f6vde Malzemesi<\/td>\n<td valign=\"top\">45 Mn<\/td>\n<\/tr>\n<tr>\n<td valign=\"top\">Tip<\/td>\n<td valign=\"top\">\u00a0oyma kafa<\/td>\n<\/tr>\n<tr>\n<td valign=\"top\">fonksiyon<\/td>\n<td valign=\"top\">grav\u00fcr<\/td>\n<\/tr>\n<tr>\n<td valign=\"top\">\u00c7ap<\/td>\n<td valign=\"top\">6mm, 8mm, 10mm, 12mm<\/td>\n<\/tr>\n<tr>\n<td valign=\"top\">Uzunluk<\/td>\n<td valign=\"top\">50-100mm<\/td>\n<\/tr>\n<tr>\n<td valign=\"top\">ADEDI<\/td>\n<td valign=\"top\">1 adet<\/td>\n<\/tr>\n<tr>\n<td valign=\"top\">\u00dcretim s\u00fcresi<\/td>\n<td valign=\"top\">5-7 g\u00fcn<\/td>\n<\/tr>\n<tr>\n<td valign=\"top\">\u00dcretim kapasitesi<\/td>\n<td valign=\"top\">G\u00fcnde 1000 adet<\/td>\n<\/tr>\n<tr>\n<td valign=\"top\">\n<p data-spm-anchor-id=\"a2700.details.0.i5.54d11a1bpVu4ts\">Paketleme<\/p>\n<\/td>\n<td valign=\"top\"><span data-spm-anchor-id=\"a2700.details.0.i6.54d11a1bpVu4ts\">PP torba, iste\u011fe ba\u011fl\u0131 blister kart<\/span><\/td>\n<\/tr>\n<tr>\n<td valign=\"top\">Teslimat<\/td>\n<td valign=\"top\">DHL, UPS, FedEx ve deniz ta\u015f\u0131mac\u0131l\u0131\u011f\u0131<\/td>\n<\/tr>\n<tr>\n<td valign=\"top\">Nakliye s\u00fcresi<\/td>\n<td valign=\"top\">2-3 g\u00fcn<\/td>\n<\/tr>\n<tr>\n<td valign=\"top\">Sertifikalar<\/td>\n<td valign=\"top\">ISO9001<\/td>\n<\/tr>\n<tr>\n<td valign=\"top\">Adres<\/td>\n<td valign=\"top\">Xiamen, \u00c7in<\/td>\n<\/tr>\n<tr>\n<td valign=\"top\">\u00d6deme<\/td>\n<td valign=\"top\">TT, Paypal, WU, L \/ C<\/td>\n<\/tr>\n<\/tbody>\n<\/table>","protected":false},"excerpt":{"rendered":"<p>Granit mermer veya sert ta\u015f \u00fczerinde romoval i\u00e7in tasarlanm\u0131\u015f parmak freze ucu, cilalamaya haz\u0131rlamak i\u00e7in fazla ta\u015f\u0131 ta\u015flar. Standart olarak 1\/2 \u2033 di\u015fli ile su beslemesi. \u00dcst\u00fcn kaliteli 5 segmentli elmas parmak ucu, piyasadaki di\u011fer elmas parmak u\u00e7lar\u0131n\u0131n \u00e7o\u011fundan daha h\u0131zl\u0131 kesmek ve ta\u015flamak i\u00e7in tasarlanm\u0131\u015ft\u0131r. <span data-spm-anchor-id=\"a2700.details.0.i27.4b881ef6IYmdIC\">Bu parmak u\u00e7lar\u0131 sert malzemeler i\u00e7in idealdir, fabrikasyon uygulamalar\u0131nda \u015fekillendirme i\u00e7in y\u00fcksek performans i\u00e7in \u00fcretilmi\u015ftir. Re\u00e7ine ile doldurulmu\u015f segment bo\u015flu\u011fu, i\u015fleme stabilitesini b\u00fcy\u00fck \u00f6l\u00e7\u00fcde art\u0131r\u0131r, titre\u015fimi azalt\u0131r.<\/span>Granit veya sert ta\u015flar\u0131n h\u0131zl\u0131 ta\u015flanmas\u0131 i\u00e7in kullan\u0131l\u0131r, parlatma i\u00e7in haz\u0131rlan\u0131r, genel tip, keskin tip, dayan\u0131kl\u0131 tip mevcuttur, ta\u015f\u0131n sertli\u011fine ba\u011fl\u0131d\u0131r.<\/p>\n<div>\n<div data-spm-anchor-id=\"a2700.details.0.i28.4b881ef6IYmdIC\">\n<a href=\"#Quote-Button\" class=\"button primary is-large Inquiry-Button\" style=\"border-radius:99px;\">\n\t<i class=\"icon-heart\" aria-hidden=\"true\"><\/i>\t<span>\u015eimdi Sorgula<\/span>\n\t<\/a>\n\n<\/div>\n<\/div>","protected":false},"featured_media":1213,"template":"","meta":[],"product_brand":[],"product_cat":[59],"product_tag":[76,66],"class_list":{"0":"post-1219","1":"product","2":"type-product","3":"status-publish","4":"has-post-thumbnail","6":"product_cat-stone-milling-tools","7":"product_tag-diamond-finger-bits","8":"product_tag-vacuum-brazed-stone-tools","10":"first","11":"instock","12":"shipping-taxable","13":"product-type-simple"},"aioseo_notices":[],"_links":{"self":[{"href":"https:\/\/xmstonetools.com\/tr\/wp-json\/wp\/v2\/product\/1219","targetHints":{"allow":["GET"]}}],"collection":[{"href":"https:\/\/xmstonetools.com\/tr\/wp-json\/wp\/v2\/product"}],"about":[{"href":"https:\/\/xmstonetools.com\/tr\/wp-json\/wp\/v2\/types\/product"}],"wp:featuredmedia":[{"embeddable":true,"href":"https:\/\/xmstonetools.com\/tr\/wp-json\/wp\/v2\/media\/1213"}],"wp:attachment":[{"href":"https:\/\/xmstonetools.com\/tr\/wp-json\/wp\/v2\/media?parent=1219"}],"wp:term":[{"taxonomy":"product_brand","embeddable":true,"href":"https:\/\/xmstonetools.com\/tr\/wp-json\/wp\/v2\/product_brand?post=1219"},{"taxonomy":"product_cat","embeddable":true,"href":"https:\/\/xmstonetools.com\/tr\/wp-json\/wp\/v2\/product_cat?post=1219"},{"taxonomy":"product_tag","embeddable":true,"href":"https:\/\/xmstonetools.com\/tr\/wp-json\/wp\/v2\/product_tag?post=1219"}],"curies":[{"name":"wp","href":"https:\/\/api.w.org\/{rel}","templated":true}]}}