{"id":1239,"date":"2022-11-15T16:04:00","date_gmt":"2022-11-15T08:04:00","guid":{"rendered":"https:\/\/xmstonetools.com\/?post_type=product&#038;p=1239"},"modified":"2023-03-28T15:56:51","modified_gmt":"2023-03-28T07:56:51","slug":"mermer-grani%cc%87t-i%cc%87ci%cc%87n-tas-profi%cc%87lleme-tekerlegi%cc%87","status":"publish","type":"product","link":"https:\/\/xmstonetools.com\/tr\/urun\/mermer-grani%cc%87t-i%cc%87ci%cc%87n-tas-profi%cc%87lleme-tekerlegi%cc%87\/","title":{"rendered":"Ta\u015f Profilleme Tekerle\u011fi Mermer Granit"},"content":{"rendered":"<p>Bu \u00f6zel \u015fekilli elmas ta\u015flama ta\u015flar\u0131, granit mermer kuvars ta\u015f\u0131 ve di\u011fer ta\u015flar i\u00e7in profilleme makinelerinde yayg\u0131n olarak kullan\u0131lmaktad\u0131r. Tam profilleme ihtiya\u00e7lar\u0131n\u0131z\u0131 kar\u015f\u0131lamak i\u00e7in farkl\u0131 boyutlarda geni\u015f bir \u00fcr\u00fcn yelpazesi ve \u015fekiller sunuyoruz.<\/p>\n<p>Silindirik ta\u015flama ve y\u00fczey ta\u015flama i\u00e7in kullan\u0131l\u0131r Bir dairenin ta\u015flama \u00e7ark\u0131 \u00e7evresi Ta\u015flama i\u015fi seviyesi<\/p>\n<p>d\u00f6kme demir, demir d\u0131\u015f\u0131 metaller, paslanmaz \u00e7elik, sertle\u015ftirilmi\u015f \u00e7elik, yumu\u015fak \u00e7elik, tak\u0131m \u00e7eli\u011fi, y\u00fcksek h\u0131z \u00e7eli\u011fi, m\u0131knat\u0131s, bronz, pirin\u00e7, mermer ve granit vb. ta\u015flama<\/p>\n<table style=\"height: 844px;\" width=\"633\">\n<tbody>\n<tr>\n<td valign=\"center\">\n<p align=\"center\">\u00dcr\u00fcn<\/p>\n<\/td>\n<td valign=\"center\">\n<p align=\"center\">Ta\u015f Profil tekerle\u011fi<\/p>\n<\/td>\n<\/tr>\n<tr>\n<td valign=\"center\">\n<p align=\"center\">boyut<\/p>\n<\/td>\n<td valign=\"center\">\n<p align=\"center\">\u00f6zelle\u015ftirilmi\u015f<\/p>\n<\/td>\n<\/tr>\n<tr>\n<td valign=\"center\">\n<p align=\"center\">\u00a0Tip<\/p>\n<\/td>\n<td valign=\"center\">\n<p align=\"center\">Elektrolizle Kaplanm\u0131\u015f veya Sinterlenmi\u015f<\/p>\n<\/td>\n<\/tr>\n<tr>\n<td valign=\"center\">\n<p align=\"center\">Model<\/p>\n<\/td>\n<td valign=\"center\">\n<p align=\"center\">yuvarlak<\/p>\n<\/td>\n<\/tr>\n<tr>\n<td valign=\"center\">\n<p align=\"center\">Marka<\/p>\n<\/td>\n<td valign=\"center\">\n<p align=\"center\">MIDSTAR<\/p>\n<\/td>\n<\/tr>\n<tr>\n<td valign=\"center\">\n<p align=\"center\">\u00fcretim yeri<\/p>\n<\/td>\n<td valign=\"center\">\n<p align=\"center\">\u00e7in-fujian<\/p>\n<\/td>\n<\/tr>\n<tr>\n<td valign=\"center\">\n<p align=\"center\">Cesaret<\/p>\n<\/td>\n<td valign=\"center\">\n<p align=\"center\">\/<\/p>\n<\/td>\n<\/tr>\n<tr>\n<td valign=\"center\">\n<p align=\"center\">Malzeme<\/p>\n<\/td>\n<td valign=\"center\">\n<p align=\"center\">Elmas<\/p>\n<\/td>\n<\/tr>\n<tr>\n<td valign=\"center\">\n<p align=\"center\">Uygulama<\/p>\n<\/td>\n<td valign=\"center\">\n<p align=\"center\">Granit, Mermer ve M\u00fchendislik Ta\u015f\u0131<\/p>\n<\/td>\n<\/tr>\n<tr>\n<td valign=\"center\">\n<p align=\"center\">FOB<\/p>\n<\/td>\n<td valign=\"center\">\n<p align=\"center\">0.75-0.82<\/p>\n<\/td>\n<\/tr>\n<tr>\n<td valign=\"center\">\n<p align=\"center\">ADEDI<\/p>\n<\/td>\n<td valign=\"center\">\n<p align=\"center\">36 adet<\/p>\n<\/td>\n<\/tr>\n<tr>\n<td valign=\"center\">\n<p align=\"center\">\u00a0\u00d6deme<\/p>\n<\/td>\n<td valign=\"center\">\n<p align=\"center\">LC\/TT\/WESTERN UNION<\/p>\n<\/td>\n<\/tr>\n<tr>\n<td valign=\"center\">\n<p align=\"center\">Teslimat s\u00fcresi<\/p>\n<\/td>\n<td valign=\"center\">\n<p align=\"center\">\u00d6deme yap\u0131ld\u0131ktan sonra 10 g\u00fcn i\u00e7inde g\u00f6nderilir<\/p>\n<\/td>\n<\/tr>\n<tr>\n<td valign=\"center\">\n<p align=\"center\">Liman<\/p>\n<\/td>\n<td valign=\"center\">\n<p align=\"center\">Xiamen, \u00c7in<\/p>\n<\/td>\n<\/tr>\n<tr>\n<td valign=\"center\">\n<p align=\"center\">Tedarik Yetene\u011fi<\/p>\n<\/td>\n<td valign=\"center\">\n<p align=\"center\">Ayl\u0131k 1000 adet<\/p>\n<\/td>\n<\/tr>\n<\/tbody>\n<\/table>\n<p>&nbsp;<\/p>","protected":false},"excerpt":{"rendered":"<p>Stone Edge Profilleme Tekerle\u011finin \u00d6zellikleri<br \/>\n1) granit, mermer veya di\u011fer ta\u015flar\u0131n i\u00e7 dairesini, ovalini veya yay\u0131n\u0131 ta\u015flamak i\u00e7in m\u00fckemmeldir.<br \/>\n2) Elektrolizle kaplanm\u0131\u015f freze u\u00e7lar\u0131 daha uzun \u00f6m\u00fcr i\u00e7in ekonomiktir.<br \/>\n3) E\u011fimli freze ucu seti h\u0131zl\u0131 kesim i\u00e7indir ve kuru olarak kullan\u0131labilir.<br \/>\n4) Kal\u0131nl\u0131k 7mm, 10mm, 12mm, 15mm, 20mm ve 30mm vb. olabilir.<\/p>\n<a href=\"#Quote-Button\" class=\"button primary is-large Inquiry-Button\" style=\"border-radius:99px;\">\n\t<i class=\"icon-heart\" aria-hidden=\"true\"><\/i>\t<span>\u015eimdi Sorgula<\/span>\n\t<\/a>","protected":false},"featured_media":1233,"template":"","meta":[],"product_brand":[],"product_cat":[56],"product_tag":[67,70],"class_list":{"0":"post-1239","1":"product","2":"type-product","3":"status-publish","4":"has-post-thumbnail","6":"product_cat-stone-grinding-tools","7":"product_tag-diamond-cup-wheels","8":"product_tag-granite-profiling-tools","10":"first","11":"instock","12":"shipping-taxable","13":"product-type-simple"},"aioseo_notices":[],"_links":{"self":[{"href":"https:\/\/xmstonetools.com\/tr\/wp-json\/wp\/v2\/product\/1239","targetHints":{"allow":["GET"]}}],"collection":[{"href":"https:\/\/xmstonetools.com\/tr\/wp-json\/wp\/v2\/product"}],"about":[{"href":"https:\/\/xmstonetools.com\/tr\/wp-json\/wp\/v2\/types\/product"}],"wp:featuredmedia":[{"embeddable":true,"href":"https:\/\/xmstonetools.com\/tr\/wp-json\/wp\/v2\/media\/1233"}],"wp:attachment":[{"href":"https:\/\/xmstonetools.com\/tr\/wp-json\/wp\/v2\/media?parent=1239"}],"wp:term":[{"taxonomy":"product_brand","embeddable":true,"href":"https:\/\/xmstonetools.com\/tr\/wp-json\/wp\/v2\/product_brand?post=1239"},{"taxonomy":"product_cat","embeddable":true,"href":"https:\/\/xmstonetools.com\/tr\/wp-json\/wp\/v2\/product_cat?post=1239"},{"taxonomy":"product_tag","embeddable":true,"href":"https:\/\/xmstonetools.com\/tr\/wp-json\/wp\/v2\/product_tag?post=1239"}],"curies":[{"name":"wp","href":"https:\/\/api.w.org\/{rel}","templated":true}]}}