{"id":1248,"date":"2022-11-15T20:00:10","date_gmt":"2022-11-15T12:00:10","guid":{"rendered":"https:\/\/xmstonetools.com\/?post_type=product&#038;p=1248"},"modified":"2023-03-28T15:55:48","modified_gmt":"2023-03-28T07:55:48","slug":"metal-bond-elmas-asindirici-fickert","status":"publish","type":"product","link":"https:\/\/xmstonetools.com\/tr\/urun\/metal-bond-elmas-asindirici-fickert\/","title":{"rendered":"Metal Bond Elmas A\u015f\u0131nd\u0131r\u0131c\u0131 Fickert"},"content":{"rendered":"<table style=\"height: 454px;\" border=\"1\" width=\"594\" cellspacing=\"0\" cellpadding=\"0\">\n<tbody>\n<tr>\n<td width=\"110\" height=\"35\">\u00dcr\u00fcn No.<\/td>\n<td width=\"105\">Uzunluk (mm)<\/td>\n<td width=\"110\">\u00c7al\u0131\u015fma katman\u0131n\u0131n y\u00fcksekli\u011fi (mm)<\/td>\n<td width=\"90\">Cesaret<\/td>\n<td width=\"96\">Tip<\/td>\n<\/tr>\n<tr>\n<td height=\"26\">SGGF-M140A<\/td>\n<td>140<\/td>\n<td rowspan=\"4\" width=\"110\">15\/20<\/td>\n<td rowspan=\"4\" width=\"90\">36# ~ 220#<\/td>\n<td rowspan=\"2\" width=\"96\">Metal ba\u011f<br \/>\nGranit i\u00e7in tamamland\u0131<\/td>\n<\/tr>\n<tr>\n<td height=\"26\">SGGF-M170A<\/td>\n<td>170<\/td>\n<\/tr>\n<tr>\n<td height=\"26\">SGGF-M140B<\/td>\n<td>140<\/td>\n<td rowspan=\"2\" width=\"96\" data-spm-anchor-id=\"a2700.wholesale.0.i37.683fe5e1pctLvl\">Metal ba\u011f<br \/>\nGranit i\u00e7in Yivli<\/td>\n<\/tr>\n<tr>\n<td height=\"26\">SGGF-M170B<\/td>\n<td>170<\/td>\n<\/tr>\n<tr>\n<td height=\"26\">SGGF-R140A<\/td>\n<td>140<\/td>\n<td rowspan=\"2\" width=\"110\">25\/27<\/td>\n<td rowspan=\"2\" width=\"90\">120# ~ 1500#<\/td>\n<td rowspan=\"2\" width=\"96\">Re\u00e7ine ba\u011f\u0131<br \/>\nGranit i\u00e7in tamamland\u0131<\/td>\n<\/tr>\n<tr>\n<td height=\"26\">SGGF-R170A<\/td>\n<td>170<\/td>\n<\/tr>\n<tr>\n<td height=\"26\">SGGF-R140B<\/td>\n<td>140<\/td>\n<td rowspan=\"2\">15<\/td>\n<td rowspan=\"2\" width=\"90\">180# ~ 6000#<\/td>\n<td rowspan=\"2\" width=\"96\">Re\u00e7ine ba\u011f\u0131<br \/>\nSeramik i\u00e7in tamamland\u0131<\/td>\n<\/tr>\n<tr>\n<td height=\"26\">SGGF-R170B<\/td>\n<td>170<\/td>\n<\/tr>\n<tr>\n<td height=\"26\">SGGF-B140<\/td>\n<td>140<\/td>\n<td>27<\/td>\n<td rowspan=\"2\">Lux<\/td>\n<td rowspan=\"2\" width=\"96\">Manyezit<br \/>\nGranit i\u00e7in<\/td>\n<\/tr>\n<tr>\n<td height=\"26\">SGGF-B170<\/td>\n<td>170<\/td>\n<td><\/td>\n<\/tr>\n<tr>\n<td height=\"26\">SGGF-MC180<\/td>\n<td>180<\/td>\n<td>10 ~ 15<\/td>\n<td>36# ~ 220#<\/td>\n<td width=\"96\">Beton i\u00e7in<\/td>\n<\/tr>\n<tr>\n<td colspan=\"5\" height=\"17\">Talep \u00fczerine di\u011fer \u00f6zellikler mevcuttur.<\/td>\n<\/tr>\n<tr>\n<td height=\"17\"><\/td>\n<td><\/td>\n<td><\/td>\n<td><\/td>\n<td><\/td>\n<\/tr>\n<\/tbody>\n<\/table>","protected":false},"excerpt":{"rendered":"<p>Metal Bond Diamond Fickert A\u015f\u0131nd\u0131r\u0131c\u0131 Blok Granit Ta\u015f D\u00f6\u015feme Parlatma Aleti Otomatik d\u00f6\u015feme parlatma makinesinde kullan\u0131l\u0131r. Esas olarak y\u00fcksek verimlilik, enerji tasarrufu ve d\u00fc\u015f\u00fck t\u00fcketim avantajlar\u0131 ile granit veya yapay ta\u015f levhay\u0131 parlatmak i\u00e7in kullan\u0131l\u0131r.<\/p>\n<p><strong>Avantaj\uff1a<\/strong><br \/>\n1. Y\u00fcksek verimlilik<br \/>\n2. G\u00fc\u00e7l\u00fc \u00f6\u011f\u00fctme yetene\u011fi<br \/>\n3. Dayan\u0131kl\u0131 \u00f6m\u00fcr<br \/>\nTip : S\u00fcrekli<br \/>\nSpecification\uff1a 140*50\/70*15mm\u3001135*60*15mm<br \/>\nGrit\uff1a30# 50# 100# 200# 400#<\/p>\n<a href=\"#Quote-Button\" class=\"button primary is-large Inquiry-Button\" style=\"border-radius:99px;\">\n\t<i class=\"icon-heart\" aria-hidden=\"true\"><\/i>\t<span>\u015eimdi Sorgula<\/span>\n\t<\/a>","protected":false},"featured_media":1245,"template":"","meta":[],"product_brand":[],"product_cat":[56,57],"product_tag":[78,79],"class_list":{"0":"post-1248","1":"product","2":"type-product","3":"status-publish","4":"has-post-thumbnail","6":"product_cat-stone-grinding-tools","7":"product_cat-stone-polishing-tools","8":"product_tag-abrasive-tools","9":"product_tag-diamond-fickert","11":"first","12":"instock","13":"shipping-taxable","14":"product-type-simple"},"aioseo_notices":[],"_links":{"self":[{"href":"https:\/\/xmstonetools.com\/tr\/wp-json\/wp\/v2\/product\/1248","targetHints":{"allow":["GET"]}}],"collection":[{"href":"https:\/\/xmstonetools.com\/tr\/wp-json\/wp\/v2\/product"}],"about":[{"href":"https:\/\/xmstonetools.com\/tr\/wp-json\/wp\/v2\/types\/product"}],"wp:featuredmedia":[{"embeddable":true,"href":"https:\/\/xmstonetools.com\/tr\/wp-json\/wp\/v2\/media\/1245"}],"wp:attachment":[{"href":"https:\/\/xmstonetools.com\/tr\/wp-json\/wp\/v2\/media?parent=1248"}],"wp:term":[{"taxonomy":"product_brand","embeddable":true,"href":"https:\/\/xmstonetools.com\/tr\/wp-json\/wp\/v2\/product_brand?post=1248"},{"taxonomy":"product_cat","embeddable":true,"href":"https:\/\/xmstonetools.com\/tr\/wp-json\/wp\/v2\/product_cat?post=1248"},{"taxonomy":"product_tag","embeddable":true,"href":"https:\/\/xmstonetools.com\/tr\/wp-json\/wp\/v2\/product_tag?post=1248"}],"curies":[{"name":"wp","href":"https:\/\/api.w.org\/{rel}","templated":true}]}}