{"id":1256,"date":"2022-11-15T22:56:12","date_gmt":"2022-11-15T14:56:12","guid":{"rendered":"https:\/\/xmstonetools.com\/?post_type=product&#038;p=1256"},"modified":"2023-03-28T15:55:37","modified_gmt":"2023-03-28T07:55:37","slug":"kaucuk-kapli-elmas-tel-testere","status":"publish","type":"product","link":"https:\/\/xmstonetools.com\/tr\/urun\/kaucuk-kapli-elmas-tel-testere\/","title":{"rendered":"Kau\u00e7uk Kapl\u0131 Elmas Tel Testere"},"content":{"rendered":"<p align=\"left\">1. Performans\u0131 en \u00fcst d\u00fczeye \u00e7\u0131karmak i\u00e7in farkl\u0131 form\u00fcl\u00fc \u00f6zelle\u015ftirin ve sert, orta, yumu\u015fak, a\u015f\u0131nd\u0131r\u0131c\u0131 ta\u015f\u0131n kar\u0131\u015f\u0131m y\u00fczdesine g\u00f6re performans maliyetini garanti edin.<\/p>\n<div>2. Y\u00fcksek mukavemet ve toklu\u011fa sahip ince se\u00e7ilmi\u015f elmas, elmas telin bileme \u00f6zelli\u011fini ve \u00f6mr\u00fcn\u00fc garanti eder.<\/div>\n<div>3. \u0130yi kontrol edilen s\u0131cakl\u0131k ve bas\u0131nca sahip sofistike sinterleme teknolojisi, elmas boncuklar\u0131n m\u00fckemmel a\u015f\u0131nd\u0131r\u0131c\u0131l\u0131k \u00f6nleyici \u00f6zelli\u011fe sahip olmas\u0131n\u0131 garanti eder.<\/div>\n<div>4. Olgun enjeksiyon teknolojisi ve \u00fcretim tekni\u011fi, plasti\u011fin kablonun her bo\u015flu\u011funa girmesini ve elmas boncuklar\u0131 s\u0131k\u0131l\u0131kla tutmas\u0131n\u0131 sa\u011flar.<\/div>\n<div>5. Kendi geli\u015ftirdi\u011fi otomatik \u00fcretim ekipman\u0131 ve s\u0131k\u0131 hat i\u00e7i ve son denetim, kalite ve istikrar\u0131 kontrol eder<\/div>\n<p align=\"left\"><strong>Granit oca\u011f\u0131 madencili\u011fi i\u00e7in tel<\/strong><\/p>\n<table class=\"aliDataTable\" border=\"1\" cellspacing=\"0\" cellpadding=\"0\" align=\"left\">\n<tbody>\n<tr align=\"center\">\n<td>\u00c7ap<\/p>\n<p align=\"center\">(mm)<\/p>\n<\/td>\n<td>Model No.<\/td>\n<td>Sabitleme Tipi<\/td>\n<td>Boncuk\/m<\/td>\n<td>Malzeme T\u00fcr\u00fc<\/td>\n<td>Testere h\u0131z\u0131<\/p>\n<p align=\"center\">(m<sup>2<\/sup>\/h)<\/p>\n<\/td>\n<td>\u00d6m\u00fcr boyu<\/p>\n<p align=\"center\">(m<sup>2<\/sup>\/m)<\/p>\n<\/td>\n<td>Hat h\u0131z\u0131<\/p>\n<p align=\"center\">(m\/s)<\/p>\n<\/td>\n<\/tr>\n<tr align=\"center\">\n<td rowspan=\"3\">D=11.4<\/td>\n<td>\n<p data-spm-anchor-id=\"a2700.details.0.i13.50e92edaAyQyyY\">GQR11.4A<\/p>\n<\/td>\n<td>Kau\u00e7uk<\/td>\n<td>40<\/td>\n<td>S\u0131n\u0131f1<\/td>\n<td>4-6<\/td>\n<td>15-25<\/td>\n<td>25-30<\/td>\n<\/tr>\n<tr align=\"center\">\n<td>GQR11.4B<\/td>\n<td>Kau\u00e7uk<\/td>\n<td>40<\/td>\n<td>S\u0131n\u0131f3-4<\/td>\n<td>2-5<\/td>\n<td>8-15<\/td>\n<td>22-26<\/td>\n<\/tr>\n<tr align=\"center\">\n<td>GQR11.4C<\/td>\n<td>Kau\u00e7uk<\/td>\n<td>40<\/td>\n<td>S\u0131n\u0131f4-5<\/td>\n<td>1-2.5<\/td>\n<td>4-9<\/td>\n<td>18-23<\/td>\n<\/tr>\n<\/tbody>\n<\/table>\n<p>&nbsp;<\/p>\n<figure id=\"attachment_1250\" aria-describedby=\"caption-attachment-1250\" style=\"width: 750px\" class=\"wp-caption aligncenter\"><img loading=\"lazy\" decoding=\"async\" class=\"wp-image-1250 size-full\" src=\"https:\/\/xmstonetools.com\/wp-content\/uploads\/2022\/11\/Applications-of-Rubber-coatiing-wire-saw.jpg\" alt=\"Kau\u00e7uk kaplamal\u0131 tel testere uygulamalar\u0131\" width=\"750\" height=\"1701\" srcset=\"https:\/\/xmstonetools.com\/wp-content\/uploads\/2022\/11\/Applications-of-Rubber-coatiing-wire-saw.jpg 750w, https:\/\/xmstonetools.com\/wp-content\/uploads\/2022\/11\/Applications-of-Rubber-coatiing-wire-saw-176x400.jpg 176w, https:\/\/xmstonetools.com\/wp-content\/uploads\/2022\/11\/Applications-of-Rubber-coatiing-wire-saw-353x800.jpg 353w, https:\/\/xmstonetools.com\/wp-content\/uploads\/2022\/11\/Applications-of-Rubber-coatiing-wire-saw-677x1536.jpg 677w, https:\/\/xmstonetools.com\/wp-content\/uploads\/2022\/11\/Applications-of-Rubber-coatiing-wire-saw-600x1361.jpg 600w\" sizes=\"auto, (max-width: 750px) 100vw, 750px\" \/><figcaption id=\"caption-attachment-1250\" class=\"wp-caption-text\">Kau\u00e7uk kaplamal\u0131 tel testere uygulamalar\u0131<\/figcaption><\/figure>","protected":false},"excerpt":{"rendered":"<p>Kau\u00e7uk Tel testere esas olarak granit oca\u011f\u0131 madencili\u011fi i\u00e7in kullan\u0131l\u0131r. yay kaplama elmas halat testere esas olarak mermer, kire\u00e7ta\u015f\u0131, traverten vb. gibi ta\u015f oca\u011f\u0131nda yumu\u015fak ta\u015f malzeme i\u00e7in kullan\u0131l\u0131r. plastik kaplama elmas halat testere esas olarak fabrikada statik makinelerde her t\u00fcrl\u00fc ta\u015f blok kare alma, kesme, profilleme i\u00e7in kullan\u0131l\u0131r.<br \/>\n1) \u00c7ap: 11,5 mm<br \/>\n2) Boncuk\/M:40<br \/>\n3) \u00dcretim Teknolojisi: sinterlenmi\u015f<br \/>\n4) Takviye: R+S<br \/>\n5) Kesme projesi: farkl\u0131 beton t\u00fcrleri.<br \/>\n6) Metre\/kutu:50<\/p>\n<a href=\"#Quote-Button\" class=\"button primary is-large Inquiry-Button\" style=\"border-radius:99px;\">\n\t<i class=\"icon-heart\" aria-hidden=\"true\"><\/i>\t<span>\u015eimdi Sorgula<\/span>\n\t<\/a>","protected":false},"featured_media":1251,"template":"","meta":[],"product_brand":[],"product_cat":[61],"product_tag":[69,80,81],"class_list":{"0":"post-1256","1":"product","2":"type-product","3":"status-publish","4":"has-post-thumbnail","6":"product_cat-diamond-wire-saw","7":"product_tag-diamond-wire-saw","8":"product_tag-granite-wire-saw","9":"product_tag-rubber-rope-saw","11":"first","12":"instock","13":"shipping-taxable","14":"product-type-simple"},"aioseo_notices":[],"_links":{"self":[{"href":"https:\/\/xmstonetools.com\/tr\/wp-json\/wp\/v2\/product\/1256","targetHints":{"allow":["GET"]}}],"collection":[{"href":"https:\/\/xmstonetools.com\/tr\/wp-json\/wp\/v2\/product"}],"about":[{"href":"https:\/\/xmstonetools.com\/tr\/wp-json\/wp\/v2\/types\/product"}],"wp:featuredmedia":[{"embeddable":true,"href":"https:\/\/xmstonetools.com\/tr\/wp-json\/wp\/v2\/media\/1251"}],"wp:attachment":[{"href":"https:\/\/xmstonetools.com\/tr\/wp-json\/wp\/v2\/media?parent=1256"}],"wp:term":[{"taxonomy":"product_brand","embeddable":true,"href":"https:\/\/xmstonetools.com\/tr\/wp-json\/wp\/v2\/product_brand?post=1256"},{"taxonomy":"product_cat","embeddable":true,"href":"https:\/\/xmstonetools.com\/tr\/wp-json\/wp\/v2\/product_cat?post=1256"},{"taxonomy":"product_tag","embeddable":true,"href":"https:\/\/xmstonetools.com\/tr\/wp-json\/wp\/v2\/product_tag?post=1256"}],"curies":[{"name":"wp","href":"https:\/\/api.w.org\/{rel}","templated":true}]}}