{"id":1268,"date":"2022-11-16T10:33:46","date_gmt":"2022-11-16T02:33:46","guid":{"rendered":"https:\/\/xmstonetools.com\/?post_type=product&#038;p=1268"},"modified":"2023-03-28T15:55:27","modified_gmt":"2023-03-28T07:55:27","slug":"granit-ocagi-icin-elmas-tel-testere","status":"publish","type":"product","link":"https:\/\/xmstonetools.com\/tr\/urun\/granit-ocagi-icin-elmas-tel-testere\/","title":{"rendered":"Granit Oca\u011f\u0131 \u0130\u00e7in Elmas Tel Testere"},"content":{"rendered":"<table class=\"all magic-4\">\n<tbody>\n<tr>\n<td colspan=\"1\" rowspan=\"1\">\n<div class=\"magic-5\">\u00dcr\u00fcn Ad\u0131<\/div>\n<\/td>\n<td colspan=\"1\" rowspan=\"1\">\n<div class=\"magic-6\">D11.5 Kau\u00e7uk Elmas Tel Testere<\/div>\n<\/td>\n<\/tr>\n<tr>\n<td colspan=\"1\" rowspan=\"1\">\n<div class=\"magic-5\">Paket Boyutu<\/div>\n<\/td>\n<td colspan=\"1\" rowspan=\"1\">\n<div class=\"magic-6\">41.5*41.5*15.5cm<\/div>\n<\/td>\n<\/tr>\n<tr>\n<td colspan=\"1\" rowspan=\"1\">\n<div class=\"magic-5\">Br\u00fct A\u011f\u0131rl\u0131k<\/div>\n<\/td>\n<td colspan=\"1\" rowspan=\"1\">\n<div class=\"magic-6\">33kg<\/div>\n<\/td>\n<\/tr>\n<tr>\n<td colspan=\"1\" rowspan=\"1\">\n<div class=\"magic-5\">Malzeme<\/div>\n<\/td>\n<td colspan=\"1\" rowspan=\"1\">\n<div class=\"magic-6\">Kau\u00e7uk<\/div>\n<\/td>\n<\/tr>\n<tr>\n<td colspan=\"1\" rowspan=\"1\">\n<div class=\"magic-5\">Model<\/div>\n<\/td>\n<td colspan=\"1\" rowspan=\"1\">\n<div class=\"magic-6\">D11.5<\/div>\n<\/td>\n<\/tr>\n<tr>\n<td colspan=\"1\" rowspan=\"1\">\n<div class=\"magic-5\">\n<div class=\"magic-7\">A\u00e7\u0131klama<\/div>\n<\/div>\n<\/td>\n<td colspan=\"1\" rowspan=\"1\">\n<div class=\"magic-6\">*\u0130stikrarl\u0131 ve etkili performans ile grantie quarring \u00fczerinde kullan\u0131l\u0131r.<br \/>\n*Ta\u015f oca\u011f\u0131 b\u0131\u00e7a\u011f\u0131 ile kar\u015f\u0131la\u015ft\u0131r\u0131ld\u0131\u011f\u0131nda, y\u00fcksek verim, d\u00fc\u015f\u00fck kapsaml\u0131 maliyet, g\u00fcvenlik ve \u00e7evre koruma kirlili\u011fi ile geni\u015f uyarlanabilirli\u011fe, y\u00fcksek madencilik verimlili\u011fine, esnek kesme moduna, b\u00fcy\u00fck kesme derinli\u011fine sahiptir.<\/div>\n<\/td>\n<\/tr>\n<tr>\n<td colspan=\"1\" rowspan=\"1\">\n<div class=\"magic-5\">Uygulama<\/div>\n<\/td>\n<td colspan=\"1\" rowspan=\"1\">\n<div class=\"magic-6\">Granit Oca\u011f\u0131'na ba\u015fvurun.<\/div>\n<\/td>\n<\/tr>\n<tr>\n<td colspan=\"1\" rowspan=\"1\">\n<div class=\"magic-5\">\u00d6zellikleri:<\/div>\n<\/td>\n<td colspan=\"1\" rowspan=\"1\">\n<div class=\"magic-6\">1. Y\u00fcksek kesme verimlili\u011fi, \u00e7evre dostu, y\u00fcksek blok \u00e7\u0131k\u0131\u015f\u0131.<br \/>\n2. \u0130yi \u015fekillendirme ve i\u00e7 k\u0131r\u0131lma blo\u011fu yok.<br \/>\n3. \u0130yi performans, d\u00fc\u015f\u00fck ta\u015f oca\u011f\u0131 maliyeti ile iyi ve b\u00fcy\u00fck boyutlu bloklardan yararlan\u0131r.<br \/>\n4. B\u00fcy\u00fck boyutlu blok \u00fcretmek i\u00e7in quarring makinelerinde yayg\u0131n olarak kullan\u0131l\u0131r.<\/div>\n<\/td>\n<\/tr>\n<\/tbody>\n<\/table>\n<div><\/div>\n<figure id=\"attachment_1262\" aria-describedby=\"caption-attachment-1262\" style=\"width: 750px\" class=\"wp-caption aligncenter\"><img loading=\"lazy\" decoding=\"async\" class=\"wp-image-1262 size-full\" src=\"https:\/\/xmstonetools.com\/wp-content\/uploads\/2022\/11\/Details-Show-Diamond-Wire-Saw-For-Granite-Quarry-Cutting-1.jpg\" alt=\"Granit Oca\u011f\u0131 Kesimi \u0130\u00e7in Elmas Tel Halat Testere-1\" width=\"750\" height=\"953\" srcset=\"https:\/\/xmstonetools.com\/wp-content\/uploads\/2022\/11\/Details-Show-Diamond-Wire-Saw-For-Granite-Quarry-Cutting-1.jpg 750w, https:\/\/xmstonetools.com\/wp-content\/uploads\/2022\/11\/Details-Show-Diamond-Wire-Saw-For-Granite-Quarry-Cutting-1-315x400.jpg 315w, https:\/\/xmstonetools.com\/wp-content\/uploads\/2022\/11\/Details-Show-Diamond-Wire-Saw-For-Granite-Quarry-Cutting-1-630x800.jpg 630w, https:\/\/xmstonetools.com\/wp-content\/uploads\/2022\/11\/Details-Show-Diamond-Wire-Saw-For-Granite-Quarry-Cutting-1-600x762.jpg 600w\" sizes=\"auto, (max-width: 750px) 100vw, 750px\" \/><figcaption id=\"caption-attachment-1262\" class=\"wp-caption-text\">Granit Oca\u011f\u0131 Kesimi \u0130\u00e7in Elmas Tel Halat Testere-1<\/figcaption><\/figure>\n<figure id=\"attachment_1266\" aria-describedby=\"caption-attachment-1266\" style=\"width: 1000px\" class=\"wp-caption aligncenter\"><img loading=\"lazy\" decoding=\"async\" class=\"wp-image-1266 size-full\" src=\"https:\/\/xmstonetools.com\/wp-content\/uploads\/2022\/11\/Packing-Diamond-Wire-Rope-Saw-For-Granite-Quarry-Cutting-1.jpg\" alt=\"Granit Oca\u011f\u0131 Kesimi \u0130\u00e7in Paketleme Elmas Tel Halat Testere-1\" width=\"1000\" height=\"1000\" srcset=\"https:\/\/xmstonetools.com\/wp-content\/uploads\/2022\/11\/Packing-Diamond-Wire-Rope-Saw-For-Granite-Quarry-Cutting-1.jpg 1000w, https:\/\/xmstonetools.com\/wp-content\/uploads\/2022\/11\/Packing-Diamond-Wire-Rope-Saw-For-Granite-Quarry-Cutting-1-400x400.jpg 400w, https:\/\/xmstonetools.com\/wp-content\/uploads\/2022\/11\/Packing-Diamond-Wire-Rope-Saw-For-Granite-Quarry-Cutting-1-800x800.jpg 800w, https:\/\/xmstonetools.com\/wp-content\/uploads\/2022\/11\/Packing-Diamond-Wire-Rope-Saw-For-Granite-Quarry-Cutting-1-280x280.jpg 280w, https:\/\/xmstonetools.com\/wp-content\/uploads\/2022\/11\/Packing-Diamond-Wire-Rope-Saw-For-Granite-Quarry-Cutting-1-768x768.jpg 768w, https:\/\/xmstonetools.com\/wp-content\/uploads\/2022\/11\/Packing-Diamond-Wire-Rope-Saw-For-Granite-Quarry-Cutting-1-300x300.jpg 300w, https:\/\/xmstonetools.com\/wp-content\/uploads\/2022\/11\/Packing-Diamond-Wire-Rope-Saw-For-Granite-Quarry-Cutting-1-600x600.jpg 600w, https:\/\/xmstonetools.com\/wp-content\/uploads\/2022\/11\/Packing-Diamond-Wire-Rope-Saw-For-Granite-Quarry-Cutting-1-100x100.jpg 100w, https:\/\/xmstonetools.com\/wp-content\/uploads\/2022\/11\/Packing-Diamond-Wire-Rope-Saw-For-Granite-Quarry-Cutting-1-120x120.jpg 120w\" sizes=\"auto, (max-width: 1000px) 100vw, 1000px\" \/><figcaption id=\"caption-attachment-1266\" class=\"wp-caption-text\">Granit Oca\u011f\u0131 Kesimi \u0130\u00e7in Paketleme Elmas Tel Halat Testere-1<\/figcaption><\/figure>\n<figure id=\"attachment_1267\" aria-describedby=\"caption-attachment-1267\" style=\"width: 1000px\" class=\"wp-caption aligncenter\"><img loading=\"lazy\" decoding=\"async\" class=\"wp-image-1267 size-full\" src=\"https:\/\/xmstonetools.com\/wp-content\/uploads\/2022\/11\/Packing-Diamond-Wire-Rope-Saw-For-Granite-Quarry-Cutting-2.jpg\" alt=\"Granit Oca\u011f\u0131 Kesimi \u0130\u00e7in Paketleme Elmas Tel Halat Testere-2\" width=\"1000\" height=\"1000\" srcset=\"https:\/\/xmstonetools.com\/wp-content\/uploads\/2022\/11\/Packing-Diamond-Wire-Rope-Saw-For-Granite-Quarry-Cutting-2.jpg 1000w, https:\/\/xmstonetools.com\/wp-content\/uploads\/2022\/11\/Packing-Diamond-Wire-Rope-Saw-For-Granite-Quarry-Cutting-2-400x400.jpg 400w, https:\/\/xmstonetools.com\/wp-content\/uploads\/2022\/11\/Packing-Diamond-Wire-Rope-Saw-For-Granite-Quarry-Cutting-2-800x800.jpg 800w, https:\/\/xmstonetools.com\/wp-content\/uploads\/2022\/11\/Packing-Diamond-Wire-Rope-Saw-For-Granite-Quarry-Cutting-2-280x280.jpg 280w, https:\/\/xmstonetools.com\/wp-content\/uploads\/2022\/11\/Packing-Diamond-Wire-Rope-Saw-For-Granite-Quarry-Cutting-2-768x768.jpg 768w, https:\/\/xmstonetools.com\/wp-content\/uploads\/2022\/11\/Packing-Diamond-Wire-Rope-Saw-For-Granite-Quarry-Cutting-2-300x300.jpg 300w, https:\/\/xmstonetools.com\/wp-content\/uploads\/2022\/11\/Packing-Diamond-Wire-Rope-Saw-For-Granite-Quarry-Cutting-2-600x600.jpg 600w, https:\/\/xmstonetools.com\/wp-content\/uploads\/2022\/11\/Packing-Diamond-Wire-Rope-Saw-For-Granite-Quarry-Cutting-2-100x100.jpg 100w, https:\/\/xmstonetools.com\/wp-content\/uploads\/2022\/11\/Packing-Diamond-Wire-Rope-Saw-For-Granite-Quarry-Cutting-2-120x120.jpg 120w\" sizes=\"auto, (max-width: 1000px) 100vw, 1000px\" \/><figcaption id=\"caption-attachment-1267\" class=\"wp-caption-text\">Granit Oca\u011f\u0131 Kesimi \u0130\u00e7in Paketleme Elmas Tel Halat Testere-2<\/figcaption><\/figure>\n<figure id=\"attachment_1260\" aria-describedby=\"caption-attachment-1260\" style=\"width: 1000px\" class=\"wp-caption aligncenter\"><img loading=\"lazy\" decoding=\"async\" class=\"wp-image-1260 size-full\" src=\"https:\/\/xmstonetools.com\/wp-content\/uploads\/2022\/11\/Application-of-Granite-Quarry-Wire-Rope-Saw-1.jpg\" alt=\"Granit Oca\u011f\u0131 Tel Halat Testere Uygulamas\u0131-1\" width=\"1000\" height=\"1000\" srcset=\"https:\/\/xmstonetools.com\/wp-content\/uploads\/2022\/11\/Application-of-Granite-Quarry-Wire-Rope-Saw-1.jpg 1000w, https:\/\/xmstonetools.com\/wp-content\/uploads\/2022\/11\/Application-of-Granite-Quarry-Wire-Rope-Saw-1-400x400.jpg 400w, https:\/\/xmstonetools.com\/wp-content\/uploads\/2022\/11\/Application-of-Granite-Quarry-Wire-Rope-Saw-1-800x800.jpg 800w, https:\/\/xmstonetools.com\/wp-content\/uploads\/2022\/11\/Application-of-Granite-Quarry-Wire-Rope-Saw-1-280x280.jpg 280w, https:\/\/xmstonetools.com\/wp-content\/uploads\/2022\/11\/Application-of-Granite-Quarry-Wire-Rope-Saw-1-768x768.jpg 768w, https:\/\/xmstonetools.com\/wp-content\/uploads\/2022\/11\/Application-of-Granite-Quarry-Wire-Rope-Saw-1-300x300.jpg 300w, https:\/\/xmstonetools.com\/wp-content\/uploads\/2022\/11\/Application-of-Granite-Quarry-Wire-Rope-Saw-1-600x600.jpg 600w, https:\/\/xmstonetools.com\/wp-content\/uploads\/2022\/11\/Application-of-Granite-Quarry-Wire-Rope-Saw-1-100x100.jpg 100w, https:\/\/xmstonetools.com\/wp-content\/uploads\/2022\/11\/Application-of-Granite-Quarry-Wire-Rope-Saw-1-120x120.jpg 120w\" sizes=\"auto, (max-width: 1000px) 100vw, 1000px\" \/><figcaption id=\"caption-attachment-1260\" class=\"wp-caption-text\">Granit Oca\u011f\u0131 Tel Halat Testere Uygulamas\u0131-1<\/figcaption><\/figure>\n<figure id=\"attachment_1259\" aria-describedby=\"caption-attachment-1259\" style=\"width: 1000px\" class=\"wp-caption aligncenter\"><img loading=\"lazy\" decoding=\"async\" class=\"wp-image-1259 size-full\" src=\"https:\/\/xmstonetools.com\/wp-content\/uploads\/2022\/11\/Application-of-Granite-Quarry-Wire-Rope-Saw.jpg\" alt=\"Granit Oca\u011f\u0131 Tel Halat Testere Uygulamas\u0131\" width=\"1000\" height=\"1000\" srcset=\"https:\/\/xmstonetools.com\/wp-content\/uploads\/2022\/11\/Application-of-Granite-Quarry-Wire-Rope-Saw.jpg 1000w, https:\/\/xmstonetools.com\/wp-content\/uploads\/2022\/11\/Application-of-Granite-Quarry-Wire-Rope-Saw-400x400.jpg 400w, https:\/\/xmstonetools.com\/wp-content\/uploads\/2022\/11\/Application-of-Granite-Quarry-Wire-Rope-Saw-800x800.jpg 800w, https:\/\/xmstonetools.com\/wp-content\/uploads\/2022\/11\/Application-of-Granite-Quarry-Wire-Rope-Saw-280x280.jpg 280w, https:\/\/xmstonetools.com\/wp-content\/uploads\/2022\/11\/Application-of-Granite-Quarry-Wire-Rope-Saw-768x768.jpg 768w, https:\/\/xmstonetools.com\/wp-content\/uploads\/2022\/11\/Application-of-Granite-Quarry-Wire-Rope-Saw-300x300.jpg 300w, https:\/\/xmstonetools.com\/wp-content\/uploads\/2022\/11\/Application-of-Granite-Quarry-Wire-Rope-Saw-600x600.jpg 600w, https:\/\/xmstonetools.com\/wp-content\/uploads\/2022\/11\/Application-of-Granite-Quarry-Wire-Rope-Saw-100x100.jpg 100w, https:\/\/xmstonetools.com\/wp-content\/uploads\/2022\/11\/Application-of-Granite-Quarry-Wire-Rope-Saw-120x120.jpg 120w\" sizes=\"auto, (max-width: 1000px) 100vw, 1000px\" \/><figcaption id=\"caption-attachment-1259\" class=\"wp-caption-text\">Granit Oca\u011f\u0131 Tel Halat Testere Uygulamas\u0131<\/figcaption><\/figure>","protected":false},"excerpt":{"rendered":"<p>Y\u00fcksek etki, d\u00fc\u015f\u00fck maliyet, d\u00fc\u015f\u00fck at\u0131k<br \/>\nD\u00fczg\u00fcn kesim ve do\u011fru i\u015flem<br \/>\nG\u00fcvenli ve \u00e7evre koruma<br \/>\nB\u00fcy\u00fck ve normal stok kesebilir<br \/>\nElmas tak\u0131m end\u00fcstrisinde 15 y\u0131ldan fazla deneyime sahip fabrika<br \/>\nDo\u011fu Avrupa, Kuzey Amerika, G\u00fcney Amerika, Orta Do\u011fu, Avustralya ve di\u011fer deniza\u015f\u0131r\u0131 pazarlara \u00e7ok say\u0131da ihracat,<br \/>\n\u00fcr\u00fcn kalitesi deniza\u015f\u0131r\u0131 m\u00fc\u015fteriler taraf\u0131ndan kabul g\u00f6rm\u00fc\u015ft\u00fcr.<br \/>\n100'den fazla set s\u0131cak pres, so\u011fuk pres, tel testere makinesi ve 300'den fazla \u00e7al\u0131\u015fan, y\u00fcksek \u00e7\u0131kt\u0131 ve h\u0131zl\u0131 teslimat s\u00fcresini sa\u011flar.<\/p>\n<a href=\"#Quote-Button\" class=\"button primary is-large Inquiry-Button\" style=\"border-radius:99px;\">\n\t<i class=\"icon-heart\" aria-hidden=\"true\"><\/i>\t<span>\u015eimdi Sorgula<\/span>\n\t<\/a>","protected":false},"featured_media":1265,"template":"","meta":[],"product_brand":[],"product_cat":[61],"product_tag":[69,80,82,81],"class_list":{"0":"post-1268","1":"product","2":"type-product","3":"status-publish","4":"has-post-thumbnail","6":"product_cat-diamond-wire-saw","7":"product_tag-diamond-wire-saw","8":"product_tag-granite-wire-saw","9":"product_tag-quarry-wire-saw","10":"product_tag-rubber-rope-saw","12":"first","13":"instock","14":"shipping-taxable","15":"product-type-simple"},"aioseo_notices":[],"_links":{"self":[{"href":"https:\/\/xmstonetools.com\/tr\/wp-json\/wp\/v2\/product\/1268","targetHints":{"allow":["GET"]}}],"collection":[{"href":"https:\/\/xmstonetools.com\/tr\/wp-json\/wp\/v2\/product"}],"about":[{"href":"https:\/\/xmstonetools.com\/tr\/wp-json\/wp\/v2\/types\/product"}],"wp:featuredmedia":[{"embeddable":true,"href":"https:\/\/xmstonetools.com\/tr\/wp-json\/wp\/v2\/media\/1265"}],"wp:attachment":[{"href":"https:\/\/xmstonetools.com\/tr\/wp-json\/wp\/v2\/media?parent=1268"}],"wp:term":[{"taxonomy":"product_brand","embeddable":true,"href":"https:\/\/xmstonetools.com\/tr\/wp-json\/wp\/v2\/product_brand?post=1268"},{"taxonomy":"product_cat","embeddable":true,"href":"https:\/\/xmstonetools.com\/tr\/wp-json\/wp\/v2\/product_cat?post=1268"},{"taxonomy":"product_tag","embeddable":true,"href":"https:\/\/xmstonetools.com\/tr\/wp-json\/wp\/v2\/product_tag?post=1268"}],"curies":[{"name":"wp","href":"https:\/\/api.w.org\/{rel}","templated":true}]}}