{"id":1278,"date":"2022-11-16T16:25:17","date_gmt":"2022-11-16T08:25:17","guid":{"rendered":"https:\/\/xmstonetools.com\/?post_type=product&#038;p=1278"},"modified":"2023-03-28T15:54:22","modified_gmt":"2023-03-28T07:54:22","slug":"sinterlenmis-elmas-taslama-canagi-tekerlegi","status":"publish","type":"product","link":"https:\/\/xmstonetools.com\/tr\/urun\/sinterlenmis-elmas-taslama-canagi-tekerlegi\/","title":{"rendered":"Sinterlenmi\u015f Elmas Ta\u015flama \u00c7ana\u011f\u0131 Ta\u015f\u0131"},"content":{"rendered":"<table class=\"all magic-1\">\n<tbody>\n<tr>\n<td colspan=\"1\" rowspan=\"1\">\n<div class=\"magic-2\"><b>\u00dcr\u00fcn Ad\u0131<\/b><\/div>\n<\/td>\n<td colspan=\"4\" rowspan=\"1\">\n<div class=\"magic-3\">Sinterleme Ta\u015flama \u00c7ana\u011f\u0131 Tekerle\u011fi<\/div>\n<\/td>\n<\/tr>\n<tr>\n<td colspan=\"1\" rowspan=\"1\">\n<div class=\"magic-2\"><b>\u015eartname<\/b><\/div>\n<\/td>\n<td colspan=\"4\" rowspan=\"1\">\n<div class=\"magic-3\">\n<p>1.Diameter:50mm,75mm,100mm,180mm<\/p>\n<div data-spm-anchor-id=\"a2700.pc-decorate.0.i3.55ef3333RSR3FR\"><\/div>\n<div data-spm-anchor-id=\"0.0.0.i1.6b4d4f05Kya5LZ\">\n<p>2. \u0130\u00e7 \u00c7ap: 16mm, 22mm<\/p>\n<p>3. Di\u015f tipi: \u015eaft, M10, M14, M16, 5\/8\u2033-11, GAS1\/2<\/p>\n<div data-spm-anchor-id=\"0.0.0.i4.6b4d4f05KogW5y\">4. Kal\u0131nl\u0131k: 4mm, 5mm<\/div>\n<div data-spm-anchor-id=\"0.0.0.i4.6b4d4f05KogW5y\"><\/div>\n<div data-spm-anchor-id=\"0.0.0.i4.6b4d4f05KogW5y\">5. Segment boyutu: Herhangi bir segment yap\u0131labilir<\/div>\n<\/div>\n<\/div>\n<\/td>\n<\/tr>\n<tr>\n<td colspan=\"1\" rowspan=\"1\">\n<div class=\"magic-2\"><b>Uygulama<\/b><\/div>\n<\/td>\n<td colspan=\"4\" rowspan=\"1\">\n<div class=\"magic-3\">Zemin uzmanlar\u0131 ve in\u015faat profesyonellerine \u00f6zel, elde tutulan uygulamalar i\u00e7in.<\/div>\n<\/td>\n<\/tr>\n<tr>\n<td colspan=\"1\" rowspan=\"1\">\n<div class=\"magic-2\"><b>Kalite Kontrol<\/b><\/div>\n<\/td>\n<td colspan=\"4\" rowspan=\"1\">\n<div class=\"magic-6\">\n<p>1. \u0130yi kaliteyi sa\u011flamak i\u00e7in profesyonel form\u00fcl.<\/p>\n<div data-spm-anchor-id=\"0.0.0.i2.6b4d4f05zRXIVP\">2. S\u0131k\u0131 Hammadde denetimi<\/div>\n<div data-spm-anchor-id=\"0.0.0.i2.6b4d4f05zRXIVP\">3. Profesyonel \u00fcretim montaj hatt\u0131.<\/div>\n<div data-spm-anchor-id=\"0.0.0.i2.6b4d4f05zRXIVP\">4. Ayr\u0131ca kullan\u0131m i\u015flevini kontrol etmek i\u00e7in baz\u0131 sondaj deneyleri yap\u0131yoruz.<\/div>\n<\/div>\n<\/td>\n<\/tr>\n<tr>\n<td colspan=\"1\" rowspan=\"1\">\n<div class=\"magic-2\"><b>Marka<\/b><\/div>\n<\/td>\n<td colspan=\"4\" rowspan=\"1\">\n<div class=\"magic-6\"><\/div>\n<\/td>\n<\/tr>\n<tr>\n<td colspan=\"1\" rowspan=\"1\">\n<div class=\"magic-2\"><b>ADEDI<\/b><\/div>\n<\/td>\n<td colspan=\"4\" rowspan=\"1\">\n<div class=\"magic-6\">20 ADET<\/div>\n<\/td>\n<\/tr>\n<tr>\n<td colspan=\"1\" rowspan=\"1\">\n<div class=\"magic-2\"><b>\u00d6deme S\u00fcresi<\/b><\/div>\n<\/td>\n<td colspan=\"4\" rowspan=\"1\">\n<div class=\"magic-6\">TT, LC, Western Union, Paypal, Ticaret g\u00fcvencesi vb.<\/div>\n<\/td>\n<\/tr>\n<tr>\n<td colspan=\"1\" rowspan=\"1\">\n<div class=\"magic-2\"><b>Paket<\/b><\/div>\n<\/td>\n<td colspan=\"4\" rowspan=\"1\">\n<div class=\"magic-6\">Plastik torba\/ka\u011f\u0131t torba+ah\u015fap torba veya \u00f6zelle\u015ftirilmi\u015f<\/div>\n<\/td>\n<\/tr>\n<tr>\n<td colspan=\"1\" rowspan=\"1\">\n<div class=\"magic-2\"><b>Hizmet<\/b><\/div>\n<\/td>\n<td colspan=\"4\" rowspan=\"1\">\n<div class=\"magic-6\">Talep \u00fczerine farkl\u0131 mil boyutlar\u0131 ve segment \u00f6zellikleri mevcuttur. Di\u011fer tipler, m\u00fc\u015fteriler taraf\u0131ndan sa\u011flanan \u00e7izimlere ve numunelere g\u00f6re i\u015flenebilir<\/div>\n<\/td>\n<\/tr>\n<\/tbody>\n<\/table>\n<figure id=\"attachment_1277\" aria-describedby=\"caption-attachment-1277\" style=\"width: 749px\" class=\"wp-caption aligncenter\"><img loading=\"lazy\" decoding=\"async\" class=\"wp-image-1277 size-full\" src=\"https:\/\/xmstonetools.com\/wp-content\/uploads\/2022\/11\/Why-Choose-Us-Cup-Wheels.jpg\" alt=\"Neden Bizi Se\u00e7melisiniz Cup Wheels\" width=\"749\" height=\"360\" srcset=\"https:\/\/xmstonetools.com\/wp-content\/uploads\/2022\/11\/Why-Choose-Us-Cup-Wheels.jpg 749w, https:\/\/xmstonetools.com\/wp-content\/uploads\/2022\/11\/Why-Choose-Us-Cup-Wheels-600x288.jpg 600w\" sizes=\"auto, (max-width: 749px) 100vw, 749px\" \/><figcaption id=\"caption-attachment-1277\" class=\"wp-caption-text\">Neden Bizi Se\u00e7melisiniz Cup Wheels<\/figcaption><\/figure>\n<figure id=\"attachment_1275\" aria-describedby=\"caption-attachment-1275\" style=\"width: 850px\" class=\"wp-caption aligncenter\"><img loading=\"lazy\" decoding=\"async\" class=\"wp-image-1275 size-full\" src=\"https:\/\/xmstonetools.com\/wp-content\/uploads\/2022\/11\/Stone-Diamond-Grinding-Cup-Wheel.jpg\" alt=\"Ta\u015f Elmas Ta\u015flama \u00c7ana\u011f\u0131 Tekerle\u011fi\" width=\"850\" height=\"194\" srcset=\"https:\/\/xmstonetools.com\/wp-content\/uploads\/2022\/11\/Stone-Diamond-Grinding-Cup-Wheel.jpg 850w, https:\/\/xmstonetools.com\/wp-content\/uploads\/2022\/11\/Stone-Diamond-Grinding-Cup-Wheel-800x183.jpg 800w, https:\/\/xmstonetools.com\/wp-content\/uploads\/2022\/11\/Stone-Diamond-Grinding-Cup-Wheel-768x175.jpg 768w, https:\/\/xmstonetools.com\/wp-content\/uploads\/2022\/11\/Stone-Diamond-Grinding-Cup-Wheel-600x137.jpg 600w\" sizes=\"auto, (max-width: 850px) 100vw, 850px\" \/><figcaption id=\"caption-attachment-1275\" class=\"wp-caption-text\">Ta\u015f Elmas Ta\u015flama \u00c7ana\u011f\u0131 Tekerle\u011fi<\/figcaption><\/figure>\n<figure id=\"attachment_1274\" aria-describedby=\"caption-attachment-1274\" style=\"width: 859px\" class=\"wp-caption aligncenter\"><img loading=\"lazy\" decoding=\"async\" class=\"wp-image-1274 size-full\" src=\"https:\/\/xmstonetools.com\/wp-content\/uploads\/2022\/11\/Stone-Diamond-Cup-Wheels.jpg\" alt=\"Ta\u015f Elmas \u00c7anak Jantlar\" width=\"859\" height=\"190\" srcset=\"https:\/\/xmstonetools.com\/wp-content\/uploads\/2022\/11\/Stone-Diamond-Cup-Wheels.jpg 859w, https:\/\/xmstonetools.com\/wp-content\/uploads\/2022\/11\/Stone-Diamond-Cup-Wheels-800x177.jpg 800w, https:\/\/xmstonetools.com\/wp-content\/uploads\/2022\/11\/Stone-Diamond-Cup-Wheels-768x170.jpg 768w, https:\/\/xmstonetools.com\/wp-content\/uploads\/2022\/11\/Stone-Diamond-Cup-Wheels-600x133.jpg 600w\" sizes=\"auto, (max-width: 859px) 100vw, 859px\" \/><figcaption id=\"caption-attachment-1274\" class=\"wp-caption-text\">Ta\u015f Elmas \u00c7anak Jantlar<\/figcaption><\/figure>","protected":false},"excerpt":{"rendered":"<p>Ta\u015f \/ Beton Ta\u015flama i\u00e7in 90-100mm Elmas Ta\u015flama Kupas\u0131 Tekerlek B\u0131\u00e7aklar\u0131<\/p>\n<p>Ana \u00f6zellik: 1. Y\u00fcksek etkili, \u00e7evre dostu, kolay kullan\u0131m, kenar k\u0131r\u0131lmas\u0131 yok.<\/p>\n<p>2. Geli\u015fmi\u015f tekniklerle y\u00fcksek dereceli elmastan yap\u0131lm\u0131\u015f elmas segmentleri.<\/p>\n<p>3. Segment d\u00fc\u015fmesi yok, deformasyon yok, farkl\u0131 kalite talepleri i\u00e7in sessiz ve sessiz de\u011fil<\/p>\n<p>4. Y\u00fcksek form\u00fcl M \u015fekli, K \u015fekli, Konik \u015fekil, D\u00fcz \u015fekil, T \u015fekli, U \u015fekli, vb.<\/p>\n<p>5. Minimum yontma ile uzun \u00f6m\u00fcrl\u00fc performans i\u00e7in elmas b\u0131\u00e7ak<\/p>\n<p>6. M\u00fc\u015fterinin gereksinimlerine g\u00f6re \u00e7ok delikli tasar\u0131m.<\/p>\n<div>\n<a href=\"#Quote-Button\" class=\"button primary is-large Inquiry-Button\" style=\"border-radius:99px;\">\n\t<i class=\"icon-heart\" aria-hidden=\"true\"><\/i>\t<span>\u015eimdi Sorgula<\/span>\n\t<\/a>\n\n<\/div>","protected":false},"featured_media":1270,"template":"","meta":[],"product_brand":[],"product_cat":[56],"product_tag":[83],"class_list":{"0":"post-1278","1":"product","2":"type-product","3":"status-publish","4":"has-post-thumbnail","6":"product_cat-stone-grinding-tools","7":"product_tag-grinding-cup-wheel","9":"first","10":"instock","11":"shipping-taxable","12":"product-type-simple"},"aioseo_notices":[],"_links":{"self":[{"href":"https:\/\/xmstonetools.com\/tr\/wp-json\/wp\/v2\/product\/1278","targetHints":{"allow":["GET"]}}],"collection":[{"href":"https:\/\/xmstonetools.com\/tr\/wp-json\/wp\/v2\/product"}],"about":[{"href":"https:\/\/xmstonetools.com\/tr\/wp-json\/wp\/v2\/types\/product"}],"wp:featuredmedia":[{"embeddable":true,"href":"https:\/\/xmstonetools.com\/tr\/wp-json\/wp\/v2\/media\/1270"}],"wp:attachment":[{"href":"https:\/\/xmstonetools.com\/tr\/wp-json\/wp\/v2\/media?parent=1278"}],"wp:term":[{"taxonomy":"product_brand","embeddable":true,"href":"https:\/\/xmstonetools.com\/tr\/wp-json\/wp\/v2\/product_brand?post=1278"},{"taxonomy":"product_cat","embeddable":true,"href":"https:\/\/xmstonetools.com\/tr\/wp-json\/wp\/v2\/product_cat?post=1278"},{"taxonomy":"product_tag","embeddable":true,"href":"https:\/\/xmstonetools.com\/tr\/wp-json\/wp\/v2\/product_tag?post=1278"}],"curies":[{"name":"wp","href":"https:\/\/api.w.org\/{rel}","templated":true}]}}