{"id":1290,"date":"2022-11-16T19:41:42","date_gmt":"2022-11-16T11:41:42","guid":{"rendered":"https:\/\/xmstonetools.com\/?post_type=product&#038;p=1290"},"modified":"2023-03-28T15:54:12","modified_gmt":"2023-03-28T07:54:12","slug":"blok-soyma-icin-elmas-tel-testere","status":"publish","type":"product","link":"https:\/\/xmstonetools.com\/tr\/urun\/blok-soyma-icin-elmas-tel-testere\/","title":{"rendered":"Blok Giydirme \u0130\u00e7in Elmas Tel Testere"},"content":{"rendered":"<table class=\"aliDataTable\">\n<tbody>\n<tr align=\"left\">\n<td valign=\"top\">Uygulama<\/td>\n<td valign=\"top\">1. Ta\u015f Oca\u011f\u0131, Blok Kareleme ve Pah K\u0131rma, Profil Kesme i\u00e7in<\/p>\n<p>2. Takviye Betonu Kesmek \u0130\u00e7in<\/td>\n<\/tr>\n<tr align=\"left\">\n<td valign=\"top\">Tel Testere \u00c7ap\u0131<\/td>\n<td valign=\"top\">7.2mm, 8.0mm, 8.5mm, 9.0mm, 11.0mm, 11.5mm<\/td>\n<\/tr>\n<tr align=\"left\">\n<td valign=\"top\">Teknoloji<\/td>\n<td valign=\"top\">Sinterlenmi\u015f, Elektrolizle Kaplanm\u0131\u015f, Vakum Lehimli<\/td>\n<\/tr>\n<tr align=\"left\">\n<td valign=\"top\">Kaplama D\u00fczeltme Enjeksiyonu<\/td>\n<td valign=\"top\">Plastik, Kau\u00e7uk, Yay, Kau\u00e7uk+Yay, Plastik+Yay<\/td>\n<\/tr>\n<tr align=\"left\">\n<td valign=\"top\">Boncuklar\/Metre<\/td>\n<td valign=\"top\">40\/37\/33\/28\/26 adet<\/td>\n<\/tr>\n<tr align=\"left\">\n<td valign=\"top\">Dikkat<\/td>\n<td valign=\"top\">l. Testereyi d\u00fczenli olarak kontrol edin ve zaman\u0131nda ayarlay\u0131n.<\/p>\n<p>2. \u0130nci a\u015f\u0131nmas\u0131n\u0131n d\u00fczenli olarak kontrol edilmesi, Eksantrik a\u015f\u0131nmadan ka\u00e7\u0131n\u0131n<br \/>\n3. Mafsal\u0131 d\u00fczenli olarak kontrol edin ve zaman\u0131nda ayarlay\u0131n.<br \/>\n4. Halatlar\u0131n gerginli\u011fi 250-300kg'd\u0131r (\u03a64-5mm halatlar)<br \/>\n5. Su beslemesi yakla\u015f\u0131k 15-25L \/ dak<\/td>\n<\/tr>\n<tr align=\"left\">\n<td valign=\"top\">\u00a0\u00d6zellik<\/td>\n<td valign=\"top\">\n<div>1. Kullan\u0131rken \u00e7ok daha az k\u0131r\u0131lma oran\u0131, bu nedenle \u00e7al\u0131\u015fma \u00f6mr\u00fcn\u00fc uzat\u0131r.<br \/>\n2. Otomatik \u00fcretim, istikrarl\u0131 kalite performans\u0131 sa\u011flar.<br \/>\n3. G\u00fcvenli, y\u00fcksek verimlilik ve \u00e7evre koruma.<\/div>\n<\/td>\n<\/tr>\n<\/tbody>\n<\/table>\n<div><\/div>\n<div data-spm-anchor-id=\"a2700.details.0.i12.4d8747faaoIfJr\">\n<table class=\"aliDataTable\">\n<tbody>\n<tr align=\"left\">\n<td valign=\"center\">\u00c7ap (mm)<\/td>\n<td valign=\"center\">Uygulamalar<\/td>\n<td valign=\"center\">Kaplama<\/td>\n<td valign=\"center\">Boncuk\/m<\/td>\n<td valign=\"center\">Kesme H\u0131z\u0131 (m2\/h)<\/td>\n<td valign=\"center\">Tel \u00d6mr\u00fc (m2\/m)<\/td>\n<\/tr>\n<tr align=\"left\">\n<td valign=\"center\">\u03a6 11. 5 \/ \u03a6 10.5<\/td>\n<td valign=\"center\">Betonarme<\/td>\n<td valign=\"center\">kau\u00e7uk+yay<\/td>\n<td valign=\"center\">40<\/td>\n<td valign=\"center\">0.5-5<\/td>\n<td valign=\"center\">0.5-8<\/td>\n<\/tr>\n<tr align=\"left\">\n<td valign=\"center\">\u03a6 11.5\/ \u03a6 11.0<\/td>\n<td valign=\"center\">Granit madeni\/ta\u015f oca\u011f\u0131<\/td>\n<td valign=\"center\">kau\u00e7uk\/kau\u00e7uk+yay<\/td>\n<td valign=\"center\">40<\/td>\n<td valign=\"center\">2-12<\/td>\n<td valign=\"center\">7-22<\/td>\n<\/tr>\n<tr align=\"left\">\n<td valign=\"center\">\u03a6 11.5\/ \u03a6 11.0\/ \u03a6 10.5<\/td>\n<td valign=\"center\">Mermer madeni\/ta\u015f oca\u011f\u0131<\/td>\n<td valign=\"center\">yay\/yay+plastik<\/td>\n<td valign=\"center\">28-40<\/td>\n<td valign=\"center\">4-20<\/td>\n<td valign=\"center\">15-50<\/td>\n<\/tr>\n<tr align=\"left\">\n<td valign=\"center\">\u03a6 11.0\/10.5<\/td>\n<td valign=\"center\">Granit ve mermer blok<\/td>\n<td valign=\"center\">plastik\/kau\u00e7uk<\/td>\n<td valign=\"center\">37\/40<\/td>\n<td valign=\"center\">6-30<\/td>\n<td valign=\"center\">7-50<\/td>\n<\/tr>\n<tr align=\"left\">\n<td valign=\"center\">\u03a6 8.8\/ \u03a6 8. 5<\/td>\n<td valign=\"center\">Granit ve mermer profilleme<\/td>\n<td valign=\"center\">plastik\/kau\u00e7uk<\/td>\n<td valign=\"center\">33\/37\/40<\/td>\n<td valign=\"center\">7-30<\/td>\n<td valign=\"center\">7-40<\/td>\n<\/tr>\n<tr align=\"left\">\n<td valign=\"center\">\u03a6 7. 2 \/ \u03a6 8.5<\/td>\n<td valign=\"center\">Granit levha<\/td>\n<td valign=\"center\">plastik<\/td>\n<td valign=\"center\">37<\/td>\n<td valign=\"center\">0.5-1.6<\/td>\n<td valign=\"center\">6-15<\/td>\n<\/tr>\n<\/tbody>\n<\/table>\n<div><\/div>\n<figure id=\"attachment_1286\" aria-describedby=\"caption-attachment-1286\" style=\"width: 811px\" class=\"wp-caption aligncenter\"><img loading=\"lazy\" decoding=\"async\" class=\"wp-image-1286 size-full\" src=\"https:\/\/xmstonetools.com\/wp-content\/uploads\/2022\/11\/Diamond-Wire-Saw-For-Block-Dressing-1.jpg\" alt=\"Blok Giydirme \u0130\u00e7in Elmas Tel Testere-1\" width=\"811\" height=\"477\" srcset=\"https:\/\/xmstonetools.com\/wp-content\/uploads\/2022\/11\/Diamond-Wire-Saw-For-Block-Dressing-1.jpg 811w, https:\/\/xmstonetools.com\/wp-content\/uploads\/2022\/11\/Diamond-Wire-Saw-For-Block-Dressing-1-680x400.jpg 680w, https:\/\/xmstonetools.com\/wp-content\/uploads\/2022\/11\/Diamond-Wire-Saw-For-Block-Dressing-1-768x452.jpg 768w, https:\/\/xmstonetools.com\/wp-content\/uploads\/2022\/11\/Diamond-Wire-Saw-For-Block-Dressing-1-600x353.jpg 600w\" sizes=\"auto, (max-width: 811px) 100vw, 811px\" \/><figcaption id=\"caption-attachment-1286\" class=\"wp-caption-text\">Blok Giydirme \u0130\u00e7in Elmas Tel Testere-1<\/figcaption><\/figure>\n<figure id=\"attachment_1284\" aria-describedby=\"caption-attachment-1284\" style=\"width: 797px\" class=\"wp-caption aligncenter\"><img loading=\"lazy\" decoding=\"async\" class=\"wp-image-1284 size-full\" src=\"https:\/\/xmstonetools.com\/wp-content\/uploads\/2022\/11\/Diamond-Rope-Saw-For-Block-Profiling-1.jpg\" alt=\"Blok Profilleme \u0130\u00e7in Elmas Halatl\u0131 Testere-1\" width=\"797\" height=\"745\" srcset=\"https:\/\/xmstonetools.com\/wp-content\/uploads\/2022\/11\/Diamond-Rope-Saw-For-Block-Profiling-1.jpg 797w, https:\/\/xmstonetools.com\/wp-content\/uploads\/2022\/11\/Diamond-Rope-Saw-For-Block-Profiling-1-428x400.jpg 428w, https:\/\/xmstonetools.com\/wp-content\/uploads\/2022\/11\/Diamond-Rope-Saw-For-Block-Profiling-1-768x718.jpg 768w, https:\/\/xmstonetools.com\/wp-content\/uploads\/2022\/11\/Diamond-Rope-Saw-For-Block-Profiling-1-600x561.jpg 600w\" sizes=\"auto, (max-width: 797px) 100vw, 797px\" \/><figcaption id=\"caption-attachment-1284\" class=\"wp-caption-text\">Blok Profilleme \u0130\u00e7in Elmas Halatl\u0131 Testere-1<\/figcaption><\/figure>\n<figure id=\"attachment_1281\" aria-describedby=\"caption-attachment-1281\" style=\"width: 798px\" class=\"wp-caption aligncenter\"><img loading=\"lazy\" decoding=\"async\" class=\"wp-image-1281 size-full\" src=\"https:\/\/xmstonetools.com\/wp-content\/uploads\/2022\/11\/Advantage-Wire-Saw-For-Block-Profiling-Dressing-1.jpg\" alt=\"Blok Profil Giydirme \u0130\u00e7in Avantajl\u0131 Tel Testere-1\" width=\"798\" height=\"713\" srcset=\"https:\/\/xmstonetools.com\/wp-content\/uploads\/2022\/11\/Advantage-Wire-Saw-For-Block-Profiling-Dressing-1.jpg 798w, https:\/\/xmstonetools.com\/wp-content\/uploads\/2022\/11\/Advantage-Wire-Saw-For-Block-Profiling-Dressing-1-448x400.jpg 448w, https:\/\/xmstonetools.com\/wp-content\/uploads\/2022\/11\/Advantage-Wire-Saw-For-Block-Profiling-Dressing-1-768x686.jpg 768w, https:\/\/xmstonetools.com\/wp-content\/uploads\/2022\/11\/Advantage-Wire-Saw-For-Block-Profiling-Dressing-1-600x536.jpg 600w\" sizes=\"auto, (max-width: 798px) 100vw, 798px\" \/><figcaption id=\"caption-attachment-1281\" class=\"wp-caption-text\">Blok Profil Giydirme \u0130\u00e7in Avantajl\u0131 Tel Testere-1<\/figcaption><\/figure>\n<figure id=\"attachment_1282\" aria-describedby=\"caption-attachment-1282\" style=\"width: 797px\" class=\"wp-caption aligncenter\"><img loading=\"lazy\" decoding=\"async\" class=\"wp-image-1282 size-full\" src=\"https:\/\/xmstonetools.com\/wp-content\/uploads\/2022\/11\/Advantage-Wire-Saw-For-Block-Profiling-Dressing-2.jpg\" alt=\"Blok Profil Giydirme \u0130\u00e7in Avantajl\u0131 Tel Testere-2\" width=\"797\" height=\"309\" srcset=\"https:\/\/xmstonetools.com\/wp-content\/uploads\/2022\/11\/Advantage-Wire-Saw-For-Block-Profiling-Dressing-2.jpg 797w, https:\/\/xmstonetools.com\/wp-content\/uploads\/2022\/11\/Advantage-Wire-Saw-For-Block-Profiling-Dressing-2-768x298.jpg 768w, https:\/\/xmstonetools.com\/wp-content\/uploads\/2022\/11\/Advantage-Wire-Saw-For-Block-Profiling-Dressing-2-600x233.jpg 600w\" sizes=\"auto, (max-width: 797px) 100vw, 797px\" \/><figcaption id=\"caption-attachment-1282\" class=\"wp-caption-text\">Blok Profil Giydirme \u0130\u00e7in Avantajl\u0131 Tel Testere-2<\/figcaption><\/figure>\n<figure id=\"attachment_1288\" aria-describedby=\"caption-attachment-1288\" style=\"width: 749px\" class=\"wp-caption aligncenter\"><img loading=\"lazy\" decoding=\"async\" class=\"wp-image-1288 size-full\" src=\"https:\/\/xmstonetools.com\/wp-content\/uploads\/2022\/11\/Packing-and-Shipping-of-Profiling-wire-saw.jpg\" alt=\"Profilleme tel testeresinin ambalajlanmas\u0131 ve nakliyesi\" width=\"749\" height=\"799\" srcset=\"https:\/\/xmstonetools.com\/wp-content\/uploads\/2022\/11\/Packing-and-Shipping-of-Profiling-wire-saw.jpg 749w, https:\/\/xmstonetools.com\/wp-content\/uploads\/2022\/11\/Packing-and-Shipping-of-Profiling-wire-saw-375x400.jpg 375w, https:\/\/xmstonetools.com\/wp-content\/uploads\/2022\/11\/Packing-and-Shipping-of-Profiling-wire-saw-600x640.jpg 600w\" sizes=\"auto, (max-width: 749px) 100vw, 749px\" \/><figcaption id=\"caption-attachment-1288\" class=\"wp-caption-text\">Profilleme tel testeresinin ambalajlanmas\u0131 ve nakliyesi<\/figcaption><\/figure>\n<\/div>","protected":false},"excerpt":{"rendered":"<p>Blok Giydirme \u0130\u00e7in Elmas Tel Testere:<\/p>\n<p>Plastik tel \u00f6neriyoruz, mermer graniti kesmek i\u00e7in kullan\u0131labilir.<\/p>\n<p>K\u00fc\u00e7\u00fck ara bo\u015fluklarla do\u011fru kesim yapabilir.<\/p>\n<p>Blo\u011fu 2.3M kal\u0131nl\u0131\u011f\u0131nda kesebilir<\/p>\n<p>Profilleme i\u00e7in Elmas Tel Testere:<\/p>\n<p>\u00c7ok \u00e7e\u015fitli olanaklar sa\u011flayan \u015fekillendirme i\u015flemleri i\u00e7in plastik tel \u00f6neriyoruz<\/p>\n<p>P\u00fcr\u00fczs\u00fcz y\u00fczey ve k\u00fc\u00e7\u00fck ara bo\u015fluklarla do\u011fru boyutlar olu\u015fturur.<\/p>\n<p>Yap\u0131 end\u00fcstrisi i\u00e7in kolonlar ve elemanlar \u00e7ok daha ekonomik bir \u015fekilde \u00fcretilebilir.<\/p>\n<a href=\"#Quote-Button\" class=\"button primary is-large Inquiry-Button\" style=\"border-radius:99px;\">\n\t<i class=\"icon-heart\" aria-hidden=\"true\"><\/i>\t<span>\u015eimdi Sorgula<\/span>\n\t<\/a>","protected":false},"featured_media":1285,"template":"","meta":[],"product_brand":[],"product_cat":[61],"product_tag":[69,80,84],"class_list":{"0":"post-1290","1":"product","2":"type-product","3":"status-publish","4":"has-post-thumbnail","6":"product_cat-diamond-wire-saw","7":"product_tag-diamond-wire-saw","8":"product_tag-granite-wire-saw","9":"product_tag-profiling-wire-saw","11":"first","12":"instock","13":"shipping-taxable","14":"product-type-simple"},"aioseo_notices":[],"_links":{"self":[{"href":"https:\/\/xmstonetools.com\/tr\/wp-json\/wp\/v2\/product\/1290","targetHints":{"allow":["GET"]}}],"collection":[{"href":"https:\/\/xmstonetools.com\/tr\/wp-json\/wp\/v2\/product"}],"about":[{"href":"https:\/\/xmstonetools.com\/tr\/wp-json\/wp\/v2\/types\/product"}],"wp:featuredmedia":[{"embeddable":true,"href":"https:\/\/xmstonetools.com\/tr\/wp-json\/wp\/v2\/media\/1285"}],"wp:attachment":[{"href":"https:\/\/xmstonetools.com\/tr\/wp-json\/wp\/v2\/media?parent=1290"}],"wp:term":[{"taxonomy":"product_brand","embeddable":true,"href":"https:\/\/xmstonetools.com\/tr\/wp-json\/wp\/v2\/product_brand?post=1290"},{"taxonomy":"product_cat","embeddable":true,"href":"https:\/\/xmstonetools.com\/tr\/wp-json\/wp\/v2\/product_cat?post=1290"},{"taxonomy":"product_tag","embeddable":true,"href":"https:\/\/xmstonetools.com\/tr\/wp-json\/wp\/v2\/product_tag?post=1290"}],"curies":[{"name":"wp","href":"https:\/\/api.w.org\/{rel}","templated":true}]}}