{"id":1299,"date":"2022-11-16T22:23:11","date_gmt":"2022-11-16T14:23:11","guid":{"rendered":"https:\/\/xmstonetools.com\/?post_type=product&#038;p=1299"},"modified":"2023-03-28T15:53:58","modified_gmt":"2023-03-28T07:53:58","slug":"tas-kareleme-icin-tel-testere","status":"publish","type":"product","link":"https:\/\/xmstonetools.com\/tr\/urun\/tas-kareleme-icin-tel-testere\/","title":{"rendered":"Ta\u015f Kareleme \u0130\u00e7in Tel Testere"},"content":{"rendered":"<div class=\"J_module\">\n<div class=\"ife-detail-decorate-table\">\n<table class=\"has-title all magic-11\">\n<tbody>\n<tr>\n<td colspan=\"1\" rowspan=\"1\">\n<div class=\"magic-12\">Uygulama<\/div>\n<\/td>\n<td colspan=\"1\" rowspan=\"1\">\n<div class=\"magic-13\">1. Ta\u015f Oca\u011f\u0131, Blok Kare Alma ve Pah K\u0131rma, Profil Kesme i\u00e7in<br \/>\n2. Takviye Betonu Kesmek \u0130\u00e7in<\/div>\n<\/td>\n<\/tr>\n<tr>\n<td colspan=\"1\" rowspan=\"1\">\n<div class=\"magic-12\">Tel Testere \u00c7ap\u0131<\/div>\n<\/td>\n<td colspan=\"1\" rowspan=\"1\">\n<div class=\"magic-13\">5.3mm, 6.3mm, 7.3mm, 8.0mm, 9.0mm, 11.0mm, 11.5mm \uff0c 12.5mm<\/div>\n<\/td>\n<\/tr>\n<tr>\n<td colspan=\"1\" rowspan=\"1\">\n<div class=\"magic-12\">Teknoloji<\/div>\n<\/td>\n<td colspan=\"1\" rowspan=\"1\">\n<div class=\"magic-13\">Sinterlenmi\u015f, Elektrolizle Kaplanm\u0131\u015f, Vakum Lehimli<\/div>\n<\/td>\n<\/tr>\n<tr>\n<td colspan=\"1\" rowspan=\"1\">\n<div class=\"magic-12\">Kaplama D\u00fczeltme Enjeksiyonu<\/div>\n<\/td>\n<td colspan=\"1\" rowspan=\"1\">\n<div class=\"magic-13\">Plastik, Kau\u00e7uk, Yay, Kau\u00e7uk+Yay, Plastik+Yay<\/div>\n<\/td>\n<\/tr>\n<tr>\n<td colspan=\"1\" rowspan=\"1\">\n<div class=\"magic-12\">Boncuklar\/Metre<\/div>\n<\/td>\n<td colspan=\"1\" rowspan=\"1\">\n<div class=\"magic-13\">40\/37\/33\/28\/26 adet<\/div>\n<\/td>\n<\/tr>\n<tr>\n<td colspan=\"1\" rowspan=\"1\">\n<div class=\"magic-12\">Dikkat<\/div>\n<\/td>\n<td colspan=\"1\" rowspan=\"1\">\n<div class=\"magic-13\">l. Testereyi d\u00fczenli olarak kontrol edin ve zaman\u0131nda ayarlay\u0131n.<br \/>\n2. \u0130nci a\u015f\u0131nmas\u0131n\u0131n d\u00fczenli olarak kontrol edilmesi, Eksantrik a\u015f\u0131nmadan ka\u00e7\u0131n\u0131n<br \/>\n3. Mafsal\u0131 d\u00fczenli olarak kontrol edin ve zaman\u0131nda ayarlay\u0131n.<br \/>\n4. Halatlar\u0131n gerginli\u011fi 250-300kg'd\u0131r (\u03a64-5mm halatlar)<br \/>\n5. Su beslemesi yakla\u015f\u0131k 15-25L \/ dak<\/div>\n<\/td>\n<\/tr>\n<tr>\n<td colspan=\"1\" rowspan=\"1\">\n<div class=\"magic-12\">\u00a0\u00d6zellik<\/div>\n<\/td>\n<td colspan=\"1\" rowspan=\"1\">\n<div class=\"magic-13\">1. Kullan\u0131rken \u00e7ok daha az k\u0131r\u0131lma oran\u0131, bu nedenle \u00e7al\u0131\u015fma \u00f6mr\u00fcn\u00fc uzat\u0131r.<br \/>\n2. Otomatik \u00fcretim, istikrarl\u0131 kalite performans\u0131 sa\u011flar.<br \/>\n3. G\u00fcvenli, y\u00fcksek verimlilik ve \u00e7evre koruma.<\/div>\n<\/td>\n<\/tr>\n<\/tbody>\n<\/table>\n<figure id=\"attachment_1292\" aria-describedby=\"caption-attachment-1292\" style=\"width: 750px\" class=\"wp-caption aligncenter\"><img loading=\"lazy\" decoding=\"async\" class=\"wp-image-1292 size-full\" src=\"https:\/\/xmstonetools.com\/wp-content\/uploads\/2022\/11\/Applications-of-Squaring-Wire-Rope-Saw.jpg\" alt=\"Kare Halat Testere Uygulamalar\u0131\" width=\"750\" height=\"532\" srcset=\"https:\/\/xmstonetools.com\/wp-content\/uploads\/2022\/11\/Applications-of-Squaring-Wire-Rope-Saw.jpg 750w, https:\/\/xmstonetools.com\/wp-content\/uploads\/2022\/11\/Applications-of-Squaring-Wire-Rope-Saw-564x400.jpg 564w, https:\/\/xmstonetools.com\/wp-content\/uploads\/2022\/11\/Applications-of-Squaring-Wire-Rope-Saw-600x426.jpg 600w\" sizes=\"auto, (max-width: 750px) 100vw, 750px\" \/><figcaption id=\"caption-attachment-1292\" class=\"wp-caption-text\">Kare Halat Testere Uygulamalar\u0131<\/figcaption><\/figure>\n<figure id=\"attachment_1297\" aria-describedby=\"caption-attachment-1297\" style=\"width: 750px\" class=\"wp-caption aligncenter\"><img loading=\"lazy\" decoding=\"async\" class=\"wp-image-1297 size-full\" src=\"https:\/\/xmstonetools.com\/wp-content\/uploads\/2022\/11\/Stone-Squaring-Wire-Saw-Production-Details.jpg\" alt=\"Ta\u015f G\u00f6nyeleme Tel Testere \u00dcretim Detaylar\u0131\" width=\"750\" height=\"279\" srcset=\"https:\/\/xmstonetools.com\/wp-content\/uploads\/2022\/11\/Stone-Squaring-Wire-Saw-Production-Details.jpg 750w, https:\/\/xmstonetools.com\/wp-content\/uploads\/2022\/11\/Stone-Squaring-Wire-Saw-Production-Details-600x223.jpg 600w\" sizes=\"auto, (max-width: 750px) 100vw, 750px\" \/><figcaption id=\"caption-attachment-1297\" class=\"wp-caption-text\">Ta\u015f G\u00f6nyeleme Tel Testere \u00dcretim Detaylar\u0131<\/figcaption><\/figure>\n<figure id=\"attachment_1298\" aria-describedby=\"caption-attachment-1298\" style=\"width: 750px\" class=\"wp-caption aligncenter\"><img loading=\"lazy\" decoding=\"async\" class=\"wp-image-1298 size-full\" src=\"https:\/\/xmstonetools.com\/wp-content\/uploads\/2022\/11\/Stone-Squaring-Wire-Saw-Production-Details-2.png\" alt=\"Ta\u015f Kareleme Tel Testere \u00dcretim Detaylar\u0131-2\" width=\"750\" height=\"508\" srcset=\"https:\/\/xmstonetools.com\/wp-content\/uploads\/2022\/11\/Stone-Squaring-Wire-Saw-Production-Details-2.png 750w, https:\/\/xmstonetools.com\/wp-content\/uploads\/2022\/11\/Stone-Squaring-Wire-Saw-Production-Details-2-591x400.png 591w, https:\/\/xmstonetools.com\/wp-content\/uploads\/2022\/11\/Stone-Squaring-Wire-Saw-Production-Details-2-600x406.png 600w\" sizes=\"auto, (max-width: 750px) 100vw, 750px\" \/><figcaption id=\"caption-attachment-1298\" class=\"wp-caption-text\">Ta\u015f Kareleme Tel Testere \u00dcretim Detaylar\u0131-2<\/figcaption><\/figure>\n<\/div>\n<\/div>\n<div class=\"J_module\">\n<div class=\"icbu-pc-images magic-6\">\n<div>\n<div class=\"flex-layout-v\">\n<div class=\"flex-layout-h magic-6\"><\/div>\n<\/div>\n<\/div>\n<\/div>\n<\/div>","protected":false},"excerpt":{"rendered":"<h3 class=\"magic-5\"><span data-spm-anchor-id=\"a2700.details.0.i9.4eb27889zgIkmr\">Blok Kareleme i\u00e7in Elmas Tel Testere:<\/span><\/h3>\n<div class=\"magic-2\">\n<div class=\"magic-3\">\n<div class=\"magic-4\">Plastik tel \u00f6neririz, mermer graniti kesmek i\u00e7in kullan\u0131labilir.<br \/>\nK\u00fc\u00e7\u00fck ara bo\u015fluklarla do\u011fru kesim yapabilir.<br \/>\nBlo\u011fu 2.3M kal\u0131nl\u0131\u011f\u0131nda kesebilir.<\/div>\n<div>1. KESIM I\u00c7IN TEK ELDEN \u00c7\u00d6Z\u00dcM SUNAR.<br \/>\n2. FABRIKA TOPTAN SATI\u015e FIYATI \/ D\u00dc\u015e\u00dcK ADEDI.<br \/>\n3. \u00c7IN'DEKI EN B\u00dcY\u00dcK ELMAS ALET \u00dcRETICILERINDEN BIRI.<br \/>\n4. ELMAS TEL TESTERE VE ELMAS TEL TESTERE MAKINELERI SUNUYORUZ.<br \/>\n5. ODM VE OEM KABUL \/ PIYASADA REKABET\u00c7I FIYAT.<\/div>\n<div><\/div>\n<\/div>\n<div><a href=\"#Quote-Button\" class=\"button primary is-large Inquiry-Button\" style=\"border-radius:99px;\">\n\t<i class=\"icon-heart\" aria-hidden=\"true\"><\/i>\t<span>\u015eimdi Sorgula<\/span>\n\t<\/a>\n<\/div>\n<\/div>","protected":false},"featured_media":1293,"template":"","meta":[],"product_brand":[],"product_cat":[61,55],"product_tag":[68,69,80],"class_list":{"0":"post-1299","1":"product","2":"type-product","3":"status-publish","4":"has-post-thumbnail","6":"product_cat-diamond-wire-saw","7":"product_cat-stone-cutting-tools","8":"product_tag-diamond-rope-saw","9":"product_tag-diamond-wire-saw","10":"product_tag-granite-wire-saw","12":"first","13":"instock","14":"shipping-taxable","15":"product-type-simple"},"aioseo_notices":[],"_links":{"self":[{"href":"https:\/\/xmstonetools.com\/tr\/wp-json\/wp\/v2\/product\/1299","targetHints":{"allow":["GET"]}}],"collection":[{"href":"https:\/\/xmstonetools.com\/tr\/wp-json\/wp\/v2\/product"}],"about":[{"href":"https:\/\/xmstonetools.com\/tr\/wp-json\/wp\/v2\/types\/product"}],"wp:featuredmedia":[{"embeddable":true,"href":"https:\/\/xmstonetools.com\/tr\/wp-json\/wp\/v2\/media\/1293"}],"wp:attachment":[{"href":"https:\/\/xmstonetools.com\/tr\/wp-json\/wp\/v2\/media?parent=1299"}],"wp:term":[{"taxonomy":"product_brand","embeddable":true,"href":"https:\/\/xmstonetools.com\/tr\/wp-json\/wp\/v2\/product_brand?post=1299"},{"taxonomy":"product_cat","embeddable":true,"href":"https:\/\/xmstonetools.com\/tr\/wp-json\/wp\/v2\/product_cat?post=1299"},{"taxonomy":"product_tag","embeddable":true,"href":"https:\/\/xmstonetools.com\/tr\/wp-json\/wp\/v2\/product_tag?post=1299"}],"curies":[{"name":"wp","href":"https:\/\/api.w.org\/{rel}","templated":true}]}}