{"id":1304,"date":"2022-11-17T09:01:57","date_gmt":"2022-11-17T01:01:57","guid":{"rendered":"https:\/\/xmstonetools.com\/?post_type=product&#038;p=1304"},"modified":"2023-03-28T15:52:55","modified_gmt":"2023-03-28T07:52:55","slug":"plasti%cc%87k-kapli-elmas-halat-testere","status":"publish","type":"product","link":"https:\/\/xmstonetools.com\/tr\/urun\/plasti%cc%87k-kapli-elmas-halat-testere\/","title":{"rendered":"Plastik Kapl\u0131 Elmas Halat Testere"},"content":{"rendered":"<div class=\"J_module\">\n<div class=\"detail-decorate-json-renderer-container\">\n<div class=\"magic-1\">\n<div class=\"magic-2\">\n<div class=\"magic-3\">\n<div class=\"magic-4\">\n<p class=\"magic-5\" data-spm-anchor-id=\"a2700.details.0.i8.6aa63b23XyWRdG\">Granit Mermer Ta\u015f Kesme ve Profilleme \u0130\u00e7in \u00c7ap 8.5mm Elmas Tel Testere<br \/>\nUygulamalar ve \u00d6zellikler: mermer ocak\u00e7\u0131l\u0131\u011f\u0131 ve beton kesimi i\u00e7in elmas tel testere i\u00e7in. Farkl\u0131 boncuk \u00e7aplar\u0131 8.5mm, 10.5mm ve 11.0mm mevcuttur; H\u0131zl\u0131 kesim, uzun \u00f6m\u00fcrl\u00fc, enerji tasarrufu ve \u00e7evre dostu \u00f6zelliklere sahiptir.<\/p>\n<\/div>\n<\/div>\n<\/div>\n<\/div>\n<\/div>\n<\/div>\n<div class=\"J_module\">\n<div class=\"ife-detail-decorate-table\">\n<table class=\"has-title all magic-6\">\n<tbody>\n<tr>\n<td>\n<div class=\"magic-7\">\u00c7ap (mm)<\/div>\n<\/td>\n<td>\n<div class=\"magic-8\">Uygulamalar<\/div>\n<\/td>\n<td>\n<div class=\"magic-9\">Kaplama<\/div>\n<\/td>\n<td>\n<div class=\"magic-10\">Boncuk\/m<\/div>\n<\/td>\n<td>\n<div class=\"magic-11\">Kesme H\u0131z\u0131 (m2\/h)<\/div>\n<\/td>\n<td>\n<div class=\"magic-12\">Tel \u00d6mr\u00fc (m2\/m)<\/div>\n<\/td>\n<\/tr>\n<tr>\n<td>\n<div class=\"magic-7\">\u03a611.5\/\u03a610.5<\/div>\n<\/td>\n<td>\n<div class=\"magic-8\">Betonarme<\/div>\n<\/td>\n<td>\n<div class=\"magic-9\">kau\u00e7uk+yay<\/div>\n<\/td>\n<td>\n<div class=\"magic-10\">40<\/div>\n<\/td>\n<td>\n<div class=\"magic-11\">0.5-5<\/div>\n<\/td>\n<td>\n<div class=\"magic-11\">0.5-8<\/div>\n<\/td>\n<\/tr>\n<tr>\n<td>\n<div class=\"magic-7\">\u03a611.5\/\u03a611.0<\/div>\n<\/td>\n<td>\n<div class=\"magic-8\">Granit madeni\/ta\u015f oca\u011f\u0131<\/div>\n<\/td>\n<td>\n<div class=\"magic-9\">kau\u00e7uk\/kau\u00e7uk+yay<\/div>\n<\/td>\n<td>\n<div class=\"magic-10\">40<\/div>\n<\/td>\n<td>\n<div class=\"magic-11\">2-12<\/div>\n<\/td>\n<td>\n<div class=\"magic-11\">7-22<\/div>\n<\/td>\n<\/tr>\n<tr>\n<td>\n<div class=\"magic-7\">\u03a611.5\/\u03a611.0\/\u03a610.5<\/div>\n<\/td>\n<td>\n<div class=\"magic-8\">Mermer madeni\/ta\u015f oca\u011f\u0131<\/div>\n<\/td>\n<td>\n<div class=\"magic-9\">yay\/yay+plastik<\/div>\n<\/td>\n<td>\n<div class=\"magic-10\">28-40<\/div>\n<\/td>\n<td>\n<div class=\"magic-11\">4-20<\/div>\n<\/td>\n<td>\n<div class=\"magic-11\">15-50<\/div>\n<\/td>\n<\/tr>\n<tr>\n<td>\n<div class=\"magic-7\">\u03a611.0\/10.5<\/div>\n<\/td>\n<td>\n<div class=\"magic-8\">Granit ve mermer<\/div>\n<\/td>\n<td>\n<div class=\"magic-9\">Plastik\/kau\u00e7uk<\/div>\n<\/td>\n<td>\n<div class=\"magic-10\">37\/40<\/div>\n<\/td>\n<td>\n<div class=\"magic-11\">6-30<\/div>\n<\/td>\n<td>\n<div class=\"magic-11\">7-50<\/div>\n<\/td>\n<\/tr>\n<tr>\n<td>\n<div class=\"magic-7\">\u03a68.8\/\u03a68.5<\/div>\n<\/td>\n<td>\n<div class=\"magic-8\">Granit ve mermer profilleme<\/div>\n<\/td>\n<td>\n<div class=\"magic-9\">plastik\/kau\u00e7uk<\/div>\n<\/td>\n<td>\n<div class=\"magic-10\">33\/37\/40<\/div>\n<\/td>\n<td>\n<div class=\"magic-11\">7-30<\/div>\n<\/td>\n<td>\n<div class=\"magic-11\">7-40<\/div>\n<\/td>\n<\/tr>\n<tr>\n<td>\n<div class=\"magic-7\">\u03a67.2\/\u03a68.5<\/div>\n<\/td>\n<td>\n<div class=\"magic-8\">Granit levha<\/div>\n<\/td>\n<td>\n<div class=\"magic-9\">plastik<\/div>\n<\/td>\n<td>\n<div class=\"magic-10\">37<\/div>\n<\/td>\n<td>\n<div class=\"magic-11\">0.5-1.6<\/div>\n<\/td>\n<td>\n<div class=\"magic-11\">6-15<\/div>\n<\/td>\n<\/tr>\n<\/tbody>\n<\/table>\n<\/div>\n<\/div>","protected":false},"excerpt":{"rendered":"<p>Profilleme i\u00e7in Elmas Tel Testere:<br \/>\n\u00c7ok \u00e7e\u015fitli olanaklar sa\u011flayan \u015fekillendirme i\u015flemleri i\u00e7in plastik tel \u00f6neriyoruz<br \/>\nP\u00fcr\u00fczs\u00fcz y\u00fczey ve k\u00fc\u00e7\u00fck ara bo\u015fluklarla do\u011fru boyutlar olu\u015fturur.<br \/>\nYap\u0131 end\u00fcstrisi i\u00e7in kolonlar ve elemanlar \u00e7ok daha ekonomik bir \u015fekilde \u00fcretilebilir.<\/p>\n<a href=\"#Quote-Button\" class=\"button primary is-large Inquiry-Button\" style=\"border-radius:99px;\">\n\t<i class=\"icon-heart\" aria-hidden=\"true\"><\/i>\t<span>\u015eimdi Sorgula<\/span>\n\t<\/a>","protected":false},"featured_media":1302,"template":"","meta":[],"product_brand":[],"product_cat":[61,55],"product_tag":[69,70,85],"class_list":{"0":"post-1304","1":"product","2":"type-product","3":"status-publish","4":"has-post-thumbnail","6":"product_cat-diamond-wire-saw","7":"product_cat-stone-cutting-tools","8":"product_tag-diamond-wire-saw","9":"product_tag-granite-profiling-tools","10":"product_tag-plastic-wire-saw","12":"first","13":"instock","14":"shipping-taxable","15":"product-type-simple"},"aioseo_notices":[],"_links":{"self":[{"href":"https:\/\/xmstonetools.com\/tr\/wp-json\/wp\/v2\/product\/1304","targetHints":{"allow":["GET"]}}],"collection":[{"href":"https:\/\/xmstonetools.com\/tr\/wp-json\/wp\/v2\/product"}],"about":[{"href":"https:\/\/xmstonetools.com\/tr\/wp-json\/wp\/v2\/types\/product"}],"wp:featuredmedia":[{"embeddable":true,"href":"https:\/\/xmstonetools.com\/tr\/wp-json\/wp\/v2\/media\/1302"}],"wp:attachment":[{"href":"https:\/\/xmstonetools.com\/tr\/wp-json\/wp\/v2\/media?parent=1304"}],"wp:term":[{"taxonomy":"product_brand","embeddable":true,"href":"https:\/\/xmstonetools.com\/tr\/wp-json\/wp\/v2\/product_brand?post=1304"},{"taxonomy":"product_cat","embeddable":true,"href":"https:\/\/xmstonetools.com\/tr\/wp-json\/wp\/v2\/product_cat?post=1304"},{"taxonomy":"product_tag","embeddable":true,"href":"https:\/\/xmstonetools.com\/tr\/wp-json\/wp\/v2\/product_tag?post=1304"}],"curies":[{"name":"wp","href":"https:\/\/api.w.org\/{rel}","templated":true}]}}