{"id":1333,"date":"2022-11-25T17:04:01","date_gmt":"2022-11-25T09:04:01","guid":{"rendered":"https:\/\/xmstonetools.com\/?post_type=product&#038;p=1333"},"modified":"2023-03-28T15:52:47","modified_gmt":"2023-03-28T07:52:47","slug":"mermer-granit-sessiz-kalibrasyon-tekerlegi","status":"publish","type":"product","link":"https:\/\/xmstonetools.com\/tr\/urun\/mermer-granit-sessiz-kalibrasyon-tekerlegi\/","title":{"rendered":"Mermer Granit Sessiz Kalibrasyon Tekerle\u011fi"},"content":{"rendered":"<div style=\"text-align: center;\"><span data-spm-anchor-id=\"a2700.wholesale.0.i27.67976747o6F3Yu\">Sessiz elmas kalibrasyon tekerleklerinin \u00f6zellikleri:<\/span><\/div>\n<table style=\"height: 385px;\" border=\"1\" width=\"662\" align=\"left\">\n<tbody>\n<tr>\n<td rowspan=\"2\" valign=\"center\">\u00c7ap<\/td>\n<td rowspan=\"2\" valign=\"center\">Ta\u015flama ta\u015f\u0131 geni\u015fli\u011fi<\/td>\n<td colspan=\"3\" valign=\"center\">Segment Boyutu<\/td>\n<td rowspan=\"2\" valign=\"center\">Kafa donan\u0131m\u0131<\/td>\n<td rowspan=\"2\" valign=\"center\">Delik<\/td>\n<\/tr>\n<tr>\n<td valign=\"center\">uzun<\/td>\n<td valign=\"center\">geni\u015f<\/td>\n<td valign=\"center\">y\u00fcksek<\/td>\n<\/tr>\n<tr>\n<td valign=\"center\">300mm<\/td>\n<td rowspan=\"5\" valign=\"center\">30mm<\/p>\n<p>40mm<\/p>\n<p>50mm<\/td>\n<td rowspan=\"5\" valign=\"center\">34,6 mm<\/p>\n<p>46,2 mm<\/p>\n<p>57,7 mm<\/td>\n<td rowspan=\"5\" valign=\"center\">9mm<\/td>\n<td rowspan=\"5\" valign=\"center\">6,5 mm<\/td>\n<td valign=\"center\">36<\/td>\n<td rowspan=\"5\" valign=\"center\">50mm<\/p>\n<p>60mm<\/td>\n<\/tr>\n<tr>\n<td valign=\"center\">350mm<\/td>\n<td valign=\"center\">40<\/td>\n<\/tr>\n<tr>\n<td valign=\"center\">400mm<\/td>\n<td valign=\"center\">45<\/td>\n<\/tr>\n<tr>\n<td valign=\"center\">500mm<\/td>\n<td valign=\"center\">60<\/td>\n<\/tr>\n<tr>\n<td valign=\"center\">600mm<\/td>\n<td valign=\"center\">72<\/td>\n<\/tr>\n<\/tbody>\n<\/table>\n<p>&nbsp;<\/p>\n<div><\/div>\n<div><\/div>\n<div><\/div>\n<div><\/div>\n<div><\/div>\n<div><\/div>\n<div data-spm-anchor-id=\"a2700.wholesale.0.i25.67976747o6F3Yu\"><\/div>\n<div><\/div>","protected":false},"excerpt":{"rendered":"<p>K\u0131sa Tan\u0131t\u0131m:<\/p>\n<p>Freze makinesine monte edilmi\u015f sessiz elmas kalibrasyon tekerle\u011fi, granit levha, mermer levha, fayans ve di\u011fer malzeme y\u00fczeylerini ta\u015flamak i\u00e7in hat makinesi, g\u00fcr\u00fclt\u00fc kirlili\u011fini azaltmak i\u00e7in kal\u0131n sap, naylon, al\u00fcminyum ve di\u011fer malzemelerin taban\u0131 olacakt\u0131r.<br \/>\n\u00d6zellikler:<br \/>\n1. G\u00fcr\u00fclt\u00fc kirlili\u011fini azaltmak i\u00e7in naylon, al\u00fcminyum ve di\u011fer malzemeler kullan\u0131larak sessiz elmas kalibrasyon tekerle\u011fi<br \/>\n2. Sessiz elmas kalibrasyon tekerle\u011fi kal\u0131n, y\u00fcksek ta\u015flama verimlili\u011fi, \u015fekil, boyut, do\u011fruluk ve di\u011fer \u00f6zelliklere sahiptir,<br \/>\n3. Bu elmas kalibrasyon tekerle\u011fi iyi B\u0131\u00e7ak kenarl\u0131, uzun \u00f6m\u00fcrl\u00fc, ta\u015flama i\u00e7in y\u00fcksek h\u0131za sahiptir<br \/>\n4. Ortak bir set kal\u0131n yuvarlak elmas ve elmas kal\u0131nl\u0131\u011f\u0131nda susturucu yuvarlak iki \u00fcr\u00fcn\u00fcm\u00fcz var<\/p>\n<a href=\"#Quote-Button\" class=\"button primary is-large Inquiry-Button\" style=\"border-radius:99px;\">\n\t<i class=\"icon-heart\" aria-hidden=\"true\"><\/i>\t<span>\u015eimdi Sorgula<\/span>\n\t<\/a>","protected":false},"featured_media":1338,"template":"","meta":[],"product_brand":[],"product_cat":[59],"product_tag":[87,86],"class_list":{"0":"post-1333","1":"product","2":"type-product","3":"status-publish","4":"has-post-thumbnail","6":"product_cat-stone-milling-tools","7":"product_tag-calibrating-wheel","8":"product_tag-stone-silent-disc","10":"first","11":"instock","12":"shipping-taxable","13":"product-type-simple"},"aioseo_notices":[],"_links":{"self":[{"href":"https:\/\/xmstonetools.com\/tr\/wp-json\/wp\/v2\/product\/1333","targetHints":{"allow":["GET"]}}],"collection":[{"href":"https:\/\/xmstonetools.com\/tr\/wp-json\/wp\/v2\/product"}],"about":[{"href":"https:\/\/xmstonetools.com\/tr\/wp-json\/wp\/v2\/types\/product"}],"wp:featuredmedia":[{"embeddable":true,"href":"https:\/\/xmstonetools.com\/tr\/wp-json\/wp\/v2\/media\/1338"}],"wp:attachment":[{"href":"https:\/\/xmstonetools.com\/tr\/wp-json\/wp\/v2\/media?parent=1333"}],"wp:term":[{"taxonomy":"product_brand","embeddable":true,"href":"https:\/\/xmstonetools.com\/tr\/wp-json\/wp\/v2\/product_brand?post=1333"},{"taxonomy":"product_cat","embeddable":true,"href":"https:\/\/xmstonetools.com\/tr\/wp-json\/wp\/v2\/product_cat?post=1333"},{"taxonomy":"product_tag","embeddable":true,"href":"https:\/\/xmstonetools.com\/tr\/wp-json\/wp\/v2\/product_tag?post=1333"}],"curies":[{"name":"wp","href":"https:\/\/api.w.org\/{rel}","templated":true}]}}