{"id":1368,"date":"2022-11-29T21:55:27","date_gmt":"2022-11-29T13:55:27","guid":{"rendered":"https:\/\/xmstonetools.com\/?post_type=product&#038;p=1368"},"modified":"2023-03-28T15:51:39","modified_gmt":"2023-03-28T07:51:39","slug":"granit-kesme-testere-bicagi","status":"publish","type":"product","link":"https:\/\/xmstonetools.com\/tr\/urun\/granit-kesme-testere-bicagi\/","title":{"rendered":"Granit Kesme Testere B\u0131\u00e7a\u011f\u0131"},"content":{"rendered":"<table class=\"hight-light-first-column all magic-1\" style=\"height: 533px;\" width=\"662\">\n<tbody>\n<tr>\n<td colspan=\"1\" rowspan=\"1\">\n<div class=\"magic-2\" data-spm-anchor-id=\"a2700.details.0.i5.236e714faoNsR5\">Men\u015fe \u00fclke<\/div>\n<\/td>\n<td colspan=\"1\" rowspan=\"1\">\n<div class=\"magic-3\">Xiamen, \u00c7in<\/div>\n<\/td>\n<\/tr>\n<tr>\n<td colspan=\"1\" rowspan=\"1\">\n<div class=\"magic-2\">Boyut<\/div>\n<\/td>\n<td colspan=\"1\" rowspan=\"1\">\n<div class=\"magic-3\" data-spm-anchor-id=\"a2700.details.0.i6.236e714faoNsR5\">D110~D350(4\u2033~14\u2033)<\/div>\n<\/td>\n<\/tr>\n<tr>\n<td colspan=\"1\" rowspan=\"1\">\n<div class=\"magic-2\">Renk<\/div>\n<\/td>\n<td colspan=\"1\" rowspan=\"1\">\n<div class=\"magic-3\" data-spm-anchor-id=\"a2700.details.0.i7.236e714faoNsR5\">\u00f6zelle\u015ftirilmi\u015f<\/div>\n<\/td>\n<\/tr>\n<tr>\n<td colspan=\"1\" rowspan=\"1\">\n<div class=\"magic-2\">\u00dcr\u00fcn \u00f6zellikleri<\/div>\n<\/td>\n<td colspan=\"1\" rowspan=\"1\">\n<div class=\"magic-3\" data-spm-anchor-id=\"a2700.details.0.i8.236e714faoNsR5\">keskin, uzun \u00f6m\u00fcrl\u00fc, dayan\u0131kl\u0131<\/div>\n<\/td>\n<\/tr>\n<tr>\n<td colspan=\"1\" rowspan=\"1\">\n<div class=\"magic-2\">S\u00fcre\u00e7<\/div>\n<\/td>\n<td colspan=\"1\" rowspan=\"1\">\n<div class=\"magic-3\" data-spm-anchor-id=\"a2700.details.0.i9.236e714faoNsR5\">s\u0131cak preslenmi\u015f, sinterlenmi\u015f<\/div>\n<\/td>\n<\/tr>\n<tr>\n<td colspan=\"1\" rowspan=\"1\">\n<div class=\"magic-2\">\u015eekli<\/div>\n<\/td>\n<td colspan=\"1\" rowspan=\"1\">\n<div class=\"magic-3\">yuvarlak<\/div>\n<\/td>\n<\/tr>\n<tr>\n<td colspan=\"1\" rowspan=\"1\">\n<div class=\"magic-2\">\u00dcr\u00fcn ad\u0131<\/div>\n<\/td>\n<td colspan=\"1\" rowspan=\"1\">\n<div class=\"magic-3\" data-spm-anchor-id=\"a2700.details.0.i10.236e714faoNsR5\">Koruyucu di\u015flere sahip turbo testere b\u0131\u00e7a\u011f\u0131<\/div>\n<\/td>\n<\/tr>\n<tr>\n<td colspan=\"1\" rowspan=\"1\">\n<div class=\"magic-2\">Arbor<\/div>\n<\/td>\n<td colspan=\"1\" rowspan=\"1\">\n<div class=\"magic-3\">20\/22.23\/25.4\/50<\/div>\n<\/td>\n<\/tr>\n<tr>\n<td colspan=\"1\" rowspan=\"1\">\n<div class=\"magic-2\">boyut<\/div>\n<\/td>\n<td colspan=\"1\" rowspan=\"1\">\n<div class=\"magic-3\">D110,D125,D150,D180,D230<\/div>\n<\/td>\n<\/tr>\n<tr>\n<td colspan=\"1\" rowspan=\"1\">\n<div class=\"magic-2\">\u00d6zellikler<\/div>\n<\/td>\n<td colspan=\"1\" rowspan=\"1\">\n<div class=\"magic-3\">keskinlik, uzun \u00f6m\u00fcr<\/div>\n<\/td>\n<\/tr>\n<tr>\n<td colspan=\"1\" rowspan=\"1\">\n<div class=\"magic-2\">Segment Y\u00fcksekli\u011fi<\/div>\n<\/td>\n<td colspan=\"1\" rowspan=\"1\">\n<div class=\"magic-3\">8mm<\/div>\n<\/td>\n<\/tr>\n<tr>\n<td colspan=\"1\" rowspan=\"1\">\n<div class=\"magic-2\">uygulama<\/div>\n<\/td>\n<td colspan=\"1\" rowspan=\"1\">\n<div class=\"magic-3\">kumta\u015f\u0131, granit, profil, tu\u011fla, mermer<\/div>\n<\/td>\n<\/tr>\n<tr>\n<td colspan=\"1\" rowspan=\"1\">\n<div class=\"magic-2\">\u00f6rnek<\/div>\n<\/td>\n<td colspan=\"1\" rowspan=\"1\">\n<div class=\"magic-3\">\u00fccretsiz<\/div>\n<\/td>\n<\/tr>\n<tr>\n<td colspan=\"1\" rowspan=\"1\">\n<div class=\"magic-2\">Segment tipi<\/div>\n<\/td>\n<td colspan=\"1\" rowspan=\"1\">\n<div class=\"magic-3\">koruyucu di\u015fler<\/div>\n<\/td>\n<\/tr>\n<tr>\n<td colspan=\"1\" rowspan=\"1\">\n<div class=\"magic-2\">OEM<\/div>\n<\/td>\n<td colspan=\"1\" rowspan=\"1\">\n<div class=\"magic-3\">kabul et<\/div>\n<\/td>\n<\/tr>\n<tr>\n<td colspan=\"1\" rowspan=\"1\">\n<div class=\"magic-2\">kapasite<\/div>\n<\/td>\n<td colspan=\"1\" rowspan=\"1\">\n<div class=\"magic-3\">Ayl\u0131k 100000<\/div>\n<\/td>\n<\/tr>\n<tr>\n<td colspan=\"1\" rowspan=\"1\">\n<div class=\"magic-2\">Kalite derecesi<\/div>\n<\/td>\n<td colspan=\"1\" rowspan=\"1\">\n<div class=\"magic-3\">profesyonel s\u0131n\u0131f<\/div>\n<\/td>\n<\/tr>\n<tr>\n<td colspan=\"1\" rowspan=\"1\">\n<div class=\"magic-4\">\u00c7ap<\/div>\n<\/td>\n<td colspan=\"1\" rowspan=\"1\">\n<div class=\"magic-5\">105;4\u2033<\/div>\n<\/td>\n<\/tr>\n<tr>\n<td colspan=\"1\" rowspan=\"1\">\n<div class=\"magic-4\">L*T*H (mm)<\/div>\n<\/td>\n<td colspan=\"1\" rowspan=\"1\">\n<div class=\"magic-5\">2.4*8<\/div>\n<\/td>\n<\/tr>\n<tr>\n<td colspan=\"1\" rowspan=\"1\">\n<div class=\"magic-4\">B\u0131\u00e7ak Kal\u0131nl\u0131\u011f\u0131 (mm)<\/div>\n<\/td>\n<td colspan=\"1\" rowspan=\"1\">\n<div class=\"magic-5\">1.8\/2.0<\/div>\n<\/td>\n<\/tr>\n<\/tbody>\n<\/table>","protected":false},"excerpt":{"rendered":"<p>\u00d6zellikler:<\/p>\n<p>Elmas b\u0131\u00e7aklar iyi kesme h\u0131z\u0131 ve kesme verimlili\u011fi sa\u011flar Ta\u015f kesme ve beton kesmede yayg\u0131n olarak kullan\u0131l\u0131r.<\/p>\n<div>1. H\u0131zl\u0131 kesim ve uzun \u00f6m\u00fcr ve Kararl\u0131 performans.<\/div>\n<div>2. Kesme y\u00f6ntemi: Islak kesme, Kuru kesme.<\/div>\n<div data-spm-anchor-id=\"a2700.siteadmin.0.i7.65463333OLlCPX\">3. G\u00fcvenli, sessiz ve hassas \u00e7al\u0131\u015fma, kesme ve \u00e7al\u0131\u015fma s\u00fcresini azalt\u0131r.<\/div>\n<div data-spm-anchor-id=\"a2700.siteadmin.0.i7.65463333OLlCPX\">4. \u00dcr\u00fcn\u00fcm\u00fcz kesme s\u00fcrt\u00fcnmesini \u00e7ok azaltabilir, levha d\u00fczl\u00fc\u011f\u00fcn\u00fc iyile\u015ftirebilir, enerji tasarrufu sa\u011flayabilir.<\/div>\n<div data-spm-anchor-id=\"a2700.siteadmin.0.i7.65463333OLlCPX\">5. M\u00fckemmel uyarlanabilirlik.<\/div>\n<div data-spm-anchor-id=\"a2700.siteadmin.0.i7.65463333OLlCPX\">\n<a href=\"#Quote-Button\" class=\"button primary is-large Inquiry-Button\" style=\"border-radius:99px;\">\n\t<i class=\"icon-heart\" aria-hidden=\"true\"><\/i>\t<span>\u015eimdi Sorgula<\/span>\n\t<\/a>\n\n<\/div>","protected":false},"featured_media":1366,"template":"","meta":[],"product_brand":[],"product_cat":[55],"product_tag":[91,90],"class_list":{"0":"post-1368","1":"product","2":"type-product","3":"status-publish","4":"has-post-thumbnail","6":"product_cat-stone-cutting-tools","7":"product_tag-granite-cutting-blade","8":"product_tag-stone-cutting-tools","10":"first","11":"instock","12":"shipping-taxable","13":"product-type-simple"},"aioseo_notices":[],"_links":{"self":[{"href":"https:\/\/xmstonetools.com\/tr\/wp-json\/wp\/v2\/product\/1368","targetHints":{"allow":["GET"]}}],"collection":[{"href":"https:\/\/xmstonetools.com\/tr\/wp-json\/wp\/v2\/product"}],"about":[{"href":"https:\/\/xmstonetools.com\/tr\/wp-json\/wp\/v2\/types\/product"}],"wp:featuredmedia":[{"embeddable":true,"href":"https:\/\/xmstonetools.com\/tr\/wp-json\/wp\/v2\/media\/1366"}],"wp:attachment":[{"href":"https:\/\/xmstonetools.com\/tr\/wp-json\/wp\/v2\/media?parent=1368"}],"wp:term":[{"taxonomy":"product_brand","embeddable":true,"href":"https:\/\/xmstonetools.com\/tr\/wp-json\/wp\/v2\/product_brand?post=1368"},{"taxonomy":"product_cat","embeddable":true,"href":"https:\/\/xmstonetools.com\/tr\/wp-json\/wp\/v2\/product_cat?post=1368"},{"taxonomy":"product_tag","embeddable":true,"href":"https:\/\/xmstonetools.com\/tr\/wp-json\/wp\/v2\/product_tag?post=1368"}],"curies":[{"name":"wp","href":"https:\/\/api.w.org\/{rel}","templated":true}]}}